{"id":73,"date":"2018-06-21T11:02:48","date_gmt":"2018-06-21T14:02:48","guid":{"rendered":"https:\/\/www.ufsm.br\/unidades-universitarias\/cal\/?page_id=73"},"modified":"2018-06-21T11:02:49","modified_gmt":"2018-06-21T14:02:49","slug":"literatura-e-autoritarismo","status":"publish","type":"page","link":"https:\/\/www.ufsm.br\/unidades-universitarias\/cal\/literatura-e-autoritarismo","title":{"rendered":"Literatura e Autoritarismo"},"content":{"rendered":"<p>A revista eletr\u00f4nica Literatura e Autoritarismo \u00e9 de periodicidade semestral. Iniciou em 2003 e desde ent\u00e3o publica artigos e ensaios envolvendo discuss\u00f5es de t\u00f3picos acerca de quest\u00f5es como viol\u00eancia, autoritarismo, viola\u00e7\u00e3o de direitos humanos, exclus\u00e3o e preconceito racial e sexual. A revista aceita textos para publica\u00e7\u00e3o em que tais assuntos apare\u00e7am em obras liter\u00e1rias e em outras produ\u00e7\u00f5es culturais, tais como letras de m\u00fasicas, filmes, fotografias ou pinturas. Textos te\u00f3ricos s\u00e3o igualmente admitidos.<\/p>\n<p><a title=\"Clique Aqui para Visualizar Site Revista Literatura e Autoritarismo\" href=\"http:\/\/cascavel.ufsm.br\/revistas\/ojs-2.2.2\/index.php\/LA\/index\" target=\"_blank\" rel=\"noopener\">Visualizar Site Revista Literatura e Autoritarismo<\/a><\/p>\n<p>Contato: Sala 3304, Pr\u00e9dio 16,\u00a0<span id=\"cloak2336\"><a href=\"mailto:revista.la.ufsm@gmail.com\">revista.la.ufsm@gmail.com<\/a><\/span>, Fone: 55 3220 8477<\/p>\n<p>&nbsp;<\/p>\n<p><strong>Equipe Editorial<\/strong><\/p>\n<p>&nbsp;<\/p>\n<p>Jo\u00e3o Luis Pereira Ourique, UFSM<\/p>\n<p>Lizandro Carlos Calegari, UFSM<\/p>\n<p>RosaniKetzerUmbach, UFSM<\/p>\n<p>&nbsp;<\/p>\n<p><strong>Conselho Editorial<\/strong><\/p>\n<p>&nbsp;<\/p>\n<p>Arnaldo Franco Junior, UNESP<\/p>\n<p>C\u00edntia Moreira Schwantes, UnB<\/p>\n<p>Cl\u00e1udio Pereira Elmir, UNISINOS<\/p>\n<p>David William Foster, Arizona State University<\/p>\n<p>ElcioLoureiroCornelsen, UFMG<\/p>\n<p>Jaime Ginzburg, USP<\/p>\n<p>Jo\u00e3o Luis Pereira Ourique, UFPEL<\/p>\n<p>Lizandro Carlos Calegari, UFSM<\/p>\n<p>Luana Teixeira Porto, URI<\/p>\n<p>M\u00e1rcia Ivana Lima e Silva, URFGS<\/p>\n<p>M\u00e1rcia Lopes Duarte, UNISINOS<\/p>\n<p>M\u00e1rcio Seligmann-Silva, UNICAMP<\/p>\n<p>Max Hidalgo N\u00e1cher, Universidade de Barcelona<\/p>\n<p>Ramiro Giroldo, UFMS<\/p>\n<p>RildoCosson, UFMG<\/p>\n<p>Rodolfo RoratoLondero, UEL<\/p>\n<p>Rosana Cristina Zanelatto Santos, UFMS<\/p>\n<p>RosaniKetzerUmbach, UFSM<\/p>\n<p>Ruben Alberto Chababo, Museo de la Memoria de Rosario<\/p>\n<p>T\u00e2nia Sarmento-Pantoja, UFP<\/p>\n<p>Vinicius Mariano de Carvalho, BrazilInstitute \u2013 King\u2019sCollegeLondon<\/p>\n<p>Volker Karl Lothar Jaeckel, UFMG<\/p>\n<p>WilberthClaython Ferreira Salgueiro, UFE<\/p>\n<div class=\"bt-social-share bt-social-share-below\">\n<div class=\"bt-social-share-button bt-facebook-share-button\"><\/div>\n<\/div>\n","protected":false},"excerpt":{"rendered":"<p>A revista eletr\u00f4nica Literatura e Autoritarismo \u00e9 de periodicidade semestral. Iniciou em 2003 e desde ent\u00e3o publica artigos e ensaios envolvendo discuss\u00f5es de t\u00f3picos acerca de quest\u00f5es como viol\u00eancia, autoritarismo, viola\u00e7\u00e3o de direitos humanos, exclus\u00e3o e preconceito racial e sexual. A revista aceita textos para publica\u00e7\u00e3o em que tais assuntos apare\u00e7am em obras liter\u00e1rias e [&hellip;]<\/p>\n","protected":false},"author":35,"featured_media":0,"parent":0,"menu_order":0,"comment_status":"closed","ping_status":"closed","template":"","meta":{"footnotes":""},"categories":[],"tags":[],"class_list":["post-73","page","type-page","status-publish","hentry"],"acf":[],"_links":{"self":[{"href":"https:\/\/www.ufsm.br\/unidades-universitarias\/cal\/wp-json\/wp\/v2\/pages\/73","targetHints":{"allow":["GET"]}}],"collection":[{"href":"https:\/\/www.ufsm.br\/unidades-universitarias\/cal\/wp-json\/wp\/v2\/pages"}],"about":[{"href":"https:\/\/www.ufsm.br\/unidades-universitarias\/cal\/wp-json\/wp\/v2\/types\/page"}],"author":[{"embeddable":true,"href":"https:\/\/www.ufsm.br\/unidades-universitarias\/cal\/wp-json\/wp\/v2\/users\/35"}],"replies":[{"embeddable":true,"href":"https:\/\/www.ufsm.br\/unidades-universitarias\/cal\/wp-json\/wp\/v2\/comments?post=73"}],"version-history":[{"count":0,"href":"https:\/\/www.ufsm.br\/unidades-universitarias\/cal\/wp-json\/wp\/v2\/pages\/73\/revisions"}],"wp:attachment":[{"href":"https:\/\/www.ufsm.br\/unidades-universitarias\/cal\/wp-json\/wp\/v2\/media?parent=73"}],"wp:term":[{"taxonomy":"category","embeddable":true,"href":"https:\/\/www.ufsm.br\/unidades-universitarias\/cal\/wp-json\/wp\/v2\/categories?post=73"},{"taxonomy":"post_tag","embeddable":true,"href":"https:\/\/www.ufsm.br\/unidades-universitarias\/cal\/wp-json\/wp\/v2\/tags?post=73"}],"curies":[{"name":"wp","href":"https:\/\/api.w.org\/{rel}","templated":true}]}}