{"id":75,"date":"2018-06-21T11:03:58","date_gmt":"2018-06-21T14:03:58","guid":{"rendered":"https:\/\/www.ufsm.br\/unidades-universitarias\/cal\/?page_id=75"},"modified":"2018-06-21T11:03:58","modified_gmt":"2018-06-21T14:03:58","slug":"fragmentum","status":"publish","type":"page","link":"https:\/\/www.ufsm.br\/unidades-universitarias\/cal\/fragmentum","title":{"rendered":"Fragmentum"},"content":{"rendered":"<p>Fragmentum \u00e9 um peri\u00f3dico cient\u00edfico publicado semestralmente nas vers\u00f5es impressa (ISSN 1519-9894) e on-line (ISSN 2179-2194) e destinado a pesquisadores e estudantes em n\u00edvel de p\u00f3s-gradua\u00e7\u00e3o. O peri\u00f3dico divulga textos produzidos por pesquisadores que desenvolvem, como escopo e\/ou resultado de pesquisas, as seguintes problem\u00e1ticas:<\/p>\n<p>a) Na Lingu\u00edstica, quest\u00f5es enunciativas e\/ou discursivas, tendo por eixo diretor o campo do saber sobre a hist\u00f3ria da produ\u00e7\u00e3o do conhecimento lingu\u00edstico, a partir da an\u00e1lise de instrumentos lingu\u00edsticos bem como de outras textualidades alicer\u00e7adas pela Hist\u00f3ria das Ideias Lingu\u00edstica em sua rela\u00e7\u00e3o com a An\u00e1lise de Discurso de linha francesa;<\/p>\n<p>b) Na Literatura, estudos comparados que t\u00eam evidenciado a rela\u00e7\u00e3o do texto liter\u00e1rio n\u00e3o apenas com seu contexto de produ\u00e7\u00e3o como tamb\u00e9m com outras artes, m\u00eddias, saberes e formas, aproxima\u00e7\u00e3o esta que articula artes e conhecimentos em suas especificidades, demonstrando processos de leitura, compreens\u00e3o, interpreta\u00e7\u00e3o e an\u00e1lise envolvidos no acesso a obras de arte e \u00e0 recep\u00e7\u00e3o de um p\u00fablico especializado.<\/p>\n<p>Cada dossi\u00ea tem\u00e1tico \u00e9 organizado por dois pesquisadores e constitu\u00eddo de um conjunto de artigos, somado a uma resenha e \u00e0 divulga\u00e7\u00e3o, em formato de resumo, de duas teses j\u00e1 defendidas, que apresentam relev\u00e2ncia para a tem\u00e1tica em foco. Afora essa estrutura preestabelecida, Fragmentum reserva-se o direito de publicar entrevistas e outras textualidades in\u00e9ditas, de car\u00e1ter art\u00edstico e ensa\u00edstico, quando convier.<\/p>\n<p>O peri\u00f3dico recebe textos encaminhados em portugu\u00eas, espanhol, franc\u00eas ou ingl\u00eas, escritos por pesquisadores com a forma\u00e7\u00e3o m\u00edmina de doutorado. Textos de doutorandos ser\u00e3o avaliados, desde que escritos em coautoria com os professores orientadores. Textos em franc\u00eas, portugu\u00eas e espanhol devem apresentar, obrigatoriamente, t\u00edtulo, resumo e palavras-chave na l\u00edngua em que foi escrito o original e em ingl\u00eas. Originais em ingl\u00eas devem apresentar t\u00edtulo, resumo e palavras-chave em ingl\u00eas e em portugu\u00eas.<\/p>\n<p><a title=\"Clique Aqui para Visualizar Site Revista Fragmentum\" href=\"http:\/\/cascavel.ufsm.br\/revistas\/ojs-2.2.2\/index.php\/fragmentum\/about\" target=\"_blank\" rel=\"noopener\">Visualizar Site Revista Fragmentum<\/a><\/p>\n<p>Contato: Sala 3302, Pr\u00e9dio 16,\u00a0<span id=\"cloak38681\"><a href=\"mailto:fragmentum.corpus@gmail.com\">fragmentum.corpus@gmail.com<\/a><\/span>, Fone: 55 3220-8956.<\/p>\n<p>&nbsp;<\/p>\n<p><strong>Comit\u00ea Editorial<\/strong><\/p>\n<p>Amanda Eloina Scherer, UFSM<\/p>\n<p>En\u00e9ias Farias Tavares, UFSM<\/p>\n<p>Graciela RabuskeHendges, UFSM<\/p>\n<p>Larissa Montagner Cervo, UFSM<\/p>\n<p>M\u00e1rcia Cristina Corr\u00eaa, UFSM<\/p>\n<p>Pedro Brum Santos, UFSM<\/p>\n<p>Sara Regina Scotta Cabral, UFSM<\/p>\n<p>&nbsp;<\/p>\n<p><strong>Comiss\u00e3o Editorial<\/strong><\/p>\n<p>Amanda Eloina Scherer, UFSM<\/p>\n<p>Pedro Brum Santos, UFSM<\/p>\n<p>Verli Petri, UFSM<\/p>\n<p>&nbsp;<\/p>\n<p><strong>Editores-Chefes<\/strong><\/p>\n<p>En\u00e9ias Farias Tavares, UFSM<\/p>\n<p>Larissa Montagner Cervo, UFSM<\/p>\n<p>Simone de Mello de Oliveira, UFSM<\/p>\n<p>Ta\u00eds da Silva Martins, UFSM<\/p>\n<p>Amanda Eloina Scherer, UFSM<\/p>\n<p>En\u00e9ias Farias Tavares, UFSM<\/p>\n<p>Germ\u00e1n Garc\u00eda Berm\u00fadez, Universidad de la Rep\u00fablica<\/p>\n<p>&nbsp;<\/p>\n<p><strong>Conselho Editorial<\/strong><\/p>\n<p>Alcides Cardoso dos Santos, UNESP<\/p>\n<p>Ana Zandwais, UFRGS<\/p>\n<p>Beatriz Maria Eckert-Hoff, UnB<\/p>\n<p>Bethania Mariani, UFF<\/p>\n<p>Caciane Souza de Medeiros, UFSM<\/p>\n<p>\u2020 Carme Regina Schons, UPF<\/p>\n<p>Cristiane Dias, UNICAMP<\/p>\n<p>Eduardo Guimar\u00e3es, UNICAMP<\/p>\n<p>En\u00e9ias Farias Tavares, UFSM<\/p>\n<p>Eni Puccinelli Orlandi, UNICAMP<\/p>\n<p>Flavio FelicioBotton, UFABC<\/p>\n<p>Fl\u00e1vio Loureiro Chaves, UFRGS<\/p>\n<p>Gema Sanz Espinar, Universidad de Madrid<\/p>\n<p>Gerson Luiz Roani, UFV<\/p>\n<p>GesualdaRasia, UFPR<\/p>\n<p>Gisela Biancalana, UFSM<\/p>\n<p>Gladys B. Morales, Universidad Nacional de R\u00edoQuarto<\/p>\n<p>H\u00e9lianeKohler, Universit\u00e9 de Franche-Comt\u00e9<\/p>\n<p>Ir\u00e8neFenoglio, Centre National de laRechercheScientifique<\/p>\n<p>Isabel Cristina Ferreira Teixeira, UNIPAMPA<\/p>\n<p>Jos\u00e9 Horta Nunes, UNICAMP<\/p>\n<p>Jos\u00e9 Lu\u00eds Jobim de Salles Fonseca, UERJ<\/p>\n<p>Juan Manuel L\u00f3pez Mu\u00f1oz, Universidad de Cadiz<\/p>\n<p>Juliana Steil, UFPEL<\/p>\n<p>Larissa Montagner Cervo, UFSM<\/p>\n<p>Luc\u00edlia Maria Sousa Rom\u00e3o, UNESP<\/p>\n<p>Maria Cleci Venturini, UNICENTRO<\/p>\n<p>Maria da Gl\u00f3ria Bordini, UFRGS<\/p>\n<p>Maria Jos\u00e9 R. Faria Coracini, UNICAMP<\/p>\n<p>Marilene Weinhardt, UFPR<\/p>\n<p>Mary Neiva Surdi da Luz, UFFS<\/p>\n<p>Orna MesserLevin, UNICAMP<\/p>\n<p>Paulo Ricardo KralikAngelini, PUC-RS<\/p>\n<p>Regina Zilberman, UFRGS<\/p>\n<p>Silmara Dela Silva, UFF<\/p>\n<p>Vanise Gomes de Medeiros, UFF<\/p>\n<p>V\u00e9roniqueDaleth, USP<\/p>\n<p>&nbsp;<\/p>\n<p><strong>Produ\u00e7\u00e3o Gr\u00e1fica<\/strong><\/p>\n<p>Jo\u00e3o Moro de Oliveira, UFSM<\/p>\n<p>&nbsp;<\/p>\n<p><strong>Projeto Gr\u00e1fico Atual<\/strong><\/p>\n<p>Leandro Cardoso Oliveira, UFSM<\/p>\n<p>Capa e Projeto Gr\u00e1fico Originais<\/p>\n<p>Mirian Rose Brum-de-Paula, UFPEL<\/p>\n<p>Simone de Mello de Oliveira, UFSM<\/p>\n<p>&nbsp;<\/p>\n<p><strong>Tradu\u00e7\u00e3o do Projeto Editorial para o Espanhol<\/strong><\/p>\n<p>Germ\u00e1n Garc\u00eda Berm\u00fadez, Universidad de la Rep\u00fablica<\/p>\n<p>&nbsp;<\/p>\n<p><strong>Revis\u00e3o<\/strong><\/p>\n<p>Viviane Teresinha BiacchiBrust, UFSMBrasil<\/p>\n<p>Kelly Fernanda Guasso Silva, UFSM<\/p>\n<p>&nbsp;<\/p>\n<p><strong>Editora\u00e7\u00e3o Eletr\u00f4nica<\/strong><\/p>\n<p>Marcos Soares, UFSM<\/p>\n","protected":false},"excerpt":{"rendered":"<p>Fragmentum \u00e9 um peri\u00f3dico cient\u00edfico publicado semestralmente nas vers\u00f5es impressa (ISSN 1519-9894) e on-line (ISSN 2179-2194) e destinado a pesquisadores e estudantes em n\u00edvel de p\u00f3s-gradua\u00e7\u00e3o. O peri\u00f3dico divulga textos produzidos por pesquisadores que desenvolvem, como escopo e\/ou resultado de pesquisas, as seguintes problem\u00e1ticas: a) Na Lingu\u00edstica, quest\u00f5es enunciativas e\/ou discursivas, tendo por eixo diretor [&hellip;]<\/p>\n","protected":false},"author":35,"featured_media":0,"parent":0,"menu_order":0,"comment_status":"closed","ping_status":"closed","template":"","meta":{"footnotes":""},"categories":[],"tags":[],"class_list":["post-75","page","type-page","status-publish","hentry"],"acf":[],"_links":{"self":[{"href":"https:\/\/www.ufsm.br\/unidades-universitarias\/cal\/wp-json\/wp\/v2\/pages\/75","targetHints":{"allow":["GET"]}}],"collection":[{"href":"https:\/\/www.ufsm.br\/unidades-universitarias\/cal\/wp-json\/wp\/v2\/pages"}],"about":[{"href":"https:\/\/www.ufsm.br\/unidades-universitarias\/cal\/wp-json\/wp\/v2\/types\/page"}],"author":[{"embeddable":true,"href":"https:\/\/www.ufsm.br\/unidades-universitarias\/cal\/wp-json\/wp\/v2\/users\/35"}],"replies":[{"embeddable":true,"href":"https:\/\/www.ufsm.br\/unidades-universitarias\/cal\/wp-json\/wp\/v2\/comments?post=75"}],"version-history":[{"count":0,"href":"https:\/\/www.ufsm.br\/unidades-universitarias\/cal\/wp-json\/wp\/v2\/pages\/75\/revisions"}],"wp:attachment":[{"href":"https:\/\/www.ufsm.br\/unidades-universitarias\/cal\/wp-json\/wp\/v2\/media?parent=75"}],"wp:term":[{"taxonomy":"category","embeddable":true,"href":"https:\/\/www.ufsm.br\/unidades-universitarias\/cal\/wp-json\/wp\/v2\/categories?post=75"},{"taxonomy":"post_tag","embeddable":true,"href":"https:\/\/www.ufsm.br\/unidades-universitarias\/cal\/wp-json\/wp\/v2\/tags?post=75"}],"curies":[{"name":"wp","href":"https:\/\/api.w.org\/{rel}","templated":true}]}}