{"id":64,"date":"2018-11-26T18:52:58","date_gmt":"2018-11-26T20:52:58","guid":{"rendered":"https:\/\/www.ufsm.br\/unidades-universitarias\/ccne\/cappa\/?page_id=64"},"modified":"2019-03-20T14:01:48","modified_gmt":"2019-03-20T17:01:48","slug":"galeria","status":"publish","type":"page","link":"https:\/\/www.ufsm.br\/unidades-universitarias\/ccne\/cappa\/galeria","title":{"rendered":"Galeria"},"content":{"rendered":"\t\t<div data-elementor-type=\"wp-post\" data-elementor-id=\"64\" class=\"elementor elementor-64\">\n\t\t\t\t\t\t<section class=\"elementor-section elementor-top-section elementor-element elementor-element-7cb7b67 elementor-section-boxed elementor-section-height-default elementor-section-height-default\" data-id=\"7cb7b67\" data-element_type=\"section\">\n\t\t\t\t\t\t<div class=\"elementor-container elementor-column-gap-default\">\n\t\t\t\t\t<div class=\"elementor-column elementor-col-100 elementor-top-column elementor-element elementor-element-b20b652\" data-id=\"b20b652\" data-element_type=\"column\">\n\t\t\t<div class=\"elementor-widget-wrap elementor-element-populated\">\n\t\t\t\t\t\t<div class=\"elementor-element elementor-element-7cfccaa elementor-widget elementor-widget-image-gallery\" data-id=\"7cfccaa\" data-element_type=\"widget\" data-widget_type=\"image-gallery.default\">\n\t\t\t\t<div class=\"elementor-widget-container\">\n\t\t\t\t\t<div class=\"elementor-image-gallery\">\n\t\t\t<div id='gallery-1' class='gallery galleryid-64 gallery-columns-2 gallery-size-medium_large'><figure class='gallery-item'>\n\t\t\t<div class='gallery-icon landscape'>\n\t\t\t\t<a data-elementor-open-lightbox=\"yes\" data-elementor-lightbox-slideshow=\"7cfccaa\" data-elementor-lightbox-title=\"23658449_1524727647623035_22714105253506923_n\" data-e-action-hash=\"#elementor-action%3Aaction%3Dlightbox%26settings%3DeyJpZCI6MTMwLCJ1cmwiOiJodHRwczpcL1wvd3d3LnVmc20uYnJcL2FwcFwvdXBsb2Fkc1wvc2l0ZXNcLzQxOVwvMjAxOVwvMDNcLzIzNjU4NDQ5XzE1MjQ3Mjc2NDc2MjMwMzVfMjI3MTQxMDUyNTM1MDY5MjNfbi1lMTU1MzEwMDc2MTcyNS5qcGciLCJzbGlkZXNob3ciOiI3Y2ZjY2FhIn0%3D\" href='https:\/\/www.ufsm.br\/app\/uploads\/sites\/419\/2019\/03\/23658449_1524727647623035_22714105253506923_n-e1553100761725.jpg'><img fetchpriority=\"high\" decoding=\"async\" width=\"768\" height=\"490\" src=\"https:\/\/www.ufsm.br\/app\/uploads\/sites\/419\/2019\/03\/23658449_1524727647623035_22714105253506923_n-e1553100761725-768x490.jpg\" class=\"attachment-medium_large size-medium_large\" alt=\"\" aria-describedby=\"gallery-1-130\" srcset=\"https:\/\/www.ufsm.br\/app\/uploads\/sites\/419\/2019\/03\/23658449_1524727647623035_22714105253506923_n-e1553100761725-768x490.jpg 768w, https:\/\/www.ufsm.br\/app\/uploads\/sites\/419\/2019\/03\/23658449_1524727647623035_22714105253506923_n-e1553100761725-300x191.jpg 300w, https:\/\/www.ufsm.br\/app\/uploads\/sites\/419\/2019\/03\/23658449_1524727647623035_22714105253506923_n-e1553100761725.jpg 960w\" sizes=\"(max-width: 768px) 100vw, 768px\" \/><\/a>\n\t\t\t<\/div>\n\t\t\t\t<figcaption class='wp-caption-text gallery-caption' id='gallery-1-130'>\n\t\t\t\tMostra Paleontol\u00f3gica Irm\u00e3os Cargnin\n\t\t\t\t<\/figcaption><\/figure><figure class='gallery-item'>\n\t\t\t<div class='gallery-icon landscape'>\n\t\t\t\t<a data-elementor-open-lightbox=\"yes\" data-elementor-lightbox-slideshow=\"7cfccaa\" data-elementor-lightbox-title=\"700x450-crop-90-images_galeria_dsc08502logo\" data-e-action-hash=\"#elementor-action%3Aaction%3Dlightbox%26settings%3DeyJpZCI6NDMsInVybCI6Imh0dHBzOlwvXC93d3cudWZzbS5iclwvYXBwXC91cGxvYWRzXC9zaXRlc1wvNDE5XC8yMDE4XC8xMVwvNzAweDQ1MC1jcm9wLTkwLWltYWdlc19nYWxlcmlhX2RzYzA4NTAybG9nby1lMTU1MzEwMDc4OTg3Ni5qcGciLCJzbGlkZXNob3ciOiI3Y2ZjY2FhIn0%3D\" href='https:\/\/www.ufsm.br\/app\/uploads\/sites\/419\/2018\/11\/700x450-crop-90-images_galeria_dsc08502logo-e1553100789876.jpg'><img decoding=\"async\" width=\"700\" height=\"442\" src=\"https:\/\/www.ufsm.br\/app\/uploads\/sites\/419\/2018\/11\/700x450-crop-90-images_galeria_dsc08502logo-e1553100789876.jpg\" class=\"attachment-medium_large size-medium_large\" alt=\"\" aria-describedby=\"gallery-1-43\" srcset=\"https:\/\/www.ufsm.br\/app\/uploads\/sites\/419\/2018\/11\/700x450-crop-90-images_galeria_dsc08502logo-e1553100789876.jpg 700w, https:\/\/www.ufsm.br\/app\/uploads\/sites\/419\/2018\/11\/700x450-crop-90-images_galeria_dsc08502logo-e1553100789876-300x189.jpg 300w\" sizes=\"(max-width: 700px) 100vw, 700px\" \/><\/a>\n\t\t\t<\/div>\n\t\t\t\t<figcaption class='wp-caption-text gallery-caption' id='gallery-1-43'>\n\t\t\t\tTrabalho de campo no afloramento Janner &#8211; Agudo, RS\n\t\t\t\t<\/figcaption><\/figure><figure class='gallery-item'>\n\t\t\t<div class='gallery-icon landscape'>\n\t\t\t\t<a data-elementor-open-lightbox=\"yes\" data-elementor-lightbox-slideshow=\"7cfccaa\" data-elementor-lightbox-title=\"700x450-crop-90-images_galeria_dsc_0014logo\" data-e-action-hash=\"#elementor-action%3Aaction%3Dlightbox%26settings%3DeyJpZCI6NDQsInVybCI6Imh0dHBzOlwvXC93d3cudWZzbS5iclwvYXBwXC91cGxvYWRzXC9zaXRlc1wvNDE5XC8yMDE4XC8xMVwvNzAweDQ1MC1jcm9wLTkwLWltYWdlc19nYWxlcmlhX2RzY18wMDE0bG9nby5qcGciLCJzbGlkZXNob3ciOiI3Y2ZjY2FhIn0%3D\" href='https:\/\/www.ufsm.br\/app\/uploads\/sites\/419\/2018\/11\/700x450-crop-90-images_galeria_dsc_0014logo.jpg'><img decoding=\"async\" width=\"700\" height=\"450\" src=\"https:\/\/www.ufsm.br\/app\/uploads\/sites\/419\/2018\/11\/700x450-crop-90-images_galeria_dsc_0014logo.jpg\" class=\"attachment-medium_large size-medium_large\" alt=\"\" aria-describedby=\"gallery-1-44\" srcset=\"https:\/\/www.ufsm.br\/app\/uploads\/sites\/419\/2018\/11\/700x450-crop-90-images_galeria_dsc_0014logo.jpg 700w, https:\/\/www.ufsm.br\/app\/uploads\/sites\/419\/2018\/11\/700x450-crop-90-images_galeria_dsc_0014logo-300x193.jpg 300w\" sizes=\"(max-width: 700px) 100vw, 700px\" \/><\/a>\n\t\t\t<\/div>\n\t\t\t\t<figcaption class='wp-caption-text gallery-caption' id='gallery-1-44'>\n\t\t\t\tTrabalho de campo no afloramento Buriol, S\u00e3o Jo\u00e3o do Pol\u00easine, RS\n\t\t\t\t<\/figcaption><\/figure><figure class='gallery-item'>\n\t\t\t<div class='gallery-icon landscape'>\n\t\t\t\t<a data-elementor-open-lightbox=\"yes\" data-elementor-lightbox-slideshow=\"7cfccaa\" data-elementor-lightbox-title=\"700x450-crop-90-images_galeria_dsc_0020logo\" data-e-action-hash=\"#elementor-action%3Aaction%3Dlightbox%26settings%3DeyJpZCI6NDUsInVybCI6Imh0dHBzOlwvXC93d3cudWZzbS5iclwvYXBwXC91cGxvYWRzXC9zaXRlc1wvNDE5XC8yMDE4XC8xMVwvNzAweDQ1MC1jcm9wLTkwLWltYWdlc19nYWxlcmlhX2RzY18wMDIwbG9nby5qcGciLCJzbGlkZXNob3ciOiI3Y2ZjY2FhIn0%3D\" href='https:\/\/www.ufsm.br\/app\/uploads\/sites\/419\/2018\/11\/700x450-crop-90-images_galeria_dsc_0020logo.jpg'><img loading=\"lazy\" decoding=\"async\" width=\"700\" height=\"450\" src=\"https:\/\/www.ufsm.br\/app\/uploads\/sites\/419\/2018\/11\/700x450-crop-90-images_galeria_dsc_0020logo.jpg\" class=\"attachment-medium_large size-medium_large\" alt=\"\" aria-describedby=\"gallery-1-45\" srcset=\"https:\/\/www.ufsm.br\/app\/uploads\/sites\/419\/2018\/11\/700x450-crop-90-images_galeria_dsc_0020logo.jpg 700w, https:\/\/www.ufsm.br\/app\/uploads\/sites\/419\/2018\/11\/700x450-crop-90-images_galeria_dsc_0020logo-300x193.jpg 300w\" sizes=\"(max-width: 700px) 100vw, 700px\" \/><\/a>\n\t\t\t<\/div>\n\t\t\t\t<figcaption class='wp-caption-text gallery-caption' id='gallery-1-45'>\n\t\t\t\tTrabalho de campo no afloramento S\u00e3o Luis &#8211; Faxinal do Soturno, RS\n\t\t\t\t<\/figcaption><\/figure><figure class='gallery-item'>\n\t\t\t<div class='gallery-icon landscape'>\n\t\t\t\t<a data-elementor-open-lightbox=\"yes\" data-elementor-lightbox-slideshow=\"7cfccaa\" data-elementor-lightbox-title=\"700x450-crop-90-images_galeria_dsc_0262logo\" data-e-action-hash=\"#elementor-action%3Aaction%3Dlightbox%26settings%3DeyJpZCI6NDYsInVybCI6Imh0dHBzOlwvXC93d3cudWZzbS5iclwvYXBwXC91cGxvYWRzXC9zaXRlc1wvNDE5XC8yMDE4XC8xMVwvNzAweDQ1MC1jcm9wLTkwLWltYWdlc19nYWxlcmlhX2RzY18wMjYybG9nby5qcGciLCJzbGlkZXNob3ciOiI3Y2ZjY2FhIn0%3D\" href='https:\/\/www.ufsm.br\/app\/uploads\/sites\/419\/2018\/11\/700x450-crop-90-images_galeria_dsc_0262logo.jpg'><img loading=\"lazy\" decoding=\"async\" width=\"700\" height=\"450\" src=\"https:\/\/www.ufsm.br\/app\/uploads\/sites\/419\/2018\/11\/700x450-crop-90-images_galeria_dsc_0262logo.jpg\" class=\"attachment-medium_large size-medium_large\" alt=\"\" aria-describedby=\"gallery-1-46\" srcset=\"https:\/\/www.ufsm.br\/app\/uploads\/sites\/419\/2018\/11\/700x450-crop-90-images_galeria_dsc_0262logo.jpg 700w, https:\/\/www.ufsm.br\/app\/uploads\/sites\/419\/2018\/11\/700x450-crop-90-images_galeria_dsc_0262logo-300x193.jpg 300w\" sizes=\"(max-width: 700px) 100vw, 700px\" \/><\/a>\n\t\t\t<\/div>\n\t\t\t\t<figcaption class='wp-caption-text gallery-caption' id='gallery-1-46'>\n\t\t\t\tTrabalho de campo em Agudo, RS, com aux\u00edlio de maquin\u00e1rio da Prefeitura Municipal de Agudo\n\t\t\t\t<\/figcaption><\/figure><figure class='gallery-item'>\n\t\t\t<div class='gallery-icon landscape'>\n\t\t\t\t<a data-elementor-open-lightbox=\"yes\" data-elementor-lightbox-slideshow=\"7cfccaa\" data-elementor-lightbox-title=\"700x450-crop-90-images_galeria_dsc_0274logo\" data-e-action-hash=\"#elementor-action%3Aaction%3Dlightbox%26settings%3DeyJpZCI6NDcsInVybCI6Imh0dHBzOlwvXC93d3cudWZzbS5iclwvYXBwXC91cGxvYWRzXC9zaXRlc1wvNDE5XC8yMDE4XC8xMVwvNzAweDQ1MC1jcm9wLTkwLWltYWdlc19nYWxlcmlhX2RzY18wMjc0bG9nby5qcGciLCJzbGlkZXNob3ciOiI3Y2ZjY2FhIn0%3D\" href='https:\/\/www.ufsm.br\/app\/uploads\/sites\/419\/2018\/11\/700x450-crop-90-images_galeria_dsc_0274logo.jpg'><img loading=\"lazy\" decoding=\"async\" width=\"700\" height=\"450\" src=\"https:\/\/www.ufsm.br\/app\/uploads\/sites\/419\/2018\/11\/700x450-crop-90-images_galeria_dsc_0274logo.jpg\" class=\"attachment-medium_large size-medium_large\" alt=\"\" aria-describedby=\"gallery-1-47\" srcset=\"https:\/\/www.ufsm.br\/app\/uploads\/sites\/419\/2018\/11\/700x450-crop-90-images_galeria_dsc_0274logo.jpg 700w, https:\/\/www.ufsm.br\/app\/uploads\/sites\/419\/2018\/11\/700x450-crop-90-images_galeria_dsc_0274logo-300x193.jpg 300w\" sizes=\"(max-width: 700px) 100vw, 700px\" \/><\/a>\n\t\t\t<\/div>\n\t\t\t\t<figcaption class='wp-caption-text gallery-caption' id='gallery-1-47'>\n\t\t\t\tTrabalho de campo &#8211; Coleta de f\u00f3sseis em Agudo, RS\n\t\t\t\t<\/figcaption><\/figure><figure class='gallery-item'>\n\t\t\t<div class='gallery-icon landscape'>\n\t\t\t\t<a data-elementor-open-lightbox=\"yes\" data-elementor-lightbox-slideshow=\"7cfccaa\" data-elementor-lightbox-title=\"700x450-crop-90-images_galeria_dsc_0321logo\" data-e-action-hash=\"#elementor-action%3Aaction%3Dlightbox%26settings%3DeyJpZCI6NDgsInVybCI6Imh0dHBzOlwvXC93d3cudWZzbS5iclwvYXBwXC91cGxvYWRzXC9zaXRlc1wvNDE5XC8yMDE4XC8xMVwvNzAweDQ1MC1jcm9wLTkwLWltYWdlc19nYWxlcmlhX2RzY18wMzIxbG9nby5qcGciLCJzbGlkZXNob3ciOiI3Y2ZjY2FhIn0%3D\" href='https:\/\/www.ufsm.br\/app\/uploads\/sites\/419\/2018\/11\/700x450-crop-90-images_galeria_dsc_0321logo.jpg'><img loading=\"lazy\" decoding=\"async\" width=\"700\" height=\"450\" src=\"https:\/\/www.ufsm.br\/app\/uploads\/sites\/419\/2018\/11\/700x450-crop-90-images_galeria_dsc_0321logo.jpg\" class=\"attachment-medium_large size-medium_large\" alt=\"\" aria-describedby=\"gallery-1-48\" srcset=\"https:\/\/www.ufsm.br\/app\/uploads\/sites\/419\/2018\/11\/700x450-crop-90-images_galeria_dsc_0321logo.jpg 700w, https:\/\/www.ufsm.br\/app\/uploads\/sites\/419\/2018\/11\/700x450-crop-90-images_galeria_dsc_0321logo-300x193.jpg 300w\" sizes=\"(max-width: 700px) 100vw, 700px\" \/><\/a>\n\t\t\t<\/div>\n\t\t\t\t<figcaption class='wp-caption-text gallery-caption' id='gallery-1-48'>\n\t\t\t\tTrabalho de campo &#8211; Trabalho de campo em Agudo, RS\n\t\t\t\t<\/figcaption><\/figure><figure class='gallery-item'>\n\t\t\t<div class='gallery-icon landscape'>\n\t\t\t\t<a data-elementor-open-lightbox=\"yes\" data-elementor-lightbox-slideshow=\"7cfccaa\" data-elementor-lightbox-title=\"700x450-crop-90-images_galeria_dsc_0390logo\" data-e-action-hash=\"#elementor-action%3Aaction%3Dlightbox%26settings%3DeyJpZCI6NDksInVybCI6Imh0dHBzOlwvXC93d3cudWZzbS5iclwvYXBwXC91cGxvYWRzXC9zaXRlc1wvNDE5XC8yMDE4XC8xMVwvNzAweDQ1MC1jcm9wLTkwLWltYWdlc19nYWxlcmlhX2RzY18wMzkwbG9nby5qcGciLCJzbGlkZXNob3ciOiI3Y2ZjY2FhIn0%3D\" href='https:\/\/www.ufsm.br\/app\/uploads\/sites\/419\/2018\/11\/700x450-crop-90-images_galeria_dsc_0390logo.jpg'><img loading=\"lazy\" decoding=\"async\" width=\"700\" height=\"450\" src=\"https:\/\/www.ufsm.br\/app\/uploads\/sites\/419\/2018\/11\/700x450-crop-90-images_galeria_dsc_0390logo.jpg\" class=\"attachment-medium_large size-medium_large\" alt=\"\" aria-describedby=\"gallery-1-49\" srcset=\"https:\/\/www.ufsm.br\/app\/uploads\/sites\/419\/2018\/11\/700x450-crop-90-images_galeria_dsc_0390logo.jpg 700w, https:\/\/www.ufsm.br\/app\/uploads\/sites\/419\/2018\/11\/700x450-crop-90-images_galeria_dsc_0390logo-300x193.jpg 300w\" sizes=\"(max-width: 700px) 100vw, 700px\" \/><\/a>\n\t\t\t<\/div>\n\t\t\t\t<figcaption class='wp-caption-text gallery-caption' id='gallery-1-49'>\n\t\t\t\tBloco j\u00e1 preparado para ser retirado do afloramento\n\t\t\t\t<\/figcaption><\/figure><figure class='gallery-item'>\n\t\t\t<div class='gallery-icon landscape'>\n\t\t\t\t<a data-elementor-open-lightbox=\"yes\" data-elementor-lightbox-slideshow=\"7cfccaa\" data-elementor-lightbox-title=\"700x450-crop-90-images_galeria_dsc_0407\" data-e-action-hash=\"#elementor-action%3Aaction%3Dlightbox%26settings%3DeyJpZCI6NTAsInVybCI6Imh0dHBzOlwvXC93d3cudWZzbS5iclwvYXBwXC91cGxvYWRzXC9zaXRlc1wvNDE5XC8yMDE4XC8xMVwvNzAweDQ1MC1jcm9wLTkwLWltYWdlc19nYWxlcmlhX2RzY18wNDA3LWUxNTUzMTAwODM5MzcxLmpwZyIsInNsaWRlc2hvdyI6IjdjZmNjYWEifQ%3D%3D\" href='https:\/\/www.ufsm.br\/app\/uploads\/sites\/419\/2018\/11\/700x450-crop-90-images_galeria_dsc_0407-e1553100839371.jpg'><img loading=\"lazy\" decoding=\"async\" width=\"700\" height=\"432\" src=\"https:\/\/www.ufsm.br\/app\/uploads\/sites\/419\/2018\/11\/700x450-crop-90-images_galeria_dsc_0407-e1553100839371.jpg\" class=\"attachment-medium_large size-medium_large\" alt=\"\" aria-describedby=\"gallery-1-50\" srcset=\"https:\/\/www.ufsm.br\/app\/uploads\/sites\/419\/2018\/11\/700x450-crop-90-images_galeria_dsc_0407-e1553100839371.jpg 700w, https:\/\/www.ufsm.br\/app\/uploads\/sites\/419\/2018\/11\/700x450-crop-90-images_galeria_dsc_0407-e1553100839371-300x185.jpg 300w\" sizes=\"(max-width: 700px) 100vw, 700px\" \/><\/a>\n\t\t\t<\/div>\n\t\t\t\t<figcaption class='wp-caption-text gallery-caption' id='gallery-1-50'>\n\t\t\t\tTrabalho de campo em Agudo, RS\n\t\t\t\t<\/figcaption><\/figure><figure class='gallery-item'>\n\t\t\t<div class='gallery-icon landscape'>\n\t\t\t\t<a data-elementor-open-lightbox=\"yes\" data-elementor-lightbox-slideshow=\"7cfccaa\" data-elementor-lightbox-title=\"rincologo\" data-e-action-hash=\"#elementor-action%3Aaction%3Dlightbox%26settings%3DeyJpZCI6NTIsInVybCI6Imh0dHBzOlwvXC93d3cudWZzbS5iclwvYXBwXC91cGxvYWRzXC9zaXRlc1wvNDE5XC8yMDE4XC8xMVwvcmluY29sb2dvLTEuanBnIiwic2xpZGVzaG93IjoiN2NmY2NhYSJ9\" href='https:\/\/www.ufsm.br\/app\/uploads\/sites\/419\/2018\/11\/rincologo-1.jpg'><img loading=\"lazy\" decoding=\"async\" width=\"768\" height=\"473\" src=\"https:\/\/www.ufsm.br\/app\/uploads\/sites\/419\/2018\/11\/rincologo-1-768x473.jpg\" class=\"attachment-medium_large size-medium_large\" alt=\"\" aria-describedby=\"gallery-1-52\" srcset=\"https:\/\/www.ufsm.br\/app\/uploads\/sites\/419\/2018\/11\/rincologo-1-768x473.jpg 768w, https:\/\/www.ufsm.br\/app\/uploads\/sites\/419\/2018\/11\/rincologo-1-300x185.jpg 300w, https:\/\/www.ufsm.br\/app\/uploads\/sites\/419\/2018\/11\/rincologo-1-1024x630.jpg 1024w, https:\/\/www.ufsm.br\/app\/uploads\/sites\/419\/2018\/11\/rincologo-1.jpg 1165w\" sizes=\"(max-width: 768px) 100vw, 768px\" \/><\/a>\n\t\t\t<\/div>\n\t\t\t\t<figcaption class='wp-caption-text gallery-caption' id='gallery-1-52'>\n\t\t\t\tMaxila de rincossauro, S\u00e3o Jo\u00e3o do Pol\u00easine, RS\n\t\t\t\t<\/figcaption><\/figure><figure class='gallery-item'>\n\t\t\t<div class='gallery-icon landscape'>\n\t\t\t\t<a data-elementor-open-lightbox=\"yes\" data-elementor-lightbox-slideshow=\"7cfccaa\" data-elementor-lightbox-title=\"700x450-crop-90-images_galeria_dsc_0436logo\" data-e-action-hash=\"#elementor-action%3Aaction%3Dlightbox%26settings%3DeyJpZCI6NTEsInVybCI6Imh0dHBzOlwvXC93d3cudWZzbS5iclwvYXBwXC91cGxvYWRzXC9zaXRlc1wvNDE5XC8yMDE4XC8xMVwvNzAweDQ1MC1jcm9wLTkwLWltYWdlc19nYWxlcmlhX2RzY18wNDM2bG9nby5qcGciLCJzbGlkZXNob3ciOiI3Y2ZjY2FhIn0%3D\" href='https:\/\/www.ufsm.br\/app\/uploads\/sites\/419\/2018\/11\/700x450-crop-90-images_galeria_dsc_0436logo.jpg'><img loading=\"lazy\" decoding=\"async\" width=\"700\" height=\"450\" src=\"https:\/\/www.ufsm.br\/app\/uploads\/sites\/419\/2018\/11\/700x450-crop-90-images_galeria_dsc_0436logo.jpg\" class=\"attachment-medium_large size-medium_large\" alt=\"\" aria-describedby=\"gallery-1-51\" srcset=\"https:\/\/www.ufsm.br\/app\/uploads\/sites\/419\/2018\/11\/700x450-crop-90-images_galeria_dsc_0436logo.jpg 700w, https:\/\/www.ufsm.br\/app\/uploads\/sites\/419\/2018\/11\/700x450-crop-90-images_galeria_dsc_0436logo-300x193.jpg 300w\" sizes=\"(max-width: 700px) 100vw, 700px\" \/><\/a>\n\t\t\t<\/div>\n\t\t\t\t<figcaption class='wp-caption-text gallery-caption' id='gallery-1-51'>\n\t\t\t\tColeta de dinossauros Sauropodomorpha em Agudo, RS\n\t\t\t\t<\/figcaption><\/figure><figure class='gallery-item'>\n\t\t\t<div class='gallery-icon landscape'>\n\t\t\t\t<a data-elementor-open-lightbox=\"yes\" data-elementor-lightbox-slideshow=\"7cfccaa\" data-elementor-lightbox-title=\"700x450-crop-90-images_galeria_bloco\" data-e-action-hash=\"#elementor-action%3Aaction%3Dlightbox%26settings%3DeyJpZCI6NTMsInVybCI6Imh0dHBzOlwvXC93d3cudWZzbS5iclwvYXBwXC91cGxvYWRzXC9zaXRlc1wvNDE5XC8yMDE4XC8xMVwvNzAweDQ1MC1jcm9wLTkwLWltYWdlc19nYWxlcmlhX2Jsb2NvLmpwZyIsInNsaWRlc2hvdyI6IjdjZmNjYWEifQ%3D%3D\" href='https:\/\/www.ufsm.br\/app\/uploads\/sites\/419\/2018\/11\/700x450-crop-90-images_galeria_bloco.jpg'><img loading=\"lazy\" decoding=\"async\" width=\"700\" height=\"450\" src=\"https:\/\/www.ufsm.br\/app\/uploads\/sites\/419\/2018\/11\/700x450-crop-90-images_galeria_bloco.jpg\" class=\"attachment-medium_large size-medium_large\" alt=\"\" aria-describedby=\"gallery-1-53\" srcset=\"https:\/\/www.ufsm.br\/app\/uploads\/sites\/419\/2018\/11\/700x450-crop-90-images_galeria_bloco.jpg 700w, https:\/\/www.ufsm.br\/app\/uploads\/sites\/419\/2018\/11\/700x450-crop-90-images_galeria_bloco-300x193.jpg 300w\" sizes=\"(max-width: 700px) 100vw, 700px\" \/><\/a>\n\t\t\t<\/div>\n\t\t\t\t<figcaption class='wp-caption-text gallery-caption' id='gallery-1-53'>\n\t\t\t\tPrepara\u00e7\u00e3o de f\u00f3sseis pelos paleont\u00f3logos Cristian e Rodrigo (doutorandos do PPG em Biodiversidade Animal\/UFSM)\n\t\t\t\t<\/figcaption><\/figure><figure class='gallery-item'>\n\t\t\t<div class='gallery-icon landscape'>\n\t\t\t\t<a data-elementor-open-lightbox=\"yes\" data-elementor-lightbox-slideshow=\"7cfccaa\" data-elementor-lightbox-title=\"700x450-crop-90-images_galeria_dsc_0017logo\" data-e-action-hash=\"#elementor-action%3Aaction%3Dlightbox%26settings%3DeyJpZCI6NTYsInVybCI6Imh0dHBzOlwvXC93d3cudWZzbS5iclwvYXBwXC91cGxvYWRzXC9zaXRlc1wvNDE5XC8yMDE4XC8xMVwvNzAweDQ1MC1jcm9wLTkwLWltYWdlc19nYWxlcmlhX2RzY18wMDE3bG9nby5qcGciLCJzbGlkZXNob3ciOiI3Y2ZjY2FhIn0%3D\" href='https:\/\/www.ufsm.br\/app\/uploads\/sites\/419\/2018\/11\/700x450-crop-90-images_galeria_dsc_0017logo.jpg'><img loading=\"lazy\" decoding=\"async\" width=\"700\" height=\"450\" src=\"https:\/\/www.ufsm.br\/app\/uploads\/sites\/419\/2018\/11\/700x450-crop-90-images_galeria_dsc_0017logo.jpg\" class=\"attachment-medium_large size-medium_large\" alt=\"\" aria-describedby=\"gallery-1-56\" srcset=\"https:\/\/www.ufsm.br\/app\/uploads\/sites\/419\/2018\/11\/700x450-crop-90-images_galeria_dsc_0017logo.jpg 700w, https:\/\/www.ufsm.br\/app\/uploads\/sites\/419\/2018\/11\/700x450-crop-90-images_galeria_dsc_0017logo-300x193.jpg 300w\" sizes=\"(max-width: 700px) 100vw, 700px\" \/><\/a>\n\t\t\t<\/div>\n\t\t\t\t<figcaption class='wp-caption-text gallery-caption' id='gallery-1-56'>\n\t\t\t\tO paleoartista Jorge Gularte pintando a r\u00e9plica do cr\u00e2nio de Dinodontosaurus\n\t\t\t\t<\/figcaption><\/figure><figure class='gallery-item'>\n\t\t\t<div class='gallery-icon landscape'>\n\t\t\t\t<a data-elementor-open-lightbox=\"yes\" data-elementor-lightbox-slideshow=\"7cfccaa\" data-elementor-lightbox-title=\"700x450-crop-90-images_galeria_dsc_0027logo\" data-e-action-hash=\"#elementor-action%3Aaction%3Dlightbox%26settings%3DeyJpZCI6NTcsInVybCI6Imh0dHBzOlwvXC93d3cudWZzbS5iclwvYXBwXC91cGxvYWRzXC9zaXRlc1wvNDE5XC8yMDE4XC8xMVwvNzAweDQ1MC1jcm9wLTkwLWltYWdlc19nYWxlcmlhX2RzY18wMDI3bG9nby5qcGciLCJzbGlkZXNob3ciOiI3Y2ZjY2FhIn0%3D\" href='https:\/\/www.ufsm.br\/app\/uploads\/sites\/419\/2018\/11\/700x450-crop-90-images_galeria_dsc_0027logo.jpg'><img loading=\"lazy\" decoding=\"async\" width=\"700\" height=\"450\" src=\"https:\/\/www.ufsm.br\/app\/uploads\/sites\/419\/2018\/11\/700x450-crop-90-images_galeria_dsc_0027logo.jpg\" class=\"attachment-medium_large size-medium_large\" alt=\"\" aria-describedby=\"gallery-1-57\" srcset=\"https:\/\/www.ufsm.br\/app\/uploads\/sites\/419\/2018\/11\/700x450-crop-90-images_galeria_dsc_0027logo.jpg 700w, https:\/\/www.ufsm.br\/app\/uploads\/sites\/419\/2018\/11\/700x450-crop-90-images_galeria_dsc_0027logo-300x193.jpg 300w\" sizes=\"(max-width: 700px) 100vw, 700px\" \/><\/a>\n\t\t\t<\/div>\n\t\t\t\t<figcaption class='wp-caption-text gallery-caption' id='gallery-1-57'>\n\t\t\t\tO paleoartista Jorge Gularte pintando a r\u00e9plica do cr\u00e2nio de Prestosuchus chiniquensis\n\t\t\t\t<\/figcaption><\/figure><figure class='gallery-item'>\n\t\t\t<div class='gallery-icon landscape'>\n\t\t\t\t<a data-elementor-open-lightbox=\"yes\" data-elementor-lightbox-slideshow=\"7cfccaa\" data-elementor-lightbox-title=\"6e40073d-7581-487f-af4a-88b187d1324c\" data-e-action-hash=\"#elementor-action%3Aaction%3Dlightbox%26settings%3DeyJpZCI6MTMxLCJ1cmwiOiJodHRwczpcL1wvd3d3LnVmc20uYnJcL2FwcFwvdXBsb2Fkc1wvc2l0ZXNcLzQxOVwvMjAxOVwvMDNcLzZlNDAwNzNkLTc1ODEtNDg3Zi1hZjRhLTg4YjE4N2QxMzI0Yy1lMTU1MzEwMDk2MjUwMi5qcGciLCJzbGlkZXNob3ciOiI3Y2ZjY2FhIn0%3D\" href='https:\/\/www.ufsm.br\/app\/uploads\/sites\/419\/2019\/03\/6e40073d-7581-487f-af4a-88b187d1324c-e1553100962502.jpg'><img loading=\"lazy\" decoding=\"async\" width=\"718\" height=\"703\" src=\"https:\/\/www.ufsm.br\/app\/uploads\/sites\/419\/2019\/03\/6e40073d-7581-487f-af4a-88b187d1324c-e1553100962502.jpg\" class=\"attachment-medium_large size-medium_large\" alt=\"\" aria-describedby=\"gallery-1-131\" srcset=\"https:\/\/www.ufsm.br\/app\/uploads\/sites\/419\/2019\/03\/6e40073d-7581-487f-af4a-88b187d1324c-e1553100962502.jpg 718w, https:\/\/www.ufsm.br\/app\/uploads\/sites\/419\/2019\/03\/6e40073d-7581-487f-af4a-88b187d1324c-e1553100962502-300x294.jpg 300w\" sizes=\"(max-width: 718px) 100vw, 718px\" \/><\/a>\n\t\t\t<\/div>\n\t\t\t\t<figcaption class='wp-caption-text gallery-caption' id='gallery-1-131'>\n\t\t\t\tProcesso de digitaliza\u00e7\u00e3o de um f\u00f3ssil.\n\t\t\t\t<\/figcaption><\/figure><figure class='gallery-item'>\n\t\t\t<div class='gallery-icon landscape'>\n\t\t\t\t<a data-elementor-open-lightbox=\"yes\" data-elementor-lightbox-slideshow=\"7cfccaa\" data-elementor-lightbox-title=\"290819b4-2adf-4722-980e-18f28ce62729\" data-e-action-hash=\"#elementor-action%3Aaction%3Dlightbox%26settings%3DeyJpZCI6MTMyLCJ1cmwiOiJodHRwczpcL1wvd3d3LnVmc20uYnJcL2FwcFwvdXBsb2Fkc1wvc2l0ZXNcLzQxOVwvMjAxOVwvMDNcLzI5MDgxOWI0LTJhZGYtNDcyMi05ODBlLTE4ZjI4Y2U2MjcyOS5qcGciLCJzbGlkZXNob3ciOiI3Y2ZjY2FhIn0%3D\" href='https:\/\/www.ufsm.br\/app\/uploads\/sites\/419\/2019\/03\/290819b4-2adf-4722-980e-18f28ce62729.jpg'><img loading=\"lazy\" decoding=\"async\" width=\"720\" height=\"706\" src=\"https:\/\/www.ufsm.br\/app\/uploads\/sites\/419\/2019\/03\/290819b4-2adf-4722-980e-18f28ce62729.jpg\" class=\"attachment-medium_large size-medium_large\" alt=\"\" aria-describedby=\"gallery-1-132\" srcset=\"https:\/\/www.ufsm.br\/app\/uploads\/sites\/419\/2019\/03\/290819b4-2adf-4722-980e-18f28ce62729.jpg 720w, https:\/\/www.ufsm.br\/app\/uploads\/sites\/419\/2019\/03\/290819b4-2adf-4722-980e-18f28ce62729-300x294.jpg 300w\" sizes=\"(max-width: 720px) 100vw, 720px\" \/><\/a>\n\t\t\t<\/div>\n\t\t\t\t<figcaption class='wp-caption-text gallery-caption' id='gallery-1-132'>\n\t\t\t\tAlunos de est\u00e1gio de ver\u00e3o realizando trabalho de campo.\n\t\t\t\t<\/figcaption><\/figure>\n\t\t<\/div>\n\t\t<\/div>\n\t\t\t\t<\/div>\n\t\t\t\t<\/div>\n\t\t\t\t\t<\/div>\n\t\t<\/div>\n\t\t\t\t\t<\/div>\n\t\t<\/section>\n\t\t\t\t<\/div>\n\t\t","protected":false},"excerpt":{"rendered":"<p>Mostra Paleontol\u00f3gica Irm\u00e3os Cargnin Trabalho de campo Afloramento Janner \u2013 Agudo, RS Trabalho de campo Afloramento Buriol, S\u00e3o Jo\u00e3o do Pol\u00easine, RS Trabalho de campo Afloramento S\u00e3o Luis \u2013 Faxinal do Soturno, RS Trabalho de campo Trabalho de campo em Agudo, RS, com aux\u00edlio de maquin\u00e1rio da Prefeitura Municipal de Agudo Trabalho de campo Coleta [&hellip;]<\/p>\n","protected":false},"author":124,"featured_media":0,"parent":0,"menu_order":0,"comment_status":"closed","ping_status":"closed","template":"","meta":{"footnotes":""},"categories":[],"tags":[],"class_list":["post-64","page","type-page","status-publish","hentry"],"acf":[],"_links":{"self":[{"href":"https:\/\/www.ufsm.br\/unidades-universitarias\/ccne\/cappa\/wp-json\/wp\/v2\/pages\/64","targetHints":{"allow":["GET"]}}],"collection":[{"href":"https:\/\/www.ufsm.br\/unidades-universitarias\/ccne\/cappa\/wp-json\/wp\/v2\/pages"}],"about":[{"href":"https:\/\/www.ufsm.br\/unidades-universitarias\/ccne\/cappa\/wp-json\/wp\/v2\/types\/page"}],"author":[{"embeddable":true,"href":"https:\/\/www.ufsm.br\/unidades-universitarias\/ccne\/cappa\/wp-json\/wp\/v2\/users\/124"}],"replies":[{"embeddable":true,"href":"https:\/\/www.ufsm.br\/unidades-universitarias\/ccne\/cappa\/wp-json\/wp\/v2\/comments?post=64"}],"version-history":[{"count":0,"href":"https:\/\/www.ufsm.br\/unidades-universitarias\/ccne\/cappa\/wp-json\/wp\/v2\/pages\/64\/revisions"}],"wp:attachment":[{"href":"https:\/\/www.ufsm.br\/unidades-universitarias\/ccne\/cappa\/wp-json\/wp\/v2\/media?parent=64"}],"wp:term":[{"taxonomy":"category","embeddable":true,"href":"https:\/\/www.ufsm.br\/unidades-universitarias\/ccne\/cappa\/wp-json\/wp\/v2\/categories?post=64"},{"taxonomy":"post_tag","embeddable":true,"href":"https:\/\/www.ufsm.br\/unidades-universitarias\/ccne\/cappa\/wp-json\/wp\/v2\/tags?post=64"}],"curies":[{"name":"wp","href":"https:\/\/api.w.org\/{rel}","templated":true}]}}