{"id":1121,"date":"2019-04-08T11:24:03","date_gmt":"2019-04-08T14:24:03","guid":{"rendered":"https:\/\/www.ufsm.br\/unidades-universitarias\/ccne\/?page_id=1121"},"modified":"2022-12-05T20:31:20","modified_gmt":"2022-12-05T23:31:20","slug":"pet-programa-de-educacao-tutorial-ccne","status":"publish","type":"page","link":"https:\/\/www.ufsm.br\/unidades-universitarias\/ccne\/pet-programa-de-educacao-tutorial-ccne","title":{"rendered":"PET &#8211; Programa de Educa\u00e7\u00e3o Tutorial"},"content":{"rendered":"\t\t<div data-elementor-type=\"wp-post\" data-elementor-id=\"1121\" class=\"elementor elementor-1121\">\n\t\t\t\t\t\t<section class=\"elementor-section elementor-top-section elementor-element elementor-element-c205522 elementor-section-boxed elementor-section-height-default elementor-section-height-default\" data-id=\"c205522\" data-element_type=\"section\">\n\t\t\t\t\t\t<div class=\"elementor-container elementor-column-gap-default\">\n\t\t\t\t\t<div class=\"elementor-column elementor-col-100 elementor-top-column elementor-element elementor-element-89d6595\" data-id=\"89d6595\" data-element_type=\"column\">\n\t\t\t<div class=\"elementor-widget-wrap elementor-element-populated\">\n\t\t\t\t\t\t<div class=\"elementor-element elementor-element-230eccd elementor-widget elementor-widget-text-editor\" data-id=\"230eccd\" data-element_type=\"widget\" data-widget_type=\"text-editor.default\">\n\t\t\t\t<div class=\"elementor-widget-container\">\n\t\t\t\t\t\t\t<p style=\"margin-bottom: 10px;font-size: 14px;color: #000000;font-family: open_sansregular, 'Open Sans', Arial, Helvetica, sans-serif\">O Programa de Educa\u00e7\u00e3o Tutorial (PET) \u00e9 desenvolvido por grupos de estudantes, com tutoria de um docente, organizados a partir de forma\u00e7\u00f5es em n\u00edvel de gradua\u00e7\u00e3o nas Institui\u00e7\u00f5es de Ensino Superior do Pa\u00eds orientados pelo princ\u00edpio da indissociabilidade entre ensino, pesquisa e extens\u00e3o e da educa\u00e7\u00e3o tutorial.<\/p><p style=\"margin-bottom: 10px;font-size: 14px;color: #000000;font-family: open_sansregular, 'Open Sans', Arial, Helvetica, sans-serif\">O grupo PET, uma vez criado, mant\u00e9m suas atividades por tempo indeterminado. No entanto, os seus membros possuem um tempo m\u00e1ximo de v\u00ednculo: ao bolsista de gradua\u00e7\u00e3o \u00e9 permitida a perman\u00eancia at\u00e9 a conclus\u00e3o da sua gradua\u00e7\u00e3o e, ao tutor, por um per\u00edodo de, no m\u00e1ximo, seis anos, desde que obedecidas as normas do Programa.<\/p><p><b>Representa\u00e7\u00e3o<\/b><b>\u00a0PET na UFSM:<\/b><\/p><p>Pr\u00f3-Reitoria\u00a0de Gradua\u00e7\u00e3o (PROGRAD)\u00a0atrav\u00e9s da\u00a0Coord. de Planejamento Acad\u00eamico (COPA)<\/p><p>Interlocutor: Prof.\u00a0Jer\u00f4nimo Siqueira\u00a0Tybusch<br \/>Assessor:\u00a0Adm.\u00a0Rafael Alves Lopes<\/p><p><strong>Contato:<\/strong><br \/>E-mail: <a href=\"mailto:pet.ufsm@ufsm.br\">pet@ufsm.br<\/a><br \/>Telefone: (55) 3220.8338<\/p>\t\t\t\t\t\t<\/div>\n\t\t\t\t<\/div>\n\t\t\t\t\t<\/div>\n\t\t<\/div>\n\t\t\t\t\t<\/div>\n\t\t<\/section>\n\t\t\t\t<section class=\"elementor-section elementor-top-section elementor-element elementor-element-3b1656e elementor-section-boxed elementor-section-height-default elementor-section-height-default\" data-id=\"3b1656e\" data-element_type=\"section\">\n\t\t\t\t\t\t<div class=\"elementor-container elementor-column-gap-default\">\n\t\t\t\t\t<div class=\"elementor-column elementor-col-100 elementor-top-column elementor-element elementor-element-e0878c0\" data-id=\"e0878c0\" data-element_type=\"column\">\n\t\t\t<div class=\"elementor-widget-wrap elementor-element-populated\">\n\t\t\t\t\t\t<div class=\"elementor-element elementor-element-33f855d elementor-widget elementor-widget-toggle\" data-id=\"33f855d\" data-element_type=\"widget\" data-widget_type=\"toggle.default\">\n\t\t\t\t<div class=\"elementor-widget-container\">\n\t\t\t\t\t<div class=\"elementor-toggle\">\n\t\t\t\t\t\t\t<div class=\"elementor-toggle-item\">\n\t\t\t\t\t<div id=\"elementor-tab-title-5441\" class=\"elementor-tab-title\" data-tab=\"1\" role=\"button\" aria-controls=\"elementor-tab-content-5441\" aria-expanded=\"false\">\n\t\t\t\t\t\t\t\t\t\t\t\t<span class=\"elementor-toggle-icon elementor-toggle-icon-left\" aria-hidden=\"true\">\n\t\t\t\t\t\t\t\t\t\t\t\t\t\t\t<span class=\"elementor-toggle-icon-closed\"><i class=\"fas fa-caret-right\"><\/i><\/span>\n\t\t\t\t\t\t\t\t<span class=\"elementor-toggle-icon-opened\"><i class=\"elementor-toggle-icon-opened fas fa-caret-up\"><\/i><\/span>\n\t\t\t\t\t\t\t\t\t\t\t\t\t<\/span>\n\t\t\t\t\t\t\t\t\t\t\t\t<a class=\"elementor-toggle-title\" tabindex=\"0\">PET - Matem\u00e1tica<\/a>\n\t\t\t\t\t<\/div>\n\n\t\t\t\t\t<div id=\"elementor-tab-content-5441\" class=\"elementor-tab-content elementor-clearfix\" data-tab=\"1\" role=\"region\" aria-labelledby=\"elementor-tab-title-5441\"><p>Tutora: Profa. Dra. In\u00eas Farias Ferreira<\/p><p>E-mail: <a href=\"mailto:petmatematicaufsm@gmail.com\">petmatematicaufsm@gmail.com<\/a><\/p><p>Redes sociais: @petmatematicaufsm<\/p><\/div>\n\t\t\t\t<\/div>\n\t\t\t\t\t\t\t<div class=\"elementor-toggle-item\">\n\t\t\t\t\t<div id=\"elementor-tab-title-5442\" class=\"elementor-tab-title\" data-tab=\"2\" role=\"button\" aria-controls=\"elementor-tab-content-5442\" aria-expanded=\"false\">\n\t\t\t\t\t\t\t\t\t\t\t\t<span class=\"elementor-toggle-icon elementor-toggle-icon-left\" aria-hidden=\"true\">\n\t\t\t\t\t\t\t\t\t\t\t\t\t\t\t<span class=\"elementor-toggle-icon-closed\"><i class=\"fas fa-caret-right\"><\/i><\/span>\n\t\t\t\t\t\t\t\t<span class=\"elementor-toggle-icon-opened\"><i class=\"elementor-toggle-icon-opened fas fa-caret-up\"><\/i><\/span>\n\t\t\t\t\t\t\t\t\t\t\t\t\t<\/span>\n\t\t\t\t\t\t\t\t\t\t\t\t<a class=\"elementor-toggle-title\" tabindex=\"0\">PET - F\u00edsica<\/a>\n\t\t\t\t\t<\/div>\n\n\t\t\t\t\t<div id=\"elementor-tab-content-5442\" class=\"elementor-tab-content elementor-clearfix\" data-tab=\"2\" role=\"region\" aria-labelledby=\"elementor-tab-title-5442\"><p>Tutor: Prof. Dr. Leandro Barros da Silva\u00a0<\/p><p>E-mail:\u00a0<a href=\"mailto:ufsm.petfisica@gmail.com\">ufsm.petfisica@gmail.com<\/a><\/p><p>Redes sociais: @petfisicaufsm<\/p><\/div>\n\t\t\t\t<\/div>\n\t\t\t\t\t\t\t<div class=\"elementor-toggle-item\">\n\t\t\t\t\t<div id=\"elementor-tab-title-5443\" class=\"elementor-tab-title\" data-tab=\"3\" role=\"button\" aria-controls=\"elementor-tab-content-5443\" aria-expanded=\"false\">\n\t\t\t\t\t\t\t\t\t\t\t\t<span class=\"elementor-toggle-icon elementor-toggle-icon-left\" aria-hidden=\"true\">\n\t\t\t\t\t\t\t\t\t\t\t\t\t\t\t<span class=\"elementor-toggle-icon-closed\"><i class=\"fas fa-caret-right\"><\/i><\/span>\n\t\t\t\t\t\t\t\t<span class=\"elementor-toggle-icon-opened\"><i class=\"elementor-toggle-icon-opened fas fa-caret-up\"><\/i><\/span>\n\t\t\t\t\t\t\t\t\t\t\t\t\t<\/span>\n\t\t\t\t\t\t\t\t\t\t\t\t<a class=\"elementor-toggle-title\" tabindex=\"0\">PET - Biologia<\/a>\n\t\t\t\t\t<\/div>\n\n\t\t\t\t\t<div id=\"elementor-tab-content-5443\" class=\"elementor-tab-content elementor-clearfix\" data-tab=\"3\" role=\"region\" aria-labelledby=\"elementor-tab-title-5443\"><p>Tutora:&nbsp;<span style=\"font-family: Helvetica, Arial, sans-serif;font-size: 16px;background-color: var(--bs-body-bg)\">Prof\u00aa Dr\u00aa Luciane A. Tabaldi<\/span><\/p>\n<p>E-mail: <a href=\"mailto:petbiologiaufsm@gmail.com\">petbioufsm@gmail.com<\/a><\/p>\n<p>Redes sociais: @petbioufsm<\/p><\/div>\n\t\t\t\t<\/div>\n\t\t\t\t\t\t\t\t<\/div>\n\t\t\t\t<\/div>\n\t\t\t\t<\/div>\n\t\t\t\t\t<\/div>\n\t\t<\/div>\n\t\t\t\t\t<\/div>\n\t\t<\/section>\n\t\t\t\t<\/div>\n\t\t","protected":false},"excerpt":{"rendered":"<p>O Programa de Educa\u00e7\u00e3o Tutorial (PET) \u00e9 desenvolvido por grupos de estudantes, com tutoria de um docente, organizados a partir de forma\u00e7\u00f5es em n\u00edvel de gradua\u00e7\u00e3o nas Institui\u00e7\u00f5es de Ensino Superior do Pa\u00eds orientados pelo princ\u00edpio da indissociabilidade entre ensino, pesquisa e extens\u00e3o e da educa\u00e7\u00e3o tutorial. O grupo PET, uma vez criado, mant\u00e9m suas [&hellip;]<\/p>\n","protected":false},"author":258,"featured_media":0,"parent":0,"menu_order":0,"comment_status":"closed","ping_status":"closed","template":"","meta":{"footnotes":""},"categories":[],"tags":[],"class_list":["post-1121","page","type-page","status-publish","hentry"],"acf":[],"_links":{"self":[{"href":"https:\/\/www.ufsm.br\/unidades-universitarias\/ccne\/wp-json\/wp\/v2\/pages\/1121","targetHints":{"allow":["GET"]}}],"collection":[{"href":"https:\/\/www.ufsm.br\/unidades-universitarias\/ccne\/wp-json\/wp\/v2\/pages"}],"about":[{"href":"https:\/\/www.ufsm.br\/unidades-universitarias\/ccne\/wp-json\/wp\/v2\/types\/page"}],"author":[{"embeddable":true,"href":"https:\/\/www.ufsm.br\/unidades-universitarias\/ccne\/wp-json\/wp\/v2\/users\/258"}],"replies":[{"embeddable":true,"href":"https:\/\/www.ufsm.br\/unidades-universitarias\/ccne\/wp-json\/wp\/v2\/comments?post=1121"}],"version-history":[{"count":0,"href":"https:\/\/www.ufsm.br\/unidades-universitarias\/ccne\/wp-json\/wp\/v2\/pages\/1121\/revisions"}],"wp:attachment":[{"href":"https:\/\/www.ufsm.br\/unidades-universitarias\/ccne\/wp-json\/wp\/v2\/media?parent=1121"}],"wp:term":[{"taxonomy":"category","embeddable":true,"href":"https:\/\/www.ufsm.br\/unidades-universitarias\/ccne\/wp-json\/wp\/v2\/categories?post=1121"},{"taxonomy":"post_tag","embeddable":true,"href":"https:\/\/www.ufsm.br\/unidades-universitarias\/ccne\/wp-json\/wp\/v2\/tags?post=1121"}],"curies":[{"name":"wp","href":"https:\/\/api.w.org\/{rel}","templated":true}]}}