{"id":1129,"date":"2019-04-09T08:57:11","date_gmt":"2019-04-09T11:57:11","guid":{"rendered":"https:\/\/www.ufsm.br\/unidades-universitarias\/ccne\/?page_id=1129"},"modified":"2026-03-26T16:43:07","modified_gmt":"2026-03-26T19:43:07","slug":"patrimonio","status":"publish","type":"page","link":"https:\/\/www.ufsm.br\/unidades-universitarias\/ccne\/infraestrutura\/patrimonio","title":{"rendered":"Subdivis\u00e3o de Patrim\u00f4nio &#8211; PAT\/CCNE"},"content":{"rendered":"\t\t<div data-elementor-type=\"wp-page\" data-elementor-id=\"1129\" class=\"elementor elementor-1129\">\n\t\t\t\t\t\t<section class=\"elementor-section elementor-top-section elementor-element elementor-element-307ab387 elementor-section-boxed elementor-section-height-default elementor-section-height-default\" data-id=\"307ab387\" data-element_type=\"section\">\n\t\t\t\t\t\t<div class=\"elementor-container elementor-column-gap-default\">\n\t\t\t\t\t<div class=\"elementor-column elementor-col-100 elementor-top-column elementor-element elementor-element-796ffca7\" data-id=\"796ffca7\" data-element_type=\"column\">\n\t\t\t<div class=\"elementor-widget-wrap elementor-element-populated\">\n\t\t\t\t\t\t<div class=\"elementor-element elementor-element-4753faa7 elementor-widget elementor-widget-text-editor\" data-id=\"4753faa7\" data-element_type=\"widget\" data-widget_type=\"text-editor.default\">\n\t\t\t\t<div class=\"elementor-widget-container\">\n\t\t\t\t\t\t\t<!-- wp:tadv\/classic-paragraph -->\n<p><span style=\"font-weight: 400\">A Subdivis\u00e3o de Patrim\u00f4nio do CCNE \u00e9 vinculada ao N\u00facleo de Infraestrutura do CCNE (INFRA\/CCNE). Al\u00e9m das compet\u00eancias gerais correspondentes constantes no Regimento Geral, compete:<\/span><\/p>\n<ul>\n<li style=\"font-weight: 400\"><span style=\"font-weight: 400\">Realizar a confer\u00eancia e o controle das transfer\u00eancias da carga patrimonial da Unidade de Ensino, <\/span>exceto dos Departamentos;<\/li>\n<li style=\"font-weight: 400\"><span style=\"font-weight: 400\">Orientar quanto \u00e0 retirada e devolu\u00e7\u00e3o dos bens patrimoniais das subunidades e orientar quanto \u00e0s <\/span>sindic\u00e2ncias patrimoniais;<\/li>\n<li style=\"font-weight: 400\"><span style=\"font-weight: 400\">Orientar quanto \u00e0 transfer\u00eancia dos bens, para carga patrimonial da UFSM, adquiridos junto aos <\/span>projetos de pesquisa e a projetos via funda\u00e7\u00e3o de apoio;<\/li>\n<li style=\"font-weight: 400\"><span style=\"font-weight: 400\">Gerenciar as doa\u00e7\u00f5es e baixas de bens patrimoniais no \u00e2mbito da Unidade de Ensino;<\/span><\/li>\n<li style=\"font-weight: 400\"><span style=\"font-weight: 400\">Verificar a necessidade de compras de bens patrimoniais para a Unidade de Ensino;<\/span><\/li>\n<li style=\"font-weight: 400\"><span style=\"font-weight: 400\">Orientar \u00e0s subunidades no que se refere ao controle patrimonial;<\/span><\/li>\n<li style=\"font-weight: 400\"><span style=\"font-weight: 400\">Desenvolver pol\u00edticas de uso racional dos bens do CCNE; e,<\/span><\/li>\n<li style=\"font-weight: 400\"><span style=\"font-weight: 400\">Realizar o controle sobre transfer\u00eancia e baixa de material em desuso vinculado \u00e0 Unidade de Ensino.<\/span><\/li>\n<\/ul>\n<!-- \/wp:tadv\/classic-paragraph -->\t\t\t\t\t\t<\/div>\n\t\t\t\t<\/div>\n\t\t\t\t\t<\/div>\n\t\t<\/div>\n\t\t\t\t\t<\/div>\n\t\t<\/section>\n\t\t\t\t<section class=\"elementor-section elementor-top-section elementor-element elementor-element-f81ecff elementor-section-boxed elementor-section-height-default elementor-section-height-default\" data-id=\"f81ecff\" data-element_type=\"section\">\n\t\t\t\t\t\t<div class=\"elementor-container elementor-column-gap-default\">\n\t\t\t\t\t<div class=\"elementor-column elementor-col-100 elementor-top-column elementor-element elementor-element-4da81b9\" data-id=\"4da81b9\" data-element_type=\"column\">\n\t\t\t<div class=\"elementor-widget-wrap elementor-element-populated\">\n\t\t\t\t\t\t<div class=\"elementor-element elementor-element-c28d018 elementor-view-default elementor-position-top elementor-mobile-position-top elementor-widget elementor-widget-icon-box\" data-id=\"c28d018\" data-element_type=\"widget\" data-widget_type=\"icon-box.default\">\n\t\t\t\t<div class=\"elementor-widget-container\">\n\t\t\t\t\t<div class=\"elementor-icon-box-wrapper\">\n\n\t\t\t\t\t\t<div class=\"elementor-icon-box-icon\">\n\t\t\t\t<a href=\"https:\/\/www.ufsm.br\/unidades-universitarias\/ccne\/elementor-6235\" class=\"elementor-icon elementor-animation-\" tabindex=\"-1\">\n\t\t\t\t<i aria-hidden=\"true\" class=\"fas fa-clipboard-list\"><\/i>\t\t\t\t<\/a>\n\t\t\t<\/div>\n\t\t\t\n\t\t\t\t\t\t<div class=\"elementor-icon-box-content\">\n\n\t\t\t\t\t\t\t\t\t<h5 class=\"elementor-icon-box-title\">\n\t\t\t\t\t\t<a href=\"https:\/\/www.ufsm.br\/unidades-universitarias\/ccne\/elementor-6235\" >\n\t\t\t\t\t\t\tProcedimentos para Solicita\u00e7\u00f5es \u00e0 Subdivis\u00e3o de Patrim\u00f4nio do CCNE\t\t\t\t\t\t<\/a>\n\t\t\t\t\t<\/h5>\n\t\t\t\t\n\t\t\t\t\t\t\t\t\t<p class=\"elementor-icon-box-description\">\n\t\t\t\t\t\tVeja aqui, em detalhes, como realizar solicita\u00e7\u00f5es relacionadas a Baixa Patrimonial\/Recolhimento de Bens, Transfer\u00eancia Patrimonial e Emiss\u00e3o de Nota Fiscal de Transporte. \t\t\t\t\t<\/p>\n\t\t\t\t\n\t\t\t<\/div>\n\t\t\t\n\t\t<\/div>\n\t\t\t\t<\/div>\n\t\t\t\t<\/div>\n\t\t\t\t\t<\/div>\n\t\t<\/div>\n\t\t\t\t\t<\/div>\n\t\t<\/section>\n\t\t\t\t<section class=\"elementor-section elementor-top-section elementor-element elementor-element-2ceea83 elementor-section-boxed elementor-section-height-default elementor-section-height-default\" data-id=\"2ceea83\" data-element_type=\"section\">\n\t\t\t\t\t\t<div class=\"elementor-container elementor-column-gap-default\">\n\t\t\t\t\t<div class=\"elementor-column elementor-col-100 elementor-top-column elementor-element elementor-element-67496d6\" data-id=\"67496d6\" data-element_type=\"column\">\n\t\t\t<div class=\"elementor-widget-wrap elementor-element-populated\">\n\t\t\t\t\t\t<div class=\"elementor-element elementor-element-3742694 elementor-widget elementor-widget-text-editor\" data-id=\"3742694\" data-element_type=\"widget\" data-widget_type=\"text-editor.default\">\n\t\t\t\t<div class=\"elementor-widget-container\">\n\t\t\t\t\t\t\t<p><br \/>Email:\u00a0<a href=\"mailto:patrimonio.ccne@ufsm.br\">patrimonio.ccne@ufsm.br<\/a><br \/>Telefone: (55) 3220 8615<br \/>Sala: 1107-B\u00a0\/ Pr\u00e9dio: 13<\/p>\t\t\t\t\t\t<\/div>\n\t\t\t\t<\/div>\n\t\t\t\t\t<\/div>\n\t\t<\/div>\n\t\t\t\t\t<\/div>\n\t\t<\/section>\n\t\t\t\t<\/div>\n\t\t","protected":false},"excerpt":{"rendered":"<p>A Subdivis\u00e3o de Patrim\u00f4nio do CCNE \u00e9 vinculada ao N\u00facleo de Infraestrutura do CCNE (INFRA\/CCNE). Al\u00e9m das compet\u00eancias gerais correspondentes constantes no Regimento Geral, compete: Realizar a confer\u00eancia e o controle das transfer\u00eancias da carga patrimonial da Unidade de Ensino, exceto dos Departamentos; Orientar quanto \u00e0 retirada e devolu\u00e7\u00e3o dos bens patrimoniais das subunidades e [&hellip;]<\/p>\n","protected":false},"author":258,"featured_media":0,"parent":1130,"menu_order":0,"comment_status":"closed","ping_status":"closed","template":"","meta":{"footnotes":""},"categories":[],"tags":[],"class_list":["post-1129","page","type-page","status-publish","hentry"],"acf":[],"_links":{"self":[{"href":"https:\/\/www.ufsm.br\/unidades-universitarias\/ccne\/wp-json\/wp\/v2\/pages\/1129","targetHints":{"allow":["GET"]}}],"collection":[{"href":"https:\/\/www.ufsm.br\/unidades-universitarias\/ccne\/wp-json\/wp\/v2\/pages"}],"about":[{"href":"https:\/\/www.ufsm.br\/unidades-universitarias\/ccne\/wp-json\/wp\/v2\/types\/page"}],"author":[{"embeddable":true,"href":"https:\/\/www.ufsm.br\/unidades-universitarias\/ccne\/wp-json\/wp\/v2\/users\/258"}],"replies":[{"embeddable":true,"href":"https:\/\/www.ufsm.br\/unidades-universitarias\/ccne\/wp-json\/wp\/v2\/comments?post=1129"}],"version-history":[{"count":0,"href":"https:\/\/www.ufsm.br\/unidades-universitarias\/ccne\/wp-json\/wp\/v2\/pages\/1129\/revisions"}],"up":[{"embeddable":true,"href":"https:\/\/www.ufsm.br\/unidades-universitarias\/ccne\/wp-json\/wp\/v2\/pages\/1130"}],"wp:attachment":[{"href":"https:\/\/www.ufsm.br\/unidades-universitarias\/ccne\/wp-json\/wp\/v2\/media?parent=1129"}],"wp:term":[{"taxonomy":"category","embeddable":true,"href":"https:\/\/www.ufsm.br\/unidades-universitarias\/ccne\/wp-json\/wp\/v2\/categories?post=1129"},{"taxonomy":"post_tag","embeddable":true,"href":"https:\/\/www.ufsm.br\/unidades-universitarias\/ccne\/wp-json\/wp\/v2\/tags?post=1129"}],"curies":[{"name":"wp","href":"https:\/\/api.w.org\/{rel}","templated":true}]}}