{"id":1130,"date":"2019-04-09T09:00:59","date_gmt":"2019-04-09T12:00:59","guid":{"rendered":"https:\/\/www.ufsm.br\/unidades-universitarias\/ccne\/?page_id=1130"},"modified":"2026-01-28T09:58:26","modified_gmt":"2026-01-28T12:58:26","slug":"infraestrutura","status":"publish","type":"page","link":"https:\/\/www.ufsm.br\/unidades-universitarias\/ccne\/infraestrutura","title":{"rendered":"N\u00facleo de Infraestrutura &#8211; INFRA\/CCNE"},"content":{"rendered":"\n<p><span style=\"font-weight: 400\">Ao N\u00facleo de Infraestrutura do CCNE, al\u00e9m das compet\u00eancias gerais correspondentes constantes no Regimento Geral, compete <em>planejar e supervisionar<\/em> os servi\u00e7os de manuten\u00e7\u00e3o e servi\u00e7os gerais; e <em>monitorar<\/em> as obras na Unidade de Ensino, em acordo com os \u00f3rg\u00e3os da Administra\u00e7\u00e3o Superior, como PROINFRA, a qual compete a fiscaliza\u00e7\u00e3o.<\/span><\/p>\n<p>Acesse aqui a <a href=\"https:\/\/docs.google.com\/spreadsheets\/d\/1uqB9cwFVRbaXjDXqUnKeDaVyDnTGUgLuoM2J2eic1Ps\/edit?usp=sharing\" target=\"_blank\" rel=\"noopener\"><strong>planilha com o estudo de prioriza\u00e7\u00e3o de obras e manuten\u00e7\u00f5es no CCNE<\/strong><\/a>.<\/p>\n<p>\u00a0<\/p>\n<p>Luis Manoel do Ros\u00e1rio Ferraz (chefe de n\u00facleo)<br \/>Email: <a href=\"mailto:infraestrutura.ccne@ufsm.br\">infraestrutura.ccne@ufsm.br<\/a><br \/>Telefone: (55) 3220 8615<br \/>Sala: 1107-B \/ Pr\u00e9dio: 13<\/p>\n","protected":false},"excerpt":{"rendered":"<p>Ao N\u00facleo de Infraestrutura do CCNE, al\u00e9m das compet\u00eancias gerais correspondentes constantes no Regimento Geral, compete planejar e supervisionar os servi\u00e7os de manuten\u00e7\u00e3o e servi\u00e7os gerais; e monitorar as obras na Unidade de Ensino, em acordo com os \u00f3rg\u00e3os da Administra\u00e7\u00e3o Superior, como PROINFRA, a qual compete a fiscaliza\u00e7\u00e3o. Acesse aqui a planilha com o [&hellip;]<\/p>\n","protected":false},"author":258,"featured_media":0,"parent":0,"menu_order":0,"comment_status":"closed","ping_status":"closed","template":"","meta":{"footnotes":""},"categories":[],"tags":[],"class_list":["post-1130","page","type-page","status-publish","hentry"],"acf":[],"_links":{"self":[{"href":"https:\/\/www.ufsm.br\/unidades-universitarias\/ccne\/wp-json\/wp\/v2\/pages\/1130","targetHints":{"allow":["GET"]}}],"collection":[{"href":"https:\/\/www.ufsm.br\/unidades-universitarias\/ccne\/wp-json\/wp\/v2\/pages"}],"about":[{"href":"https:\/\/www.ufsm.br\/unidades-universitarias\/ccne\/wp-json\/wp\/v2\/types\/page"}],"author":[{"embeddable":true,"href":"https:\/\/www.ufsm.br\/unidades-universitarias\/ccne\/wp-json\/wp\/v2\/users\/258"}],"replies":[{"embeddable":true,"href":"https:\/\/www.ufsm.br\/unidades-universitarias\/ccne\/wp-json\/wp\/v2\/comments?post=1130"}],"version-history":[{"count":0,"href":"https:\/\/www.ufsm.br\/unidades-universitarias\/ccne\/wp-json\/wp\/v2\/pages\/1130\/revisions"}],"wp:attachment":[{"href":"https:\/\/www.ufsm.br\/unidades-universitarias\/ccne\/wp-json\/wp\/v2\/media?parent=1130"}],"wp:term":[{"taxonomy":"category","embeddable":true,"href":"https:\/\/www.ufsm.br\/unidades-universitarias\/ccne\/wp-json\/wp\/v2\/categories?post=1130"},{"taxonomy":"post_tag","embeddable":true,"href":"https:\/\/www.ufsm.br\/unidades-universitarias\/ccne\/wp-json\/wp\/v2\/tags?post=1130"}],"curies":[{"name":"wp","href":"https:\/\/api.w.org\/{rel}","templated":true}]}}