{"id":1131,"date":"2019-04-09T09:47:15","date_gmt":"2019-04-09T12:47:15","guid":{"rendered":"https:\/\/www.ufsm.br\/unidades-universitarias\/ccne\/?page_id=1131"},"modified":"2026-03-04T11:19:56","modified_gmt":"2026-03-04T14:19:56","slug":"comunicacao","status":"publish","type":"page","link":"https:\/\/www.ufsm.br\/unidades-universitarias\/ccne\/comunicacao","title":{"rendered":"Subdivis\u00e3o de Comunica\u00e7\u00e3o do CCNE (SCOM\/CCNE)"},"content":{"rendered":"\t\t<div data-elementor-type=\"wp-page\" data-elementor-id=\"1131\" class=\"elementor elementor-1131\">\n\t\t\t\t\t\t<section class=\"elementor-section elementor-top-section elementor-element elementor-element-bf479a2 elementor-section-boxed elementor-section-height-default elementor-section-height-default\" data-id=\"bf479a2\" data-element_type=\"section\">\n\t\t\t\t\t\t<div class=\"elementor-container elementor-column-gap-default\">\n\t\t\t\t\t<div class=\"elementor-column elementor-col-100 elementor-top-column elementor-element elementor-element-2e52d8f\" data-id=\"2e52d8f\" data-element_type=\"column\">\n\t\t\t<div class=\"elementor-widget-wrap elementor-element-populated\">\n\t\t\t\t\t\t<div class=\"elementor-element elementor-element-b190baa elementor-widget elementor-widget-image\" data-id=\"b190baa\" data-element_type=\"widget\" data-widget_type=\"image.default\">\n\t\t\t\t<div class=\"elementor-widget-container\">\n\t\t\t\t\t\t\t\t\t\t\t\t\t\t<a href=\"https:\/\/www.ufsm.br\/app\/uploads\/sites\/369\/2025\/11\/Horizontal-branco-e-fundo-azul-e1764331761420.png\" data-elementor-open-lightbox=\"yes\" data-elementor-lightbox-title=\"Horizontal, branco e fundo azul\" data-e-action-hash=\"#elementor-action%3Aaction%3Dlightbox%26settings%3DeyJpZCI6IjY2ODMiLCJ1cmwiOiJodHRwczpcL1wvd3d3LnVmc20uYnJcL2FwcFwvdXBsb2Fkc1wvc2l0ZXNcLzM2OVwvMjAyNVwvMTFcL0hvcml6b250YWwtYnJhbmNvLWUtZnVuZG8tYXp1bC1lMTc2NDMzMTc2MTQyMC5wbmcifQ%3D%3D\">\n\t\t\t\t\t\t\t<img fetchpriority=\"high\" decoding=\"async\" width=\"1024\" height=\"399\" src=\"https:\/\/www.ufsm.br\/app\/uploads\/sites\/369\/2025\/11\/Horizontal-branco-e-fundo-azul-e1764331761420-1024x399.png\" class=\"attachment-large size-large wp-image-6683\" alt=\"\" srcset=\"https:\/\/www.ufsm.br\/app\/uploads\/sites\/369\/2025\/11\/Horizontal-branco-e-fundo-azul-e1764331761420-1024x399.png 1024w, https:\/\/www.ufsm.br\/app\/uploads\/sites\/369\/2025\/11\/Horizontal-branco-e-fundo-azul-e1764331761420-300x117.png 300w, https:\/\/www.ufsm.br\/app\/uploads\/sites\/369\/2025\/11\/Horizontal-branco-e-fundo-azul-e1764331761420-768x299.png 768w, https:\/\/www.ufsm.br\/app\/uploads\/sites\/369\/2025\/11\/Horizontal-branco-e-fundo-azul-e1764331761420-1536x598.png 1536w, https:\/\/www.ufsm.br\/app\/uploads\/sites\/369\/2025\/11\/Horizontal-branco-e-fundo-azul-e1764331761420.png 1848w\" sizes=\"(max-width: 1024px) 100vw, 1024px\" \/>\t\t\t\t\t\t\t\t<\/a>\n\t\t\t\t\t\t\t\t\t\t\t\t\t<\/div>\n\t\t\t\t<\/div>\n\t\t\t\t<div class=\"elementor-element elementor-element-70ff8cf elementor-widget elementor-widget-spacer\" data-id=\"70ff8cf\" data-element_type=\"widget\" data-widget_type=\"spacer.default\">\n\t\t\t\t<div class=\"elementor-widget-container\">\n\t\t\t\t\t<div class=\"elementor-spacer\">\n\t\t\t<div class=\"elementor-spacer-inner\"><\/div>\n\t\t<\/div>\n\t\t\t\t<\/div>\n\t\t\t\t<\/div>\n\t\t\t\t<section class=\"elementor-section elementor-inner-section elementor-element elementor-element-2854840 elementor-section-boxed elementor-section-height-default elementor-section-height-default\" data-id=\"2854840\" data-element_type=\"section\">\n\t\t\t\t\t\t<div class=\"elementor-container elementor-column-gap-default\">\n\t\t\t\t\t<div class=\"elementor-column elementor-col-50 elementor-inner-column elementor-element elementor-element-ccf75b2\" data-id=\"ccf75b2\" data-element_type=\"column\">\n\t\t\t<div class=\"elementor-widget-wrap elementor-element-populated\">\n\t\t\t\t\t\t<div class=\"elementor-element elementor-element-64bbb51 elementor-widget elementor-widget-text-editor\" data-id=\"64bbb51\" data-element_type=\"widget\" data-widget_type=\"text-editor.default\">\n\t\t\t\t<div class=\"elementor-widget-container\">\n\t\t\t\t\t\t\t<p>A Subdivis\u00e3o de Comunica\u00e7\u00e3o do CCNE \u00e9 vinculada \u00e0 <span style=\"font-weight: 400\">Secretaria Administrativa do CCNE (Sec\/CCNE)<\/span> e tem como atribui\u00e7\u00f5es atividades relacionadas \u00e0 comunica\u00e7\u00e3o institucional da Unidade.<\/p>\n<p>S\u00e3o atribui\u00e7\u00f5es da chefe da Subdivis\u00e3o de Comunica\u00e7\u00e3o, al\u00e9m das gerais correspondentes constantes no Regimento Geral da UFSM, as especiais de:<\/p>\n<ul style=\"list-style-type: disc\">\n<li>Organiza\u00e7\u00e3o de campanhas e a\u00e7\u00f5es pr\u00f3prias alinhadas ao Plano de Desenvolvimento da Unidade (PDU) e aos Desafios Institucionais da Universidade Federal de Santa Maria em conson\u00e2ncia \u00e0 <a href=\"http:\/\/site.ufsm.br\/arquivos\/uploaded\/uploads\/320a27dd-2264-4104-92ef-501c34734b9d.pdf\">Politica de Comunica\u00e7\u00e3o da UFSM<\/a>.<\/li>\n<li>Planejar e organizar a produ\u00e7\u00e3o de material informativo da Unidade e outros programas de divulga\u00e7\u00e3o;<\/li>\n<li>Auxiliar na divulga\u00e7\u00e3o de eventos organizados no \u00e2mbito da Unidade;<\/li>\n<li>Gerenciar os canais de comunica\u00e7\u00e3o multim\u00eddia da Unidade (correio eletr\u00f4nico, portal eletr\u00f4nico, redes sociais, entre outros);<\/li>\n<li>Gerenciar a comunica\u00e7\u00e3o entre a Dire\u00e7\u00e3o, subunidades e comunidade externa da UFSM; e,<\/li>\n<li>Colaborar junto \u00e0 PROGRAD com a organiza\u00e7\u00e3o das formaturas institucionais dos cursos da Unidade de Ensino.<\/li>\n<\/ul>\t\t\t\t\t\t<\/div>\n\t\t\t\t<\/div>\n\t\t\t\t\t<\/div>\n\t\t<\/div>\n\t\t\t\t<div class=\"elementor-column elementor-col-50 elementor-inner-column elementor-element elementor-element-f7c37cc\" data-id=\"f7c37cc\" data-element_type=\"column\">\n\t\t\t<div class=\"elementor-widget-wrap elementor-element-populated\">\n\t\t\t\t\t\t<div class=\"elementor-element elementor-element-46846f4 elementor-widget elementor-widget-spacer\" data-id=\"46846f4\" data-element_type=\"widget\" data-widget_type=\"spacer.default\">\n\t\t\t\t<div class=\"elementor-widget-container\">\n\t\t\t\t\t<div class=\"elementor-spacer\">\n\t\t\t<div class=\"elementor-spacer-inner\"><\/div>\n\t\t<\/div>\n\t\t\t\t<\/div>\n\t\t\t\t<\/div>\n\t\t\t\t<div class=\"elementor-element elementor-element-56fd5f3 elementor-view-default elementor-position-top elementor-mobile-position-top elementor-widget elementor-widget-icon-box\" data-id=\"56fd5f3\" data-element_type=\"widget\" data-widget_type=\"icon-box.default\">\n\t\t\t\t<div class=\"elementor-widget-container\">\n\t\t\t\t\t<div class=\"elementor-icon-box-wrapper\">\n\n\t\t\t\t\t\t<div class=\"elementor-icon-box-icon\">\n\t\t\t\t<a href=\"https:\/\/www.ufsm.br\/unidades-universitarias\/ccne\/galeria-de-fotos\" class=\"elementor-icon elementor-animation-\" tabindex=\"-1\">\n\t\t\t\t<i aria-hidden=\"true\" class=\"fas fa-photo-video\"><\/i>\t\t\t\t<\/a>\n\t\t\t<\/div>\n\t\t\t\n\t\t\t\t\t\t<div class=\"elementor-icon-box-content\">\n\n\t\t\t\t\t\t\t\t\t<h5 class=\"elementor-icon-box-title\">\n\t\t\t\t\t\t<a href=\"https:\/\/www.ufsm.br\/unidades-universitarias\/ccne\/galeria-de-fotos\" >\n\t\t\t\t\t\t\tGaleria de Fotos\t\t\t\t\t\t<\/a>\n\t\t\t\t\t<\/h5>\n\t\t\t\t\n\t\t\t\t\n\t\t\t<\/div>\n\t\t\t\n\t\t<\/div>\n\t\t\t\t<\/div>\n\t\t\t\t<\/div>\n\t\t\t\t<div class=\"elementor-element elementor-element-138d52f elementor-view-default elementor-position-top elementor-mobile-position-top elementor-widget elementor-widget-icon-box\" data-id=\"138d52f\" data-element_type=\"widget\" data-widget_type=\"icon-box.default\">\n\t\t\t\t<div class=\"elementor-widget-container\">\n\t\t\t\t\t<div class=\"elementor-icon-box-wrapper\">\n\n\t\t\t\t\t\t<div class=\"elementor-icon-box-icon\">\n\t\t\t\t<a href=\"https:\/\/docs.google.com\/forms\/d\/e\/1FAIpQLSclpcPCw82VwKtalj3CrdXmub0GLOlQ1pvHy_Ys_wTNimSqkQ\/viewform\" class=\"elementor-icon elementor-animation-\" tabindex=\"-1\">\n\t\t\t\t<i aria-hidden=\"true\" class=\"far fa-newspaper\"><\/i>\t\t\t\t<\/a>\n\t\t\t<\/div>\n\t\t\t\n\t\t\t\t\t\t<div class=\"elementor-icon-box-content\">\n\n\t\t\t\t\t\t\t\t\t<h5 class=\"elementor-icon-box-title\">\n\t\t\t\t\t\t<a href=\"https:\/\/docs.google.com\/forms\/d\/e\/1FAIpQLSclpcPCw82VwKtalj3CrdXmub0GLOlQ1pvHy_Ys_wTNimSqkQ\/viewform\" >\n\t\t\t\t\t\t\tDivulgue sua Not\u00edcia\t\t\t\t\t\t<\/a>\n\t\t\t\t\t<\/h5>\n\t\t\t\t\n\t\t\t\t\n\t\t\t<\/div>\n\t\t\t\n\t\t<\/div>\n\t\t\t\t<\/div>\n\t\t\t\t<\/div>\n\t\t\t\t<div class=\"elementor-element elementor-element-b72fffc elementor-view-default elementor-position-top elementor-mobile-position-top elementor-widget elementor-widget-icon-box\" data-id=\"b72fffc\" data-element_type=\"widget\" data-widget_type=\"icon-box.default\">\n\t\t\t\t<div class=\"elementor-widget-container\">\n\t\t\t\t\t<div class=\"elementor-icon-box-wrapper\">\n\n\t\t\t\t\t\t<div class=\"elementor-icon-box-icon\">\n\t\t\t\t<a href=\"https:\/\/www.ufsm.br\/unidades-universitarias\/ccne\/revistas\" class=\"elementor-icon elementor-animation-\" tabindex=\"-1\">\n\t\t\t\t<i aria-hidden=\"true\" class=\"fas fa-book-reader\"><\/i>\t\t\t\t<\/a>\n\t\t\t<\/div>\n\t\t\t\n\t\t\t\t\t\t<div class=\"elementor-icon-box-content\">\n\n\t\t\t\t\t\t\t\t\t<h5 class=\"elementor-icon-box-title\">\n\t\t\t\t\t\t<a href=\"https:\/\/www.ufsm.br\/unidades-universitarias\/ccne\/revistas\" >\n\t\t\t\t\t\t\tRevistas CCNE\t\t\t\t\t\t<\/a>\n\t\t\t\t\t<\/h5>\n\t\t\t\t\n\t\t\t\t\n\t\t\t<\/div>\n\t\t\t\n\t\t<\/div>\n\t\t\t\t<\/div>\n\t\t\t\t<\/div>\n\t\t\t\t<div class=\"elementor-element elementor-element-9887011 elementor-view-default elementor-position-top elementor-mobile-position-top elementor-widget elementor-widget-icon-box\" data-id=\"9887011\" data-element_type=\"widget\" data-widget_type=\"icon-box.default\">\n\t\t\t\t<div class=\"elementor-widget-container\">\n\t\t\t\t\t<div class=\"elementor-icon-box-wrapper\">\n\n\t\t\t\t\t\t<div class=\"elementor-icon-box-icon\">\n\t\t\t\t<a href=\"https:\/\/www.ufsm.br\/unidades-universitarias\/ccne\/talentos-do-ccne\" class=\"elementor-icon elementor-animation-\" tabindex=\"-1\">\n\t\t\t\t<i aria-hidden=\"true\" class=\"fas fa-folder-open\"><\/i>\t\t\t\t<\/a>\n\t\t\t<\/div>\n\t\t\t\n\t\t\t\t\t\t<div class=\"elementor-icon-box-content\">\n\n\t\t\t\t\t\t\t\t\t<h5 class=\"elementor-icon-box-title\">\n\t\t\t\t\t\t<a href=\"https:\/\/www.ufsm.br\/unidades-universitarias\/ccne\/talentos-do-ccne\" >\n\t\t\t\t\t\t\tAcervo CCNE\t\t\t\t\t\t<\/a>\n\t\t\t\t\t<\/h5>\n\t\t\t\t\n\t\t\t\t\n\t\t\t<\/div>\n\t\t\t\n\t\t<\/div>\n\t\t\t\t<\/div>\n\t\t\t\t<\/div>\n\t\t\t\t\t<\/div>\n\t\t<\/div>\n\t\t\t\t\t<\/div>\n\t\t<\/section>\n\t\t\t\t\t<\/div>\n\t\t<\/div>\n\t\t\t\t\t<\/div>\n\t\t<\/section>\n\t\t\t\t<section class=\"elementor-section elementor-top-section elementor-element elementor-element-17fe7d3 elementor-section-boxed elementor-section-height-default elementor-section-height-default\" data-id=\"17fe7d3\" data-element_type=\"section\">\n\t\t\t\t\t\t<div class=\"elementor-container elementor-column-gap-default\">\n\t\t\t\t\t<div class=\"elementor-column elementor-col-33 elementor-top-column elementor-element elementor-element-b27b7c1\" data-id=\"b27b7c1\" data-element_type=\"column\">\n\t\t\t<div class=\"elementor-widget-wrap elementor-element-populated\">\n\t\t\t\t\t\t<div class=\"elementor-element elementor-element-23d5e2c elementor-widget-divider--view-line elementor-widget elementor-widget-divider\" data-id=\"23d5e2c\" data-element_type=\"widget\" data-widget_type=\"divider.default\">\n\t\t\t\t<div class=\"elementor-widget-container\">\n\t\t\t\t\t<div class=\"elementor-divider\">\n\t\t\t<span class=\"elementor-divider-separator\">\n\t\t\t\t\t\t<\/span>\n\t\t<\/div>\n\t\t\t\t<\/div>\n\t\t\t\t<\/div>\n\t\t\t\t<div class=\"elementor-element elementor-element-f9d2f20 elementor-widget elementor-widget-text-editor\" data-id=\"f9d2f20\" data-element_type=\"widget\" data-widget_type=\"text-editor.default\">\n\t\t\t\t<div class=\"elementor-widget-container\">\n\t\t\t\t\t\t\t<p style=\"text-align: center\"><span style=\"font-size: 14pt;font-family: helvetica, arial, sans-serif\"><strong>Contato<br \/><\/strong><\/span><span style=\"font-size: 14pt;font-family: helvetica, arial, sans-serif\">Telefone: 3220-8409<\/span><br \/><span style=\"font-size: 14pt;font-family: helvetica, arial, sans-serif\">WhatsApp: (55) 99156-0298<\/span><br \/><span style=\"font-size: 14pt;font-family: helvetica, arial, sans-serif\">E-mail: comunicacao.ccne@ufsm.br<\/span><\/p>\t\t\t\t\t\t<\/div>\n\t\t\t\t<\/div>\n\t\t\t\t<div class=\"elementor-element elementor-element-6ecca8b elementor-widget-divider--view-line elementor-widget elementor-widget-divider\" data-id=\"6ecca8b\" data-element_type=\"widget\" data-widget_type=\"divider.default\">\n\t\t\t\t<div class=\"elementor-widget-container\">\n\t\t\t\t\t<div class=\"elementor-divider\">\n\t\t\t<span class=\"elementor-divider-separator\">\n\t\t\t\t\t\t<\/span>\n\t\t<\/div>\n\t\t\t\t<\/div>\n\t\t\t\t<\/div>\n\t\t\t\t\t<\/div>\n\t\t<\/div>\n\t\t\t\t<div class=\"elementor-column elementor-col-33 elementor-top-column elementor-element elementor-element-274d91f\" data-id=\"274d91f\" data-element_type=\"column\">\n\t\t\t<div class=\"elementor-widget-wrap elementor-element-populated\">\n\t\t\t\t\t\t<div class=\"elementor-element elementor-element-2f2d31b elementor-widget elementor-widget-spacer\" data-id=\"2f2d31b\" data-element_type=\"widget\" data-widget_type=\"spacer.default\">\n\t\t\t\t<div class=\"elementor-widget-container\">\n\t\t\t\t\t<div class=\"elementor-spacer\">\n\t\t\t<div class=\"elementor-spacer-inner\"><\/div>\n\t\t<\/div>\n\t\t\t\t<\/div>\n\t\t\t\t<\/div>\n\t\t\t\t<div class=\"elementor-element elementor-element-556e626 elementor-widget elementor-widget-image\" data-id=\"556e626\" data-element_type=\"widget\" data-widget_type=\"image.default\">\n\t\t\t\t<div class=\"elementor-widget-container\">\n\t\t\t\t\t\t\t\t\t\t\t\t\t<img decoding=\"async\" width=\"300\" height=\"300\" src=\"https:\/\/www.ufsm.br\/app\/uploads\/sites\/369\/2025\/11\/Vertical-branco-e-fundo-azul-300x300.png\" class=\"attachment-medium size-medium wp-image-6682\" alt=\"\" srcset=\"https:\/\/www.ufsm.br\/app\/uploads\/sites\/369\/2025\/11\/Vertical-branco-e-fundo-azul-300x300.png 300w, https:\/\/www.ufsm.br\/app\/uploads\/sites\/369\/2025\/11\/Vertical-branco-e-fundo-azul-1024x1024.png 1024w, https:\/\/www.ufsm.br\/app\/uploads\/sites\/369\/2025\/11\/Vertical-branco-e-fundo-azul-150x150.png 150w, https:\/\/www.ufsm.br\/app\/uploads\/sites\/369\/2025\/11\/Vertical-branco-e-fundo-azul-768x769.png 768w, https:\/\/www.ufsm.br\/app\/uploads\/sites\/369\/2025\/11\/elementor\/thumbs\/Vertical-branco-e-fundo-azul-rfdaer157w3j8twa2aigu7xqhfxmndc1ahzox6g29i.png 95w, https:\/\/www.ufsm.br\/app\/uploads\/sites\/369\/2025\/11\/Vertical-branco-e-fundo-azul.png 1492w\" sizes=\"(max-width: 300px) 100vw, 300px\" \/>\t\t\t\t\t\t\t\t\t\t\t\t\t<\/div>\n\t\t\t\t<\/div>\n\t\t\t\t<div class=\"elementor-element elementor-element-6d761ae elementor-grid-1 elementor-shape-rounded e-grid-align-center elementor-widget elementor-widget-social-icons\" data-id=\"6d761ae\" data-element_type=\"widget\" data-widget_type=\"social-icons.default\">\n\t\t\t\t<div class=\"elementor-widget-container\">\n\t\t\t\t\t<div class=\"elementor-social-icons-wrapper elementor-grid\">\n\t\t\t\t\t\t\t<span class=\"elementor-grid-item\">\n\t\t\t\t\t<a class=\"elementor-icon elementor-social-icon elementor-social-icon-instagram elementor-animation-grow elementor-repeater-item-650fd88\" href=\"https:\/\/www.instagram.com\/ccneufsm\/reels\/?hl=pt\" target=\"_blank\">\n\t\t\t\t\t\t<span class=\"elementor-screen-only\">Instagram<\/span>\n\t\t\t\t\t\t<i class=\"fab fa-instagram\"><\/i>\t\t\t\t\t<\/a>\n\t\t\t\t<\/span>\n\t\t\t\t\t<\/div>\n\t\t\t\t<\/div>\n\t\t\t\t<\/div>\n\t\t\t\t\t<\/div>\n\t\t<\/div>\n\t\t\t\t<div class=\"elementor-column elementor-col-33 elementor-top-column elementor-element elementor-element-ff0b32b\" data-id=\"ff0b32b\" data-element_type=\"column\">\n\t\t\t<div class=\"elementor-widget-wrap elementor-element-populated\">\n\t\t\t\t\t\t<div class=\"elementor-element elementor-element-fd4e0c8 elementor-widget-divider--view-line elementor-widget elementor-widget-divider\" data-id=\"fd4e0c8\" data-element_type=\"widget\" data-widget_type=\"divider.default\">\n\t\t\t\t<div class=\"elementor-widget-container\">\n\t\t\t\t\t<div class=\"elementor-divider\">\n\t\t\t<span class=\"elementor-divider-separator\">\n\t\t\t\t\t\t<\/span>\n\t\t<\/div>\n\t\t\t\t<\/div>\n\t\t\t\t<\/div>\n\t\t\t\t<div class=\"elementor-element elementor-element-9a5159b elementor-widget elementor-widget-text-editor\" data-id=\"9a5159b\" data-element_type=\"widget\" data-widget_type=\"text-editor.default\">\n\t\t\t\t<div class=\"elementor-widget-container\">\n\t\t\t\t\t\t\t<p style=\"text-align: center\"><b>Equipe<\/b><br \/><i>Wellington Hack<\/i><br \/>Bolsista p\u00f3s-gradua\u00e7\u00e3o &#8211; Jornalismo\u00a0<\/p>\t\t\t\t\t\t<\/div>\n\t\t\t\t<\/div>\n\t\t\t\t<div class=\"elementor-element elementor-element-5422160 elementor-widget-divider--view-line elementor-widget elementor-widget-divider\" data-id=\"5422160\" data-element_type=\"widget\" data-widget_type=\"divider.default\">\n\t\t\t\t<div class=\"elementor-widget-container\">\n\t\t\t\t\t<div class=\"elementor-divider\">\n\t\t\t<span class=\"elementor-divider-separator\">\n\t\t\t\t\t\t<\/span>\n\t\t<\/div>\n\t\t\t\t<\/div>\n\t\t\t\t<\/div>\n\t\t\t\t\t<\/div>\n\t\t<\/div>\n\t\t\t\t\t<\/div>\n\t\t<\/section>\n\t\t\t\t<\/div>\n\t\t","protected":false},"excerpt":{"rendered":"<p>A Subdivis\u00e3o de Comunica\u00e7\u00e3o do CCNE \u00e9 vinculada \u00e0 Secretaria Administrativa do CCNE (Sec\/CCNE) e tem como atribui\u00e7\u00f5es atividades relacionadas \u00e0 comunica\u00e7\u00e3o institucional da Unidade. S\u00e3o atribui\u00e7\u00f5es da chefe da Subdivis\u00e3o de Comunica\u00e7\u00e3o, al\u00e9m das gerais correspondentes constantes no Regimento Geral da UFSM, as especiais de: Organiza\u00e7\u00e3o de campanhas e a\u00e7\u00f5es pr\u00f3prias alinhadas ao Plano [&hellip;]<\/p>\n","protected":false},"author":1040,"featured_media":0,"parent":0,"menu_order":0,"comment_status":"closed","ping_status":"closed","template":"","meta":{"footnotes":""},"categories":[],"tags":[],"class_list":["post-1131","page","type-page","status-publish","hentry"],"acf":[],"_links":{"self":[{"href":"https:\/\/www.ufsm.br\/unidades-universitarias\/ccne\/wp-json\/wp\/v2\/pages\/1131","targetHints":{"allow":["GET"]}}],"collection":[{"href":"https:\/\/www.ufsm.br\/unidades-universitarias\/ccne\/wp-json\/wp\/v2\/pages"}],"about":[{"href":"https:\/\/www.ufsm.br\/unidades-universitarias\/ccne\/wp-json\/wp\/v2\/types\/page"}],"author":[{"embeddable":true,"href":"https:\/\/www.ufsm.br\/unidades-universitarias\/ccne\/wp-json\/wp\/v2\/users\/1040"}],"replies":[{"embeddable":true,"href":"https:\/\/www.ufsm.br\/unidades-universitarias\/ccne\/wp-json\/wp\/v2\/comments?post=1131"}],"version-history":[{"count":0,"href":"https:\/\/www.ufsm.br\/unidades-universitarias\/ccne\/wp-json\/wp\/v2\/pages\/1131\/revisions"}],"wp:attachment":[{"href":"https:\/\/www.ufsm.br\/unidades-universitarias\/ccne\/wp-json\/wp\/v2\/media?parent=1131"}],"wp:term":[{"taxonomy":"category","embeddable":true,"href":"https:\/\/www.ufsm.br\/unidades-universitarias\/ccne\/wp-json\/wp\/v2\/categories?post=1131"},{"taxonomy":"post_tag","embeddable":true,"href":"https:\/\/www.ufsm.br\/unidades-universitarias\/ccne\/wp-json\/wp\/v2\/tags?post=1131"}],"curies":[{"name":"wp","href":"https:\/\/api.w.org\/{rel}","templated":true}]}}