{"id":1132,"date":"2019-04-09T09:53:12","date_gmt":"2019-04-09T12:53:12","guid":{"rendered":"https:\/\/www.ufsm.br\/unidades-universitarias\/ccne\/?page_id=1132"},"modified":"2024-04-12T11:46:12","modified_gmt":"2024-04-12T14:46:12","slug":"gestao-orcamentaria","status":"publish","type":"page","link":"https:\/\/www.ufsm.br\/unidades-universitarias\/ccne\/gestao-orcamentaria","title":{"rendered":"N\u00facleo de Gest\u00e3o Or\u00e7ament\u00e1ria &#8211; NOr\/CCNE"},"content":{"rendered":"\t\t<div data-elementor-type=\"wp-page\" data-elementor-id=\"1132\" class=\"elementor elementor-1132\">\n\t\t\t\t\t\t<section class=\"elementor-section elementor-top-section elementor-element elementor-element-5422d389 elementor-section-boxed elementor-section-height-default elementor-section-height-default\" data-id=\"5422d389\" data-element_type=\"section\">\n\t\t\t\t\t\t<div class=\"elementor-container elementor-column-gap-default\">\n\t\t\t\t\t<div class=\"elementor-column elementor-col-100 elementor-top-column elementor-element elementor-element-54458f36\" data-id=\"54458f36\" data-element_type=\"column\">\n\t\t\t<div class=\"elementor-widget-wrap elementor-element-populated\">\n\t\t\t\t\t\t<div class=\"elementor-element elementor-element-294be351 elementor-widget elementor-widget-text-editor\" data-id=\"294be351\" data-element_type=\"widget\" data-widget_type=\"text-editor.default\">\n\t\t\t\t<div class=\"elementor-widget-container\">\n\t\t\t\t\t\t\t<p><!-- wp:tadv\/classic-paragraph --><\/p>\n<p><span style=\"font-weight: 400\">Ao N\u00facleo de Gest\u00e3o Or\u00e7ament\u00e1ria do CCNE, al\u00e9m das compet\u00eancias gerais correspondentes constantes no Regimento Geral, compete:<\/span><\/p>\n<ul>\n<li style=\"font-weight: 400\"><span style=\"font-weight: 400\">Consolidar o planejamento or\u00e7ament\u00e1rio anual da Unidade;<\/span><\/li>\n<li style=\"font-weight: 400\"><span style=\"font-weight: 400\">Administrar e controlar o or\u00e7amento da Unidade;<\/span><\/li>\n<li style=\"font-weight: 400\"><span style=\"font-weight: 400\">Gerenciar o processo de compra da Unidade;<\/span><\/li>\n<li style=\"font-weight: 400\"><span style=\"font-weight: 400\">Apoiar a decis\u00e3o dos gestores na aloca\u00e7\u00e3o dos recursos da Unidade; e,<\/span><\/li>\n<li style=\"font-weight: 400\"><span style=\"font-weight: 400\">Dar suporte ao desenvolvimento de pol\u00edticas para o uso racional dos recursos da Unidade.<\/span><\/li>\n<\/ul>\n<p><strong><a href=\"https:\/\/docs.google.com\/document\/d\/1xgzk0JBHvPlrKjZCM-UFmtoMPK96jcrb-M66jXh-8gw\/edit?usp=sharing\" target=\"_blank\" rel=\"noopener\">Servi\u00e7os<\/a> (fluxos em constru\u00e7\u00e3o)<\/strong><\/p>\n<p><strong>Equipe:<\/strong><\/p>\n<p><span style=\"color: #000000;font-size: 16px\">Jocelito Oliveira de Oliveira (Administrador &#8211;\u00a0<\/span><span style=\"color: #000000;font-size: 16px\">chefe de n\u00facleo<\/span><span style=\"color: #000000;font-size: 16px\">)<\/span><strong><br \/><\/strong>Sara Schafer Segatto (Contadora &#8211; em afastamento)<br \/>Antonio Marcos Martins Silveira (Assistente em administra\u00e7\u00e3o)<br \/>Jolberto Iensen Pedroso (T\u00e9cnico em contabilidade)<\/p>\n<p><strong>E-mail:<\/strong>\u00a0<a href=\"mailto:financeiro.ccne@ufsm.br\">financeiro.ccne@ufsm.br<\/a><br \/><strong>Telefone:<\/strong> (55) 3220-8022<br \/>Sala 1107A (pr\u00e9dio 13)<\/p>\n<p>\u00a0<\/p>\n<p style=\"text-align: center\"><strong>Acesse aqui a <a href=\"https:\/\/www.ufsm.br\/unidades-universitarias\/ccne\/gestao-orcamentaria\/planilha-orcamentaria\/\" target=\"_blank\" rel=\"noopener\">Planilha de Execu\u00e7\u00e3o Or\u00e7ament\u00e1ria do CCNE<\/a><\/strong><\/p>\n<p style=\"text-align: center\">\u00a0<\/p>\n<p style=\"text-align: center\"><span style=\"color: #008080\"><strong><a style=\"color: #008080\" href=\"https:\/\/www.ufsm.br\/unidades-universitarias\/ccne\/wp-content\/uploads\/sites\/369\/2019\/02\/Como-utilizar-os-recursos-financeiros-do-CCNE.pdf\" target=\"_blank\" rel=\"noopener\">Oficina: Como utilizar os recursos financeiros do CCNE?<\/a><\/strong><\/span><\/p>\n<p><!-- \/wp:tadv\/classic-paragraph --><\/p>\t\t\t\t\t\t<\/div>\n\t\t\t\t<\/div>\n\t\t\t\t\t<\/div>\n\t\t<\/div>\n\t\t\t\t\t<\/div>\n\t\t<\/section>\n\t\t\t\t<\/div>\n\t\t","protected":false},"excerpt":{"rendered":"<p>Ao N\u00facleo de Gest\u00e3o Or\u00e7ament\u00e1ria do CCNE, al\u00e9m das compet\u00eancias gerais correspondentes constantes no Regimento Geral, compete: Consolidar o planejamento or\u00e7ament\u00e1rio anual da Unidade; Administrar e controlar o or\u00e7amento da Unidade; Gerenciar o processo de compra da Unidade; Apoiar a decis\u00e3o dos gestores na aloca\u00e7\u00e3o dos recursos da Unidade; e, Dar suporte ao desenvolvimento de [&hellip;]<\/p>\n","protected":false},"author":1040,"featured_media":0,"parent":0,"menu_order":0,"comment_status":"closed","ping_status":"closed","template":"","meta":{"footnotes":""},"categories":[],"tags":[],"class_list":["post-1132","page","type-page","status-publish","hentry"],"acf":[],"_links":{"self":[{"href":"https:\/\/www.ufsm.br\/unidades-universitarias\/ccne\/wp-json\/wp\/v2\/pages\/1132","targetHints":{"allow":["GET"]}}],"collection":[{"href":"https:\/\/www.ufsm.br\/unidades-universitarias\/ccne\/wp-json\/wp\/v2\/pages"}],"about":[{"href":"https:\/\/www.ufsm.br\/unidades-universitarias\/ccne\/wp-json\/wp\/v2\/types\/page"}],"author":[{"embeddable":true,"href":"https:\/\/www.ufsm.br\/unidades-universitarias\/ccne\/wp-json\/wp\/v2\/users\/1040"}],"replies":[{"embeddable":true,"href":"https:\/\/www.ufsm.br\/unidades-universitarias\/ccne\/wp-json\/wp\/v2\/comments?post=1132"}],"version-history":[{"count":0,"href":"https:\/\/www.ufsm.br\/unidades-universitarias\/ccne\/wp-json\/wp\/v2\/pages\/1132\/revisions"}],"wp:attachment":[{"href":"https:\/\/www.ufsm.br\/unidades-universitarias\/ccne\/wp-json\/wp\/v2\/media?parent=1132"}],"wp:term":[{"taxonomy":"category","embeddable":true,"href":"https:\/\/www.ufsm.br\/unidades-universitarias\/ccne\/wp-json\/wp\/v2\/categories?post=1132"},{"taxonomy":"post_tag","embeddable":true,"href":"https:\/\/www.ufsm.br\/unidades-universitarias\/ccne\/wp-json\/wp\/v2\/tags?post=1132"}],"curies":[{"name":"wp","href":"https:\/\/api.w.org\/{rel}","templated":true}]}}