{"id":1167,"date":"2019-04-11T08:59:32","date_gmt":"2019-04-11T11:59:32","guid":{"rendered":"https:\/\/www.ufsm.br\/unidades-universitarias\/ccne\/?page_id=1167"},"modified":"2019-04-11T10:13:34","modified_gmt":"2019-04-11T13:13:34","slug":"programa-institucional-de-bolsa-de-iniciacao-a-docencia-pibid","status":"publish","type":"page","link":"https:\/\/www.ufsm.br\/unidades-universitarias\/ccne\/programa-institucional-de-bolsa-de-iniciacao-a-docencia-pibid","title":{"rendered":"Programa Institucional de Bolsa de Inicia\u00e7\u00e3o \u00e0 Doc\u00eancia &#8211; PIBID"},"content":{"rendered":"\t\t<div data-elementor-type=\"wp-post\" data-elementor-id=\"1167\" class=\"elementor elementor-1167\">\n\t\t\t\t\t\t<section class=\"elementor-section elementor-top-section elementor-element elementor-element-296451df elementor-section-boxed elementor-section-height-default elementor-section-height-default\" data-id=\"296451df\" data-element_type=\"section\">\n\t\t\t\t\t\t<div class=\"elementor-container elementor-column-gap-default\">\n\t\t\t\t\t<div class=\"elementor-column elementor-col-100 elementor-top-column elementor-element elementor-element-b2d1be9\" data-id=\"b2d1be9\" data-element_type=\"column\">\n\t\t\t<div class=\"elementor-widget-wrap elementor-element-populated\">\n\t\t\t\t\t\t<div class=\"elementor-element elementor-element-1fc895b3 elementor-widget elementor-widget-text-editor\" data-id=\"1fc895b3\" data-element_type=\"widget\" data-widget_type=\"text-editor.default\">\n\t\t\t\t<div class=\"elementor-widget-container\">\n\t\t\t\t\t\t\t<!-- wp:tadv\/classic-paragraph -->\n<p>O&nbsp;Programa Institucional de Bolsa de Inicia\u00e7\u00e3o \u00e0 Doc\u00eancia (PIBID)&nbsp;\u00e9 um programa da&nbsp;Coordena\u00e7\u00e3o de Aperfei\u00e7oamento de Pessoal de N\u00edvel Superior (Capes)&nbsp;que tem por finalidade fomentar a inicia\u00e7\u00e3o \u00e0 doc\u00eancia, contribuindo para o aperfei\u00e7oamento da forma\u00e7\u00e3o de docentes em n\u00edvel superior e para a melhoria da qualidade da educa\u00e7\u00e3o b\u00e1sica p\u00fablica brasileira.<br>O apoio do programa consiste na concess\u00e3o de bolsas aos integrantes do projeto e no repasse de recursos financeiros para custear suas&nbsp;atividades. Os bolsistas de supervis\u00e3o e de inicia\u00e7\u00e3o \u00e0 doc\u00eancia s\u00e3o selecionados por meio de chamada p\u00fablica de ampla concorr\u00eancia (Editais).Os projetos apoiados no \u00e2mbito do PIBID s\u00e3o propostos por&nbsp;Institui\u00e7\u00f5es de Ensino Superior (IES)&nbsp;e desenvolvidos por grupos de licenciandos, sob supervis\u00e3o de professores de educa\u00e7\u00e3o b\u00e1sica e orienta\u00e7\u00e3o de professores das IES.<\/p>\n<p><b>Objetivos do <\/b><b>PIBID:<\/b><\/p>\n<ul style=\"list-style-type: disc\">\n<li>Incentivar a forma\u00e7\u00e3o de docentes em n\u00edvel superior para a educa\u00e7\u00e3o b\u00e1sica;<\/li>\n<li>Contribuir para a valoriza\u00e7\u00e3o do magist\u00e9rio;&nbsp;<\/li>\n<li>Elevar a qualidade da forma\u00e7\u00e3o inicial de professores nos cursos de licenciatura, promovendo a integra\u00e7\u00e3o entre educa\u00e7\u00e3o superior e educa\u00e7\u00e3o b\u00e1sica;<\/li>\n<li>Inserir os licenciandos no cotidiano de escolas da rede p\u00fablica de educa\u00e7\u00e3o, proporcionando-lhes oportunidades de cria\u00e7\u00e3o e participa\u00e7\u00e3o em experi\u00eancias metodol\u00f3gicas, tecnol\u00f3gicas e pr\u00e1ticas docentes de car\u00e1ter inovador e interdisciplinar que busquem a supera\u00e7\u00e3o de problemas identificados no processo de ensino-aprendizagem;<\/li>\n<li>Incentivar escolas p\u00fablicas de educa\u00e7\u00e3o b\u00e1sica, mobilizando seus professores como coformadores dos futuros docentes e tornando-as protagonistas nos processos de forma\u00e7\u00e3o inicial para o magist\u00e9rio;<\/li>\n<li>Contribuir para a articula\u00e7\u00e3o entre teoria e pr\u00e1tica necess\u00e1rias \u00e0 forma\u00e7\u00e3o dos docentes, elevando a qualidade das a\u00e7\u00f5es acad\u00eamicas nos cursos de licenciatura;<\/li>\n<li>Contribuir para que os estudantes de licenciatura se insiram na cultura escolar do magist\u00e9rio, por meio da apropria\u00e7\u00e3o e da reflex\u00e3o sobre instrumentos, saberes e peculiaridades do trabalho docente.<\/li>\n<\/ul>\n<p><b>Representa\u00e7\u00e3o<\/b><b> PIBID na UFSM:<\/b><\/p>\n<p>Pr\u00f3-Reitoria&nbsp;de Gradua\u00e7\u00e3o (PROGRAD)&nbsp;atrav\u00e9s da&nbsp;Coord. de Planejamento Acad\u00eamico (COPA)<\/p>\n<p>Interlocutor: Prof.&nbsp;Jer\u00f4nimo Siqueira&nbsp;Tybusch<br>Assessor:&nbsp;Adm.&nbsp;Rafael Alves Lopes<\/p>\n<p><strong>Para mais informa\u00e7\u00f5es:<\/strong><br>E-mail: <a href=\"mailto:pibidufsm2018@gmail.com\">pibidufsm2018@gmail.com<\/a><br>Telefone: (55) 3220.8338<\/p>\n<!-- \/wp:tadv\/classic-paragraph -->\t\t\t\t\t\t<\/div>\n\t\t\t\t<\/div>\n\t\t\t\t\t<\/div>\n\t\t<\/div>\n\t\t\t\t\t<\/div>\n\t\t<\/section>\n\t\t\t\t<section class=\"elementor-section elementor-top-section elementor-element elementor-element-7b64909 elementor-section-boxed elementor-section-height-default elementor-section-height-default\" data-id=\"7b64909\" data-element_type=\"section\">\n\t\t\t\t\t\t<div class=\"elementor-container elementor-column-gap-default\">\n\t\t\t\t\t<div class=\"elementor-column elementor-col-100 elementor-top-column elementor-element elementor-element-4f4b625\" data-id=\"4f4b625\" data-element_type=\"column\">\n\t\t\t<div class=\"elementor-widget-wrap elementor-element-populated\">\n\t\t\t\t\t\t<div class=\"elementor-element elementor-element-60a448a elementor-widget elementor-widget-toggle\" data-id=\"60a448a\" data-element_type=\"widget\" data-widget_type=\"toggle.default\">\n\t\t\t\t<div class=\"elementor-widget-container\">\n\t\t\t\t\t<div class=\"elementor-toggle\">\n\t\t\t\t\t\t\t<div class=\"elementor-toggle-item\">\n\t\t\t\t\t<div id=\"elementor-tab-title-1011\" class=\"elementor-tab-title\" data-tab=\"1\" role=\"button\" aria-controls=\"elementor-tab-content-1011\" aria-expanded=\"false\">\n\t\t\t\t\t\t\t\t\t\t\t\t<span class=\"elementor-toggle-icon elementor-toggle-icon-left\" aria-hidden=\"true\">\n\t\t\t\t\t\t\t\t\t\t\t\t\t\t\t<span class=\"elementor-toggle-icon-closed\"><i class=\"fas fa-caret-right\"><\/i><\/span>\n\t\t\t\t\t\t\t\t<span class=\"elementor-toggle-icon-opened\"><i class=\"elementor-toggle-icon-opened fas fa-caret-up\"><\/i><\/span>\n\t\t\t\t\t\t\t\t\t\t\t\t\t<\/span>\n\t\t\t\t\t\t\t\t\t\t\t\t<a class=\"elementor-toggle-title\" tabindex=\"0\">PIBID Geografia<\/a>\n\t\t\t\t\t<\/div>\n\n\t\t\t\t\t<div id=\"elementor-tab-content-1011\" class=\"elementor-tab-content elementor-clearfix\" data-tab=\"1\" role=\"region\" aria-labelledby=\"elementor-tab-title-1011\"><p>Coordenador: Prof. Dr. Cesar de David<\/p>\n<p>E-mail:<\/p><\/div>\n\t\t\t\t<\/div>\n\t\t\t\t\t\t\t<div class=\"elementor-toggle-item\">\n\t\t\t\t\t<div id=\"elementor-tab-title-1012\" class=\"elementor-tab-title\" data-tab=\"2\" role=\"button\" aria-controls=\"elementor-tab-content-1012\" aria-expanded=\"false\">\n\t\t\t\t\t\t\t\t\t\t\t\t<span class=\"elementor-toggle-icon elementor-toggle-icon-left\" aria-hidden=\"true\">\n\t\t\t\t\t\t\t\t\t\t\t\t\t\t\t<span class=\"elementor-toggle-icon-closed\"><i class=\"fas fa-caret-right\"><\/i><\/span>\n\t\t\t\t\t\t\t\t<span class=\"elementor-toggle-icon-opened\"><i class=\"elementor-toggle-icon-opened fas fa-caret-up\"><\/i><\/span>\n\t\t\t\t\t\t\t\t\t\t\t\t\t<\/span>\n\t\t\t\t\t\t\t\t\t\t\t\t<a class=\"elementor-toggle-title\" tabindex=\"0\">PIBID F\u00edsica<\/a>\n\t\t\t\t\t<\/div>\n\n\t\t\t\t\t<div id=\"elementor-tab-content-1012\" class=\"elementor-tab-content elementor-clearfix\" data-tab=\"2\" role=\"region\" aria-labelledby=\"elementor-tab-title-1012\"><p>Coordenadora: Prof. Dr. In\u00e9s Prieto Schmidt Sauerwein<\/p>\n<p>E-mail:\u00a0<\/p><\/div>\n\t\t\t\t<\/div>\n\t\t\t\t\t\t\t<div class=\"elementor-toggle-item\">\n\t\t\t\t\t<div id=\"elementor-tab-title-1013\" class=\"elementor-tab-title\" data-tab=\"3\" role=\"button\" aria-controls=\"elementor-tab-content-1013\" aria-expanded=\"false\">\n\t\t\t\t\t\t\t\t\t\t\t\t<span class=\"elementor-toggle-icon elementor-toggle-icon-left\" aria-hidden=\"true\">\n\t\t\t\t\t\t\t\t\t\t\t\t\t\t\t<span class=\"elementor-toggle-icon-closed\"><i class=\"fas fa-caret-right\"><\/i><\/span>\n\t\t\t\t\t\t\t\t<span class=\"elementor-toggle-icon-opened\"><i class=\"elementor-toggle-icon-opened fas fa-caret-up\"><\/i><\/span>\n\t\t\t\t\t\t\t\t\t\t\t\t\t<\/span>\n\t\t\t\t\t\t\t\t\t\t\t\t<a class=\"elementor-toggle-title\" tabindex=\"0\">PIBID Qu\u00edmica<\/a>\n\t\t\t\t\t<\/div>\n\n\t\t\t\t\t<div id=\"elementor-tab-content-1013\" class=\"elementor-tab-content elementor-clearfix\" data-tab=\"3\" role=\"region\" aria-labelledby=\"elementor-tab-title-1013\"><p>Coordenadora: Prof. Dr. Mara Braibante<\/p>\n<p>E-mail:<\/p>\n<p>Redes sociais: @pibidquimicaufsm<\/p><\/div>\n\t\t\t\t<\/div>\n\t\t\t\t\t\t\t\t<\/div>\n\t\t\t\t<\/div>\n\t\t\t\t<\/div>\n\t\t\t\t\t<\/div>\n\t\t<\/div>\n\t\t\t\t\t<\/div>\n\t\t<\/section>\n\t\t\t\t<\/div>\n\t\t","protected":false},"excerpt":{"rendered":"<p>O&nbsp;Programa Institucional de Bolsa de Inicia\u00e7\u00e3o \u00e0 Doc\u00eancia (PIBID)&nbsp;\u00e9 um programa da&nbsp;Coordena\u00e7\u00e3o de Aperfei\u00e7oamento de Pessoal de N\u00edvel Superior (Capes)&nbsp;que tem por finalidade fomentar a inicia\u00e7\u00e3o \u00e0 doc\u00eancia, contribuindo para o aperfei\u00e7oamento da forma\u00e7\u00e3o de docentes em n\u00edvel superior e para a melhoria da qualidade da educa\u00e7\u00e3o b\u00e1sica p\u00fablica brasileira.O apoio do programa consiste na [&hellip;]<\/p>\n","protected":false},"author":258,"featured_media":0,"parent":0,"menu_order":0,"comment_status":"closed","ping_status":"closed","template":"","meta":{"footnotes":""},"categories":[],"tags":[],"class_list":["post-1167","page","type-page","status-publish","hentry"],"acf":[],"_links":{"self":[{"href":"https:\/\/www.ufsm.br\/unidades-universitarias\/ccne\/wp-json\/wp\/v2\/pages\/1167","targetHints":{"allow":["GET"]}}],"collection":[{"href":"https:\/\/www.ufsm.br\/unidades-universitarias\/ccne\/wp-json\/wp\/v2\/pages"}],"about":[{"href":"https:\/\/www.ufsm.br\/unidades-universitarias\/ccne\/wp-json\/wp\/v2\/types\/page"}],"author":[{"embeddable":true,"href":"https:\/\/www.ufsm.br\/unidades-universitarias\/ccne\/wp-json\/wp\/v2\/users\/258"}],"replies":[{"embeddable":true,"href":"https:\/\/www.ufsm.br\/unidades-universitarias\/ccne\/wp-json\/wp\/v2\/comments?post=1167"}],"version-history":[{"count":0,"href":"https:\/\/www.ufsm.br\/unidades-universitarias\/ccne\/wp-json\/wp\/v2\/pages\/1167\/revisions"}],"wp:attachment":[{"href":"https:\/\/www.ufsm.br\/unidades-universitarias\/ccne\/wp-json\/wp\/v2\/media?parent=1167"}],"wp:term":[{"taxonomy":"category","embeddable":true,"href":"https:\/\/www.ufsm.br\/unidades-universitarias\/ccne\/wp-json\/wp\/v2\/categories?post=1167"},{"taxonomy":"post_tag","embeddable":true,"href":"https:\/\/www.ufsm.br\/unidades-universitarias\/ccne\/wp-json\/wp\/v2\/tags?post=1167"}],"curies":[{"name":"wp","href":"https:\/\/api.w.org\/{rel}","templated":true}]}}