{"id":1844,"date":"2019-09-10T16:01:33","date_gmt":"2019-09-10T19:01:33","guid":{"rendered":"https:\/\/www.ufsm.br\/unidades-universitarias\/ccne\/?page_id=1844"},"modified":"2019-09-10T16:01:34","modified_gmt":"2019-09-10T19:01:34","slug":"dee-publicacoes","status":"publish","type":"page","link":"https:\/\/www.ufsm.br\/unidades-universitarias\/ccne\/dee-publicacoes","title":{"rendered":"DEE &#8211; Publica\u00e7\u00f5es"},"content":{"rendered":"\n<p><strong>Anf\u00edbios e R\u00e9pteis\u00a0<\/strong><\/p>\n<p>MADALOZZO, B.; SANTOS, T. G.; SANTOS, M. B. ; BOTH, C. C. ; CECHIN, S. Z. . Biodiversity assessment: selecting sampling techniques to access anuran diversity in grassland ecosystems.\u00a0<strong><a href=\"http:\/\/www.publish.csiro.au\/WR\/WR16086\" target=\"_blank\" rel=\"noopener noreferrer\">Wildlife Research<\/a><\/strong>, (online) 2017.<\/p>\n<p>LOEBENS, L.; CECHIN, S. Z.; THEIS, T. F.; MOURA, L. B.; ALMEIDA-SANTOS, S. M. Reproductive biology of\u00a0<em>Philodryas patagoniensis<\/em>\u00a0(Snakes:Dipsadidade) in south Brazil: male reproductive cycle.\u00a0<strong><a href=\"http:\/\/onlinelibrary.wiley.com\/doi\/10.1111\/azo.12172\/full\" target=\"_blank\" rel=\"noopener noreferrer\">Acta Zoologica<\/a><\/strong>\u00a0(online), 2016.<\/p>\n<p>MADALOZZO, B.; BOTH, C. C.; ZANINI C.S. Can Protected Areas with Agricultural Edges Avoid Invasions? The Case of Bullfrogs in the Southern Atlantic Rainforest in Brazil.\u00a0<a href=\"http:\/\/www.academia.edu\/31205102\/Can_Protected_Areas_with_Agricultural_Edges_Avoid_Invasions_The_Case_of_Bullfrogs_in_the_Southern_Atlantic_Rainforest_in_Brazil\" target=\"_blank\" rel=\"noopener noreferrer\"><strong>Zoological Studies<\/strong><\/a>, v.\u00a051, p. 5-15, 2016.<\/p>\n<p>CALDART, V. M.; IOP, S.; LINGNAU, R.; CECHIN, S. Z.<strong>\u00a0<\/strong>Calling activity of a stream-breeding frog from the austral Neotropics: temporal patterns of activity and the role of environmental factors.\u00a0<a href=\"https:\/\/doi.org\/10.1655\/HERPETOLOGICA-D-15-00029\" target=\"_blank\" rel=\"noopener noreferrer\"><strong>Herpetologica<\/strong><\/a>\u00a0(Austin, TX), v. 72, n.2, p. 90-97, 2016.<\/p>\n<p>CALDART, V. M.; IOP, S.; LINGNAU, R.; CECHIN, S. Z. Communication in a noisy environment: short-term acoustic adjustments and the underlying acoustic niche of a Neotropical stream-breeding frog.\u00a0<a href=\"http:\/\/link.springer.com\/article\/10.1007\/s10211-016-0235-2\" target=\"_blank\" rel=\"noopener noreferrer\"><strong>Acta Ethologica\u00a0<\/strong><\/a>(online), 2016.<\/p>\n<p>CALDART, V. M.; SANTOS, M. B.;IOP, S.; PINHO, L. C.; CECHIN, S. Z. Hematophagous flies attracted to frog calls in a preserved seasonal forest of the austral Neotropics, with the description of a new species of Corethrella (Diptera: Corethrellidae).\u00a0<a href=\"http:\/\/www.bioone.org\/doi\/10.2108\/zs150173\" target=\"_blank\" rel=\"noopener noreferrer\"><strong>Zoological Studies<\/strong><\/a>, v. 33, p. 1-10, 2016.<\/p>\n<p>MEDEIROS, C. I.; BOTH, C.; KAEFER, I. L.; CECHIN, S. Z. Reproductive phenology of the American Bullfrog in subtropical Brazil: photoperiod as a main determinant of seasonal activity.<a href=\"http:\/\/www.scielo.br\/pdf\/aabc\/2016nahead\/0001-3765-aabc-201620150694.pdf\" target=\"_blank\" rel=\"noopener noreferrer\"><strong>\u00a0Anais da Academia Brasileira de Ci\u00eancias<\/strong><\/a>\u00a0(Online), v. 1, p. 1-13, 2016.<\/p>\n<p><strong>Besouros e Mariposas\u00a0<\/strong><\/p>\n<p>GIOVENARDI, R.;\u00a0DI MARE, R. A.; MIELKE, O. H. H.; CASAGRANDE, M. M.; SANTOS, E. C. Mariposas de Rio Grande do Sul, Brasil (Lepidoptera: Papilionoidea, Hesperioidea).\u00a0<strong>Revista Colombiana de Entomologia<\/strong>, v. 32, p. 60-68, 2013.<\/p>\n<p>SILVA, P.G.; VAZ DE MELLO, F. Z.;\u00a0DI MARE, R.A. Attractiveness of Different Bait to the Scarabaeinae (Coleoptera: Scarabaeidae) in Forest Fragments in Extreme Southern Brazil<strong>.\u00a0<\/strong><a href=\"http:\/\/zoolstud.sinica.edu.tw\/Journals\/51.4\/429.pdf\" target=\"_blank\" rel=\"noopener noreferrer\"><strong>Zoological Studies<\/strong><\/a>, v. 51, p. 429-441, 2012.<\/p>\n<p>SILVA, P.G.; VAZ DE MELLO, F. Z.;\u00a0DI MARE, R.A.\u00a0Guia de identifica\u00e7\u00e3o das esp\u00e9cies de Scarabaeinae (Coleoptera: Scarabaeidae) do munic\u00edpio de Santa Maria, Rio Grande do Sul, Brasil.\u00a0<a href=\"http:\/\/www.scielo.br\/pdf\/bn\/v11n4\/27\" target=\"_blank\" rel=\"noopener noreferrer\"><strong>Biota Neotropica<\/strong><\/a>\u00a0(Edi\u00e7\u00e3o em portugu\u00eas. Impresso), v. 11, p. 329-345, 2011.<\/p>\n<p>FAGUNDES, C. K.;\u00a0DI MARE, R. A.; WINK, C.; Manfio . Diversity of Coleoptera in Five Different Environments in Southern Brazil.\u00a0<strong><a href=\"http:\/\/www.scielo.br\/scielo.php?script=sci_arttext&amp;pid=S1519-69842011000300007\" target=\"_blank\" rel=\"noopener noreferrer\">Brazilian Journal of Biology<\/a><\/strong>\u00a0(Impresso), v. 71, p. 1-0, 2011.<\/p>\n<p>TESTON, J. A.; SPECHT,A.;\u00a0DI MARE, R. A.; CORSEUIL, E.\u00a0Arctiinae (Lepidoptera, Arctiidae) coletados em quatro Unidades de Conserva\u00e7\u00e3o Estaduais do Rio Grande do Sul, Brasil. (no prelo).\u00a0<strong><a href=\"http:\/\/www.scielo.br\/scielo.php?script=sci_arttext&amp;pid=S0085-56262006000200010\" target=\"_blank\" rel=\"noopener noreferrer\">Revista Brasileira de Entomologia<\/a><\/strong>\u00a0(Impresso), Curitiba &#8211; Paran\u00e1, v. 50, p. 280-286, 2006.<\/p>\n<p>SPECHT, A.; TESTON, J. A.;\u00a0DI MARE, R. A.; CORSEUIL, E.\u00a0Noctu\u00eddeos (Lepidoptera, Noctuidae) coletados em quatro \u00e1reas estaduais de conserva\u00e7\u00e3o do Rio Grande do Sul.\u00a0<a href=\"http:\/\/www.scielo.br\/pdf\/rbent\/v49n1\/23807.pdf\" target=\"_blank\" rel=\"noopener noreferrer\"><strong>Revista Brasileira de Entomologia<\/strong><\/a>(Impresso), Curitiba &#8211; Paran\u00e1, v. 49, n.1, p. 130-140, 2005.<\/p>\n<p><strong>Crust\u00e1ceos<\/strong><\/p>\n<p>CRIVELLARO, Marcelo S.; ZIMMERMANN, Bianca L.; BARTHOLOMEI-SANTOS, Marlise L.; CRANDALL, Keith A.; P\u00c9REZ-LOSADA, Marcos; BOND-BUCKUP, Georgina; SANTOS, Sandro. Looks can be deceiving: species delimitation reveals hidden diversity in the freshwater crab\u00a0<em>Aegla longirostri\u00a0<\/em>(Decapoda: Anomura).\u00a0<strong><a href=\"https:\/\/doi.org\/10.1093\/zoolinnean\/zlx030\" target=\"_blank\" rel=\"noopener noreferrer\">Zoological Journal of the Linnean Society<\/a><\/strong>, v. XX, 1\u201314, 2017.<\/p>\n<p>SOUSA, Francisco Diogo R.; ELMOOR-LOUREIRO, Lourdes M. A.; SANTOS, Sandro. New findings of\u00a0<em>Hexalona<\/em>-branch representatives in Brazil, with a description of gen. nov. (Crustacea: Anomopoda: Aloninae).\u00a0<strong><a href=\"http:\/\/dx.doi.org\/10.1080\/00222933.2016.1208302\" target=\"_blank\" rel=\"noopener noreferrer\">Journal of Natural History<\/a><\/strong>, v. 21, p. 1-42, 2016.<\/p>\n<p>SANTOS, Sandro; BARTHOLOMEI-SANTOS, Marlise Ladvocat; BOND-BUCKUP, Georgina; BUCKUP, Ludwig; CRANDALL, Keith A.; JARA, Carlos G.; P\u00c9REZ-LOSADA, Marcos. Three new species of Aeglidae ( AeglaLeach, 1820) from Paran\u00e1 State, Brazil.\u00a0<strong><a href=\"https:\/\/doi.org\/10.1163\/1937240X-00002376\" target=\"_blank\" rel=\"noopener noreferrer\">Journal of Crustacean Biology<\/a><\/strong>, v. 35, p. 1-11, 2015.<\/p>\n<p>BAUMART, Joele S.; DALOSTO, Marcelo M.; GON\u00c7ALVES, Alberto S.; PALAORO, Alexandre V.; SANTOS, Sandro. How to deal with a bad neighbor? Strategies of sympatric freshwater decapods (Crustacea) for coexistence.\u00a0<strong><a href=\"https:\/\/link.springer.com\/article\/10.1007\/s10750-015-2331-0\" target=\"_blank\" rel=\"noopener noreferrer\">Hydrobiologia<\/a>\u00a0<\/strong>(The Hague. Print), v. 2015, p. 10, 2015.<\/p>\n<p>AYRES-PERES, L.;\u00a0ARAUJO, P. B.; JARA, C. G.; PALAORO, A. V.;\u00a0SANTOS, S. How variable is agonistic behavior among crab species? A case study on freshwater anomurans (Crustacea: Decapoda: Aeglidae).\u00a0<strong><a href=\"http:\/\/onlinelibrary.wiley.com\/doi\/10.1111\/jzo.12262\/full\" target=\"_blank\" rel=\"noopener noreferrer\">Journal of Zoology<\/a>,<\/strong>\u00a0v. 297, p. n\/a-n\/a, 2015.<\/p>\n<p>DALOSTO, Marcelo M.; PALAORO, A. V.;\u00a0SOUTY-GROSSET, Catherine; BUENO, S\u00e9rgio Luiz De Siqueira; LOUREIRO, Tain\u00e3 Gon\u00e7alves; ALMER\u00c3O, Maur\u00edcio Pereira;\u00a0DE ARAUJO, Paula Beatriz; SANTOS, Sandro. One step ahead of the enemy: investigating aggressive interactions between invasive and native crayfish before the contact in nature.\u00a0<a href=\"https:\/\/link.springer.com\/article\/10.1007\/s10530-015-0974-4\" target=\"_blank\" rel=\"noopener noreferrer\"><strong>Biological Invasions<\/strong><\/a>, v. 2015, p. 1-13, 2015.<\/p>\n<p><strong>Ecologia de Comunidades\u00a0<\/strong><\/p>\n<p>DAMBROS, C.S.; MORAIS, J.W.; AZEVEDO, R.A.; GOTELLI, N.J. Isolation by distance, not rivers, control the distribution of termite species in the Amazonian rain forest.\u00a0<strong><a href=\"http:\/\/onlinelibrary.wiley.com\/doi\/10.1111\/ecog.02663\/full\" target=\"_blank\" rel=\"noopener noreferrer\">Ecography<\/a>,<\/strong>\u00a0n.\u00a0<strong>39<\/strong>, p. 001\u2013009, 2016.<\/p>\n<p>PEREIRA, M.R.; DAMBROS, C.S.; ZARTMAN, C.E. Prezygotic resource-allocation dynamics and reproductive trade-offs in Calymperaceae (Bryophyta).\u00a0<a href=\"http:\/\/www.amjbot.org\/content\/103\/10\/1838.abstract\" target=\"_blank\" rel=\"noopener noreferrer\"><strong>American Journal of Botany<\/strong><\/a>,\u00a0n. 103, p. 1838\u20131846, 2016.<\/p>\n<p>DAMBROS, C.S.; C\u00c1CERES, N.C.; MAGNUS, L.; GOTELLI, N.J. Effects of neutrality, geometric constraints, climate, and habitat quality on species richness and composition of Atlantic Forest small-mammals.\u00a0<strong><a href=\"http:\/\/onlinelibrary.wiley.com\/doi\/10.1111\/geb.12330\/abstract\" target=\"_blank\" rel=\"noopener noreferrer\">Global Ecology and Biogeography<\/a><\/strong>,\u00a0n. 24, p. 1084\u20131093, 2015.<\/p>\n<p><strong>Ensino de Ci\u00eancia, Gen\u00e9tica e Biologia<\/strong><\/p>\n<p>NICOLETTI, Elenize Rangel; SEPEL, Lenira Maria Nunes; VESTENA, Rosemar de F\u00e1tima.\u00a0Alfabetiza\u00e7\u00e3o Cient\u00edfica na EJA: An\u00e1lise da implementa\u00e7\u00e3o de uma ilha interdisciplinar de racionalidade.\u00a0<a href=\"http:\/\/www.sbenbio.org.br\/wordpress\/wp-content\/uploads\/renbio-9\/pdfs\/1902.pdf\" target=\"_blank\" rel=\"noopener noreferrer\"><strong>Revista da SBEnBio<\/strong><\/a>, n. 9, p. 2232-2243, 2016.<\/p>\n<p>PINTO, Jaqueline Miranda; SEPEL, Lenira Maria Nunes. Organiza\u00e7\u00e3o de eventos por alunos de Ensino M\u00e9dio &#8211; A experi\u00eancia de quatro edi\u00e7\u00f5es com o tema meio ambiente.\u00a0<a href=\"http:\/\/www.sbenbio.org.br\/wordpress\/wp-content\/uploads\/renbio-9\/pdfs\/1952.pdf\" target=\"_blank\" rel=\"noopener noreferrer\"><strong>Revista da SBEnBio<\/strong><\/a>, n. 9, p. 2520-2528, 2016.<\/p>\n<p>WOMMERA, Fernanda Gabriela Bitencourt; LORETO, Everton Miguel Silva; SEPEL, Lenira Maria Nunes;LORETO, Elgion Lucio Silva.\u00a0Retracing and rewriting Hooke\u2019s Micrographia book for teaching history of science.\u00a0<a href=\"http:\/\/www.tandfonline.com\/doi\/full\/10.1080\/00219266.2017.1285807\" target=\"_blank\" rel=\"noopener noreferrer\"><strong>Journal of Biological Education<\/strong><\/a>\u00a0(online), 2017.\u00a0<\/p>\n<p>LEAL, Aline Jaime; SEPEL, Lenira Maria Nunes.\u00a0A inclus\u00e3o digital no ensino de Ci\u00eancias: analisando laborat\u00f3rios virtuais de aprendizagem.\u00a0<strong><a href=\"https:\/\/periodicos.ifrs.edu.br\/index.php\/tear\/article\/view\/2225\/1576\" target=\"_blank\" rel=\"noopener noreferrer\">Revista de Educa\u00e7\u00e3o, Ci\u00eancia e Tecnologia<\/a><\/strong>.\u00a0Canoas, v.6, n.1, 2017.<\/p>\n<p><strong>Insetos &#8211;\u00a0 Cigarrinhas<\/strong><\/p>\n<p>PALADINI, A.; CAVICHIOLI, R. R. Taxonomic notes on\u00a0<em>Mahanarva (Ipiranga)<\/em>\u00a0(Hemiptera, Cercopidae) with description of a new species.\u00a0<a href=\"https:\/\/biotaxa.org\/Zootaxa\/article\/view\/zootaxa.3861.5.5\" target=\"_blank\" rel=\"noopener noreferrer\"><strong>Zootaxa<\/strong><\/a>\u00a0(Online), v. 3861, p.479 &#8211; , 2014.\u00a0<\/p>\n<p>PALADINI, A.; CRYAN, J. Nine new species of Neotropical spittlebugs (Hemiptera: Cercopidae: Ischnorhininae).\u00a0<a href=\"https:\/\/zenodo.org\/record\/215415#.WY28I1WGOM8\" target=\"_blank\" rel=\"noopener noreferrer\"><strong>Zootaxa<\/strong><\/a>\u00a0(Online) , v. 3519, p. 53 &#8211; 68, 2012.\u00a0<\/p>\n<p>PALADINI, A.; TAKIYA, D. M.; CAVICHIOLI, R.; \u00a0CARVALHO, G. S. Phylogeny and biogeography of Neotropical spittlebugs (Hemiptera: Cercopidae: Ischnorhininae): revised tribal classification based on morphological data.\u00a0<a href=\"http:\/\/onlinelibrary.wiley.com\/doi\/10.1111\/syen.12091\/full\" target=\"_blank\" rel=\"noopener noreferrer\"><strong>Systematic Entomology<\/strong><\/a>, v. 40, p.82 &#8211; 108, 2015. \u00a0<\/p>\n<p>PALADINI, A.; BAR\u00c3O, K. R.; CARVALHO, G. S.\u00a0Revision of\u00a0<em>Urubaxia<\/em>\u00a0Fennah (Hemiptera: Cercopidae: Ischnorhininae) with description of two new species.\u00a0<a href=\"https:\/\/www.ncbi.nlm.nih.gov\/pubmed\/27394820\" target=\"_blank\" rel=\"noopener noreferrer\"><strong>Zootaxa<\/strong><\/a>\u00a0(Auckland. Print), v. 4107, p. 285-292, 2016.<\/p>\n<p>FERRARI, A.; SCHWERTNER, C. F.;PALADINI, A.; GRAZIA, J. Endemism analysis of Neotropical Pentatomidae. Iheringia.\u00a0<a href=\"http:\/\/www.scielo.br\/pdf\/isz\/v100n4\/18.pdf\" target=\"_blank\" rel=\"noopener noreferrer\"><strong>S\u00e9rie Zoologia<\/strong><\/a>\u00a0(Impresso), v. 100, p. 449 &#8211; 462, 2010.<\/p>\n<p><strong>Mam\u00edferos<\/strong><\/p>\n<div class=\"gmail_default\">\n<div class=\"gmail_default\">C\u00c1CERES, N.C.; DAMBROS, C. S.; MELO, G. L.; SPONCHIADO, J.; DELLA-FLORA, F.; MOURA, M. O. Local randomness, vegetation type and dispersal drive bird and mammal&#8217;s diversity in a tropical South American region.\u00a0<a href=\"http:\/\/onlinelibrary.wiley.com\/doi\/10.1890\/ES14-00040.1\/pdf\" target=\"_blank\" rel=\"noopener noreferrer\"><strong>Ecosphere<\/strong><\/a>, v. 5, n. 9, p. 1-11, 2014.\n<div class=\"m_-22153151345805111gmail-gs_gray\">\u00a0<\/div>\n<div>\u00a0<\/div>\n<div class=\"m_-22153151345805111gmail-gs_gray\">C\u00c1CERES, N.C.; MELORO,\u00a0C.; CAROTENUTO, F.; PASSARO, F.; SPONCHIADO, J.; MELO, G. L.; RAIA, P. Ecogeographical variation in skull shape of capuchin monkeys.\u00a0<a href=\"http:\/\/onlinelibrary.wiley.com\/doi\/10.1111\/jbi.12203\/epdf\" target=\"_blank\" rel=\"noopener noreferrer\"><strong>Journal of Biogeography<\/strong><\/a>, v. 41,n. 3, p. 501-512, 2014.<\/div>\n<div>\u00a0<\/div>\n<div>MELORO,\u00a0C.; C\u00c1CERES, N.C.; CAROTENUTO, F.;\u00a0SPONCHIADO, J.; MELO, G. L.; PASSARO, F.; RAIA, P.\u00a0<a href=\"http:\/\/onlinelibrary.wiley.com\/doi\/10.1111\/evo.12694\/epdf\" target=\"_blank\" rel=\"noopener noreferrer\">Chewing on the trees: constraints and adaptation in the evolution of the primate mandible<\/a>.\u00a0<a href=\"http:\/\/onlinelibrary.wiley.com\/doi\/10.1111\/evo.12694\/epdf\" target=\"_blank\" rel=\"noopener noreferrer\"><strong>Evolution<\/strong><\/a>, v. 69, n. 7, p. 1690-1700, 2015.<\/div>\n<div>\u00a0<\/div>\n<div>C\u00c1CERES, N.C. (Editor).\u00a0<a href=\"http:\/\/www.useb.com.br\/livro.php?id=5&amp;cod=1c9l4v3x\" target=\"_blank\" rel=\"noopener noreferrer\"><strong>Os marsupiais do Brasil<\/strong><\/a>: Biologia, ecologia e conserva\u00e7\u00e3o. 2. ed.\u00a0Editora UFMS, Campo Grande. 530 p., 2012.<\/div>\n<\/div>\n<\/div>\n<div>\u00a0<\/div>\n<div class=\"gmail_default\">C\u00c1CERES, N.C.; N\u00c1POLI, R.P.; CASELLA, J.; HANNIBAL, W.\u00a0Mammals in a fragmented savannah landscape in south-western Brazil.\u00a0<a href=\"http:\/\/jararaca.ufsm.br\/websites\/niltoncaceres\/download\/fragm_savanna.pdf\" target=\"_blank\" rel=\"noopener noreferrer\"><strong>Journal of Natural History<\/strong><\/a>, v. 44, n. 7-8, p. 491-512, 2010.<\/div>\n<p><strong>Peixes de Recifes\u00a0<\/strong><\/p>\n<p>\u00a0<\/p>\n","protected":false},"excerpt":{"rendered":"<p>Anf\u00edbios e R\u00e9pteis\u00a0 MADALOZZO, B.; SANTOS, T. G.; SANTOS, M. B. ; BOTH, C. C. ; CECHIN, S. Z. . Biodiversity assessment: selecting sampling techniques to access anuran diversity in grassland ecosystems.\u00a0Wildlife Research, (online) 2017. LOEBENS, L.; CECHIN, S. Z.; THEIS, T. F.; MOURA, L. B.; ALMEIDA-SANTOS, S. M. Reproductive biology of\u00a0Philodryas patagoniensis\u00a0(Snakes:Dipsadidade) in south [&hellip;]<\/p>\n","protected":false},"author":115,"featured_media":0,"parent":0,"menu_order":0,"comment_status":"closed","ping_status":"closed","template":"","meta":{"footnotes":""},"categories":[],"tags":[],"class_list":["post-1844","page","type-page","status-publish","hentry"],"acf":[],"_links":{"self":[{"href":"https:\/\/www.ufsm.br\/unidades-universitarias\/ccne\/wp-json\/wp\/v2\/pages\/1844","targetHints":{"allow":["GET"]}}],"collection":[{"href":"https:\/\/www.ufsm.br\/unidades-universitarias\/ccne\/wp-json\/wp\/v2\/pages"}],"about":[{"href":"https:\/\/www.ufsm.br\/unidades-universitarias\/ccne\/wp-json\/wp\/v2\/types\/page"}],"author":[{"embeddable":true,"href":"https:\/\/www.ufsm.br\/unidades-universitarias\/ccne\/wp-json\/wp\/v2\/users\/115"}],"replies":[{"embeddable":true,"href":"https:\/\/www.ufsm.br\/unidades-universitarias\/ccne\/wp-json\/wp\/v2\/comments?post=1844"}],"version-history":[{"count":0,"href":"https:\/\/www.ufsm.br\/unidades-universitarias\/ccne\/wp-json\/wp\/v2\/pages\/1844\/revisions"}],"wp:attachment":[{"href":"https:\/\/www.ufsm.br\/unidades-universitarias\/ccne\/wp-json\/wp\/v2\/media?parent=1844"}],"wp:term":[{"taxonomy":"category","embeddable":true,"href":"https:\/\/www.ufsm.br\/unidades-universitarias\/ccne\/wp-json\/wp\/v2\/categories?post=1844"},{"taxonomy":"post_tag","embeddable":true,"href":"https:\/\/www.ufsm.br\/unidades-universitarias\/ccne\/wp-json\/wp\/v2\/tags?post=1844"}],"curies":[{"name":"wp","href":"https:\/\/api.w.org\/{rel}","templated":true}]}}