{"id":2239,"date":"2021-08-23T16:06:56","date_gmt":"2021-08-23T19:06:56","guid":{"rendered":"https:\/\/www.ufsm.br\/unidades-universitarias\/ccne\/?page_id=2239"},"modified":"2022-06-23T16:56:47","modified_gmt":"2022-06-23T19:56:47","slug":"reagentes-quimicos-para-doacao","status":"publish","type":"page","link":"https:\/\/www.ufsm.br\/unidades-universitarias\/ccne\/infraestrutura\/laboratorios\/reagentes-quimicos-para-doacao","title":{"rendered":"Reagentes qu\u00edmicos para doa\u00e7\u00e3o"},"content":{"rendered":"\n<p style=\"text-align: justify\">O Dep\u00f3sito de Produtos Qu\u00edmicos do CCNE mant\u00e9m uma sala com <strong>reagentes dispon\u00edveis para doa\u00e7\u00e3o a laborat\u00f3rios da UFSM<\/strong>. Os materiais que constam na lista s\u00e3o oriundos de outros laborat\u00f3rios da UFSM, com diferentes especifica\u00e7\u00f5es de concentra\u00e7\u00e3o e pureza, <span style=\"text-decoration: underline\">podendo ser tanto frascos lacrados<\/span> (sem uso pr\u00e9vio) <span style=\"text-decoration: underline\">ou frascos com o conte\u00fado nominal parcialmente j\u00e1 utilizado<\/span>. A lista completa de tais reagentes pode ser consultada abaixo (utilize o comando CTRL+F para localizar o reagente de interesse pelo seu nome ou n\u00famero CAS).\u00a0<\/p>\n<p style=\"text-align: justify\">A solicita\u00e7\u00e3o dos itens de interesse pode ser feita via e-mail (<a href=\"mailto:laboratorios.ccne@ufsm.br\">laboratorios.ccne@ufsm.br<\/a>). Antes de fazer a solicita\u00e7\u00e3o, cheque se a coluna &#8220;Dispon\u00edvel para doa\u00e7\u00e3o?&#8221; da tabela est\u00e1 marcada com a op\u00e7\u00e3o &#8220;Sim&#8221;. Na solicita\u00e7\u00e3o, informe o nome do reagente (ou o n\u00famero CAS) e a quantidade de frascos desejada (compat\u00edvel com o estoque dispon\u00edvel).<\/p>\n<p>\u00a0<\/p>\n<p style=\"text-align: center\"><iframe src=\"https:\/\/docs.google.com\/spreadsheets\/d\/e\/2PACX-1vRCkgL02zKFEImHOAtx0ADop_P4_GYbIcJ_Ic4988ptcyMVixV0TfN3BfQ6wYhLWkXIQ4_hPLfSZbZp\/pubhtml?gid=0&amp;single=true&amp;widget=false&amp;headers=false&amp;gridlines=false&amp;chrome=false\" width=\"1200\" height=\"600\" frameborder=\"0\"><\/iframe><\/p>\n<p>\u00a0<\/p>\n<p><strong>Contato:<\/strong><\/p>\n<p>Dep\u00f3sito de Produtos Qu\u00edmicos do CCNE &#8211; laboratorios.ccne@ufsm.br<\/p>\n","protected":false},"excerpt":{"rendered":"<p>O Dep\u00f3sito de Produtos Qu\u00edmicos do CCNE mant\u00e9m uma sala com reagentes dispon\u00edveis para doa\u00e7\u00e3o a laborat\u00f3rios da UFSM. Os materiais que constam na lista s\u00e3o oriundos de outros laborat\u00f3rios da UFSM, com diferentes especifica\u00e7\u00f5es de concentra\u00e7\u00e3o e pureza, podendo ser tanto frascos lacrados (sem uso pr\u00e9vio) ou frascos com o conte\u00fado nominal parcialmente j\u00e1 [&hellip;]<\/p>\n","protected":false},"author":534,"featured_media":0,"parent":2155,"menu_order":0,"comment_status":"closed","ping_status":"closed","template":"","meta":{"footnotes":""},"categories":[],"tags":[],"class_list":["post-2239","page","type-page","status-publish","hentry"],"acf":[],"_links":{"self":[{"href":"https:\/\/www.ufsm.br\/unidades-universitarias\/ccne\/wp-json\/wp\/v2\/pages\/2239","targetHints":{"allow":["GET"]}}],"collection":[{"href":"https:\/\/www.ufsm.br\/unidades-universitarias\/ccne\/wp-json\/wp\/v2\/pages"}],"about":[{"href":"https:\/\/www.ufsm.br\/unidades-universitarias\/ccne\/wp-json\/wp\/v2\/types\/page"}],"author":[{"embeddable":true,"href":"https:\/\/www.ufsm.br\/unidades-universitarias\/ccne\/wp-json\/wp\/v2\/users\/534"}],"replies":[{"embeddable":true,"href":"https:\/\/www.ufsm.br\/unidades-universitarias\/ccne\/wp-json\/wp\/v2\/comments?post=2239"}],"version-history":[{"count":0,"href":"https:\/\/www.ufsm.br\/unidades-universitarias\/ccne\/wp-json\/wp\/v2\/pages\/2239\/revisions"}],"up":[{"embeddable":true,"href":"https:\/\/www.ufsm.br\/unidades-universitarias\/ccne\/wp-json\/wp\/v2\/pages\/2155"}],"wp:attachment":[{"href":"https:\/\/www.ufsm.br\/unidades-universitarias\/ccne\/wp-json\/wp\/v2\/media?parent=2239"}],"wp:term":[{"taxonomy":"category","embeddable":true,"href":"https:\/\/www.ufsm.br\/unidades-universitarias\/ccne\/wp-json\/wp\/v2\/categories?post=2239"},{"taxonomy":"post_tag","embeddable":true,"href":"https:\/\/www.ufsm.br\/unidades-universitarias\/ccne\/wp-json\/wp\/v2\/tags?post=2239"}],"curies":[{"name":"wp","href":"https:\/\/api.w.org\/{rel}","templated":true}]}}