{"id":2294,"date":"2021-08-25T10:31:25","date_gmt":"2021-08-25T13:31:25","guid":{"rendered":"https:\/\/www.ufsm.br\/unidades-universitarias\/ccne\/?page_id=2294"},"modified":"2022-04-27T11:24:38","modified_gmt":"2022-04-27T14:24:38","slug":"grupos-academicos-na-area-de-estatistica","status":"publish","type":"page","link":"https:\/\/www.ufsm.br\/unidades-universitarias\/ccne\/grupos-academicos-do-ccne\/grupos-academicos-na-area-de-estatistica","title":{"rendered":"Grupos Acad\u00eamicos na \u00c1rea de Estat\u00edstica"},"content":{"rendered":"\t\t<div data-elementor-type=\"wp-page\" data-elementor-id=\"2294\" class=\"elementor elementor-2294\">\n\t\t\t\t\t\t<section class=\"elementor-section elementor-top-section elementor-element elementor-element-1f0a5f9e elementor-section-boxed elementor-section-height-default elementor-section-height-default\" data-id=\"1f0a5f9e\" data-element_type=\"section\">\n\t\t\t\t\t\t<div class=\"elementor-container elementor-column-gap-default\">\n\t\t\t\t\t<div class=\"elementor-column elementor-col-100 elementor-top-column elementor-element elementor-element-55fd828d\" data-id=\"55fd828d\" data-element_type=\"column\">\n\t\t\t<div class=\"elementor-widget-wrap elementor-element-populated\">\n\t\t\t\t\t\t<div class=\"elementor-element elementor-element-1be48a2 elementor-widget elementor-widget-text-editor\" data-id=\"1be48a2\" data-element_type=\"widget\" data-widget_type=\"text-editor.default\">\n\t\t\t\t<div class=\"elementor-widget-container\">\n\t\t\t\t\t\t\t<p><!-- wp:tadv\/classic-paragraph --><\/p>\n<hr \/>\n<p><a href=\"https:\/\/www.ufsm.br\/unidades-universitarias\/ccne\/grupos-academicos-do-ccne\">Grupos Acad\u00eamicos do CCNE<\/a><\/p>\n<h5 style=\"text-align: center\"><b>Grupo de Estudos e Pesquisas em Teoria da Resposta ao Item &#8211; GEPTRI<\/b><\/h5>\n<p style=\"text-align: center\"><strong>Categoria:<\/strong> Pesquisa<br \/><strong>Coordenador:<\/strong> Prof. Fernando de Jesus Moreira Junior<br \/><strong>Contato:<\/strong> fmjunior777@yahoo.com.br<\/p>\n<p><span style=\"font-weight: 400\">O GEPTRI \u00e9 um Grupo de Pesquisa interdisciplinar criado em 2012 que congrega estudantes e pesquisadores da UFSM e de outras institui\u00e7\u00f5es interessados em realizar estudos e pesquisas te\u00f3ricos e aplicados em diversas \u00e1reas utilizando a Teoria da Resposta ao Item (TRI) para avaliar e validar instrumentos de medidas, desenvolver escalas de mensura\u00e7\u00e3o e realizar simula\u00e7\u00f5es. O GEPTRI atua em cinco linhas de pesquisas: Simula\u00e7\u00f5es em Teoria da Resposta ao Item, Teoria da Resposta ao Item Aplicada \u00e0 Avalia\u00e7\u00e3o Educacional, Teoria da Resposta ao Item Aplicada \u00e0 Epidemiologia e \u00e0 Psicologia, Teoria da Resposta ao Item Aplicada \u00e0 Gest\u00e3o e Produ\u00e7\u00e3o, e Testes Adaptativos Informatizados &#8211; TAI.<\/span><\/p>\n<hr \/>\n<h5 style=\"text-align: center\"><strong>StatUFSM: a estat\u00edstica ao alcance de todos<\/strong><\/h5>\n<p style=\"text-align: center\"><strong>Categorias:<\/strong> Ensino e Extens\u00e3o<br \/><strong>Coordenadora de ensino:<\/strong> Profa. Dra. La\u00eds Helen Loose<br \/><strong>Coordenadora de Extens\u00e3o:<\/strong> Profa Dra. Renata Rojas Guerra<br \/><strong>Contato:<\/strong> <a href=\"mailto:renata.rojasg@gmail.com\" target=\"_blank\" rel=\"noopener\">renata.rojasg@gmail.com<\/a> e <a href=\"mailto:lais.loose@ufsm.br\" target=\"_blank\" rel=\"noopener\">lais.loose@ufsm.br<\/a><\/p>\n<p style=\"text-align: justify\"><img decoding=\"async\" class=\"wp-image-2485 aligncenter\" src=\"https:\/\/www.ufsm.br\/app\/uploads\/sites\/369\/2021\/12\/Logo_V_Azul-.png\" alt=\"\" width=\"208\" height=\"117\" srcset=\"https:\/\/www.ufsm.br\/app\/uploads\/sites\/369\/2021\/12\/Logo_V_Azul-.png 1920w, https:\/\/www.ufsm.br\/app\/uploads\/sites\/369\/2021\/12\/Logo_V_Azul--300x169.png 300w, https:\/\/www.ufsm.br\/app\/uploads\/sites\/369\/2021\/12\/Logo_V_Azul--1024x576.png 1024w, https:\/\/www.ufsm.br\/app\/uploads\/sites\/369\/2021\/12\/Logo_V_Azul--768x432.png 768w, https:\/\/www.ufsm.br\/app\/uploads\/sites\/369\/2021\/12\/Logo_V_Azul--1536x864.png 1536w\" sizes=\"(max-width: 208px) 100vw, 208px\" \/>O StatUFSM \u00e9 um grupo de ensino e extens\u00e3o criado em 2021 com objetivo de divulgar a estat\u00edstica de forma descomplicada, mostrando a import\u00e2ncia desta ci\u00eancia e a multidisciplinaridade de suas aplica\u00e7\u00f5es em diferentes setores da ind\u00fastria e com\u00e9rcio. O StatUFSM atua em tr\u00eas tipos de a\u00e7\u00f5es indissociavelmente ligadas ao ensino e \u00e0 extens\u00e3o: 1) divulga\u00e7\u00e3o da estat\u00edstica e de t\u00e9cnicas de visualiza\u00e7\u00e3o de dados; 2) organiza\u00e7\u00e3o de eventos com o prop\u00f3sito de ampliar o acesso da sociedade aos saberes e desenvolvimentos tecnol\u00f3gicos da \u00e1rea; 3) cursos de extens\u00e3o e videoaulas de curta dura\u00e7\u00e3o sobre conte\u00fados de estat\u00edstica. As atividades do grupo podem ser acompanhadas atrav\u00e9s dos perfis nas redes sociais do StatUFSM, <a href=\"https:\/\/www.instagram.com\/statufsm\/\">instagram<\/a> e <a href=\"https:\/\/www.facebook.com\/EstatisticaUfsm\">facebook<\/a>.\u00a0<\/p>\n<hr \/>\n<h5 style=\"text-align: center\"><strong>Grupo de Estat\u00edstica Computacional e Ci\u00eancia de Dados (CSDS &#8211; Computational Statistics and Data Science)<\/strong><\/h5>\n<div>\n<div style=\"text-align: center\"><strong>Coordenador:<\/strong> F\u00e1bio Mariano Bayer<\/div>\n<div style=\"text-align: center\"><strong>Contato:<\/strong> <a href=\"mailto:bayer@ufsm.br\" target=\"_blank\" rel=\"noopener\">bayer@ufsm.br<\/a><\/div>\n<div style=\"text-align: center\"><strong>Site:<\/strong> http:\/\/dgp.cnpq.br\/dgp\/espelhogrupo\/3502449382503299<\/div>\n<div>\u00a0<\/div>\n<div style=\"text-align: justify\">O grupo CSDS desenvolve pesquisas te\u00f3ricas e aplicadas no \u00e2mbito da estat\u00edstica metodol\u00f3gica, estat\u00edstica computacional, aprendizado de m\u00e1quina, ci\u00eancia de dados, processamento estat\u00edstico de sinais e imagens. O grupo de pesquisas estabelece colabora\u00e7\u00f5es cient\u00edficas com pesquisadores de pa\u00edses como EUA, It\u00e1lia e Su\u00e9cia, al\u00e9m de colabora\u00e7\u00f5es com pesquisadores de diversas institui\u00e7\u00f5es brasileiras. O CSDS tamb\u00e9m tem tido forte atua\u00e7\u00e3o na forma\u00e7\u00e3o de recursos humanos. Alunos atuais e\/ou egressos do grupo conquistaram pr\u00eamios de sociedades cient\u00edficas nacionais em n\u00edveis de inicia\u00e7\u00e3o cient\u00edfica, mestrado e doutorado.<\/div>\n<\/div>\n<hr \/>\n<h5 style=\"text-align: center\"><span style=\"font-size: 12pt\"><strong>Grupo de estudos e pesquisa em estat\u00edstica aplicada &#8211; GEPEA<\/strong><\/span><\/h5>\n<div>\n<div style=\"text-align: center\"><strong>Coordenadora:<\/strong> Luciane Flores Jacobi<\/div>\n<div style=\"text-align: center\"><strong>Contato:<\/strong> <a href=\"mailto:luciane.jacobi@ufsm.br\" target=\"_blank\" rel=\"noopener\">luciane.jacobi@ufsm.br<\/a><\/div>\n<div>\u00a0<\/div>\n<div style=\"text-align: justify\"><span style=\"font-family: arial, sans-serif\">O GEPEA foi criado e registrado no CNPq, no ano de 2021, sendo constitu\u00eddo por estudantes e pesquisadores da UFSM e de outras institui\u00e7\u00f5es interessados em realizar pesquisas aplicando as teorias estat\u00edsticas na solu\u00e7\u00e3o de problemas nas diversas \u00e1reas do conhecimento cient\u00edfico. O grupo possui duas linhas de pesquisas: Estat\u00edstica Aplicada e Bioestat\u00edstica.<\/span><\/div>\n<\/div>\n<div><span style=\"font-family: arial, sans-serif\">Atenciosamente<\/span><\/div>\n<p><!-- \/wp:tadv\/classic-paragraph --><\/p>\t\t\t\t\t\t<\/div>\n\t\t\t\t<\/div>\n\t\t\t\t\t<\/div>\n\t\t<\/div>\n\t\t\t\t\t<\/div>\n\t\t<\/section>\n\t\t\t\t<\/div>\n\t\t","protected":false},"excerpt":{"rendered":"<p>Grupos Acad\u00eamicos do CCNE Grupo de Estudos e Pesquisas em Teoria da Resposta ao Item &#8211; GEPTRI Categoria: PesquisaCoordenador: Prof. Fernando de Jesus Moreira JuniorContato: fmjunior777@yahoo.com.br O GEPTRI \u00e9 um Grupo de Pesquisa interdisciplinar criado em 2012 que congrega estudantes e pesquisadores da UFSM e de outras institui\u00e7\u00f5es interessados em realizar estudos e pesquisas te\u00f3ricos [&hellip;]<\/p>\n","protected":false},"author":1040,"featured_media":0,"parent":2251,"menu_order":0,"comment_status":"closed","ping_status":"closed","template":"","meta":{"footnotes":""},"categories":[],"tags":[],"class_list":["post-2294","page","type-page","status-publish","hentry"],"acf":[],"_links":{"self":[{"href":"https:\/\/www.ufsm.br\/unidades-universitarias\/ccne\/wp-json\/wp\/v2\/pages\/2294","targetHints":{"allow":["GET"]}}],"collection":[{"href":"https:\/\/www.ufsm.br\/unidades-universitarias\/ccne\/wp-json\/wp\/v2\/pages"}],"about":[{"href":"https:\/\/www.ufsm.br\/unidades-universitarias\/ccne\/wp-json\/wp\/v2\/types\/page"}],"author":[{"embeddable":true,"href":"https:\/\/www.ufsm.br\/unidades-universitarias\/ccne\/wp-json\/wp\/v2\/users\/1040"}],"replies":[{"embeddable":true,"href":"https:\/\/www.ufsm.br\/unidades-universitarias\/ccne\/wp-json\/wp\/v2\/comments?post=2294"}],"version-history":[{"count":0,"href":"https:\/\/www.ufsm.br\/unidades-universitarias\/ccne\/wp-json\/wp\/v2\/pages\/2294\/revisions"}],"up":[{"embeddable":true,"href":"https:\/\/www.ufsm.br\/unidades-universitarias\/ccne\/wp-json\/wp\/v2\/pages\/2251"}],"wp:attachment":[{"href":"https:\/\/www.ufsm.br\/unidades-universitarias\/ccne\/wp-json\/wp\/v2\/media?parent=2294"}],"wp:term":[{"taxonomy":"category","embeddable":true,"href":"https:\/\/www.ufsm.br\/unidades-universitarias\/ccne\/wp-json\/wp\/v2\/categories?post=2294"},{"taxonomy":"post_tag","embeddable":true,"href":"https:\/\/www.ufsm.br\/unidades-universitarias\/ccne\/wp-json\/wp\/v2\/tags?post=2294"}],"curies":[{"name":"wp","href":"https:\/\/api.w.org\/{rel}","templated":true}]}}