{"id":2301,"date":"2021-08-25T11:36:48","date_gmt":"2021-08-25T14:36:48","guid":{"rendered":"https:\/\/www.ufsm.br\/unidades-universitarias\/ccne\/?page_id=2301"},"modified":"2022-08-04T13:47:43","modified_gmt":"2022-08-04T16:47:43","slug":"grupos-academicos-na-area-de-meteorologia","status":"publish","type":"page","link":"https:\/\/www.ufsm.br\/unidades-universitarias\/ccne\/grupos-academicos-do-ccne\/grupos-academicos-na-area-de-meteorologia","title":{"rendered":"Grupos Acad\u00eamicos na \u00e1rea de Meteorologia"},"content":{"rendered":"\t\t<div data-elementor-type=\"wp-page\" data-elementor-id=\"2301\" class=\"elementor elementor-2301\">\n\t\t\t\t\t\t<section class=\"elementor-section elementor-top-section elementor-element elementor-element-18ac3363 elementor-section-boxed elementor-section-height-default elementor-section-height-default\" data-id=\"18ac3363\" data-element_type=\"section\">\n\t\t\t\t\t\t<div class=\"elementor-container elementor-column-gap-default\">\n\t\t\t\t\t<div class=\"elementor-column elementor-col-100 elementor-top-column elementor-element elementor-element-27859a5f\" data-id=\"27859a5f\" data-element_type=\"column\">\n\t\t\t<div class=\"elementor-widget-wrap elementor-element-populated\">\n\t\t\t\t\t\t<div class=\"elementor-element elementor-element-45773d58 elementor-widget elementor-widget-text-editor\" data-id=\"45773d58\" data-element_type=\"widget\" data-widget_type=\"text-editor.default\">\n\t\t\t\t<div class=\"elementor-widget-container\">\n\t\t\t\t\t\t\t<p><!-- wp:tadv\/classic-paragraph --><\/p>\n<p><a href=\"https:\/\/www.ufsm.br\/unidades-universitarias\/ccne\/grupos-academicos-do-ccne\">Grupos Acad\u00eamicos do CCNE<\/a><\/p>\n<p><!-- \/wp:tadv\/classic-paragraph --><\/p>\n<p><!-- wp:tadv\/classic-paragraph --><\/p>\n<hr \/>\n<h5 style=\"text-align: center\"><b>Intera\u00e7\u00f5es Superf\u00edcie Atmosfera na Rede Sulflux<\/b><\/h5>\n<p style=\"text-align: center\"><strong>Categoria:<\/strong> Pesquisa<br \/><strong>Coordenadora:<\/strong> D\u00e9bora Regina Roberti<br \/><strong>Contato:<\/strong> debora@ufsm.br<\/p>\n<p><img decoding=\"async\" class=\"alignnone size-medium wp-image-2274 aligncenter\" src=\"https:\/\/www.ufsm.br\/app\/uploads\/sites\/369\/2021\/08\/SULFLUX-300x67.jpg\" alt=\"\" width=\"300\" height=\"67\" srcset=\"https:\/\/www.ufsm.br\/app\/uploads\/sites\/369\/2021\/08\/SULFLUX-300x67.jpg 300w, https:\/\/www.ufsm.br\/app\/uploads\/sites\/369\/2021\/08\/SULFLUX.jpg 369w\" sizes=\"(max-width: 300px) 100vw, 300px\" \/><\/p>\n<p style=\"text-align: justify\"><span style=\"font-weight: 400\">Compreender os padr\u00f5es e os mecanismos de controle dos fluxos superficiais de energia e gases do efeito estufa nos diferentes ecossistemas \u00e9 fundamental para avaliar e prever poss\u00edveis impactos antropog\u00eanicos ou de mudan\u00e7as clim\u00e1ticas. Estudos que descrevem os mecanismos da intera\u00e7\u00e3o entre a superf\u00edcie e a atmosfera em climas subtropicais no Hemisf\u00e9rio Sul, s\u00e3o raros. No entanto, no sul do Brasil, esfor\u00e7os est\u00e3o sendo somados para manter uma rede de monitoramento dos fluxos superficiais em diferentes agroecossistemas, a rede SULFLUX. Nesta rede, medidas de longo prazo s\u00e3o realizadas utilizando a metodologia de eddy covariance, que \u00e9 o estado da arte na estimativa das trocas de carbono, energia, \u00e1gua entre o ecossistema e a atmosfera. Os resultados obtidos pelo grupo de pesquisa t\u00eam impacto direto na melhoria de modelos de previs\u00e3o de Tempo e Clima, fundamental para o nosso dia a dia e para a previs\u00e3o de futuros impactos no ecossistema devido ao crescente aumento dos n\u00edveis de CO2 na atmosfera.<\/span><\/p>\n<hr \/>\n<h5 style=\"text-align: center\"><strong>Grupo de Pesquisas Clim\u00e1ticas (GPC)<\/strong><\/h5>\n<p style=\"text-align: center\"><strong>Categoria:<\/strong> Pesquisa<br \/><strong>Coordenadoras:<\/strong> Simone Erotildes Teleginski Ferraz e Nathalie Tissot Boiaski<br \/><strong>Contato:\u00a0<\/strong><a href=\"mailto:simonetfe@ufsm.br\" target=\"_blank\" rel=\"noopener\">simonetfe@ufsm.br<\/a>\u00a0<\/p>\n<p style=\"text-align: center\"><img fetchpriority=\"high\" decoding=\"async\" class=\"size-full wp-image-2915 aligncenter\" src=\"https:\/\/www.ufsm.br\/app\/uploads\/sites\/369\/2022\/08\/gpc.jpg\" alt=\"\" width=\"225\" height=\"225\" srcset=\"https:\/\/www.ufsm.br\/app\/uploads\/sites\/369\/2022\/08\/gpc.jpg 225w, https:\/\/www.ufsm.br\/app\/uploads\/sites\/369\/2022\/08\/gpc-150x150.jpg 150w\" sizes=\"(max-width: 225px) 100vw, 225px\" \/><\/p>\n<p style=\"text-align: justify\">O GPC vem desenvolvendo trabalhos em diferentes escalas temporais (desde a escala sin\u00f3tica at\u00e9 a escala decadal) e espaciais (incluindo fen\u00f4menos de impacto regional at\u00e9 fen\u00f4menos com efeito global). S\u00e3o utilizadas s\u00e9ries meteorol\u00f3gicas mensais e di\u00e1rias para todo o Brasil e t\u00e9cnicas estat\u00edsticas simples (desvio padr\u00e3o, m\u00e9dia, vari\u00e2ncia etc.) e complexas (an\u00e1lise multivariada, analise espectral, etc.) para definir o clima presente e passado e talvez inferir poss\u00edveis altera\u00e7\u00f5es clim\u00e1ticas. Al\u00e9m das ferramentas estat\u00edsticas, o grupo tamb\u00e9m tem realizado estudos num\u00e9ricos utilizando modelos regionais de clima. Tamb\u00e9m est\u00e3o sendo realizadas an\u00e1lises de impacto das poss\u00edveis mudan\u00e7as clim\u00e1ticas em culturas agr\u00edcolas. Esta an\u00e1lise est\u00e1 sendo feita em parceria com o grupo de agrometeorologia da UFSM. Como o GPC est\u00e1 inserido em uma Universidade, tamb\u00e9m s\u00e3o realizadas atividades de ensino e treinamento para futuros pesquisadores. Esta atividade \u00e9 conduzida na forma de Discuss\u00f5es Clim\u00e1ticas Mensais realizadas pelos diferentes alunos do Grupo e apresentadas para os estudantes do Curso de Meteorologia e de P\u00f3s-Gradua\u00e7\u00e3o.<\/p>\n<p><!-- \/wp:tadv\/classic-paragraph --><\/p>\t\t\t\t\t\t<\/div>\n\t\t\t\t<\/div>\n\t\t\t\t\t<\/div>\n\t\t<\/div>\n\t\t\t\t\t<\/div>\n\t\t<\/section>\n\t\t\t\t<\/div>\n\t\t","protected":false},"excerpt":{"rendered":"<p>Grupos Acad\u00eamicos do CCNE Intera\u00e7\u00f5es Superf\u00edcie Atmosfera na Rede Sulflux Categoria: PesquisaCoordenadora: D\u00e9bora Regina RobertiContato: debora@ufsm.br Compreender os padr\u00f5es e os mecanismos de controle dos fluxos superficiais de energia e gases do efeito estufa nos diferentes ecossistemas \u00e9 fundamental para avaliar e prever poss\u00edveis impactos antropog\u00eanicos ou de mudan\u00e7as clim\u00e1ticas. Estudos que descrevem os mecanismos [&hellip;]<\/p>\n","protected":false},"author":1040,"featured_media":0,"parent":2251,"menu_order":0,"comment_status":"closed","ping_status":"closed","template":"","meta":{"footnotes":""},"categories":[],"tags":[],"class_list":["post-2301","page","type-page","status-publish","hentry"],"acf":[],"_links":{"self":[{"href":"https:\/\/www.ufsm.br\/unidades-universitarias\/ccne\/wp-json\/wp\/v2\/pages\/2301","targetHints":{"allow":["GET"]}}],"collection":[{"href":"https:\/\/www.ufsm.br\/unidades-universitarias\/ccne\/wp-json\/wp\/v2\/pages"}],"about":[{"href":"https:\/\/www.ufsm.br\/unidades-universitarias\/ccne\/wp-json\/wp\/v2\/types\/page"}],"author":[{"embeddable":true,"href":"https:\/\/www.ufsm.br\/unidades-universitarias\/ccne\/wp-json\/wp\/v2\/users\/1040"}],"replies":[{"embeddable":true,"href":"https:\/\/www.ufsm.br\/unidades-universitarias\/ccne\/wp-json\/wp\/v2\/comments?post=2301"}],"version-history":[{"count":0,"href":"https:\/\/www.ufsm.br\/unidades-universitarias\/ccne\/wp-json\/wp\/v2\/pages\/2301\/revisions"}],"up":[{"embeddable":true,"href":"https:\/\/www.ufsm.br\/unidades-universitarias\/ccne\/wp-json\/wp\/v2\/pages\/2251"}],"wp:attachment":[{"href":"https:\/\/www.ufsm.br\/unidades-universitarias\/ccne\/wp-json\/wp\/v2\/media?parent=2301"}],"wp:term":[{"taxonomy":"category","embeddable":true,"href":"https:\/\/www.ufsm.br\/unidades-universitarias\/ccne\/wp-json\/wp\/v2\/categories?post=2301"},{"taxonomy":"post_tag","embeddable":true,"href":"https:\/\/www.ufsm.br\/unidades-universitarias\/ccne\/wp-json\/wp\/v2\/tags?post=2301"}],"curies":[{"name":"wp","href":"https:\/\/api.w.org\/{rel}","templated":true}]}}