{"id":2437,"date":"2021-11-22T09:42:54","date_gmt":"2021-11-22T12:42:54","guid":{"rendered":"https:\/\/www.ufsm.br\/unidades-universitarias\/ccne\/?page_id=2437"},"modified":"2023-12-04T15:35:15","modified_gmt":"2023-12-04T18:35:15","slug":"produtos-controlados-pf-eb","status":"publish","type":"page","link":"https:\/\/www.ufsm.br\/unidades-universitarias\/ccne\/infraestrutura\/laboratorios\/produtos-controlados-pf-eb","title":{"rendered":"Produtos controlados pela Pol\u00edcia Federal e pelo Ex\u00e9rcito Brasileiro"},"content":{"rendered":"\t\t<div data-elementor-type=\"wp-page\" data-elementor-id=\"2437\" class=\"elementor elementor-2437\">\n\t\t\t\t\t\t<section class=\"elementor-section elementor-top-section elementor-element elementor-element-ee3a3b8 elementor-section-boxed elementor-section-height-default elementor-section-height-default\" data-id=\"ee3a3b8\" data-element_type=\"section\">\n\t\t\t\t\t\t<div class=\"elementor-container elementor-column-gap-default\">\n\t\t\t\t\t<div class=\"elementor-column elementor-col-100 elementor-top-column elementor-element elementor-element-80b7fea\" data-id=\"80b7fea\" data-element_type=\"column\">\n\t\t\t<div class=\"elementor-widget-wrap elementor-element-populated\">\n\t\t\t\t\t\t<div class=\"elementor-element elementor-element-f9cf512 elementor-align-center elementor-widget elementor-widget-button\" data-id=\"f9cf512\" data-element_type=\"widget\" data-widget_type=\"button.default\">\n\t\t\t\t<div class=\"elementor-widget-container\">\n\t\t\t\t\t\t\t<div class=\"elementor-button-wrapper\">\n\t\t\t\t\t<a class=\"elementor-button elementor-button-link elementor-size-xl\" href=\"https:\/\/docs.google.com\/spreadsheets\/d\/1SMg-vINMbJfiHmYl8HkK4Wld9QF6oWo7S_gEhWDg7U8\/edit?usp=sharing\" target=\"_blank\">\n\t\t\t\t\t\t<span class=\"elementor-button-content-wrapper\">\n\t\t\t\t\t\t<span class=\"elementor-button-icon\">\n\t\t\t\t<i aria-hidden=\"true\" class=\"fas fa-shield-alt\"><\/i>\t\t\t<\/span>\n\t\t\t\t\t\t\t\t\t<span class=\"elementor-button-text\">Lista de produtos controlados<\/span>\n\t\t\t\t\t<\/span>\n\t\t\t\t\t<\/a>\n\t\t\t\t<\/div>\n\t\t\t\t\t\t<\/div>\n\t\t\t\t<\/div>\n\t\t\t\t\t<\/div>\n\t\t<\/div>\n\t\t\t\t\t<\/div>\n\t\t<\/section>\n\t\t\t\t<section class=\"elementor-section elementor-top-section elementor-element elementor-element-e3adcd4 elementor-section-boxed elementor-section-height-default elementor-section-height-default\" data-id=\"e3adcd4\" data-element_type=\"section\">\n\t\t\t\t\t\t<div class=\"elementor-container elementor-column-gap-default\">\n\t\t\t\t\t<div class=\"elementor-column elementor-col-100 elementor-top-column elementor-element elementor-element-da051c4\" data-id=\"da051c4\" data-element_type=\"column\">\n\t\t\t<div class=\"elementor-widget-wrap elementor-element-populated\">\n\t\t\t\t\t\t<div class=\"elementor-element elementor-element-a8ac757 elementor-widget elementor-widget-heading\" data-id=\"a8ac757\" data-element_type=\"widget\" data-widget_type=\"heading.default\">\n\t\t\t\t<div class=\"elementor-widget-container\">\n\t\t\t<h4 class=\"elementor-heading-title elementor-size-default\">Procedimentos de compra de produtos controlados:<\/h4>\t\t<\/div>\n\t\t\t\t<\/div>\n\t\t\t\t<div class=\"elementor-element elementor-element-e2d0729 elementor-widget elementor-widget-spacer\" data-id=\"e2d0729\" data-element_type=\"widget\" data-widget_type=\"spacer.default\">\n\t\t\t\t<div class=\"elementor-widget-container\">\n\t\t\t\t\t<div class=\"elementor-spacer\">\n\t\t\t<div class=\"elementor-spacer-inner\"><\/div>\n\t\t<\/div>\n\t\t\t\t<\/div>\n\t\t\t\t<\/div>\n\t\t\t\t<div class=\"elementor-element elementor-element-3698686 elementor-widget elementor-widget-heading\" data-id=\"3698686\" data-element_type=\"widget\" data-widget_type=\"heading.default\">\n\t\t\t\t<div class=\"elementor-widget-container\">\n\t\t\t<h5 class=\"elementor-heading-title elementor-size-default\">Produtos controlados pelo Ex\u00e9rcito Brasileiro<\/h5>\t\t<\/div>\n\t\t\t\t<\/div>\n\t\t\t\t<div class=\"elementor-element elementor-element-6a7f53a elementor-widget elementor-widget-spacer\" data-id=\"6a7f53a\" data-element_type=\"widget\" data-widget_type=\"spacer.default\">\n\t\t\t\t<div class=\"elementor-widget-container\">\n\t\t\t\t\t<div class=\"elementor-spacer\">\n\t\t\t<div class=\"elementor-spacer-inner\"><\/div>\n\t\t<\/div>\n\t\t\t\t<\/div>\n\t\t\t\t<\/div>\n\t\t\t\t<div class=\"elementor-element elementor-element-d8829d7 elementor-widget elementor-widget-image\" data-id=\"d8829d7\" data-element_type=\"widget\" data-widget_type=\"image.default\">\n\t\t\t\t<div class=\"elementor-widget-container\">\n\t\t\t\t\t\t\t\t\t\t\t\t\t<img fetchpriority=\"high\" decoding=\"async\" width=\"1536\" height=\"315\" src=\"https:\/\/www.ufsm.br\/app\/uploads\/sites\/369\/2023\/04\/Fluxograma_Produtos-controlados-EB-1536x315.png\" class=\"attachment-1536x1536 size-1536x1536 wp-image-3336\" alt=\"\" srcset=\"https:\/\/www.ufsm.br\/app\/uploads\/sites\/369\/2023\/04\/Fluxograma_Produtos-controlados-EB-1536x315.png 1536w, https:\/\/www.ufsm.br\/app\/uploads\/sites\/369\/2023\/04\/Fluxograma_Produtos-controlados-EB-300x61.png 300w, https:\/\/www.ufsm.br\/app\/uploads\/sites\/369\/2023\/04\/Fluxograma_Produtos-controlados-EB-1024x210.png 1024w, https:\/\/www.ufsm.br\/app\/uploads\/sites\/369\/2023\/04\/Fluxograma_Produtos-controlados-EB-768x157.png 768w, https:\/\/www.ufsm.br\/app\/uploads\/sites\/369\/2023\/04\/Fluxograma_Produtos-controlados-EB-2048x419.png 2048w\" sizes=\"(max-width: 1536px) 100vw, 1536px\" \/>\t\t\t\t\t\t\t\t\t\t\t\t\t<\/div>\n\t\t\t\t<\/div>\n\t\t\t\t<div class=\"elementor-element elementor-element-37c9651 elementor-widget elementor-widget-spacer\" data-id=\"37c9651\" data-element_type=\"widget\" data-widget_type=\"spacer.default\">\n\t\t\t\t<div class=\"elementor-widget-container\">\n\t\t\t\t\t<div class=\"elementor-spacer\">\n\t\t\t<div class=\"elementor-spacer-inner\"><\/div>\n\t\t<\/div>\n\t\t\t\t<\/div>\n\t\t\t\t<\/div>\n\t\t\t\t<div class=\"elementor-element elementor-element-b9693f2 elementor-widget elementor-widget-toggle\" data-id=\"b9693f2\" data-element_type=\"widget\" data-widget_type=\"toggle.default\">\n\t\t\t\t<div class=\"elementor-widget-container\">\n\t\t\t\t\t<div class=\"elementor-toggle\">\n\t\t\t\t\t\t\t<div class=\"elementor-toggle-item\">\n\t\t\t\t\t<h6 id=\"elementor-tab-title-1941\" class=\"elementor-tab-title\" data-tab=\"1\" role=\"button\" aria-controls=\"elementor-tab-content-1941\" aria-expanded=\"false\">\n\t\t\t\t\t\t\t\t\t\t\t\t<span class=\"elementor-toggle-icon elementor-toggle-icon-left\" aria-hidden=\"true\">\n\t\t\t\t\t\t\t\t\t\t\t\t\t\t\t<span class=\"elementor-toggle-icon-closed\"><i class=\"fas fa-caret-right\"><\/i><\/span>\n\t\t\t\t\t\t\t\t<span class=\"elementor-toggle-icon-opened\"><i class=\"elementor-toggle-icon-opened fas fa-caret-up\"><\/i><\/span>\n\t\t\t\t\t\t\t\t\t\t\t\t\t<\/span>\n\t\t\t\t\t\t\t\t\t\t\t\t<a class=\"elementor-toggle-title\" tabindex=\"0\">Detalhamento do processo (clique aqui para detalhes)<\/a>\n\t\t\t\t\t<\/h6>\n\n\t\t\t\t\t<div id=\"elementor-tab-content-1941\" class=\"elementor-tab-content elementor-clearfix\" data-tab=\"1\" role=\"region\" aria-labelledby=\"elementor-tab-title-1941\"><div style=\"text-align: justify\"><strong>1)<\/strong> <strong>Antes do in\u00edcio do processo de compra<\/strong>, o respons\u00e1vel pelo <a href=\"https:\/\/www.ufsm.br\/unidades-universitarias\/ccne\/infraestrutura\/laboratorios\/deposito-produtos-quimicos-ccne\/\" target=\"_blank\" rel=\"noopener\">Dep\u00f3sito de Produtos Qu\u00edmicos do CCNE<\/a> (<a href=\"mailto:laboratorios.ccne@ufsm.br\">laboratorios.ccne@ufsm.br<\/a>) deve ser consultado sobre a possibilidade de aquisi\u00e7\u00e3o dos produtos desejados, independente de disponibilidade or\u00e7ament\u00e1ria, forma de aquisi\u00e7\u00e3o ou outras situa\u00e7\u00f5es. O motivo \u00e9 <strong>avaliar se o estoque total do produto qu\u00edmico, ap\u00f3s aquisi\u00e7\u00e3o, estar\u00e1 dentro das quantidades m\u00e1ximas permitidas de estocagem pelo CCNE<\/strong>, de acordo com apostila expedida pelo Ex\u00e9rcito Brasileiro.<\/div><div>\u00a0<\/div><div style=\"text-align: justify\"><strong>2) Ap\u00f3s concord\u00e2ncia <\/strong>do respons\u00e1vel, o processo de compra pode ser iniciado pelo interessado.<\/div><div>\u00a0<\/div><div style=\"text-align: justify\"><strong>3)<\/strong> <strong>A nota fiscal de compra deve ser emitida em nome e CNPJ da UFSM,<\/strong> <b>obrigatoriamente<\/b>. Se n\u00e3o for este o caso, o comprador deve providenciar e viabilizar o seu pr\u00f3prio registro junto ao Ex\u00e9rcito Brasileiro, ficando a seu encargo as presta\u00e7\u00f5es de conta mensais solicitadas por este \u00f3rg\u00e3o.<\/div><div style=\"text-align: justify\">\u00a0<\/div><div style=\"text-align: justify\"><strong>4)<\/strong> Durante o processo de compra, forne\u00e7a o e-mail\u00a0 do respons\u00e1vel pelo controle no CCNE (<a href=\"mailto:laboratorios.ccne@ufsm.br\">laboratorios.ccne@ufsm.br<\/a>), para que a empresa entre em contato solicitando o CR do Ex\u00e9rcito.<strong> O CR n\u00e3o pode ser fornecido diretamente ao comprador interessado<\/strong>.<\/div><div style=\"text-align: justify\">\u00a0<\/div><div style=\"text-align: justify\"><strong>5)<\/strong> Ap\u00f3s efetuada a compra, \u00e9 obrigat\u00f3rio o <strong>envio de c\u00f3pia da NF e\/ou da Guia de Tr\u00e1fego<\/strong> ao respons\u00e1vel pelo controle no CCNE (<a href=\"mailto:laboratorios.ccne@ufsm.br\">laboratorios.ccne@ufsm.br<\/a>), bem como a informa\u00e7\u00e3o de se os produtos adquiridos ser\u00e3o imediatamente consumidos quando recebidos.<\/div><div style=\"text-align: justify\">\u00a0<\/div><div style=\"text-align: justify\"><strong>6)<\/strong> Se algum item controlado n\u00e3o for imediatamente consumido, este deve <strong>obrigatoriamente ser armazenado no Dep\u00f3sito de Produtos Qu\u00edmicos do CCNE<\/strong>. Para tal, basta comunicar o respons\u00e1vel pelo Dep\u00f3sito do CCNE para provid\u00eancias.<\/div><div style=\"font-family: tahoma, sans-serif;text-align: justify\">\u00a0<\/div><div style=\"text-align: justify\"><strong>7)<\/strong> Os respons\u00e1veis pela compra devem, mensalmente, fornecer as informa\u00e7\u00f5es de estoque para <strong>emiss\u00e3o dos mapas de controle<\/strong>, conforme procedimento vigente.<\/div><\/div>\n\t\t\t\t<\/div>\n\t\t\t\t\t\t\t\t<\/div>\n\t\t\t\t<\/div>\n\t\t\t\t<\/div>\n\t\t\t\t<div class=\"elementor-element elementor-element-7b78b77 elementor-widget elementor-widget-spacer\" data-id=\"7b78b77\" data-element_type=\"widget\" data-widget_type=\"spacer.default\">\n\t\t\t\t<div class=\"elementor-widget-container\">\n\t\t\t\t\t<div class=\"elementor-spacer\">\n\t\t\t<div class=\"elementor-spacer-inner\"><\/div>\n\t\t<\/div>\n\t\t\t\t<\/div>\n\t\t\t\t<\/div>\n\t\t\t\t<div class=\"elementor-element elementor-element-25ef486 elementor-widget elementor-widget-heading\" data-id=\"25ef486\" data-element_type=\"widget\" data-widget_type=\"heading.default\">\n\t\t\t\t<div class=\"elementor-widget-container\">\n\t\t\t<h5 class=\"elementor-heading-title elementor-size-default\">Produtos controlados pela Pol\u00edcia Federal<\/h5>\t\t<\/div>\n\t\t\t\t<\/div>\n\t\t\t\t<div class=\"elementor-element elementor-element-27279aa elementor-widget elementor-widget-spacer\" data-id=\"27279aa\" data-element_type=\"widget\" data-widget_type=\"spacer.default\">\n\t\t\t\t<div class=\"elementor-widget-container\">\n\t\t\t\t\t<div class=\"elementor-spacer\">\n\t\t\t<div class=\"elementor-spacer-inner\"><\/div>\n\t\t<\/div>\n\t\t\t\t<\/div>\n\t\t\t\t<\/div>\n\t\t\t\t<div class=\"elementor-element elementor-element-f88520b elementor-widget elementor-widget-image\" data-id=\"f88520b\" data-element_type=\"widget\" data-widget_type=\"image.default\">\n\t\t\t\t<div class=\"elementor-widget-container\">\n\t\t\t\t\t\t\t\t\t\t\t\t\t<img decoding=\"async\" width=\"1024\" height=\"252\" src=\"https:\/\/www.ufsm.br\/app\/uploads\/sites\/369\/2023\/04\/Fluxograma_Produtos-controlados-PF-1024x252.png\" class=\"attachment-large size-large wp-image-3337\" alt=\"\" srcset=\"https:\/\/www.ufsm.br\/app\/uploads\/sites\/369\/2023\/04\/Fluxograma_Produtos-controlados-PF-1024x252.png 1024w, https:\/\/www.ufsm.br\/app\/uploads\/sites\/369\/2023\/04\/Fluxograma_Produtos-controlados-PF-300x74.png 300w, https:\/\/www.ufsm.br\/app\/uploads\/sites\/369\/2023\/04\/Fluxograma_Produtos-controlados-PF-768x189.png 768w, https:\/\/www.ufsm.br\/app\/uploads\/sites\/369\/2023\/04\/Fluxograma_Produtos-controlados-PF-1536x378.png 1536w, https:\/\/www.ufsm.br\/app\/uploads\/sites\/369\/2023\/04\/Fluxograma_Produtos-controlados-PF-2048x504.png 2048w\" sizes=\"(max-width: 1024px) 100vw, 1024px\" \/>\t\t\t\t\t\t\t\t\t\t\t\t\t<\/div>\n\t\t\t\t<\/div>\n\t\t\t\t<div class=\"elementor-element elementor-element-ae6e5e9 elementor-widget elementor-widget-spacer\" data-id=\"ae6e5e9\" data-element_type=\"widget\" data-widget_type=\"spacer.default\">\n\t\t\t\t<div class=\"elementor-widget-container\">\n\t\t\t\t\t<div class=\"elementor-spacer\">\n\t\t\t<div class=\"elementor-spacer-inner\"><\/div>\n\t\t<\/div>\n\t\t\t\t<\/div>\n\t\t\t\t<\/div>\n\t\t\t\t<div class=\"elementor-element elementor-element-2f4ac33 elementor-widget elementor-widget-toggle\" data-id=\"2f4ac33\" data-element_type=\"widget\" data-widget_type=\"toggle.default\">\n\t\t\t\t<div class=\"elementor-widget-container\">\n\t\t\t\t\t<div class=\"elementor-toggle\">\n\t\t\t\t\t\t\t<div class=\"elementor-toggle-item\">\n\t\t\t\t\t<h6 id=\"elementor-tab-title-4951\" class=\"elementor-tab-title\" data-tab=\"1\" role=\"button\" aria-controls=\"elementor-tab-content-4951\" aria-expanded=\"false\">\n\t\t\t\t\t\t\t\t\t\t\t\t<span class=\"elementor-toggle-icon elementor-toggle-icon-left\" aria-hidden=\"true\">\n\t\t\t\t\t\t\t\t\t\t\t\t\t\t\t<span class=\"elementor-toggle-icon-closed\"><i class=\"fas fa-caret-right\"><\/i><\/span>\n\t\t\t\t\t\t\t\t<span class=\"elementor-toggle-icon-opened\"><i class=\"elementor-toggle-icon-opened fas fa-caret-up\"><\/i><\/span>\n\t\t\t\t\t\t\t\t\t\t\t\t\t<\/span>\n\t\t\t\t\t\t\t\t\t\t\t\t<a class=\"elementor-toggle-title\" tabindex=\"0\">Detalhamento do processo (clique aqui para detalhes)<\/a>\n\t\t\t\t\t<\/h6>\n\n\t\t\t\t\t<div id=\"elementor-tab-content-4951\" class=\"elementor-tab-content elementor-clearfix\" data-tab=\"1\" role=\"region\" aria-labelledby=\"elementor-tab-title-4951\"><div style=\"text-align: justify\"><strong>1)<\/strong>\u00a0<strong>A nota fiscal de compra deve ser emitida em nome e CNPJ da UFSM,<\/strong>\u00a0<b>obrigatoriamente<\/b>. Se n\u00e3o for este o caso, o comprador deve providenciar e viabilizar o seu pr\u00f3prio registro junto \u00e0 Pol\u00edcia Federal, ficando a seu encargo as presta\u00e7\u00f5es de conta mensais solicitadas por este \u00f3rg\u00e3o.<\/div><div>\u00a0<\/div><div><strong>2)<\/strong> Durante o processo de compra, <strong>forne\u00e7a a autoriza\u00e7\u00e3o da UFSM vigente junto \u00e0 Pol\u00edcia Federal<\/strong>. O documento deve ser previamente solicitado \u00e0 Subdivis\u00e3o de Gest\u00e3o de Laborat\u00f3rios por meio do e-mail <a href=\"mailto:laboratorios.ccne@ufsm.br\">laboratorios.ccne@ufsm.br<\/a>.<\/div><div>\u00a0<\/div><div><strong>3)<\/strong>\u00a0Ap\u00f3s efetuada a compra, \u00e9 obrigat\u00f3rio o\u00a0<strong>envio de c\u00f3pia da NF e\/ou da Guia de Tr\u00e1fego<\/strong> ao respons\u00e1vel pelo controle no CCNE (<a href=\"mailto:laboratorios.ccne@ufsm.br\">laboratorios.ccne@ufsm.br<\/a>), bem como a informa\u00e7\u00e3o de se os produtos adquiridos ser\u00e3o imediatamente consumidos quando recebidos.<\/div><div>\u00a0<\/div><div><strong>4)<\/strong> Se algum item controlado n\u00e3o for imediatamente consumido, este deve, prioritariamente,<strong>\u00a0ser armazenado no Dep\u00f3sito de Produtos Qu\u00edmicos do CCNE<\/strong>. Para tal, basta comunicar o respons\u00e1vel pelo Dep\u00f3sito do CCNE para provid\u00eancias.<\/div><div>\u00a0<\/div><div style=\"text-align: justify\"><strong>5)<\/strong> Os respons\u00e1veis pela compra devem, mensalmente, fornecer as informa\u00e7\u00f5es de estoque para <strong>emiss\u00e3o dos mapas de controle<\/strong>, conforme procedimento vigente.<\/div><\/div>\n\t\t\t\t<\/div>\n\t\t\t\t\t\t\t\t<\/div>\n\t\t\t\t<\/div>\n\t\t\t\t<\/div>\n\t\t\t\t\t<\/div>\n\t\t<\/div>\n\t\t\t\t\t<\/div>\n\t\t<\/section>\n\t\t\t\t<section class=\"elementor-section elementor-top-section elementor-element elementor-element-31bd465 elementor-section-boxed elementor-section-height-default elementor-section-height-default\" data-id=\"31bd465\" data-element_type=\"section\">\n\t\t\t\t\t\t<div class=\"elementor-container elementor-column-gap-default\">\n\t\t\t\t\t<div class=\"elementor-column elementor-col-100 elementor-top-column elementor-element elementor-element-119c9f1\" data-id=\"119c9f1\" data-element_type=\"column\">\n\t\t\t<div class=\"elementor-widget-wrap elementor-element-populated\">\n\t\t\t\t\t\t<div class=\"elementor-element elementor-element-47405cc elementor-widget elementor-widget-spacer\" data-id=\"47405cc\" data-element_type=\"widget\" data-widget_type=\"spacer.default\">\n\t\t\t\t<div class=\"elementor-widget-container\">\n\t\t\t\t\t<div class=\"elementor-spacer\">\n\t\t\t<div class=\"elementor-spacer-inner\"><\/div>\n\t\t<\/div>\n\t\t\t\t<\/div>\n\t\t\t\t<\/div>\n\t\t\t\t\t<\/div>\n\t\t<\/div>\n\t\t\t\t\t<\/div>\n\t\t<\/section>\n\t\t\t\t<section class=\"elementor-section elementor-top-section elementor-element elementor-element-16909f7 elementor-section-boxed elementor-section-height-default elementor-section-height-default\" data-id=\"16909f7\" data-element_type=\"section\">\n\t\t\t\t\t\t<div class=\"elementor-container elementor-column-gap-default\">\n\t\t\t\t\t<div class=\"elementor-column elementor-col-100 elementor-top-column elementor-element elementor-element-7084146\" data-id=\"7084146\" data-element_type=\"column\">\n\t\t\t<div class=\"elementor-widget-wrap elementor-element-populated\">\n\t\t\t\t\t\t<div class=\"elementor-element elementor-element-935d9be elementor-widget elementor-widget-text-editor\" data-id=\"935d9be\" data-element_type=\"widget\" data-widget_type=\"text-editor.default\">\n\t\t\t\t<div class=\"elementor-widget-container\">\n\t\t\t\t\t\t\t<p><strong>MATERIAL PARA CONSULTA E DOWNLOAD<br \/><\/strong><\/p><ul><li><strong><a href=\"https:\/\/www.ufsm.br\/app\/uploads\/sites\/369\/2023\/01\/Portaria-2554-2022-Designa-responsaveis-por-Depositos-d-Produtos-Controlados.pdf\" target=\"_blank\" rel=\"noopener\">Respons\u00e1vel pelos produtos controlados no \u00e2mbito do CCNE<\/a>:<\/strong> Henrique Faccin &#8211;\u00a0<a href=\"mailto:laboratorios.ccne@ufsm.br\">laboratorios.ccne@ufsm.br<\/a><\/li><li><strong><a href=\"https:\/\/www.ufsm.br\/app\/uploads\/sites\/369\/2021\/11\/Memo-circ.-007-Informa-sobre-controle-de-produtos-quimicos-no-ambito-do-CCNE.pdf\" target=\"_blank\" rel=\"noopener\">Memorando Circular n. 07\/2021\/CCNE<\/a><\/strong> &#8211; Informa sobre procedimento de controle de produtos qu\u00edmicos no \u00e2mbito do CCNE<\/li><li><a href=\"https:\/\/www.ufsm.br\/app\/uploads\/sites\/369\/2021\/08\/Portaria-n.-118-de-2019-Lista-de-produtos-controlados.pdf\" target=\"_blank\" rel=\"noopener\">Produtos controlados pelo Ex\u00e9rcito Brasileiro (Portaria n. 118\/2019 &#8211; COLOG, de 04 de outubro de 2019)<\/a><\/li><li><a href=\"https:\/\/www.ufsm.br\/app\/uploads\/sites\/369\/2022\/10\/Portaria-n.-204-2022-Estabelece-procedimentos-para-o-controle-de-produtos-quimicos.pdf\" target=\"_blank\" rel=\"noopener\">Produtos controlados pela Pol\u00edcia Federal (Portaria n. 204\/2022 &#8211; MJSP, de 21 de outubro de 2022)<\/a><\/li><li><strong><a href=\"https:\/\/www.ufsm.br\/app\/uploads\/sites\/369\/2022\/02\/PLANO-DE-SEGURANCA-DE-PCE-ESPECIFICO-PRODUTOS-QUIMICOS-2021.pdf\" target=\"_blank\" rel=\"noopener\">Plano de seguran\u00e7a de Produtos Controlados pelo Ex\u00e9rcito Brasileiro (v. 2021)<\/a><\/strong><\/li><\/ul>\t\t\t\t\t\t<\/div>\n\t\t\t\t<\/div>\n\t\t\t\t\t<\/div>\n\t\t<\/div>\n\t\t\t\t\t<\/div>\n\t\t<\/section>\n\t\t\t\t<\/div>\n\t\t","protected":false},"excerpt":{"rendered":"<p>Lista de produtos controlados Procedimentos de compra de produtos controlados: Produtos controlados pelo Ex\u00e9rcito Brasileiro Detalhamento do processo (clique aqui para detalhes) 1) Antes do in\u00edcio do processo de compra, o respons\u00e1vel pelo Dep\u00f3sito de Produtos Qu\u00edmicos do CCNE (laboratorios.ccne@ufsm.br) deve ser consultado sobre a possibilidade de aquisi\u00e7\u00e3o dos produtos desejados, independente de disponibilidade or\u00e7ament\u00e1ria, [&hellip;]<\/p>\n","protected":false},"author":534,"featured_media":0,"parent":2155,"menu_order":4,"comment_status":"closed","ping_status":"closed","template":"","meta":{"footnotes":""},"categories":[],"tags":[],"class_list":["post-2437","page","type-page","status-publish","hentry"],"acf":[],"_links":{"self":[{"href":"https:\/\/www.ufsm.br\/unidades-universitarias\/ccne\/wp-json\/wp\/v2\/pages\/2437","targetHints":{"allow":["GET"]}}],"collection":[{"href":"https:\/\/www.ufsm.br\/unidades-universitarias\/ccne\/wp-json\/wp\/v2\/pages"}],"about":[{"href":"https:\/\/www.ufsm.br\/unidades-universitarias\/ccne\/wp-json\/wp\/v2\/types\/page"}],"author":[{"embeddable":true,"href":"https:\/\/www.ufsm.br\/unidades-universitarias\/ccne\/wp-json\/wp\/v2\/users\/534"}],"replies":[{"embeddable":true,"href":"https:\/\/www.ufsm.br\/unidades-universitarias\/ccne\/wp-json\/wp\/v2\/comments?post=2437"}],"version-history":[{"count":0,"href":"https:\/\/www.ufsm.br\/unidades-universitarias\/ccne\/wp-json\/wp\/v2\/pages\/2437\/revisions"}],"up":[{"embeddable":true,"href":"https:\/\/www.ufsm.br\/unidades-universitarias\/ccne\/wp-json\/wp\/v2\/pages\/2155"}],"wp:attachment":[{"href":"https:\/\/www.ufsm.br\/unidades-universitarias\/ccne\/wp-json\/wp\/v2\/media?parent=2437"}],"wp:term":[{"taxonomy":"category","embeddable":true,"href":"https:\/\/www.ufsm.br\/unidades-universitarias\/ccne\/wp-json\/wp\/v2\/categories?post=2437"},{"taxonomy":"post_tag","embeddable":true,"href":"https:\/\/www.ufsm.br\/unidades-universitarias\/ccne\/wp-json\/wp\/v2\/tags?post=2437"}],"curies":[{"name":"wp","href":"https:\/\/api.w.org\/{rel}","templated":true}]}}