{"id":2762,"date":"2022-06-06T21:25:17","date_gmt":"2022-06-07T00:25:17","guid":{"rendered":"https:\/\/www.ufsm.br\/unidades-universitarias\/ccne\/?page_id=2762"},"modified":"2022-06-07T15:55:36","modified_gmt":"2022-06-07T18:55:36","slug":"secretaria-administrativa-do-ccne","status":"publish","type":"page","link":"https:\/\/www.ufsm.br\/unidades-universitarias\/ccne\/secretaria-administrativa-do-ccne","title":{"rendered":"Secretaria Administrativa &#8211; Sec\/CCNE"},"content":{"rendered":"\n<p><span style=\"font-weight: 400\">A Secretaria Administrativa do CCNE (Sec\/CCNE), \u00e9 vinculada <\/span><span style=\"font-weight: 400\">ao Centro de Ci\u00eancias Naturais e Exatas (CCNE). Al\u00e9m das compet\u00eancias gerais correspondentes constantes no Regimento Geral, a Secretaria tem como compet\u00eancias:<\/span><\/p>\n<ul>\n<li style=\"font-weight: 400\"><span style=\"font-weight: 400\">elaborar e\/ou executar atos determinados ou autorizados pelo Diretor(a) e\/ou Vice-Diretor(a) da Unidade de Ensino;<\/span><\/li>\n<li style=\"font-weight: 400\"><span style=\"font-weight: 400\">controlar o recebimento, movimenta\u00e7\u00e3o e expedi\u00e7\u00e3o de documentos e correspond\u00eancias;<\/span><\/li>\n<\/ul>\n<ul>\n<li style=\"font-weight: 400\"><span style=\"font-weight: 400\">tornar p\u00fablico os editais, ordens de servi\u00e7o, avisos e determina\u00e7\u00f5es que devem ser divulgadas; e,<\/span><\/li>\n<li style=\"font-weight: 400\"><span style=\"font-weight: 400\">executar outras atividades inerentes a sua \u00e1rea de compet\u00eancia.<\/span><\/li>\n<\/ul>\n","protected":false},"excerpt":{"rendered":"<p>A Secretaria Administrativa do CCNE (Sec\/CCNE), \u00e9 vinculada ao Centro de Ci\u00eancias Naturais e Exatas (CCNE). Al\u00e9m das compet\u00eancias gerais correspondentes constantes no Regimento Geral, a Secretaria tem como compet\u00eancias: elaborar e\/ou executar atos determinados ou autorizados pelo Diretor(a) e\/ou Vice-Diretor(a) da Unidade de Ensino; controlar o recebimento, movimenta\u00e7\u00e3o e expedi\u00e7\u00e3o de documentos e correspond\u00eancias; [&hellip;]<\/p>\n","protected":false},"author":5675,"featured_media":0,"parent":0,"menu_order":0,"comment_status":"closed","ping_status":"closed","template":"","meta":{"footnotes":""},"categories":[],"tags":[],"class_list":["post-2762","page","type-page","status-publish","hentry"],"acf":[],"_links":{"self":[{"href":"https:\/\/www.ufsm.br\/unidades-universitarias\/ccne\/wp-json\/wp\/v2\/pages\/2762","targetHints":{"allow":["GET"]}}],"collection":[{"href":"https:\/\/www.ufsm.br\/unidades-universitarias\/ccne\/wp-json\/wp\/v2\/pages"}],"about":[{"href":"https:\/\/www.ufsm.br\/unidades-universitarias\/ccne\/wp-json\/wp\/v2\/types\/page"}],"author":[{"embeddable":true,"href":"https:\/\/www.ufsm.br\/unidades-universitarias\/ccne\/wp-json\/wp\/v2\/users\/5675"}],"replies":[{"embeddable":true,"href":"https:\/\/www.ufsm.br\/unidades-universitarias\/ccne\/wp-json\/wp\/v2\/comments?post=2762"}],"version-history":[{"count":0,"href":"https:\/\/www.ufsm.br\/unidades-universitarias\/ccne\/wp-json\/wp\/v2\/pages\/2762\/revisions"}],"wp:attachment":[{"href":"https:\/\/www.ufsm.br\/unidades-universitarias\/ccne\/wp-json\/wp\/v2\/media?parent=2762"}],"wp:term":[{"taxonomy":"category","embeddable":true,"href":"https:\/\/www.ufsm.br\/unidades-universitarias\/ccne\/wp-json\/wp\/v2\/categories?post=2762"},{"taxonomy":"post_tag","embeddable":true,"href":"https:\/\/www.ufsm.br\/unidades-universitarias\/ccne\/wp-json\/wp\/v2\/tags?post=2762"}],"curies":[{"name":"wp","href":"https:\/\/api.w.org\/{rel}","templated":true}]}}