{"id":2766,"date":"2022-06-06T21:51:09","date_gmt":"2022-06-07T00:51:09","guid":{"rendered":"https:\/\/www.ufsm.br\/unidades-universitarias\/ccne\/?page_id=2766"},"modified":"2026-03-13T15:33:51","modified_gmt":"2026-03-13T18:33:51","slug":"secretaria-integrada-dos-cursos-de-pos-graduacao-do-ccne","status":"publish","type":"page","link":"https:\/\/www.ufsm.br\/unidades-universitarias\/ccne\/secretaria-integrada-dos-cursos-de-pos-graduacao-do-ccne","title":{"rendered":"Secretaria Integrada dos Cursos de P\u00f3s-gradua\u00e7\u00e3o &#8211; SIPG\/CCNE"},"content":{"rendered":"\t\t<div data-elementor-type=\"wp-page\" data-elementor-id=\"2766\" class=\"elementor elementor-2766\">\n\t\t\t\t\t\t<section class=\"elementor-section elementor-top-section elementor-element elementor-element-d6098f3 elementor-section-boxed elementor-section-height-default elementor-section-height-default\" data-id=\"d6098f3\" data-element_type=\"section\">\n\t\t\t\t\t\t<div class=\"elementor-container elementor-column-gap-default\">\n\t\t\t\t\t<div class=\"elementor-column elementor-col-100 elementor-top-column elementor-element elementor-element-63111a4e\" data-id=\"63111a4e\" data-element_type=\"column\">\n\t\t\t<div class=\"elementor-widget-wrap elementor-element-populated\">\n\t\t\t\t\t\t<div class=\"elementor-element elementor-element-3b5a07a elementor-widget elementor-widget-text-editor\" data-id=\"3b5a07a\" data-element_type=\"widget\" data-widget_type=\"text-editor.default\">\n\t\t\t\t<div class=\"elementor-widget-container\">\n\t\t\t\t\t\t\t<p><span style=\"font-weight: 400\">A Secretaria Integrada dos Cursos de P\u00f3s-Gradua\u00e7\u00e3o do CCNE (SIPG\/CCNE) \u00e9 vinculada \u00e0 Secretaria Administrativa do CCNE (Sec\/CCNE). S\u00e3o atribui\u00e7\u00f5es da SIPG, conforme o Regimento do CCNE (Resolu\u00e7\u00e3o UFSM N. 095, de 18 de maio de 2022):&nbsp;<\/span><\/p>\n<ul>\n<li style=\"font-weight: 400\"><span style=\"font-weight: 400\">dar suporte \u00e0s rotinas administrativas dos Programas e Cursos de P\u00f3s-Gradua\u00e7\u00e3o sob sua responsabilidade e aos respectivos coordenadores dos Programas\/Cursos, relacionados a oferta de disciplinas, matr\u00edculas, e no planejamento de hor\u00e1rios e vagas para cada semestre, entre outras;<\/span><\/li>\n<li style=\"font-weight: 400\"><span style=\"font-weight: 400\">executar as rotinas administrativas, no \u00e2mbito da Secretaria Integrada de P\u00f3s-Gradua\u00e7\u00e3o, obedecendo \u00e0s legisla\u00e7\u00f5es vigentes; e,<\/span><\/li>\n<li style=\"font-weight: 400\"><span style=\"font-weight: 400\">prestar apoio administrativo nas rotinas dos colegiados dos Programas e Cursos sob responsabilidade da Secretaria Integrada de P\u00f3s-Gradua\u00e7\u00e3o.<\/span><\/li>\n<\/ul>\n<div>&nbsp;<\/div>\n<p>Localiza\u00e7\u00e3o: Sala 1108 C, pr\u00e9dio 13, Av. Roraima, 1000 &#8211; Cidade Universit\u00e1ria.<\/p>\n<p><span style=\"color: #000000;font-size: 1rem;font-weight: var( --e-global-typography-text-font-weight );text-align: var(--bs-body-text-align)\">As demandas dever\u00e3o ser enviadas para o e-mail:&nbsp;pos.ccne@ufsm.br<\/span><\/p>\n<p>Contatos:&nbsp;3220-8305\/ 3220-6163 e Chat do Google (<span style=\"font-size: 16px\">pos.ccne@ufsm.br<\/span><span style=\"font-size: 1rem\">)&nbsp;<\/span><\/p>\n<p><span style=\"color: #000000;font-size: 1rem;font-weight: var( --e-global-typography-text-font-weight );text-align: var(--bs-body-text-align)\"><strong>Hor\u00e1rios de atendimento Externo<\/strong>: das 08:30 \u00e0s 11:30 e das 13:30 \u00e0s 16:30<\/span><\/p>\n<p><span style=\"color: #000000;font-size: 1rem;font-weight: var( --e-global-typography-text-font-weight );text-align: var(--bs-body-text-align)\">&nbsp;<\/span><span style=\"font-size: 16px;text-align: var(--bs-body-text-align);font-weight: bolder\">Equipe geral SIPG<\/span><span style=\"font-size: 16px;font-weight: var( --e-global-typography-text-font-weight );text-align: var(--bs-body-text-align)\">:<\/span><\/p>\n<ul style=\"color: #000000;font-size: 16px\">\n<li>Anita da Silva Herdina (Chefe da SIPG\/CCNE)<\/li>\n<li>Carla Moro Bitencourt&nbsp;<\/li>\n<li>D\u00e9bora Bortoluzzi Pereira&nbsp;<\/li>\n<li>Maicon Barcellos Chaves<\/li>\n<li>Thiago Miller de Campos Viana&nbsp;<\/li>\n<\/ul>\n<div style=\"color: #1c1c1c;font-size: 16px\">\n<p><span style=\"color: #000000\"><span style=\"font-weight: bolder\">Equipe de atendimento aos PPGs de excel\u00eancia<\/span>:<\/span><\/p>\n<ul style=\"color: #000000;font-size: 16px\">\n<li>PPG em Biodiversidade Animal: Sidnei Santos da Cruz<\/li>\n<li>PPG em Bioqu\u00edmica Toxicol\u00f3gica: Elvandir Guedes Guimar\u00e3es<\/li>\n<li>PPG em Qu\u00edmica: Ademir Sarzi Sartori e Miguel Angelo Nascimento de Paula<\/li>\n<\/ul>\n<\/div>\n<p><!-- \/wp:tadv\/classic-paragraph --><\/p>\t\t\t\t\t\t<\/div>\n\t\t\t\t<\/div>\n\t\t\t\t\t<\/div>\n\t\t<\/div>\n\t\t\t\t\t<\/div>\n\t\t<\/section>\n\t\t\t\t<section class=\"elementor-section elementor-top-section elementor-element elementor-element-72f4a64 elementor-section-boxed elementor-section-height-default elementor-section-height-default\" data-id=\"72f4a64\" data-element_type=\"section\">\n\t\t\t\t\t\t<div class=\"elementor-container elementor-column-gap-default\">\n\t\t\t\t\t<div class=\"elementor-column elementor-col-100 elementor-top-column elementor-element elementor-element-a688f8b\" data-id=\"a688f8b\" data-element_type=\"column\">\n\t\t\t<div class=\"elementor-widget-wrap elementor-element-populated\">\n\t\t\t\t\t\t<div class=\"elementor-element elementor-element-c6c4919 elementor-widget elementor-widget-text-editor\" data-id=\"c6c4919\" data-element_type=\"widget\" data-widget_type=\"text-editor.default\">\n\t\t\t\t<div class=\"elementor-widget-container\">\n\t\t\t\t\t\t\t<h5 class=\"wp-block-heading\">INFORMA\u00c7\u00d5ES GERAIS SOBRE OS PROGRAMAS ATENDIDOS PELA SECRETARIA<\/h5>\n<p><!-- wp:heading {\"level\":5} \/--><!-- wp:paragraph \/--><\/p>\t\t\t\t\t\t<\/div>\n\t\t\t\t<\/div>\n\t\t\t\t<div class=\"elementor-element elementor-element-62c5327 elementor-widget elementor-widget-image\" data-id=\"62c5327\" data-element_type=\"widget\" data-widget_type=\"image.default\">\n\t\t\t\t<div class=\"elementor-widget-container\">\n\t\t\t\t\t\t\t\t\t\t\t\t\t<img fetchpriority=\"high\" decoding=\"async\" width=\"1024\" height=\"724\" src=\"https:\/\/www.ufsm.br\/app\/uploads\/sites\/369\/2026\/01\/DADOS-GERAIS-PPGs-2026_page-0001-1024x724.jpg\" class=\"attachment-large size-large wp-image-6774\" alt=\"\" srcset=\"https:\/\/www.ufsm.br\/app\/uploads\/sites\/369\/2026\/01\/DADOS-GERAIS-PPGs-2026_page-0001-1024x724.jpg 1024w, https:\/\/www.ufsm.br\/app\/uploads\/sites\/369\/2026\/01\/DADOS-GERAIS-PPGs-2026_page-0001-300x212.jpg 300w, https:\/\/www.ufsm.br\/app\/uploads\/sites\/369\/2026\/01\/DADOS-GERAIS-PPGs-2026_page-0001-768x543.jpg 768w, https:\/\/www.ufsm.br\/app\/uploads\/sites\/369\/2026\/01\/DADOS-GERAIS-PPGs-2026_page-0001-1536x1085.jpg 1536w, https:\/\/www.ufsm.br\/app\/uploads\/sites\/369\/2026\/01\/DADOS-GERAIS-PPGs-2026_page-0001.jpg 1755w\" sizes=\"(max-width: 1024px) 100vw, 1024px\" \/>\t\t\t\t\t\t\t\t\t\t\t\t\t<\/div>\n\t\t\t\t<\/div>\n\t\t\t\t\t<\/div>\n\t\t<\/div>\n\t\t\t\t\t<\/div>\n\t\t<\/section>\n\t\t\t\t<section class=\"elementor-section elementor-top-section elementor-element elementor-element-dce6080 elementor-section-boxed elementor-section-height-default elementor-section-height-default\" data-id=\"dce6080\" data-element_type=\"section\">\n\t\t\t\t\t\t<div class=\"elementor-container elementor-column-gap-default\">\n\t\t\t\t\t<div class=\"elementor-column elementor-col-33 elementor-top-column elementor-element elementor-element-24fb1db\" data-id=\"24fb1db\" data-element_type=\"column\">\n\t\t\t<div class=\"elementor-widget-wrap elementor-element-populated\">\n\t\t\t\t\t\t<div class=\"elementor-element elementor-element-bb50155 elementor-align-center elementor-widget elementor-widget-button\" data-id=\"bb50155\" data-element_type=\"widget\" data-widget_type=\"button.default\">\n\t\t\t\t<div class=\"elementor-widget-container\">\n\t\t\t\t\t\t\t<div class=\"elementor-button-wrapper\">\n\t\t\t\t\t<a class=\"elementor-button elementor-button-link elementor-size-sm\" href=\"https:\/\/www.ufsm.br\/unidades-universitarias\/ccne\/secretaria-integrada-dos-cursos-de-pos-graduacao-do-ccne\/orientacao-para-a-utilizacao-dos-recursos-do-proap\/plano-de-estudos\">\n\t\t\t\t\t\t<span class=\"elementor-button-content-wrapper\">\n\t\t\t\t\t\t\t\t\t<span class=\"elementor-button-text\">Plano de Estudos<\/span>\n\t\t\t\t\t<\/span>\n\t\t\t\t\t<\/a>\n\t\t\t\t<\/div>\n\t\t\t\t\t\t<\/div>\n\t\t\t\t<\/div>\n\t\t\t\t\t<\/div>\n\t\t<\/div>\n\t\t\t\t<div class=\"elementor-column elementor-col-33 elementor-top-column elementor-element elementor-element-938e1ec\" data-id=\"938e1ec\" data-element_type=\"column\">\n\t\t\t<div class=\"elementor-widget-wrap elementor-element-populated\">\n\t\t\t\t\t\t<div class=\"elementor-element elementor-element-73d425a elementor-align-center elementor-widget elementor-widget-button\" data-id=\"73d425a\" data-element_type=\"widget\" data-widget_type=\"button.default\">\n\t\t\t\t<div class=\"elementor-widget-container\">\n\t\t\t\t\t\t\t<div class=\"elementor-button-wrapper\">\n\t\t\t\t\t<a class=\"elementor-button elementor-button-link elementor-size-sm\" href=\"https:\/\/www.ufsm.br\/unidades-universitarias\/ccne\/secretaria-integrada-dos-cursos-de-pos-graduacao-do-ccne\/orientacao-para-a-utilizacao-dos-recursos-do-proap\/orientacoes-sobre-matricula\">\n\t\t\t\t\t\t<span class=\"elementor-button-content-wrapper\">\n\t\t\t\t\t\t\t\t\t<span class=\"elementor-button-text\">Orienta\u00e7\u00f5es sobre matr\u00edcula<\/span>\n\t\t\t\t\t<\/span>\n\t\t\t\t\t<\/a>\n\t\t\t\t<\/div>\n\t\t\t\t\t\t<\/div>\n\t\t\t\t<\/div>\n\t\t\t\t\t<\/div>\n\t\t<\/div>\n\t\t\t\t<div class=\"elementor-column elementor-col-33 elementor-top-column elementor-element elementor-element-a23f213\" data-id=\"a23f213\" data-element_type=\"column\">\n\t\t\t<div class=\"elementor-widget-wrap elementor-element-populated\">\n\t\t\t\t\t\t<div class=\"elementor-element elementor-element-99940d5 elementor-align-center elementor-widget elementor-widget-button\" data-id=\"99940d5\" data-element_type=\"widget\" data-widget_type=\"button.default\">\n\t\t\t\t<div class=\"elementor-widget-container\">\n\t\t\t\t\t\t\t<div class=\"elementor-button-wrapper\">\n\t\t\t\t\t<a class=\"elementor-button elementor-button-link elementor-size-sm\" href=\"https:\/\/www.ufsm.br\/unidades-universitarias\/ccne\/secretaria-integrada-dos-cursos-de-pos-graduacao-do-ccne\/orientacoes-para-qualificacoes-e-defesas\" target=\"_blank\">\n\t\t\t\t\t\t<span class=\"elementor-button-content-wrapper\">\n\t\t\t\t\t\t\t\t\t<span class=\"elementor-button-text\">Qualifica\u00e7\u00f5es e Defesas<\/span>\n\t\t\t\t\t<\/span>\n\t\t\t\t\t<\/a>\n\t\t\t\t<\/div>\n\t\t\t\t\t\t<\/div>\n\t\t\t\t<\/div>\n\t\t\t\t\t<\/div>\n\t\t<\/div>\n\t\t\t\t\t<\/div>\n\t\t<\/section>\n\t\t\t\t<section class=\"elementor-section elementor-top-section elementor-element elementor-element-31e0073 elementor-section-boxed elementor-section-height-default elementor-section-height-default\" data-id=\"31e0073\" data-element_type=\"section\">\n\t\t\t\t\t\t<div class=\"elementor-container elementor-column-gap-default\">\n\t\t\t\t\t<div class=\"elementor-column elementor-col-33 elementor-top-column elementor-element elementor-element-d6c644d\" data-id=\"d6c644d\" data-element_type=\"column\">\n\t\t\t<div class=\"elementor-widget-wrap elementor-element-populated\">\n\t\t\t\t\t\t<div class=\"elementor-element elementor-element-8385a97 elementor-align-center elementor-widget elementor-widget-button\" data-id=\"8385a97\" data-element_type=\"widget\" data-widget_type=\"button.default\">\n\t\t\t\t<div class=\"elementor-widget-container\">\n\t\t\t\t\t\t\t<div class=\"elementor-button-wrapper\">\n\t\t\t\t\t<a class=\"elementor-button elementor-button-link elementor-size-sm\" href=\"https:\/\/www.ufsm.br\/unidades-universitarias\/ccne\/secretaria-integrada-dos-cursos-de-pos-graduacao-do-ccne\/dispensa-e-aproveitamento-de-disciplinas\">\n\t\t\t\t\t\t<span class=\"elementor-button-content-wrapper\">\n\t\t\t\t\t\t\t\t\t<span class=\"elementor-button-text\">Aproveitamento\/dispensa de disciplinas<\/span>\n\t\t\t\t\t<\/span>\n\t\t\t\t\t<\/a>\n\t\t\t\t<\/div>\n\t\t\t\t\t\t<\/div>\n\t\t\t\t<\/div>\n\t\t\t\t\t<\/div>\n\t\t<\/div>\n\t\t\t\t<div class=\"elementor-column elementor-col-33 elementor-top-column elementor-element elementor-element-1cac3a8\" data-id=\"1cac3a8\" data-element_type=\"column\">\n\t\t\t<div class=\"elementor-widget-wrap elementor-element-populated\">\n\t\t\t\t\t\t<div class=\"elementor-element elementor-element-39294d7 elementor-align-center elementor-widget elementor-widget-button\" data-id=\"39294d7\" data-element_type=\"widget\" data-widget_type=\"button.default\">\n\t\t\t\t<div class=\"elementor-widget-container\">\n\t\t\t\t\t\t\t<div class=\"elementor-button-wrapper\">\n\t\t\t\t\t<a class=\"elementor-button elementor-button-link elementor-size-sm\" href=\"https:\/\/www.ufsm.br\/unidades-universitarias\/ccne\/passo-a-passo-comprovacao-de-suficiencia-em-lingua-estrangeira-na-pos-graduacao-ufsm\" target=\"_blank\">\n\t\t\t\t\t\t<span class=\"elementor-button-content-wrapper\">\n\t\t\t\t\t\t\t\t\t<span class=\"elementor-button-text\">Registro de Teste de Sufici\u00eancia<\/span>\n\t\t\t\t\t<\/span>\n\t\t\t\t\t<\/a>\n\t\t\t\t<\/div>\n\t\t\t\t\t\t<\/div>\n\t\t\t\t<\/div>\n\t\t\t\t\t<\/div>\n\t\t<\/div>\n\t\t\t\t<div class=\"elementor-column elementor-col-33 elementor-top-column elementor-element elementor-element-ad7aecd\" data-id=\"ad7aecd\" data-element_type=\"column\">\n\t\t\t<div class=\"elementor-widget-wrap elementor-element-populated\">\n\t\t\t\t\t\t<div class=\"elementor-element elementor-element-1604f56 elementor-align-center elementor-widget elementor-widget-button\" data-id=\"1604f56\" data-element_type=\"widget\" data-widget_type=\"button.default\">\n\t\t\t\t<div class=\"elementor-widget-container\">\n\t\t\t\t\t\t\t<div class=\"elementor-button-wrapper\">\n\t\t\t\t\t<a class=\"elementor-button elementor-button-link elementor-size-sm\" href=\"https:\/\/www.ufsm.br\/unidades-universitarias\/ccne\/secretaria-integrada-dos-cursos-de-pos-graduacao-do-ccne\/orientacao-para-a-utilizacao-dos-recursos-do-proap\/docencia-orientada\" target=\"_blank\">\n\t\t\t\t\t\t<span class=\"elementor-button-content-wrapper\">\n\t\t\t\t\t\t\t\t\t<span class=\"elementor-button-text\">Doc\u00eancia Orientada<\/span>\n\t\t\t\t\t<\/span>\n\t\t\t\t\t<\/a>\n\t\t\t\t<\/div>\n\t\t\t\t\t\t<\/div>\n\t\t\t\t<\/div>\n\t\t\t\t\t<\/div>\n\t\t<\/div>\n\t\t\t\t\t<\/div>\n\t\t<\/section>\n\t\t\t\t<section class=\"elementor-section elementor-top-section elementor-element elementor-element-4233d73 elementor-section-boxed elementor-section-height-default elementor-section-height-default\" data-id=\"4233d73\" data-element_type=\"section\">\n\t\t\t\t\t\t<div class=\"elementor-container elementor-column-gap-default\">\n\t\t\t\t\t<div class=\"elementor-column elementor-col-100 elementor-top-column elementor-element elementor-element-6d1ab41\" data-id=\"6d1ab41\" data-element_type=\"column\">\n\t\t\t<div class=\"elementor-widget-wrap\">\n\t\t\t\t\t\t\t<\/div>\n\t\t<\/div>\n\t\t\t\t\t<\/div>\n\t\t<\/section>\n\t\t\t\t<\/div>\n\t\t","protected":false},"excerpt":{"rendered":"<p>A Secretaria Integrada dos Cursos de P\u00f3s-Gradua\u00e7\u00e3o do CCNE (SIPG\/CCNE) \u00e9 vinculada \u00e0 Secretaria Administrativa do CCNE (Sec\/CCNE). S\u00e3o atribui\u00e7\u00f5es da SIPG, conforme o Regimento do CCNE (Resolu\u00e7\u00e3o UFSM N. 095, de 18 de maio de 2022):&nbsp; dar suporte \u00e0s rotinas administrativas dos Programas e Cursos de P\u00f3s-Gradua\u00e7\u00e3o sob sua responsabilidade e aos respectivos coordenadores [&hellip;]<\/p>\n","protected":false},"author":5675,"featured_media":0,"parent":0,"menu_order":0,"comment_status":"closed","ping_status":"closed","template":"","meta":{"footnotes":""},"categories":[],"tags":[],"class_list":["post-2766","page","type-page","status-publish","hentry"],"acf":[],"_links":{"self":[{"href":"https:\/\/www.ufsm.br\/unidades-universitarias\/ccne\/wp-json\/wp\/v2\/pages\/2766","targetHints":{"allow":["GET"]}}],"collection":[{"href":"https:\/\/www.ufsm.br\/unidades-universitarias\/ccne\/wp-json\/wp\/v2\/pages"}],"about":[{"href":"https:\/\/www.ufsm.br\/unidades-universitarias\/ccne\/wp-json\/wp\/v2\/types\/page"}],"author":[{"embeddable":true,"href":"https:\/\/www.ufsm.br\/unidades-universitarias\/ccne\/wp-json\/wp\/v2\/users\/5675"}],"replies":[{"embeddable":true,"href":"https:\/\/www.ufsm.br\/unidades-universitarias\/ccne\/wp-json\/wp\/v2\/comments?post=2766"}],"version-history":[{"count":0,"href":"https:\/\/www.ufsm.br\/unidades-universitarias\/ccne\/wp-json\/wp\/v2\/pages\/2766\/revisions"}],"wp:attachment":[{"href":"https:\/\/www.ufsm.br\/unidades-universitarias\/ccne\/wp-json\/wp\/v2\/media?parent=2766"}],"wp:term":[{"taxonomy":"category","embeddable":true,"href":"https:\/\/www.ufsm.br\/unidades-universitarias\/ccne\/wp-json\/wp\/v2\/categories?post=2766"},{"taxonomy":"post_tag","embeddable":true,"href":"https:\/\/www.ufsm.br\/unidades-universitarias\/ccne\/wp-json\/wp\/v2\/tags?post=2766"}],"curies":[{"name":"wp","href":"https:\/\/api.w.org\/{rel}","templated":true}]}}