{"id":2770,"date":"2022-06-07T09:56:22","date_gmt":"2022-06-07T12:56:22","guid":{"rendered":"https:\/\/www.ufsm.br\/unidades-universitarias\/ccne\/?page_id=2770"},"modified":"2025-10-15T08:13:36","modified_gmt":"2025-10-15T11:13:36","slug":"subdivisao-de-gestao-de-estagios","status":"publish","type":"page","link":"https:\/\/www.ufsm.br\/unidades-universitarias\/ccne\/apoio-pedagogico\/subdivisao-de-gestao-de-estagios","title":{"rendered":"Subdivis\u00e3o de Gest\u00e3o de Est\u00e1gios &#8211; Est\u00e1gios\/CCNE"},"content":{"rendered":"\t\t<div data-elementor-type=\"wp-page\" data-elementor-id=\"2770\" class=\"elementor elementor-2770\">\n\t\t\t\t\t\t<section class=\"elementor-section elementor-top-section elementor-element elementor-element-252a00e0 elementor-section-boxed elementor-section-height-default elementor-section-height-default\" data-id=\"252a00e0\" data-element_type=\"section\">\n\t\t\t\t\t\t<div class=\"elementor-container elementor-column-gap-default\">\n\t\t\t\t\t<div class=\"elementor-column elementor-col-100 elementor-top-column elementor-element elementor-element-4db29af9\" data-id=\"4db29af9\" data-element_type=\"column\">\n\t\t\t<div class=\"elementor-widget-wrap elementor-element-populated\">\n\t\t\t\t\t\t<div class=\"elementor-element elementor-element-cb9fd8e elementor-widget elementor-widget-heading\" data-id=\"cb9fd8e\" data-element_type=\"widget\" data-widget_type=\"heading.default\">\n\t\t\t\t<div class=\"elementor-widget-container\">\n\t\t\t<h5 class=\"elementor-heading-title elementor-size-default\">Sobre a Subdvis\u00e3o de Gest\u00e3o de Est\u00e1gios<\/h5>\t\t<\/div>\n\t\t\t\t<\/div>\n\t\t\t\t<div class=\"elementor-element elementor-element-1c440169 elementor-widget elementor-widget-text-editor\" data-id=\"1c440169\" data-element_type=\"widget\" data-widget_type=\"text-editor.default\">\n\t\t\t\t<div class=\"elementor-widget-container\">\n\t\t\t\t\t\t\t<p><!-- wp:tadv\/classic-paragraph --><\/p>\n<p><span style=\"font-weight: 400\">A Subdivis\u00e3o de Gest\u00e3o de Est\u00e1gios do CCNE \u00e9 vinculada ao Setor Pedag\u00f3gico do CCNE. Al\u00e9m das compet\u00eancias gerais correspondentes constantes no Regimento Geral, ir\u00e1 auxiliar:<\/span><\/p>\n<ul>\n<li style=\"font-weight: 400\"><span style=\"font-weight: 400\">Orientando quanto \u00e0 documenta\u00e7\u00e3o necess\u00e1ria para realiza\u00e7\u00e3o do est\u00e1gio;<\/span><\/li>\n<li style=\"font-weight: 400\"><span style=\"font-weight: 400\">Dando suporte quanto ao preenchimento do Termo de Compromisso de Est\u00e1gio e demais documentos;<\/span><\/li>\n<li style=\"font-weight: 400\"><span style=\"font-weight: 400\">Prestando assist\u00eancia quanto da abertura do Processo de Homologa\u00e7\u00e3o de Est\u00e1gio no PENSIE e demais orienta\u00e7\u00f5es;<\/span><\/li>\n<li style=\"font-weight: 400\"><span style=\"font-weight: 400\">Ajudando com as demandas relativas a est\u00e1gios extracurriculares.<\/span><a href=\"https:\/\/www.canva.com\/design\/DAFcnRRN4p8\/zXi4Wn1qoQA4SGH9pkvfmg\/view?website#2:antes-de-iniciar-o-est-gio-siga-todas-as-etapas.\">\u00a0<\/a><\/li>\n<\/ul>\n<p>\u00a0<\/p>\n<p>\u00a0<\/p>\n<p><!-- \/wp:tadv\/classic-paragraph --><\/p>\t\t\t\t\t\t<\/div>\n\t\t\t\t<\/div>\n\t\t\t\t<div class=\"elementor-element elementor-element-34a749c elementor-widget elementor-widget-heading\" data-id=\"34a749c\" data-element_type=\"widget\" data-widget_type=\"heading.default\">\n\t\t\t\t<div class=\"elementor-widget-container\">\n\t\t\t<h5 class=\"elementor-heading-title elementor-size-default\">Contato<\/h5>\t\t<\/div>\n\t\t\t\t<\/div>\n\t\t\t\t<div class=\"elementor-element elementor-element-0ced089 elementor-widget elementor-widget-text-editor\" data-id=\"0ced089\" data-element_type=\"widget\" data-widget_type=\"text-editor.default\">\n\t\t\t\t<div class=\"elementor-widget-container\">\n\t\t\t\t\t\t\t<p style=\"color: #000000;font-size: 16px\">E-mail:\u00a0<a style=\"color: #204c90\" href=\"mailto:estagios.ccne@ufsm.br\">estagios.ccne@ufsm.br<\/a><\/p>\n<p style=\"color: #000000;font-size: 16px\"><span style=\"color: #000000;font-size: 16px\">Telefone\/Whatsapp: (55) 3220 8735<\/span><br style=\"color: #000000;font-size: 16px\" \/><span style=\"color: #000000;font-size: 16px\">Sala: 1118<\/span><br style=\"color: #000000;font-size: 16px\" \/><span style=\"color: #000000;font-size: 16px\">Pr\u00e9dio: 13<\/span><\/p>\n<p style=\"color: #000000;font-size: 16px\">\u00a0<\/p>\t\t\t\t\t\t<\/div>\n\t\t\t\t<\/div>\n\t\t\t\t\t<\/div>\n\t\t<\/div>\n\t\t\t\t\t<\/div>\n\t\t<\/section>\n\t\t\t\t<section class=\"elementor-section elementor-top-section elementor-element elementor-element-a1b3c60 elementor-section-boxed elementor-section-height-default elementor-section-height-default\" data-id=\"a1b3c60\" data-element_type=\"section\">\n\t\t\t\t\t\t<div class=\"elementor-container elementor-column-gap-default\">\n\t\t\t\t\t<div class=\"elementor-column elementor-col-100 elementor-top-column elementor-element elementor-element-24b0850\" data-id=\"24b0850\" data-element_type=\"column\">\n\t\t\t<div class=\"elementor-widget-wrap\">\n\t\t\t\t\t\t\t<\/div>\n\t\t<\/div>\n\t\t\t\t\t<\/div>\n\t\t<\/section>\n\t\t\t\t<section class=\"elementor-section elementor-top-section elementor-element elementor-element-6aa9591 elementor-section-boxed elementor-section-height-default elementor-section-height-default\" data-id=\"6aa9591\" data-element_type=\"section\">\n\t\t\t\t\t\t<div class=\"elementor-container elementor-column-gap-default\">\n\t\t\t\t\t<div class=\"elementor-column elementor-col-100 elementor-top-column elementor-element elementor-element-001d046\" data-id=\"001d046\" data-element_type=\"column\">\n\t\t\t<div class=\"elementor-widget-wrap elementor-element-populated\">\n\t\t\t\t\t\t<div class=\"elementor-element elementor-element-2ddd0fc elementor-widget elementor-widget-read-more\" data-id=\"2ddd0fc\" data-element_type=\"widget\" data-widget_type=\"read-more.default\">\n\t\t\t\t<div class=\"elementor-widget-container\">\n\t\t\t<\/div><\/div><\/div><\/div><\/div><\/section><\/div> <a href=\"https:\/\/www.ufsm.br\/unidades-universitarias\/ccne\/apoio-pedagogico\/subdivisao-de-gestao-de-estagios#more-2770\" class=\"more-link elementor-more-link\"><span aria-label=\"Continue lendo Subdivis\u00e3o de Gest\u00e3o de Est\u00e1gios &#8211; Est\u00e1gios\/CCNE\">Continue lendo<\/span><\/a>","protected":false},"excerpt":{"rendered":"<p>Sobre a Subdvis\u00e3o de Gest\u00e3o de Est\u00e1gios A Subdivis\u00e3o de Gest\u00e3o de Est\u00e1gios do CCNE \u00e9 vinculada ao Setor Pedag\u00f3gico do CCNE. Al\u00e9m das compet\u00eancias gerais correspondentes constantes no Regimento Geral, ir\u00e1 auxiliar: Orientando quanto \u00e0 documenta\u00e7\u00e3o necess\u00e1ria para realiza\u00e7\u00e3o do est\u00e1gio; Dando suporte quanto ao preenchimento do Termo de Compromisso de Est\u00e1gio e demais [&hellip;]<\/p>\n","protected":false},"author":5675,"featured_media":0,"parent":531,"menu_order":1,"comment_status":"closed","ping_status":"closed","template":"","meta":{"footnotes":""},"categories":[],"tags":[],"class_list":["post-2770","page","type-page","status-publish","hentry"],"acf":[],"_links":{"self":[{"href":"https:\/\/www.ufsm.br\/unidades-universitarias\/ccne\/wp-json\/wp\/v2\/pages\/2770","targetHints":{"allow":["GET"]}}],"collection":[{"href":"https:\/\/www.ufsm.br\/unidades-universitarias\/ccne\/wp-json\/wp\/v2\/pages"}],"about":[{"href":"https:\/\/www.ufsm.br\/unidades-universitarias\/ccne\/wp-json\/wp\/v2\/types\/page"}],"author":[{"embeddable":true,"href":"https:\/\/www.ufsm.br\/unidades-universitarias\/ccne\/wp-json\/wp\/v2\/users\/5675"}],"replies":[{"embeddable":true,"href":"https:\/\/www.ufsm.br\/unidades-universitarias\/ccne\/wp-json\/wp\/v2\/comments?post=2770"}],"version-history":[{"count":0,"href":"https:\/\/www.ufsm.br\/unidades-universitarias\/ccne\/wp-json\/wp\/v2\/pages\/2770\/revisions"}],"up":[{"embeddable":true,"href":"https:\/\/www.ufsm.br\/unidades-universitarias\/ccne\/wp-json\/wp\/v2\/pages\/531"}],"wp:attachment":[{"href":"https:\/\/www.ufsm.br\/unidades-universitarias\/ccne\/wp-json\/wp\/v2\/media?parent=2770"}],"wp:term":[{"taxonomy":"category","embeddable":true,"href":"https:\/\/www.ufsm.br\/unidades-universitarias\/ccne\/wp-json\/wp\/v2\/categories?post=2770"},{"taxonomy":"post_tag","embeddable":true,"href":"https:\/\/www.ufsm.br\/unidades-universitarias\/ccne\/wp-json\/wp\/v2\/tags?post=2770"}],"curies":[{"name":"wp","href":"https:\/\/api.w.org\/{rel}","templated":true}]}}