{"id":2776,"date":"2022-06-07T10:34:17","date_gmt":"2022-06-07T13:34:17","guid":{"rendered":"https:\/\/www.ufsm.br\/unidades-universitarias\/ccne\/?page_id=2776"},"modified":"2022-06-08T10:54:44","modified_gmt":"2022-06-08T13:54:44","slug":"biblioteca-setorial","status":"publish","type":"page","link":"https:\/\/www.ufsm.br\/unidades-universitarias\/ccne\/biblioteca-setorial","title":{"rendered":"Biblioteca Setorial do CCNE"},"content":{"rendered":"\n<p>\u00c0 Biblioteca Setorial, al\u00e9m das compet\u00eancias gerais correspondentes constantes no Regimento Geral, compete:<\/p>\n<ul>\n<li>Cumprir e fazer cumprir as determina\u00e7\u00f5es pertinentes aos servi\u00e7os da Biblioteca Setorial;<\/li>\n<li>Colocar \u00e0 disposi\u00e7\u00e3o dos estudantes, docentes e t\u00e9cnicos administrativos em educa\u00e7\u00e3o o acervo da mesma; e,<\/li>\n<li>Auxiliar os cursos na revis\u00e3o e atualiza\u00e7\u00e3o bibliogr\u00e1fica dos PPC.<\/li>\n<\/ul>\n<p>Para mais informa\u00e7\u00f5es, acesse o <a href=\"https:\/\/www.ufsm.br\/orgaos-suplementares\/biblioteca\/biblioteca-setorial-do-centro-de-ciencias-naturais-e-exatas-bsccne\/\">site da Biblioteca.<\/a><\/p>\n","protected":false},"excerpt":{"rendered":"<p>\u00c0 Biblioteca Setorial, al\u00e9m das compet\u00eancias gerais correspondentes constantes no Regimento Geral, compete: Cumprir e fazer cumprir as determina\u00e7\u00f5es pertinentes aos servi\u00e7os da Biblioteca Setorial; Colocar \u00e0 disposi\u00e7\u00e3o dos estudantes, docentes e t\u00e9cnicos administrativos em educa\u00e7\u00e3o o acervo da mesma; e, Auxiliar os cursos na revis\u00e3o e atualiza\u00e7\u00e3o bibliogr\u00e1fica dos PPC. Para mais informa\u00e7\u00f5es, acesse [&hellip;]<\/p>\n","protected":false},"author":5675,"featured_media":0,"parent":0,"menu_order":0,"comment_status":"closed","ping_status":"closed","template":"","meta":{"footnotes":""},"categories":[],"tags":[],"class_list":["post-2776","page","type-page","status-publish","hentry"],"acf":[],"_links":{"self":[{"href":"https:\/\/www.ufsm.br\/unidades-universitarias\/ccne\/wp-json\/wp\/v2\/pages\/2776","targetHints":{"allow":["GET"]}}],"collection":[{"href":"https:\/\/www.ufsm.br\/unidades-universitarias\/ccne\/wp-json\/wp\/v2\/pages"}],"about":[{"href":"https:\/\/www.ufsm.br\/unidades-universitarias\/ccne\/wp-json\/wp\/v2\/types\/page"}],"author":[{"embeddable":true,"href":"https:\/\/www.ufsm.br\/unidades-universitarias\/ccne\/wp-json\/wp\/v2\/users\/5675"}],"replies":[{"embeddable":true,"href":"https:\/\/www.ufsm.br\/unidades-universitarias\/ccne\/wp-json\/wp\/v2\/comments?post=2776"}],"version-history":[{"count":0,"href":"https:\/\/www.ufsm.br\/unidades-universitarias\/ccne\/wp-json\/wp\/v2\/pages\/2776\/revisions"}],"wp:attachment":[{"href":"https:\/\/www.ufsm.br\/unidades-universitarias\/ccne\/wp-json\/wp\/v2\/media?parent=2776"}],"wp:term":[{"taxonomy":"category","embeddable":true,"href":"https:\/\/www.ufsm.br\/unidades-universitarias\/ccne\/wp-json\/wp\/v2\/categories?post=2776"},{"taxonomy":"post_tag","embeddable":true,"href":"https:\/\/www.ufsm.br\/unidades-universitarias\/ccne\/wp-json\/wp\/v2\/tags?post=2776"}],"curies":[{"name":"wp","href":"https:\/\/api.w.org\/{rel}","templated":true}]}}