{"id":2778,"date":"2022-06-07T10:47:52","date_gmt":"2022-06-07T13:47:52","guid":{"rendered":"https:\/\/www.ufsm.br\/unidades-universitarias\/ccne\/?page_id=2778"},"modified":"2022-06-08T10:55:35","modified_gmt":"2022-06-08T13:55:35","slug":"centro-de-apoio-a-pesquisa-paleontologica-cappa-ccne","status":"publish","type":"page","link":"https:\/\/www.ufsm.br\/unidades-universitarias\/ccne\/centro-de-apoio-a-pesquisa-paleontologica-cappa-ccne","title":{"rendered":"Centro de Apoio \u00e0 Pesquisa Paleontol\u00f3gica &#8211; CAPPA"},"content":{"rendered":"\n<p>Ao Centro de Apoio \u00e0 Pesquisa Paleontol\u00f3gica (CAPPA\/CCNE), al\u00e9m das compet\u00eancias gerais correspondentes constantes no Regimento Geral, compete:<\/p>\n<ul>\n<li>monitorar e prospectar afloramentos fossil\u00edferos na regi\u00e3o da Quarta Col\u00f4nia e seu entorno, efetuando a coleta e salvaguarda dos f\u00f3sseis aflorantes, quando pertinente;<\/li>\n<\/ul>\n<ul>\n<li>administrar as demandas internas e externas ao centro e \u00e0 comunidade acad\u00eamica; e,<\/li>\n<\/ul>\n<ul>\n<li>efetuar a\u00e7\u00f5es de ensino, pesquisa e extens\u00e3o referentes ao patrim\u00f4nio fossil\u00edfero, atrav\u00e9s de projetos de pesquisa, orienta\u00e7\u00e3o de discentes, e a\u00e7\u00f5es junto \u00e0 comunidade.<\/li>\n<\/ul>\n<p>S\u00e3o atribui\u00e7\u00f5es do chefe do Centro de Apoio \u00e0 Pesquisa Paleontol\u00f3gica, al\u00e9m das gerais correspondentes constantes no Regimento Geral da UFSM, as especiais de:<\/p>\n<ul>\n<li>mediar a comunica\u00e7\u00e3o e articula\u00e7\u00e3o entre o CAPPA e os diferentes setores da UFSM e da comunidade; e,<\/li>\n<\/ul>\n<ul>\n<li>expedir e aprovar documentos e demandas referentes \u00e0 administra\u00e7\u00e3o interna da unidade.<\/li>\n<\/ul>\n<p>&nbsp;<\/p>\n<h6>Para mais informa\u00e7\u00f5es, acesse o <a href=\"https:\/\/www.ufsm.br\/unidades-universitarias\/ccne\/cappa\/\">site do CAPPA<\/a>.<\/h6>\n<p>&nbsp;<\/p>\n","protected":false},"excerpt":{"rendered":"<p>Ao Centro de Apoio \u00e0 Pesquisa Paleontol\u00f3gica (CAPPA\/CCNE), al\u00e9m das compet\u00eancias gerais correspondentes constantes no Regimento Geral, compete: monitorar e prospectar afloramentos fossil\u00edferos na regi\u00e3o da Quarta Col\u00f4nia e seu entorno, efetuando a coleta e salvaguarda dos f\u00f3sseis aflorantes, quando pertinente; administrar as demandas internas e externas ao centro e \u00e0 comunidade acad\u00eamica; e, efetuar [&hellip;]<\/p>\n","protected":false},"author":5675,"featured_media":0,"parent":0,"menu_order":0,"comment_status":"closed","ping_status":"closed","template":"","meta":{"footnotes":""},"categories":[],"tags":[],"class_list":["post-2778","page","type-page","status-publish","hentry"],"acf":[],"_links":{"self":[{"href":"https:\/\/www.ufsm.br\/unidades-universitarias\/ccne\/wp-json\/wp\/v2\/pages\/2778","targetHints":{"allow":["GET"]}}],"collection":[{"href":"https:\/\/www.ufsm.br\/unidades-universitarias\/ccne\/wp-json\/wp\/v2\/pages"}],"about":[{"href":"https:\/\/www.ufsm.br\/unidades-universitarias\/ccne\/wp-json\/wp\/v2\/types\/page"}],"author":[{"embeddable":true,"href":"https:\/\/www.ufsm.br\/unidades-universitarias\/ccne\/wp-json\/wp\/v2\/users\/5675"}],"replies":[{"embeddable":true,"href":"https:\/\/www.ufsm.br\/unidades-universitarias\/ccne\/wp-json\/wp\/v2\/comments?post=2778"}],"version-history":[{"count":0,"href":"https:\/\/www.ufsm.br\/unidades-universitarias\/ccne\/wp-json\/wp\/v2\/pages\/2778\/revisions"}],"wp:attachment":[{"href":"https:\/\/www.ufsm.br\/unidades-universitarias\/ccne\/wp-json\/wp\/v2\/media?parent=2778"}],"wp:term":[{"taxonomy":"category","embeddable":true,"href":"https:\/\/www.ufsm.br\/unidades-universitarias\/ccne\/wp-json\/wp\/v2\/categories?post=2778"},{"taxonomy":"post_tag","embeddable":true,"href":"https:\/\/www.ufsm.br\/unidades-universitarias\/ccne\/wp-json\/wp\/v2\/tags?post=2778"}],"curies":[{"name":"wp","href":"https:\/\/api.w.org\/{rel}","templated":true}]}}