{"id":2780,"date":"2022-06-07T10:52:28","date_gmt":"2022-06-07T13:52:28","guid":{"rendered":"https:\/\/www.ufsm.br\/unidades-universitarias\/ccne\/?page_id=2780"},"modified":"2022-06-08T10:57:25","modified_gmt":"2022-06-08T13:57:25","slug":"ciencia-viva-2","status":"publish","type":"page","link":"https:\/\/www.ufsm.br\/unidades-universitarias\/ccne\/ciencia-viva-2","title":{"rendered":"Ci\u00eancia Viva"},"content":{"rendered":"\n<p>Ao Ci\u00eancia Viva, al\u00e9m das compet\u00eancias gerais correspondentes constantes no Regimento Geral, compete gerenciar as a\u00e7\u00f5es desenvolvidas com o p\u00fablico interno e externo, fornecendo orienta\u00e7\u00e3o e gerenciamento para o pleno desenvolvimento das atividades.<\/p>\n<p>S\u00e3o atribui\u00e7\u00f5es do chefe do Ci\u00eancia Viva, al\u00e9m das gerais correspondentes constantes no Regimento Geral da UFSM, as especiais de:<\/p>\n<ul>\n<li>Organizar e supervisionar a execu\u00e7\u00e3o das atividades desenvolvidas no Ci\u00eancia Viva; e,<\/li>\n<\/ul>\n<ul>\n<li>Exercer a representa\u00e7\u00e3o da Subdivis\u00e3o em reuni\u00f5es e expedir documentos.<\/li>\n<\/ul>\n<p>Para mais informa\u00e7\u00f5es, acesse o <a href=\"https:\/\/www.ufsm.br\/unidades-universitarias\/ccne\/ciencia-viva\/\">site do Ci\u00eancia Viva.<\/a><\/p>\n","protected":false},"excerpt":{"rendered":"<p>Ao Ci\u00eancia Viva, al\u00e9m das compet\u00eancias gerais correspondentes constantes no Regimento Geral, compete gerenciar as a\u00e7\u00f5es desenvolvidas com o p\u00fablico interno e externo, fornecendo orienta\u00e7\u00e3o e gerenciamento para o pleno desenvolvimento das atividades. S\u00e3o atribui\u00e7\u00f5es do chefe do Ci\u00eancia Viva, al\u00e9m das gerais correspondentes constantes no Regimento Geral da UFSM, as especiais de: Organizar e [&hellip;]<\/p>\n","protected":false},"author":5675,"featured_media":0,"parent":0,"menu_order":0,"comment_status":"closed","ping_status":"closed","template":"","meta":{"footnotes":""},"categories":[],"tags":[],"class_list":["post-2780","page","type-page","status-publish","hentry"],"acf":[],"_links":{"self":[{"href":"https:\/\/www.ufsm.br\/unidades-universitarias\/ccne\/wp-json\/wp\/v2\/pages\/2780","targetHints":{"allow":["GET"]}}],"collection":[{"href":"https:\/\/www.ufsm.br\/unidades-universitarias\/ccne\/wp-json\/wp\/v2\/pages"}],"about":[{"href":"https:\/\/www.ufsm.br\/unidades-universitarias\/ccne\/wp-json\/wp\/v2\/types\/page"}],"author":[{"embeddable":true,"href":"https:\/\/www.ufsm.br\/unidades-universitarias\/ccne\/wp-json\/wp\/v2\/users\/5675"}],"replies":[{"embeddable":true,"href":"https:\/\/www.ufsm.br\/unidades-universitarias\/ccne\/wp-json\/wp\/v2\/comments?post=2780"}],"version-history":[{"count":0,"href":"https:\/\/www.ufsm.br\/unidades-universitarias\/ccne\/wp-json\/wp\/v2\/pages\/2780\/revisions"}],"wp:attachment":[{"href":"https:\/\/www.ufsm.br\/unidades-universitarias\/ccne\/wp-json\/wp\/v2\/media?parent=2780"}],"wp:term":[{"taxonomy":"category","embeddable":true,"href":"https:\/\/www.ufsm.br\/unidades-universitarias\/ccne\/wp-json\/wp\/v2\/categories?post=2780"},{"taxonomy":"post_tag","embeddable":true,"href":"https:\/\/www.ufsm.br\/unidades-universitarias\/ccne\/wp-json\/wp\/v2\/tags?post=2780"}],"curies":[{"name":"wp","href":"https:\/\/api.w.org\/{rel}","templated":true}]}}