{"id":3052,"date":"2022-10-25T12:01:25","date_gmt":"2022-10-25T15:01:25","guid":{"rendered":"https:\/\/www.ufsm.br\/unidades-universitarias\/ccne\/?page_id=3052"},"modified":"2022-11-10T10:08:22","modified_gmt":"2022-11-10T13:08:22","slug":"certificadoccne","status":"publish","type":"page","link":"https:\/\/www.ufsm.br\/unidades-universitarias\/ccne\/certificadoccne","title":{"rendered":"Modelo de Certificado do CCNE"},"content":{"rendered":"\t\t<div data-elementor-type=\"wp-page\" data-elementor-id=\"3052\" class=\"elementor elementor-3052\">\n\t\t\t\t\t\t<section class=\"elementor-section elementor-top-section elementor-element elementor-element-e05f1dc elementor-section-boxed elementor-section-height-default elementor-section-height-default\" data-id=\"e05f1dc\" data-element_type=\"section\">\n\t\t\t\t\t\t<div class=\"elementor-container elementor-column-gap-default\">\n\t\t\t\t\t<div class=\"elementor-column elementor-col-100 elementor-top-column elementor-element elementor-element-ff6a4e3\" data-id=\"ff6a4e3\" data-element_type=\"column\">\n\t\t\t<div class=\"elementor-widget-wrap elementor-element-populated\">\n\t\t\t\t\t\t<div class=\"elementor-element elementor-element-09ded15 elementor-widget elementor-widget-text-editor\" data-id=\"09ded15\" data-element_type=\"widget\" data-widget_type=\"text-editor.default\">\n\t\t\t\t<div class=\"elementor-widget-container\">\n\t\t\t\t\t\t\t<div>O Certificado \u00e9 gerado via CPD, somente um servidor da institui\u00e7\u00e3o pode solicitar e todas as instru\u00e7\u00f5es se encontram no site: <span style=\"color: #a64d79\"><a href=\"https:\/\/www.ufsm.br\/orgaos-suplementares\/cpd\/servicos\/geracao-de-certificados\" target=\"_blank\" rel=\"noopener\" data-saferedirecturl=\"https:\/\/www.google.com\/url?q=https:\/\/www.ufsm.br\/orgaos-suplementares\/cpd\/servicos\/geracao-de-certificados&amp;source=gmail&amp;ust=1666788447382000&amp;usg=AOvVaw1qmYtoMTjXfKGX5-1clPQG\">https:\/\/www.ufsm.br\/orgaos-suplementares\/cpd\/servicos\/geracao-de-certificados<\/a>\/.<\/span><\/div><div><span style=\"color: #a64d79\">\u00a0<\/span><\/div><div>Foi decidido criar um modelo do CCNE de acordo com os padr\u00f5es do CPD para facilita\u00e7\u00e3o da certifica\u00e7\u00e3o de eventos do nosso Centro de Ensino.<\/div><div>\u00a0<\/div><div>Assim, \u00e9 necess\u00e1rio que se leiam as instru\u00e7\u00f5es, insiram-se os dados do evento, depois salvar somente a p\u00e1gina 2 do modelo como JPEG ou PNG. No chamado do CPD \u00e9 anexada a imagem (jpeg ou png) modelo e o arquivo da listagem de pessoas certificadas.<\/div><div>\u00a0<\/div><div>A listagem de pessoas certificadas deve ser feita no bloco de notas e enviada no formato &#8220;(.txt)&#8221;.\u00a0<\/div><div>Se h\u00e1 mais de um certificado a emitir (exemplo: Organizadores, ouvintes, ministrante), deve ser gerada uma imagem diferente para cada arquivo de texto. Em caso de d\u00favidas, abra mais de um chamado no CPD.<\/div><div>\u00a0<\/div><div>Os espa\u00e7os de nomes ser\u00e3o preenchidos conforme a lista enviada, a data \u00e9 preenchida no momento da abertura do chamado e a autentica\u00e7\u00e3o no momento da gera\u00e7\u00e3o dos certificados pelo CPD, automaticamente pelo sistema, ap\u00f3s enviadas as informa\u00e7\u00f5es.<\/div><div>\u00a0<\/div><div>Os colegas do CPD informam quando foram gerados os certificados em resposta ao chamado e os certificados ficar\u00e3o dispon\u00edveis no\u00a0<a href=\"https:\/\/portal.ufsm.br\/certificados\/mainMenu.html\" target=\"_blank\" rel=\"noopener\" data-saferedirecturl=\"https:\/\/www.google.com\/url?q=https:\/\/portal.ufsm.br\/certificados\/mainMenu.html&amp;source=gmail&amp;ust=1666788447382000&amp;usg=AOvVaw0GoNgTLQAsBjsmXRLEoKAG\">Portal de Certificados<\/a>\u00a0da UFSM.<\/div><div>\u00a0<\/div><div>Os organizadores devem obrigatoriamente informar aos seus certificandos\u00a0o endere\u00e7o onde os certificados estar\u00e3o dispon\u00edveis e o prazo.<\/div><div>\u00a0<\/div><div style=\"text-align: center\"><p><strong>Fa\u00e7a o download, abaixo, do modelo de certificado de eventos do CCNE:<\/strong><\/p><p><strong><a href=\"https:\/\/www.ufsm.br\/app\/uploads\/sites\/369\/2022\/10\/Modelo-Certificado-CCNE.pptx\" target=\"_blank\" rel=\"noopener\">Modelo Certificado CCNE<\/a><\/strong><span style=\"color: #a64d79\"><br \/><\/span><\/p><\/div><div>\u00a0<\/div><div>Se as informa\u00e7\u00f5es do meio do certificado chegarem muito pr\u00f3ximas \u00e0 linha da data, diminua a fonte do texto.<\/div>\t\t\t\t\t\t<\/div>\n\t\t\t\t<\/div>\n\t\t\t\t\t<\/div>\n\t\t<\/div>\n\t\t\t\t\t<\/div>\n\t\t<\/section>\n\t\t\t\t<\/div>\n\t\t","protected":false},"excerpt":{"rendered":"<p>O Certificado \u00e9 gerado via CPD, somente um servidor da institui\u00e7\u00e3o pode solicitar e todas as instru\u00e7\u00f5es se encontram no site: https:\/\/www.ufsm.br\/orgaos-suplementares\/cpd\/servicos\/geracao-de-certificados\/.\u00a0Foi decidido criar um modelo do CCNE de acordo com os padr\u00f5es do CPD para facilita\u00e7\u00e3o da certifica\u00e7\u00e3o de eventos do nosso Centro de Ensino.\u00a0Assim, \u00e9 necess\u00e1rio que se leiam as instru\u00e7\u00f5es, insiram-se os [&hellip;]<\/p>\n","protected":false},"author":5675,"featured_media":0,"parent":0,"menu_order":0,"comment_status":"closed","ping_status":"closed","template":"","meta":{"footnotes":""},"categories":[],"tags":[],"class_list":["post-3052","page","type-page","status-publish","hentry"],"acf":[],"_links":{"self":[{"href":"https:\/\/www.ufsm.br\/unidades-universitarias\/ccne\/wp-json\/wp\/v2\/pages\/3052","targetHints":{"allow":["GET"]}}],"collection":[{"href":"https:\/\/www.ufsm.br\/unidades-universitarias\/ccne\/wp-json\/wp\/v2\/pages"}],"about":[{"href":"https:\/\/www.ufsm.br\/unidades-universitarias\/ccne\/wp-json\/wp\/v2\/types\/page"}],"author":[{"embeddable":true,"href":"https:\/\/www.ufsm.br\/unidades-universitarias\/ccne\/wp-json\/wp\/v2\/users\/5675"}],"replies":[{"embeddable":true,"href":"https:\/\/www.ufsm.br\/unidades-universitarias\/ccne\/wp-json\/wp\/v2\/comments?post=3052"}],"version-history":[{"count":0,"href":"https:\/\/www.ufsm.br\/unidades-universitarias\/ccne\/wp-json\/wp\/v2\/pages\/3052\/revisions"}],"wp:attachment":[{"href":"https:\/\/www.ufsm.br\/unidades-universitarias\/ccne\/wp-json\/wp\/v2\/media?parent=3052"}],"wp:term":[{"taxonomy":"category","embeddable":true,"href":"https:\/\/www.ufsm.br\/unidades-universitarias\/ccne\/wp-json\/wp\/v2\/categories?post=3052"},{"taxonomy":"post_tag","embeddable":true,"href":"https:\/\/www.ufsm.br\/unidades-universitarias\/ccne\/wp-json\/wp\/v2\/tags?post=3052"}],"curies":[{"name":"wp","href":"https:\/\/api.w.org\/{rel}","templated":true}]}}