{"id":3969,"date":"2023-07-11T12:57:15","date_gmt":"2023-07-11T15:57:15","guid":{"rendered":"https:\/\/www.ufsm.br\/unidades-universitarias\/ccne\/?page_id=3969"},"modified":"2026-03-23T10:07:15","modified_gmt":"2026-03-23T13:07:15","slug":"empenhos","status":"publish","type":"page","link":"https:\/\/www.ufsm.br\/unidades-universitarias\/ccne\/infraestrutura\/laboratorios\/empenhos","title":{"rendered":"Empenho de produtos qu\u00edmicos, carga de gases e materiais de laborat\u00f3rio"},"content":{"rendered":"\t\t<div data-elementor-type=\"wp-page\" data-elementor-id=\"3969\" class=\"elementor elementor-3969\">\n\t\t\t\t\t\t<section class=\"elementor-section elementor-top-section elementor-element elementor-element-a3d7f61 elementor-section-boxed elementor-section-height-default elementor-section-height-default\" data-id=\"a3d7f61\" data-element_type=\"section\">\n\t\t\t\t\t\t<div class=\"elementor-container elementor-column-gap-default\">\n\t\t\t\t\t<div class=\"elementor-column elementor-col-100 elementor-top-column elementor-element elementor-element-f3a560e\" data-id=\"f3a560e\" data-element_type=\"column\">\n\t\t\t<div class=\"elementor-widget-wrap elementor-element-populated\">\n\t\t\t\t\t\t<div class=\"elementor-element elementor-element-1b85eb0 elementor-widget elementor-widget-heading\" data-id=\"1b85eb0\" data-element_type=\"widget\" data-widget_type=\"heading.default\">\n\t\t\t\t<div class=\"elementor-widget-container\">\n\t\t\t<span class=\"elementor-heading-title elementor-size-medium\">FLUXO PARA SOLICITA\u00c7\u00c3O DE EMPENHO DE PRODUTOS QU\u00cdMICOS, MATERIAIS DE LABORAT\u00d3RIO E CARGA DE GASES<\/span>\t\t<\/div>\n\t\t\t\t<\/div>\n\t\t\t\t\t<\/div>\n\t\t<\/div>\n\t\t\t\t\t<\/div>\n\t\t<\/section>\n\t\t\t\t<section class=\"elementor-section elementor-top-section elementor-element elementor-element-49c213a elementor-section-boxed elementor-section-height-default elementor-section-height-default\" data-id=\"49c213a\" data-element_type=\"section\">\n\t\t\t\t\t\t<div class=\"elementor-container elementor-column-gap-default\">\n\t\t\t\t\t<div class=\"elementor-column elementor-col-66 elementor-top-column elementor-element elementor-element-8dca297\" data-id=\"8dca297\" data-element_type=\"column\">\n\t\t\t<div class=\"elementor-widget-wrap elementor-element-populated\">\n\t\t\t\t\t\t<div class=\"elementor-element elementor-element-7b5a219 elementor-widget__width-initial elementor-widget elementor-widget-text-editor\" data-id=\"7b5a219\" data-element_type=\"widget\" data-widget_type=\"text-editor.default\">\n\t\t\t\t<div class=\"elementor-widget-container\">\n\t\t\t\t\t\t\t<p style=\"text-align: justify\"><strong>Inicialmente o solicitante deve verificar se os itens que deseja empenhar pertencem a um registro de pre\u00e7o em nome da Subdivis\u00e3o de Gest\u00e3o de Laborat\u00f3rios do CCNE (02.07.03.00.0.0). <\/strong>Em caso afirmativo, o seguinte fluxo deve ser adotado:<\/p><ol style=\"list-style-type: lower-roman\"><li style=\"text-align: justify\">O <strong>solicitante<\/strong> inicia o procedimento com a abertura de um PEN, com tipo documental \u201cMemorando de comunica\u00e7\u00e3o entre unidades administrativas (010)\u201d, anexando como memorando o \u201cFormul\u00e1rio de Empenho de Produtos Qu\u00edmicos, Carga de Gases e Materiais de Laborat\u00f3rio\u201d devidamente preenchido (<span style=\"color: #3366ff\"><em>fa\u00e7a o download clicando nos bot\u00f5es ao lado<\/em><\/span>).<\/li><li style=\"text-align: justify\">O <strong>solicitante<\/strong> deve salvar o formul\u00e1rio em PDF, anex\u00e1-lo ao PEN, assin\u00e1-lo digitalmente e tramitar o PEN para a <b>Subdivis\u00e3o de Gest\u00e3o de Laborat\u00f3rios do CCNE<\/b> (02.07.03.00.0.0), que far\u00e1 o controle de itens dispon\u00edveis para empenho, limites de aquisi\u00e7\u00e3o junto ao Ex\u00e9rcito Brasileiro ou Pol\u00edcia Federal (quando for o caso), an\u00e1lise de estoques existentes junto ao Dep\u00f3sito de Produtos Qu\u00edmicos do CCNE e, posteriormente, autorizar\u00e1 a compra e tramitar\u00e1 para ci\u00eancia e concord\u00e2ncia do <strong>respons\u00e1vel pela gest\u00e3o do recurso or\u00e7ament\u00e1rio<\/strong> a ser utilizado no empenho (que poder\u00e1 ser a chefia do departamento, a coordena\u00e7\u00e3o do curso de p\u00f3s-gradua\u00e7\u00e3o, o coordenador de projeto ou a Dire\u00e7\u00e3o do Centro, por exemplo).<\/li><li style=\"text-align: justify\"><span style=\"font-size: 16px\">O\u00a0<strong>respons\u00e1vel pela gest\u00e3o do recurso or\u00e7ament\u00e1rio<\/strong> a ser utilizado no empenho<\/span>\u00a0dever\u00e1 verificar se h\u00e1 disponibilidade or\u00e7ament\u00e1ria e dever\u00e1 avaliar a finalidade da compra, aprovando-a (tramitar para o <b>N\u00facleo de Gest\u00e3o Or\u00e7ament\u00e1ria do CCNE<\/b> \u2013 02.08.00.00.0.0) ou recusando-a (tramitar de volta para o solicitante, para corre\u00e7\u00f5es).<\/li><li style=\"text-align: justify\">O <b>NOr\/CCNE<\/b> efetuar\u00e1 o empenho.\u00a0<span style=\"font-size: 16px\">Uma vez realizado, o processo ser\u00e1<\/span>\u00a0tramitado de volta \u00e0 GL\/CCNE para controle e acompanhamento, at\u00e9 que os itens sejam recebidos e conferidos.\u00a0<\/li><li style=\"text-align: justify\">Ao receber e entregar ao solicitante todos os itens empenhados, a GL\/CCNE tramitar\u00e1 o processo para o <b>solicitante <\/b>manifestar tal recebimento.<\/li><\/ol><p>Para facilitar o entendimento, o fluxo processual est\u00e1 representado esquematicamente na figura abaixo:<\/p>\t\t\t\t\t\t<\/div>\n\t\t\t\t<\/div>\n\t\t\t\t\t<\/div>\n\t\t<\/div>\n\t\t\t\t<div class=\"elementor-column elementor-col-33 elementor-top-column elementor-element elementor-element-4eb382f\" data-id=\"4eb382f\" data-element_type=\"column\">\n\t\t\t<div class=\"elementor-widget-wrap elementor-element-populated\">\n\t\t\t\t\t\t<div class=\"elementor-element elementor-element-334709b elementor-widget elementor-widget-spacer\" data-id=\"334709b\" data-element_type=\"widget\" data-widget_type=\"spacer.default\">\n\t\t\t\t<div class=\"elementor-widget-container\">\n\t\t\t\t\t<div class=\"elementor-spacer\">\n\t\t\t<div class=\"elementor-spacer-inner\"><\/div>\n\t\t<\/div>\n\t\t\t\t<\/div>\n\t\t\t\t<\/div>\n\t\t\t\t<div class=\"elementor-element elementor-element-336c8c2 elementor-widget__width-initial elementor-widget elementor-widget-image\" data-id=\"336c8c2\" data-element_type=\"widget\" data-widget_type=\"image.default\">\n\t\t\t\t<div class=\"elementor-widget-container\">\n\t\t\t\t\t\t\t\t\t\t\t\t\t<img fetchpriority=\"high\" decoding=\"async\" width=\"724\" height=\"1024\" src=\"https:\/\/www.ufsm.br\/app\/uploads\/sites\/369\/2026\/03\/Formulario-empenho-SGLAB-CCNE-2-724x1024.jpg\" class=\"attachment-large size-large wp-image-6922\" alt=\"\" srcset=\"https:\/\/www.ufsm.br\/app\/uploads\/sites\/369\/2026\/03\/Formulario-empenho-SGLAB-CCNE-2-724x1024.jpg 724w, https:\/\/www.ufsm.br\/app\/uploads\/sites\/369\/2026\/03\/Formulario-empenho-SGLAB-CCNE-2-212x300.jpg 212w, https:\/\/www.ufsm.br\/app\/uploads\/sites\/369\/2026\/03\/Formulario-empenho-SGLAB-CCNE-2-768x1086.jpg 768w, https:\/\/www.ufsm.br\/app\/uploads\/sites\/369\/2026\/03\/Formulario-empenho-SGLAB-CCNE-2-1086x1536.jpg 1086w, https:\/\/www.ufsm.br\/app\/uploads\/sites\/369\/2026\/03\/Formulario-empenho-SGLAB-CCNE-2-1448x2048.jpg 1448w, https:\/\/www.ufsm.br\/app\/uploads\/sites\/369\/2026\/03\/Formulario-empenho-SGLAB-CCNE-2-scaled.jpg 1810w\" sizes=\"(max-width: 724px) 100vw, 724px\" \/>\t\t\t\t\t\t\t\t\t\t\t\t\t<\/div>\n\t\t\t\t<\/div>\n\t\t\t\t<section class=\"elementor-section elementor-inner-section elementor-element elementor-element-c0ea3f7 elementor-section-boxed elementor-section-height-default elementor-section-height-default\" data-id=\"c0ea3f7\" data-element_type=\"section\">\n\t\t\t\t\t\t<div class=\"elementor-container elementor-column-gap-default\">\n\t\t\t\t\t<div class=\"elementor-column elementor-col-33 elementor-inner-column elementor-element elementor-element-c324b15\" data-id=\"c324b15\" data-element_type=\"column\">\n\t\t\t<div class=\"elementor-widget-wrap elementor-element-populated\">\n\t\t\t\t\t\t<div class=\"elementor-element elementor-element-9a67759 elementor-align-center elementor-widget elementor-widget-button\" data-id=\"9a67759\" data-element_type=\"widget\" data-widget_type=\"button.default\">\n\t\t\t\t<div class=\"elementor-widget-container\">\n\t\t\t\t\t\t\t<div class=\"elementor-button-wrapper\">\n\t\t\t\t\t<a class=\"elementor-button elementor-button-link elementor-size-sm\" href=\"https:\/\/www.ufsm.br\/app\/uploads\/sites\/369\/2026\/03\/Formulario-empenho-SGLAB-CCNE.pdf\" target=\"_blank\">\n\t\t\t\t\t\t<span class=\"elementor-button-content-wrapper\">\n\t\t\t\t\t\t\t\t\t<span class=\"elementor-button-text\">PDF<\/span>\n\t\t\t\t\t<\/span>\n\t\t\t\t\t<\/a>\n\t\t\t\t<\/div>\n\t\t\t\t\t\t<\/div>\n\t\t\t\t<\/div>\n\t\t\t\t\t<\/div>\n\t\t<\/div>\n\t\t\t\t<div class=\"elementor-column elementor-col-33 elementor-inner-column elementor-element elementor-element-fda652a\" data-id=\"fda652a\" data-element_type=\"column\">\n\t\t\t<div class=\"elementor-widget-wrap elementor-element-populated\">\n\t\t\t\t\t\t<div class=\"elementor-element elementor-element-5afe4f8 elementor-align-center elementor-widget elementor-widget-button\" data-id=\"5afe4f8\" data-element_type=\"widget\" data-widget_type=\"button.default\">\n\t\t\t\t<div class=\"elementor-widget-container\">\n\t\t\t\t\t\t\t<div class=\"elementor-button-wrapper\">\n\t\t\t\t\t<a class=\"elementor-button elementor-button-link elementor-size-sm\" href=\"https:\/\/www.ufsm.br\/app\/uploads\/sites\/369\/2026\/03\/Formulario-empenho-SGLAB-CCNE.docx\">\n\t\t\t\t\t\t<span class=\"elementor-button-content-wrapper\">\n\t\t\t\t\t\t\t\t\t<span class=\"elementor-button-text\">DOCX<\/span>\n\t\t\t\t\t<\/span>\n\t\t\t\t\t<\/a>\n\t\t\t\t<\/div>\n\t\t\t\t\t\t<\/div>\n\t\t\t\t<\/div>\n\t\t\t\t\t<\/div>\n\t\t<\/div>\n\t\t\t\t<div class=\"elementor-column elementor-col-33 elementor-inner-column elementor-element elementor-element-7d06127\" data-id=\"7d06127\" data-element_type=\"column\">\n\t\t\t<div class=\"elementor-widget-wrap elementor-element-populated\">\n\t\t\t\t\t\t<div class=\"elementor-element elementor-element-5ad5233 elementor-align-center elementor-widget__width-initial elementor-widget elementor-widget-button\" data-id=\"5ad5233\" data-element_type=\"widget\" data-widget_type=\"button.default\">\n\t\t\t\t<div class=\"elementor-widget-container\">\n\t\t\t\t\t\t\t<div class=\"elementor-button-wrapper\">\n\t\t\t\t\t<a class=\"elementor-button elementor-button-link elementor-size-sm\" href=\"https:\/\/www.ufsm.br\/app\/uploads\/sites\/369\/2026\/03\/Formulario-empenho-SGLAB-CCNE.odt\" target=\"_blank\">\n\t\t\t\t\t\t<span class=\"elementor-button-content-wrapper\">\n\t\t\t\t\t\t\t\t\t<span class=\"elementor-button-text\">ODT<\/span>\n\t\t\t\t\t<\/span>\n\t\t\t\t\t<\/a>\n\t\t\t\t<\/div>\n\t\t\t\t\t\t<\/div>\n\t\t\t\t<\/div>\n\t\t\t\t\t<\/div>\n\t\t<\/div>\n\t\t\t\t\t<\/div>\n\t\t<\/section>\n\t\t\t\t\t<\/div>\n\t\t<\/div>\n\t\t\t\t\t<\/div>\n\t\t<\/section>\n\t\t\t\t<section class=\"elementor-section elementor-top-section elementor-element elementor-element-4bcc46b elementor-section-boxed elementor-section-height-default elementor-section-height-default\" data-id=\"4bcc46b\" data-element_type=\"section\">\n\t\t\t\t\t\t<div class=\"elementor-container elementor-column-gap-default\">\n\t\t\t\t\t<div class=\"elementor-column elementor-col-100 elementor-top-column elementor-element elementor-element-fce95f8\" data-id=\"fce95f8\" data-element_type=\"column\">\n\t\t\t<div class=\"elementor-widget-wrap elementor-element-populated\">\n\t\t\t\t\t\t<div class=\"elementor-element elementor-element-c0b8c37 elementor-widget elementor-widget-image\" data-id=\"c0b8c37\" data-element_type=\"widget\" data-widget_type=\"image.default\">\n\t\t\t\t<div class=\"elementor-widget-container\">\n\t\t\t\t\t\t\t\t\t\t\t\t\t<img decoding=\"async\" width=\"768\" height=\"695\" src=\"https:\/\/www.ufsm.br\/app\/uploads\/sites\/369\/2025\/07\/Fluxo-de-empenhos_sem-SIPG-768x695.png\" class=\"attachment-medium_large size-medium_large wp-image-6180\" alt=\"\" srcset=\"https:\/\/www.ufsm.br\/app\/uploads\/sites\/369\/2025\/07\/Fluxo-de-empenhos_sem-SIPG-768x695.png 768w, https:\/\/www.ufsm.br\/app\/uploads\/sites\/369\/2025\/07\/Fluxo-de-empenhos_sem-SIPG-300x271.png 300w, https:\/\/www.ufsm.br\/app\/uploads\/sites\/369\/2025\/07\/Fluxo-de-empenhos_sem-SIPG-1024x927.png 1024w, https:\/\/www.ufsm.br\/app\/uploads\/sites\/369\/2025\/07\/Fluxo-de-empenhos_sem-SIPG-1536x1390.png 1536w, https:\/\/www.ufsm.br\/app\/uploads\/sites\/369\/2025\/07\/Fluxo-de-empenhos_sem-SIPG-2048x1853.png 2048w\" sizes=\"(max-width: 768px) 100vw, 768px\" \/>\t\t\t\t\t\t\t\t\t\t\t\t\t<\/div>\n\t\t\t\t<\/div>\n\t\t\t\t\t<\/div>\n\t\t<\/div>\n\t\t\t\t\t<\/div>\n\t\t<\/section>\n\t\t\t\t<\/div>\n\t\t","protected":false},"excerpt":{"rendered":"<p>FLUXO PARA SOLICITA\u00c7\u00c3O DE EMPENHO DE PRODUTOS QU\u00cdMICOS, MATERIAIS DE LABORAT\u00d3RIO E CARGA DE GASES Inicialmente o solicitante deve verificar se os itens que deseja empenhar pertencem a um registro de pre\u00e7o em nome da Subdivis\u00e3o de Gest\u00e3o de Laborat\u00f3rios do CCNE (02.07.03.00.0.0). Em caso afirmativo, o seguinte fluxo deve ser adotado: O solicitante inicia [&hellip;]<\/p>\n","protected":false},"author":534,"featured_media":0,"parent":2155,"menu_order":4,"comment_status":"closed","ping_status":"closed","template":"","meta":{"footnotes":""},"categories":[],"tags":[],"class_list":["post-3969","page","type-page","status-publish","hentry"],"acf":[],"_links":{"self":[{"href":"https:\/\/www.ufsm.br\/unidades-universitarias\/ccne\/wp-json\/wp\/v2\/pages\/3969","targetHints":{"allow":["GET"]}}],"collection":[{"href":"https:\/\/www.ufsm.br\/unidades-universitarias\/ccne\/wp-json\/wp\/v2\/pages"}],"about":[{"href":"https:\/\/www.ufsm.br\/unidades-universitarias\/ccne\/wp-json\/wp\/v2\/types\/page"}],"author":[{"embeddable":true,"href":"https:\/\/www.ufsm.br\/unidades-universitarias\/ccne\/wp-json\/wp\/v2\/users\/534"}],"replies":[{"embeddable":true,"href":"https:\/\/www.ufsm.br\/unidades-universitarias\/ccne\/wp-json\/wp\/v2\/comments?post=3969"}],"version-history":[{"count":0,"href":"https:\/\/www.ufsm.br\/unidades-universitarias\/ccne\/wp-json\/wp\/v2\/pages\/3969\/revisions"}],"up":[{"embeddable":true,"href":"https:\/\/www.ufsm.br\/unidades-universitarias\/ccne\/wp-json\/wp\/v2\/pages\/2155"}],"wp:attachment":[{"href":"https:\/\/www.ufsm.br\/unidades-universitarias\/ccne\/wp-json\/wp\/v2\/media?parent=3969"}],"wp:term":[{"taxonomy":"category","embeddable":true,"href":"https:\/\/www.ufsm.br\/unidades-universitarias\/ccne\/wp-json\/wp\/v2\/categories?post=3969"},{"taxonomy":"post_tag","embeddable":true,"href":"https:\/\/www.ufsm.br\/unidades-universitarias\/ccne\/wp-json\/wp\/v2\/tags?post=3969"}],"curies":[{"name":"wp","href":"https:\/\/api.w.org\/{rel}","templated":true}]}}