{"id":476,"date":"2018-06-25T08:14:30","date_gmt":"2018-06-25T11:14:30","guid":{"rendered":"https:\/\/www.ufsm.br\/unidades-universitarias\/ccne\/?page_id=476"},"modified":"2026-01-13T20:55:45","modified_gmt":"2026-01-13T23:55:45","slug":"administracao","status":"publish","type":"page","link":"https:\/\/www.ufsm.br\/unidades-universitarias\/ccne\/administracao","title":{"rendered":"Administra\u00e7\u00e3o"},"content":{"rendered":"<p><strong>Diretor:<\/strong> <strong data-start=\"486\" data-end=\"537\">Felix Alexandre Antunes Soares<\/strong><br \/>\nE-mail: <a href=\"felix@ufsm.br\">felix@ufsm.br<\/a><br \/>\nTelefone: (55) 3220 8583<br \/>\nSala: 1119 \/ Pr\u00e9dio: 13<\/p>\n<p><strong>Vice-Diretor:<\/strong> <strong data-start=\"557\" data-end=\"598\">Cristiano Giacomelli<\/strong><br \/>\nE-mail:<a href=\"cgiacomelli@ufsm.br\">cgiacomelli@ufsm.br<\/a><br \/>\nTelefone: (55) 3220 8584<br \/>\nSala: 1119 \/ Pr\u00e9dio: 13<\/p>\n<p><strong>Secretaria de Apoio Administrativo\u00a0<\/strong><\/p>\n<p><strong>Secret\u00e1ria:<\/strong>\u00a0Maria Estela Bortoluzzi Pereira<br \/>\nE-mail:\u00a0<a href=\"mailto:ccne@ufsm.br\">ccne@ufsm.br<\/a><br \/>\nTelefone: (55) 3220 8337<br \/>\nSala: 1119 \/ Pr\u00e9dio: 13<\/p>\n<p><strong>N\u00facleo de Gest\u00e3o Or\u00e7ament\u00e1ria:<\/strong><\/p>\n<p>Sara Schafer Segatto<br \/>\nE-mail:\u00a0<a href=\"mailto:financeiro.ccne@ufsm.br\">financeiro.ccne@ufsm.br<\/a><br \/>\nTelefone: (55) 3220 8022<br \/>\nSala: 1107-A \/ Pr\u00e9dio: 13<\/p>\n<p><strong>N\u00facleo de Infraestrutura:<\/strong><\/p>\n<p>Luis Manoel do Ros\u00e1rio Ferraz<br \/>\nEmail:\u00a0<a href=\"mailto:infraestrutura.cnne@gmail.com\">infraestrutura.ccne@gmail.com<\/a><br \/>\nTelefone: (55) 3220 8615<br \/>\nSala: 1107-B\u00a0\/ Pr\u00e9dio: 13<\/p>\n","protected":false},"excerpt":{"rendered":"<p>Diretor: Felix Alexandre Antunes Soares E-mail: felix@ufsm.br Telefone: (55) 3220 8583 Sala: 1119 \/ Pr\u00e9dio: 13 Vice-Diretor: Cristiano Giacomelli E-mail:cgiacomelli@ufsm.br Telefone: (55) 3220 8584 Sala: 1119 \/ Pr\u00e9dio: 13 Secretaria de Apoio Administrativo\u00a0 Secret\u00e1ria:\u00a0Maria Estela Bortoluzzi Pereira E-mail:\u00a0ccne@ufsm.br Telefone: (55) 3220 8337 Sala: 1119 \/ Pr\u00e9dio: 13 N\u00facleo de Gest\u00e3o Or\u00e7ament\u00e1ria: Sara Schafer Segatto E-mail:\u00a0financeiro.ccne@ufsm.br [&hellip;]<\/p>\n","protected":false},"author":35,"featured_media":0,"parent":0,"menu_order":0,"comment_status":"closed","ping_status":"closed","template":"","meta":{"footnotes":""},"categories":[],"tags":[],"class_list":["post-476","page","type-page","status-publish","hentry"],"acf":[],"_links":{"self":[{"href":"https:\/\/www.ufsm.br\/unidades-universitarias\/ccne\/wp-json\/wp\/v2\/pages\/476","targetHints":{"allow":["GET"]}}],"collection":[{"href":"https:\/\/www.ufsm.br\/unidades-universitarias\/ccne\/wp-json\/wp\/v2\/pages"}],"about":[{"href":"https:\/\/www.ufsm.br\/unidades-universitarias\/ccne\/wp-json\/wp\/v2\/types\/page"}],"author":[{"embeddable":true,"href":"https:\/\/www.ufsm.br\/unidades-universitarias\/ccne\/wp-json\/wp\/v2\/users\/35"}],"replies":[{"embeddable":true,"href":"https:\/\/www.ufsm.br\/unidades-universitarias\/ccne\/wp-json\/wp\/v2\/comments?post=476"}],"version-history":[{"count":0,"href":"https:\/\/www.ufsm.br\/unidades-universitarias\/ccne\/wp-json\/wp\/v2\/pages\/476\/revisions"}],"wp:attachment":[{"href":"https:\/\/www.ufsm.br\/unidades-universitarias\/ccne\/wp-json\/wp\/v2\/media?parent=476"}],"wp:term":[{"taxonomy":"category","embeddable":true,"href":"https:\/\/www.ufsm.br\/unidades-universitarias\/ccne\/wp-json\/wp\/v2\/categories?post=476"},{"taxonomy":"post_tag","embeddable":true,"href":"https:\/\/www.ufsm.br\/unidades-universitarias\/ccne\/wp-json\/wp\/v2\/tags?post=476"}],"curies":[{"name":"wp","href":"https:\/\/api.w.org\/{rel}","templated":true}]}}