{"id":4791,"date":"2024-01-30T21:02:54","date_gmt":"2024-01-31T00:02:54","guid":{"rendered":"https:\/\/www.ufsm.br\/unidades-universitarias\/ccne\/?page_id=4791"},"modified":"2024-01-30T21:25:35","modified_gmt":"2024-01-31T00:25:35","slug":"arquivo-setorial-do-ccne","status":"publish","type":"page","link":"https:\/\/www.ufsm.br\/unidades-universitarias\/ccne\/arquivo-setorial-do-ccne","title":{"rendered":"Arquivo Setorial do CCNE"},"content":{"rendered":"\t\t<div data-elementor-type=\"wp-page\" data-elementor-id=\"4791\" class=\"elementor elementor-4791\">\n\t\t\t\t\t\t<section class=\"elementor-section elementor-top-section elementor-element elementor-element-144edf34 elementor-section-boxed elementor-section-height-default elementor-section-height-default\" data-id=\"144edf34\" data-element_type=\"section\">\n\t\t\t\t\t\t<div class=\"elementor-container elementor-column-gap-default\">\n\t\t\t\t\t<div class=\"elementor-column elementor-col-100 elementor-top-column elementor-element elementor-element-ebf95b4\" data-id=\"ebf95b4\" data-element_type=\"column\">\n\t\t\t<div class=\"elementor-widget-wrap elementor-element-populated\">\n\t\t\t\t\t\t<div class=\"elementor-element elementor-element-42db1c36 elementor-widget elementor-widget-text-editor\" data-id=\"42db1c36\" data-element_type=\"widget\" data-widget_type=\"text-editor.default\">\n\t\t\t\t<div class=\"elementor-widget-container\">\n\t\t\t\t\t\t\t<p><!-- wp:tadv\/classic-paragraph --><\/p>\n<p style=\"text-align: left\">O Arquivo Setorial do CCNE faz parte da estrutura informal do Centro e est\u00e1 vinculado administrativamente \u00e0 Secretaria Administrativa (Sec\/CCNE) e tecnicamente ao Departamento de Arquivo Geral (DAG\/UFSM).<\/p>\n<p style=\"text-align: left\">\u00c9 o \u00f3rg\u00e3o respons\u00e1vel pela cust\u00f3dia e gest\u00e3o dos documentos de car\u00e1ter intermedi\u00e1rio e permanente do CCNE, tendo como principais atividades:<\/p>\n<ul>\n<li>Aplicar a gest\u00e3o documental em seu \u00e2mbito de atua\u00e7\u00e3o, tendo por base as orienta\u00e7\u00f5es emanadas pelo Sistema de Arquivos da UFSM;<\/li>\n<li>Implementar a classifica\u00e7\u00e3o de documentos;<\/li>\n<li>\u00a0Participar do processo de avalia\u00e7\u00e3o e destina\u00e7\u00e3o de documentos, procedendo aos descartes necess\u00e1rios e transferindo a documenta\u00e7\u00e3o de acordo com a tabela de temporalidade de documentos.<\/li>\n<li>\u00a0Prestar orienta\u00e7\u00e3o t\u00e9cnica \u00e0s subunidades do CCNE;<\/li>\n<li>Controlar as consultas e empr\u00e9stimos de documentos que est\u00e3o sob sua cust\u00f3dia;<\/li>\n<li>Zelar pelas condi\u00e7\u00f5es de conserva\u00e7\u00e3o do acervo documental produzido e acumulado, enquanto estiver sob sua cust\u00f3dia; e<\/li>\n<li>Colaborar e\/ou organizar a\u00e7\u00f5es educativas e culturais, visando sensibilizar aos usu\u00e1rios acerca da import\u00e2ncia do patrim\u00f4nio documental do CCNE.<\/li>\n<\/ul>\n<p>Respons\u00e1vel pelo Arquivo Setorial do CCNE:<br \/>Maiara de Arruda Nascimento<br \/>Arquivista<br \/>E-mail: asccne@ufsm.br<br \/>Ramal: 8347<\/p>\n<p><!-- \/wp:tadv\/classic-paragraph --><\/p>\n<p><!-- wp:tadv\/classic-paragraph \/--><\/p>\t\t\t\t\t\t<\/div>\n\t\t\t\t<\/div>\n\t\t\t\t\t<\/div>\n\t\t<\/div>\n\t\t\t\t\t<\/div>\n\t\t<\/section>\n\t\t\t\t<\/div>\n\t\t","protected":false},"excerpt":{"rendered":"<p>O Arquivo Setorial do CCNE faz parte da estrutura informal do Centro e est\u00e1 vinculado administrativamente \u00e0 Secretaria Administrativa (Sec\/CCNE) e tecnicamente ao Departamento de Arquivo Geral (DAG\/UFSM). \u00c9 o \u00f3rg\u00e3o respons\u00e1vel pela cust\u00f3dia e gest\u00e3o dos documentos de car\u00e1ter intermedi\u00e1rio e permanente do CCNE, tendo como principais atividades: Aplicar a gest\u00e3o documental em seu [&hellip;]<\/p>\n","protected":false},"author":7017,"featured_media":0,"parent":0,"menu_order":0,"comment_status":"closed","ping_status":"closed","template":"","meta":{"footnotes":""},"categories":[],"tags":[],"class_list":["post-4791","page","type-page","status-publish","hentry"],"acf":[],"_links":{"self":[{"href":"https:\/\/www.ufsm.br\/unidades-universitarias\/ccne\/wp-json\/wp\/v2\/pages\/4791","targetHints":{"allow":["GET"]}}],"collection":[{"href":"https:\/\/www.ufsm.br\/unidades-universitarias\/ccne\/wp-json\/wp\/v2\/pages"}],"about":[{"href":"https:\/\/www.ufsm.br\/unidades-universitarias\/ccne\/wp-json\/wp\/v2\/types\/page"}],"author":[{"embeddable":true,"href":"https:\/\/www.ufsm.br\/unidades-universitarias\/ccne\/wp-json\/wp\/v2\/users\/7017"}],"replies":[{"embeddable":true,"href":"https:\/\/www.ufsm.br\/unidades-universitarias\/ccne\/wp-json\/wp\/v2\/comments?post=4791"}],"version-history":[{"count":0,"href":"https:\/\/www.ufsm.br\/unidades-universitarias\/ccne\/wp-json\/wp\/v2\/pages\/4791\/revisions"}],"wp:attachment":[{"href":"https:\/\/www.ufsm.br\/unidades-universitarias\/ccne\/wp-json\/wp\/v2\/media?parent=4791"}],"wp:term":[{"taxonomy":"category","embeddable":true,"href":"https:\/\/www.ufsm.br\/unidades-universitarias\/ccne\/wp-json\/wp\/v2\/categories?post=4791"},{"taxonomy":"post_tag","embeddable":true,"href":"https:\/\/www.ufsm.br\/unidades-universitarias\/ccne\/wp-json\/wp\/v2\/tags?post=4791"}],"curies":[{"name":"wp","href":"https:\/\/api.w.org\/{rel}","templated":true}]}}