{"id":481,"date":"2018-06-25T08:18:42","date_gmt":"2018-06-25T11:18:42","guid":{"rendered":"https:\/\/www.ufsm.br\/unidades-universitarias\/ccne\/?page_id=481"},"modified":"2026-03-28T09:55:06","modified_gmt":"2026-03-28T12:55:06","slug":"contatos","status":"publish","type":"page","link":"https:\/\/www.ufsm.br\/unidades-universitarias\/ccne\/contatos","title":{"rendered":"Contatos"},"content":{"rendered":"\t\t<div data-elementor-type=\"wp-post\" data-elementor-id=\"481\" class=\"elementor elementor-481\">\n\t\t\t\t\t\t<section class=\"elementor-section elementor-top-section elementor-element elementor-element-10e4d85 elementor-section-boxed elementor-section-height-default elementor-section-height-default\" data-id=\"10e4d85\" data-element_type=\"section\">\n\t\t\t\t\t\t<div class=\"elementor-container elementor-column-gap-default\">\n\t\t\t\t\t<div class=\"elementor-column elementor-col-100 elementor-top-column elementor-element elementor-element-d0e4256\" data-id=\"d0e4256\" data-element_type=\"column\">\n\t\t\t<div class=\"elementor-widget-wrap elementor-element-populated\">\n\t\t\t\t\t\t<div class=\"elementor-element elementor-element-60d1ce3 elementor-widget elementor-widget-text-editor\" data-id=\"60d1ce3\" data-element_type=\"widget\" data-widget_type=\"text-editor.default\">\n\t\t\t\t<div class=\"elementor-widget-container\">\n\t\t\t\t\t\t\t<p>O\u00a0<strong>Centro de Ci\u00eancias Naturais e Exatas (CCNE)<\/strong> localiza-se no pr\u00e9dio 13, no Campus Sede da Universidade Federal de Santa Maria (RS, Brasil).<\/p><p>Solicitamos que entrem em contato, preferencialmente, pelos e-mails dos setores e cursos, para registro das demandas.<\/p>\t\t\t\t\t\t<\/div>\n\t\t\t\t<\/div>\n\t\t\t\t\t<\/div>\n\t\t<\/div>\n\t\t\t\t\t<\/div>\n\t\t<\/section>\n\t\t\t\t<section class=\"elementor-section elementor-top-section elementor-element elementor-element-3fdf73b elementor-section-boxed elementor-section-height-default elementor-section-height-default\" data-id=\"3fdf73b\" data-element_type=\"section\">\n\t\t\t\t\t\t<div class=\"elementor-container elementor-column-gap-default\">\n\t\t\t\t\t<div class=\"elementor-column elementor-col-100 elementor-top-column elementor-element elementor-element-4a94a8c\" data-id=\"4a94a8c\" data-element_type=\"column\">\n\t\t\t<div class=\"elementor-widget-wrap elementor-element-populated\">\n\t\t\t\t\t\t<div class=\"elementor-element elementor-element-2118b1a elementor-widget elementor-widget-text-editor\" data-id=\"2118b1a\" data-element_type=\"widget\" data-widget_type=\"text-editor.default\">\n\t\t\t\t<div class=\"elementor-widget-container\">\n\t\t\t\t\t\t\t<table style=\"border-collapse: collapse\" border=\"1\"><tbody><tr><td style=\"text-align: center;width: 159.719px\"><strong>Setor<\/strong><\/td><td style=\"text-align: center;width: 224.906px\"><strong>E-mail<\/strong><\/td><td style=\"text-align: center;width: 76.9688px\"><strong>Telefone<\/strong><br \/><strong>(+55 55&#8230;)<\/strong><\/td><td style=\"text-align: center;width: 96.4844px\"><strong>Localiza\u00e7\u00e3o no Campus Sede da UFSM<\/strong><\/td><\/tr><tr><td style=\"text-align: left;width: 159.719px\"><strong><a href=\"https:\/\/www.ufsm.br\/unidades-universitarias\/ccne\/administracao\/\">Secretaria Administrativa da Dire\u00e7\u00e3o<\/a><\/strong><\/td><td style=\"text-align: center;width: 224.906px\">ccne@ufsm.br<\/td><td style=\"text-align: center;width: 76.9688px\">3220 8337<\/td><td style=\"text-align: center;width: 96.4844px\">Pr\u00e9dio 13, Sala 1119<\/td><\/tr><tr><td style=\"text-align: left;width: 159.719px\"><strong>Diretor<\/strong><br \/>Prof. Felix Alexandre Antunes Soares<\/td><td style=\"text-align: center;width: 224.906px\">felix@ufsm.br<\/td><td style=\"text-align: center;width: 76.9688px\">3220\u00a0<span style=\"color: #1c1c1c;font-size: 16px;text-align: start\">8583<\/span><\/td><td style=\"text-align: center;width: 96.4844px\">Pr\u00e9dio 13, Sala 1119<\/td><\/tr><tr><td style=\"text-align: left;width: 159.719px\"><strong>Vice-Diretor<\/strong><br \/>Prof. Cristiano Giacomelli<\/td><td style=\"text-align: center;width: 224.906px\">cgiacomelli@ufsm.br<\/td><td style=\"text-align: center;width: 76.9688px\">3220\u00a0<span style=\"color: #1c1c1c;font-size: 16px;text-align: start\">8584<\/span><\/td><td style=\"text-align: center;width: 96.4844px\">Pr\u00e9dio 13, Sala 1119<\/td><\/tr><tr><td style=\"text-align: left;width: 159.719px\"><a href=\"https:\/\/www.ufsm.br\/unidades-universitarias\/ccne\/secretaria-integrada-de-departamentos\/\" target=\"_blank\" rel=\"noopener\"><b>Secretaria Integradas dos Departamentos<\/b><\/a><strong><br \/><\/strong><\/td><td style=\"text-align: center;width: 224.906px\">departamentos.ccne@ufsm.br<\/td><td style=\"text-align: center;width: 76.9688px\">3220 8136<br \/>3220 8137<\/td><td style=\"text-align: center;width: 96.4844px\">\u00a0Pr\u00e9dio 13, Sala 1124<\/td><\/tr><tr><td style=\"text-align: left;width: 159.719px\"><a href=\"https:\/\/www.ufsm.br\/unidades-universitarias\/ccne\/secretaria-integrada-dos-cursos-de-graduacao-das-ciencias-naturais\/\" target=\"_blank\" rel=\"noopener\"><b>Secretaria Integrada de Gradua\u00e7\u00e3o das Ci\u00eancias Naturais<\/b><\/a><b><br \/><\/b><\/td><td style=\"text-align: center;width: 224.906px\">graduacao.naturais@ufsm.br<\/td><td style=\"text-align: center;width: 76.9688px\">3220 8142\u00a0<\/td><td style=\"text-align: center;width: 96.4844px\"><span style=\"color: #000000;font-size: 16px\">\u00a0Pr\u00e9dio 13, Sala 1108-A<\/span>\u00a0<\/td><\/tr><tr><td style=\"text-align: left;width: 159.719px\"><a href=\"https:\/\/www.ufsm.br\/unidades-universitarias\/ccne\/secretaria-integrada-dos-cursos-de-graduacao-das-ciencias-exatas\/\" target=\"_blank\" rel=\"noopener\"><b>Secretaria Integrada de Gradua\u00e7\u00e3o das Ci\u00eancias Exatas<\/b><\/a><b><br \/><\/b><\/td><td style=\"text-align: center;width: 224.906px\">graduacao.exatas@ufsm.br<\/td><td style=\"text-align: center;width: 76.9688px\">\u00a0<\/td><td style=\"text-align: center;width: 96.4844px\">\u00a0<\/td><\/tr><tr><td style=\"text-align: center;width: 159.719px\"><p style=\"text-align: left\"><a href=\"https:\/\/www.ufsm.br\/unidades-universitarias\/ccne\/secretaria-integrada-dos-cursos-de-pos-graduacao-do-ccne\/\" target=\"_blank\" rel=\"noopener\"><b>Secretaria Integrada de P\u00f3s-Gradua\u00e7\u00e3o<\/b><\/a><\/p><\/td><td style=\"text-align: center;width: 224.906px\">\u00a0pos.ccne@ufsm.br<\/td><td style=\"text-align: center;width: 76.9688px\">3220 8305<br \/>3220 3163<\/td><td style=\"text-align: center;width: 96.4844px\">Pr\u00e9dio 13, Sala 1108-C\u00a0<\/td><\/tr><tr><td style=\"text-align: left;width: 159.719px\"><b><a href=\"https:\/\/www.ufsm.br\/unidades-universitarias\/ccne\/subdivisao-de-gestao-de-relatorios-institucionais\/\" target=\"_blank\" rel=\"noopener\">Subdivis\u00e3o de Relat\u00f3rios Institucionais de P\u00f3s-Gradua\u00e7\u00e3o<\/a><\/b><b><br \/><\/b><\/td><td style=\"text-align: center;width: 224.906px\">relatorios.ccne@ufsm.br<\/td><td style=\"text-align: center;width: 76.9688px\"><span style=\"color: #000000;font-size: 16px\">3220 8305<\/span><\/td><td style=\"text-align: center;width: 96.4844px\">\u00a0Pr\u00e9dio 13, Sala 1108-C\u00a0<\/td><\/tr><tr><td style=\"text-align: left;width: 159.719px\"><strong><a href=\"https:\/\/www.ufsm.br\/unidades-universitarias\/ccne\/comunicacao\/\">Subdivis\u00e3o de Comunica\u00e7\u00e3o<\/a><\/strong><\/td><td style=\"text-align: center;width: 224.906px\">comunicacao.ccne@ufsm.br<\/td><td style=\"text-align: center;width: 76.9688px\">3220\u00a0<span style=\"font-size: 16px\">8337<\/span><\/td><td style=\"text-align: center;width: 96.4844px\">Pr\u00e9dio 13, Sala 1119<\/td><\/tr><tr><td style=\"text-align: left;width: 159.719px\"><a href=\"https:\/\/www.ufsm.br\/unidades-universitarias\/ccne\/subdivisao-de-acompanhamento-e-apoio-a-gestao-de-pessoas\/\"><b>Subdivis\u00e3o de Acompanhamentos e Apoio \u00e0 Gest\u00e3o de Pessoas<\/b><\/a><strong><br \/><\/strong><\/td><td style=\"text-align: center;width: 224.906px\">saagep.ccne@ufsm.br<\/td><td style=\"text-align: center;width: 76.9688px\">3220 8455<\/td><td style=\"text-align: center;width: 96.4844px\">Pr\u00e9dio 13, Sala 1124<\/td><\/tr><tr><td style=\"text-align: left;width: 159.719px\"><strong><a href=\"https:\/\/www.ufsm.br\/unidades-universitarias\/ccne\/apoio-pedagogico\/\">Setor de Apoio Pedag\u00f3gico<\/a><\/strong><\/td><td style=\"text-align: center;width: 224.906px\">apoiopedagogico.ccne@ufsm.br<\/td><td style=\"text-align: center;width: 76.9688px\">3220 8735<\/td><td style=\"text-align: center;width: 96.4844px\">Pr\u00e9dio 13, Sala 1118<\/td><\/tr><tr><td style=\"text-align: left;width: 159.719px\"><a href=\"https:\/\/www.ufsm.br\/unidades-universitarias\/ccne\/apoio-pedagogico\/subdivisao-de-gestao-de-estagios#:~:text=Subdivis%C3%A3o%20de%20Gest%C3%A3o%20de%20Est%C3%A1gios%20%E2%80%93%20Est%C3%A1gios%2FCCNE,-Sobre%20a%20Subdvis%C3%A3o&amp;text=Dando%20suporte%20quanto%20ao%20preenchimento,demandas%20relativas%20a%20est%C3%A1gios%20extracurriculares.\" target=\"_blank\" rel=\"noopener\"><b>Subdivis\u00e3o de Gest\u00e3o de Est\u00e1gios<\/b><\/a><\/td><td style=\"text-align: center;width: 224.906px\">estagios.ccne@ufsm.br<\/td><td style=\"text-align: center;width: 76.9688px\">3220 8735\u00a0<\/td><td style=\"text-align: center;width: 96.4844px\">Pr\u00e9dio 13, Sala 1118\u00a0<\/td><\/tr><tr><td style=\"text-align: left;width: 159.719px\"><strong><a href=\"https:\/\/www.ufsm.br\/unidades-universitarias\/ccne\/gestao-orcamentaria\/\">N\u00facleo de Gest\u00e3o Or\u00e7ament\u00e1ria<\/a><\/strong><\/td><td style=\"text-align: center;width: 224.906px\">financeiro.ccne@ufsm.br<\/td><td style=\"text-align: center;width: 76.9688px\">3220 8022<\/td><td style=\"text-align: center;width: 96.4844px\">Pr\u00e9dio 13, Sala 1107-A<\/td><\/tr><tr><td style=\"text-align: left;width: 159.719px\"><strong><a href=\"https:\/\/www.ufsm.br\/unidades-universitarias\/ccne\/infraestrutura\/\">N\u00facleo de Infraestrutura<\/a><\/strong><\/td><td style=\"text-align: center;width: 224.906px\">infraestrutura.ccne@ufsm.br<\/td><td style=\"text-align: center;width: 76.9688px\">3220 8615<\/td><td style=\"text-align: center;width: 96.4844px\">Pr\u00e9dio 13, Sala 1107-B<\/td><\/tr><tr><td style=\"text-align: left;width: 159.719px\"><strong><a href=\"https:\/\/www.ufsm.br\/unidades-universitarias\/ccne\/infraestrutura\/laboratorios\">Subdivis\u00e3o de Gest\u00e3o de Laborat\u00f3rios<\/a><\/strong><\/td><td style=\"text-align: center;width: 224.906px\">laboratorios.ccne@ufsm.br<\/td><td style=\"text-align: center;width: 76.9688px\">3178 0710<br \/>3220 8615<\/td><td style=\"text-align: center;width: 96.4844px\">Pr\u00e9dio 18, Sala 2000-A<br \/>Pr\u00e9dio 13, Sala 1107-B<\/td><\/tr><tr><td style=\"text-align: left;width: 159.719px\"><strong><a href=\"https:\/\/www.ufsm.br\/unidades-universitarias\/ccne\/infraestrutura\/patrimonio\">Subdivis\u00e3o de Patrim\u00f4nio<\/a><\/strong><\/td><td style=\"text-align: center;width: 224.906px\">patrimonio.ccne@ufsm.br<\/td><td style=\"text-align: center;width: 76.9688px\">3220 8615<\/td><td style=\"text-align: center;width: 96.4844px\">Pr\u00e9dio 13, Sala 1107-B<\/td><\/tr><tr><td style=\"width: 159.719px\"><strong><a href=\"https:\/\/www.ufsm.br\/unidades-universitarias\/ccne\/infraestrutura\/ti\">Subdivis\u00e3o de Tecnologia da Informa\u00e7\u00e3o<\/a><\/strong><\/td><td style=\"text-align: center;width: 224.906px\">ti.ccne@ufsm.br<\/td><td style=\"text-align: center;width: 76.9688px\">3220 8615<\/td><td style=\"text-align: center;width: 96.4844px\">Pr\u00e9dio 13, Sala 1107-B<\/td><\/tr><tr><td style=\"text-align: left;width: 159.719px\"><strong><a href=\"https:\/\/www.ufsm.br\/unidades-universitarias\/ccne\/projetos\/\">Subdivis\u00e3o de Projetos<\/a><\/strong><\/td><td style=\"text-align: center;width: 224.906px\">projetos.ccne@ufsm.br<\/td><td style=\"text-align: center;width: 76.9688px\">3220 8617<\/td><td style=\"text-align: center;width: 96.4844px\">Pr\u00e9dio 13, Sala 1107-A<\/td><\/tr><tr><td style=\"text-align: left;width: 159.719px\"><a href=\"https:\/\/www.ufsm.br\/unidades-universitarias\/ccne\/arquivo-setorial-do-ccne\"><strong>Arquivo Setorial<\/strong><\/a><\/td><td style=\"text-align: center;width: 224.906px\">asccne@ufsm.br<\/td><td style=\"text-align: center;width: 76.9688px\">3220 8347<\/td><td style=\"text-align: center;width: 96.4844px\">Pr\u00e9dio 13, Sala 1146<\/td><\/tr><tr><td style=\"text-align: left;width: 159.719px\"><strong><a href=\"https:\/\/www.ufsm.br\/orgaos-suplementares\/biblioteca\/biblioteca-setorial-do-centro-de-ciencias-naturais-e-exatas-bsccne\/\">Biblioteca Setorial<\/a><\/strong><\/td><td style=\"text-align: center;width: 224.906px\">biblioteca.ccne@ufsm.br<\/td><td style=\"text-align: center;width: 76.9688px\">3220 8734<\/td><td style=\"text-align: center;width: 96.4844px\">Pr\u00e9dio 13, Sala 1127<\/td><\/tr><tr><td style=\"text-align: left;width: 159.719px\"><strong><a href=\"https:\/\/www.ufsm.br\/unidades-universitarias\/ccne\/cappa\/\">Centro de Apoio \u00e0 Pesquisa Paleontol\u00f3gica<\/a><\/strong><\/td><td style=\"text-align: center;width: 224.906px\">cappa@ufsm.br<\/td><td style=\"text-align: center;width: 76.9688px\">(55) 99974-1090<\/td><td style=\"text-align: center;width: 96.4844px\">Rua Maximiliano Vizzotto, 598 &#8211; Anexo ao Condesus<br \/>S\u00e3o Jo\u00e3o do Pol\u00easine (RS)<\/td><\/tr><tr><td style=\"text-align: left;width: 159.719px\"><strong><a href=\"https:\/\/www.ufsm.br\/orgaos-suplementares\/jardim-botanico\/\">Jardim Bot\u00e2nico<\/a><\/strong><\/td><td style=\"text-align: center;width: 224.906px\">jardimbotanico@ufsm.br<\/td><td style=\"text-align: center;width: 76.9688px\">3220 8973<\/td><td style=\"text-align: center;width: 96.4844px\">Estrada do Pains, mesma estrada dos b\u00e1sicos, CCNE e CE.<\/td><\/tr><tr><td style=\"text-align: left;width: 159.719px\"><a href=\"https:\/\/www.ufsm.br\/unidades-universitarias\/ccne\/ciencia-viva-2\/\" target=\"_blank\" rel=\"noopener\"><b>Ci\u00eancia Viva<\/b><\/a><strong><br \/><\/strong><\/td><td style=\"text-align: center;width: 224.906px\"><p>\u00a0cienciaviva@ufsm.br<\/p><\/td><td style=\"text-align: center;width: 76.9688px\">3220 8785<\/td><td style=\"text-align: center;width: 96.4844px\">\u00a0<\/td><\/tr><\/tbody><\/table><p><\/p><\/div><\/div><\/div><\/div><\/div><\/section><\/div> <a href=\"https:\/\/www.ufsm.br\/unidades-universitarias\/ccne\/contatos#more-481\" class=\"more-link elementor-more-link\"><span aria-label=\"Continue lendo Contatos\">(mais&hellip;)<\/span><\/a>","protected":false},"excerpt":{"rendered":"<p>O\u00a0Centro de Ci\u00eancias Naturais e Exatas (CCNE) localiza-se no pr\u00e9dio 13, no Campus Sede da Universidade Federal de Santa Maria (RS, Brasil). Solicitamos que entrem em contato, preferencialmente, pelos e-mails dos setores e cursos, para registro das demandas. Setor E-mail Telefone(+55 55&#8230;) Localiza\u00e7\u00e3o no Campus Sede da UFSM Secretaria Administrativa da Dire\u00e7\u00e3o ccne@ufsm.br 3220 8337 [&hellip;]<\/p>\n","protected":false},"author":1040,"featured_media":0,"parent":0,"menu_order":0,"comment_status":"closed","ping_status":"closed","template":"","meta":{"footnotes":""},"categories":[],"tags":[],"class_list":["post-481","page","type-page","status-publish","hentry"],"acf":[],"_links":{"self":[{"href":"https:\/\/www.ufsm.br\/unidades-universitarias\/ccne\/wp-json\/wp\/v2\/pages\/481","targetHints":{"allow":["GET"]}}],"collection":[{"href":"https:\/\/www.ufsm.br\/unidades-universitarias\/ccne\/wp-json\/wp\/v2\/pages"}],"about":[{"href":"https:\/\/www.ufsm.br\/unidades-universitarias\/ccne\/wp-json\/wp\/v2\/types\/page"}],"author":[{"embeddable":true,"href":"https:\/\/www.ufsm.br\/unidades-universitarias\/ccne\/wp-json\/wp\/v2\/users\/1040"}],"replies":[{"embeddable":true,"href":"https:\/\/www.ufsm.br\/unidades-universitarias\/ccne\/wp-json\/wp\/v2\/comments?post=481"}],"version-history":[{"count":0,"href":"https:\/\/www.ufsm.br\/unidades-universitarias\/ccne\/wp-json\/wp\/v2\/pages\/481\/revisions"}],"wp:attachment":[{"href":"https:\/\/www.ufsm.br\/unidades-universitarias\/ccne\/wp-json\/wp\/v2\/media?parent=481"}],"wp:term":[{"taxonomy":"category","embeddable":true,"href":"https:\/\/www.ufsm.br\/unidades-universitarias\/ccne\/wp-json\/wp\/v2\/categories?post=481"},{"taxonomy":"post_tag","embeddable":true,"href":"https:\/\/www.ufsm.br\/unidades-universitarias\/ccne\/wp-json\/wp\/v2\/tags?post=481"}],"curies":[{"name":"wp","href":"https:\/\/api.w.org\/{rel}","templated":true}]}}