{"id":4938,"date":"2024-04-16T13:38:28","date_gmt":"2024-04-16T16:38:28","guid":{"rendered":"https:\/\/www.ufsm.br\/unidades-universitarias\/ccne\/?page_id=4938"},"modified":"2024-04-16T15:59:53","modified_gmt":"2024-04-16T18:59:53","slug":"plano-de-estudos","status":"publish","type":"page","link":"https:\/\/www.ufsm.br\/unidades-universitarias\/ccne\/secretaria-integrada-dos-cursos-de-pos-graduacao-do-ccne\/orientacao-para-a-utilizacao-dos-recursos-do-proap\/plano-de-estudos","title":{"rendered":"Plano de Estudos"},"content":{"rendered":"\n<p><strong>Orienta\u00e7\u00f5es gerais<\/strong>:\u00a0<\/p>\n<ul>\n<li>A elabora\u00e7\u00e3o do Plano de Estudos \u00e9 obrigat\u00f3ria para todos os alunos de p\u00f3s-gradua\u00e7\u00e3o da UFSM;<\/li>\n<li>O plano deve ser submetido para aprova\u00e7\u00e3o <strong>antes do final do primeiro semestre de curso<\/strong>, sob risco de indisponibilidade para matr\u00edcula no semestre seguinte, caso n\u00e3o seja cumprido o prazo;<\/li>\n<li>Para elabora\u00e7\u00e3o do plano o discente deve acessar o Portal do Aluno, clicar na op\u00e7\u00e3o Plano de Estudos e Defesa de MDT e e escolher a op\u00e7\u00e3o Plano de Estudos (informa\u00e7\u00f5es detalhadas no tutorial da PRPGP, dispon\u00edvel abaixo);<\/li>\n<li>O discente deve elaborar o plano em conjunto com o(a) orientador(a), decidindo quais disciplinas ser\u00e3o cursadas;\u00a0<\/li>\n<li><span style=\"font-weight: 400\">O(a) <\/span><span style=\"font-weight: 400\">orientador(a)<\/span><span style=\"font-weight: 400\"> analisa o plano de estudos e, estando de acordo com as informa\u00e7\u00f5es, tramita para a <\/span><span style=\"font-weight: 400\">Coordena\u00e7\u00e3o do Programa<\/span><span style=\"font-weight: 400\">, que tamb\u00e9m deve analisar e, estando de acordo, aprovar o processo.<\/span><\/li>\n<li>Caso o aluno queira alterar seu plano de estudos, basta abrir o plano e clicar no bot\u00e3o &#8220;alterar&#8221;. Ap\u00f3s registradas as altera\u00e7\u00f5es o processo deve ser tramitado ao orientador e, posteriormente, \u00e0 Coordena\u00e7\u00e3o, para aprova\u00e7\u00e3o, seguindo as mesmas instru\u00e7\u00f5es do tutorial da PRPGP.\u00a0<\/li>\n<li><b>IMPORTANTE:<\/b><span style=\"font-weight: 400\"> 1) observar se as disciplinas (c\u00f3digos e nomes) e n\u00famero de cr\u00e9ditos inseridos no Plano de Estudos est\u00e3o corretas e de acordo com as informa\u00e7\u00f5es do hist\u00f3rico escolar; 2) lembrar de inserir sufici\u00eancia\/profici\u00eancia em L\u00edngua Estrangeira; 3) Para abrir o processo de solicita\u00e7\u00e3o de defesa de MDT (ao final do curso), \u00e9 necess\u00e1rio que o aluno esteja com seu plano de estudos devidamente cumprido.<\/span><\/li>\n<\/ul>\n<p>\u00a0<\/p>\n<h5><span style=\"color: #000000\"><strong>LINKS IMPORTANTES<\/strong><\/span>:<\/h5>\n<p><a href=\"https:\/\/www.ufsm.br\/pro-reitorias\/prpgp\/servicos\/procedimentos-ao-preenchimento-do-plano-de-estudos-on-line\">P\u00e1gina da PRPGP sobre plano de estudos<\/a><\/p>\n<p><a href=\"https:\/\/www.ufsm.br\/app\/uploads\/sites\/345\/2022\/02\/TUTORIAL-PLANO-DE-ESTUDOS.pdf\">Tutorial PRPGP &#8211; Preenchimento do Plano de Estudos<\/a><\/p>\n<p>\u00a0<\/p>\n","protected":false},"excerpt":{"rendered":"<p>Orienta\u00e7\u00f5es gerais:\u00a0 A elabora\u00e7\u00e3o do Plano de Estudos \u00e9 obrigat\u00f3ria para todos os alunos de p\u00f3s-gradua\u00e7\u00e3o da UFSM; O plano deve ser submetido para aprova\u00e7\u00e3o antes do final do primeiro semestre de curso, sob risco de indisponibilidade para matr\u00edcula no semestre seguinte, caso n\u00e3o seja cumprido o prazo; Para elabora\u00e7\u00e3o do plano o discente deve [&hellip;]<\/p>\n","protected":false},"author":1890,"featured_media":0,"parent":3797,"menu_order":0,"comment_status":"closed","ping_status":"closed","template":"","meta":{"footnotes":""},"categories":[],"tags":[],"class_list":["post-4938","page","type-page","status-publish","hentry"],"acf":[],"_links":{"self":[{"href":"https:\/\/www.ufsm.br\/unidades-universitarias\/ccne\/wp-json\/wp\/v2\/pages\/4938","targetHints":{"allow":["GET"]}}],"collection":[{"href":"https:\/\/www.ufsm.br\/unidades-universitarias\/ccne\/wp-json\/wp\/v2\/pages"}],"about":[{"href":"https:\/\/www.ufsm.br\/unidades-universitarias\/ccne\/wp-json\/wp\/v2\/types\/page"}],"author":[{"embeddable":true,"href":"https:\/\/www.ufsm.br\/unidades-universitarias\/ccne\/wp-json\/wp\/v2\/users\/1890"}],"replies":[{"embeddable":true,"href":"https:\/\/www.ufsm.br\/unidades-universitarias\/ccne\/wp-json\/wp\/v2\/comments?post=4938"}],"version-history":[{"count":0,"href":"https:\/\/www.ufsm.br\/unidades-universitarias\/ccne\/wp-json\/wp\/v2\/pages\/4938\/revisions"}],"up":[{"embeddable":true,"href":"https:\/\/www.ufsm.br\/unidades-universitarias\/ccne\/wp-json\/wp\/v2\/pages\/3797"}],"wp:attachment":[{"href":"https:\/\/www.ufsm.br\/unidades-universitarias\/ccne\/wp-json\/wp\/v2\/media?parent=4938"}],"wp:term":[{"taxonomy":"category","embeddable":true,"href":"https:\/\/www.ufsm.br\/unidades-universitarias\/ccne\/wp-json\/wp\/v2\/categories?post=4938"},{"taxonomy":"post_tag","embeddable":true,"href":"https:\/\/www.ufsm.br\/unidades-universitarias\/ccne\/wp-json\/wp\/v2\/tags?post=4938"}],"curies":[{"name":"wp","href":"https:\/\/api.w.org\/{rel}","templated":true}]}}