{"id":4941,"date":"2024-04-16T15:42:30","date_gmt":"2024-04-16T18:42:30","guid":{"rendered":"https:\/\/www.ufsm.br\/unidades-universitarias\/ccne\/?page_id=4941"},"modified":"2025-01-14T09:43:42","modified_gmt":"2025-01-14T12:43:42","slug":"dispensa-e-aproveitamento-de-disciplinas","status":"publish","type":"page","link":"https:\/\/www.ufsm.br\/unidades-universitarias\/ccne\/secretaria-integrada-dos-cursos-de-pos-graduacao-do-ccne\/dispensa-e-aproveitamento-de-disciplinas","title":{"rendered":"Dispensa e aproveitamento de disciplinas"},"content":{"rendered":"\n<p><strong>ORIENTA\u00c7\u00d5ES GERAIS<\/strong>:<\/p>\n<ul>\n<li>Os discentes de p\u00f3s-gradua\u00e7\u00e3o podem solicitar o aproveitamento ou a dispensa de disciplinas j\u00e1 cursadas na UFSM, como aluno regular ou especial, e em outras Institui\u00e7\u00f5es de Ensino Superior, de acordo com o <a href=\"https:\/\/www.ufsm.br\/app\/uploads\/sites\/345\/2023\/10\/RES_UFSM_2023_139_ANEXO_I_Regulamento-Geral-PG-Stricto-Sensu-UFSM-2023.pdf\">Regimento Geral da P\u00f3s-Gradua\u00e7\u00e3o da UFSM<\/a> e as normativas internas de cada curso.<\/li>\n<li>Os <strong>crit\u00e9rios e limites para dispensa\/aproveitamento de disciplinas<\/strong> devem ser verificados pelo aluno no <strong>Regulamento ou normas internas do PPG<\/strong> ao qual est\u00e1 vinculado e junto ao(a) orientador(a);<\/li>\n<li style=\"text-align: left\">As solicita\u00e7\u00f5es de aproveitamento devem ser encaminhadas via processo PEN-SIE:<\/li>\n<\/ul>\n<p style=\"text-align: center\"><span style=\"color: #ff0000\"><strong>*DIFEREN\u00c7A ENTRE SOLICITA\u00c7\u00c3O DE DISPENSA DE DISCIPLINAS E SOLICITA\u00c7\u00c3O DE APROVEITAMENTO DE DISCIPLINAS*<\/strong><\/span><\/p>\n<ul style=\"list-style-type: circle\">\n<li><strong>SOLICITA\u00c7\u00c3O DE DISPENSA DE DISCIPLINAS \u2013<\/strong>\u00a0Deve ser solicitada pelo(a) discente que quiser dispensar a(s) disciplina(s) do curso de p\u00f3s-gradua\u00e7\u00e3o da UFSM (que estiver matriculado como aluno regular) por disciplinas cursadas externamente ao curso na UFSM e\/ou em outras IES.\n<ul>\n<li>A dispensa de disciplinas faz com que o(a) discente n\u00e3o precise se matricular e cursar uma disciplina da estrutura curricular do curso de p\u00f3s-gradua\u00e7\u00e3o da UFSM, por substitui\u00e7\u00e3o a uma disciplina externa ao curso.<\/li>\n<li>TIPO DOCUMENTAL QUE DEVE SER ABERTO NO PEN:\u00a0<strong>134.23 Solicita\u00e7\u00e3o de dispensa de disciplina de mestrado\/doutorado<\/strong><\/li>\n<\/ul>\n<\/li>\n<\/ul>\n<p>\u00a0<\/p>\n<ul style=\"list-style-type: circle\">\n<li><strong>SOLICITA\u00c7\u00c3O DE APROVEITAMENTO DE DISCIPLINAS \u2013<\/strong>\u00a0Deve ser solicitada pelo(a) discente que quiser aproveitar a(s) disciplina(s) cursada(s) e aprovada(s) em outro curso de p\u00f3s-gradua\u00e7\u00e3o da UFSM e\/ou em outras IES.<\/li>\n<\/ul>\n<ul>\n<li style=\"list-style-type: none\">\n<ul>\n<li>O aproveitamento de disciplinas permite que o(a) discente aluno regular de um curso de p\u00f3s-gradua\u00e7\u00e3o da UFSM inclua no seu plano de estudos uma disciplina cursada externamente ao curso.<\/li>\n<li>TIPO DOCUMENTAL QUE DEVE SER ABERTO NO PEN:\u00a0<strong>134.23 Solicita\u00e7\u00e3o de aproveitamento de disciplina de mestrado\/doutorado<\/strong><\/li>\n<\/ul>\n<\/li>\n<\/ul>\n<p><em>OBSERVA\u00c7\u00c3O: O Sistema Web de dispensa de disciplinas ainda esta sendo implementado para discentes da P\u00f3s-Gradua\u00e7\u00e3o.<\/em><\/p>\n<ul>\n<li>O discente dever\u00e1 preencher e anexar ao processo o requerimento de dispensa\/aproveitamento (modelo dispon\u00edvel na<a href=\"https:\/\/www.ufsm.br\/pro-reitorias\/prpgp\/servicos\/dispensa-aproveitamento-de-disciplinas-de-pos-graduacao\"> p\u00e1gina da PRPGP<\/a><a href=\"https:\/\/www.ufsm.br\/pro-reitorias\/prpgp\/servicos\/dispensa-aproveitamento-de-disciplinas-de-pos-graduacao\">)<\/a>, bem como os comprovantes necess\u00e1rios para an\u00e1lise da solicita\u00e7\u00e3o: hist\u00f3rico escolar, ementa da disciplina, artigo ou cap\u00edtulo de livro publicado (quando se tratar de aproveitamento de cr\u00e9ditos por publica\u00e7\u00e3o de artigo\/cap\u00edtulo de livro), entre outros.<\/li>\n<\/ul>\n<p>\u00a0<\/p>\n<p><strong>FLUXO DE ENCAMINHAMENTO DO PROCESSO<\/strong>:<\/p>\n<p>1. Discente abre o processo e tramita para a Coordena\u00e7\u00e3o do PPG;<\/p>\n<p>2. Processo na caixa postal do PPG:<\/p>\n<p>a) Aguarda reuni\u00e3o de Colegiado para an\u00e1lise. Sendo aprovado o pedido, Secretaria anexa a ata da reuni\u00e3o e encaminha ao N\u00facleo de Controle Acad\u00eamico de P\u00f3s-Gradua\u00e7\u00e3o para registro no hist\u00f3rico do discente;<\/p>\n<p>b) Coordenador(a) avalia o pedido e, estando de acordo, defere via <em>ad referendum<\/em> e encaminha ao N\u00facleo de Controle Acad\u00eamico de P\u00f3s-Gradua\u00e7\u00e3o para registro no hist\u00f3rico do discente;<\/p>\n<p>c) Caso seja verificada a necessidade de ajustes, o processo \u00e9 devolvido ao estudante, para que sejam efetuadas as corre\u00e7\u00f5es.<\/p>\n<p>4. Aproveitamento\/dispensa registrados no hist\u00f3rico &gt; Aluno deve atualizar o plano de estudos para ficar igual ao hist\u00f3rico (mesmas disciplinas e c\u00f3digos)<\/p>\n<p>\u00a0<\/p>\n<p><strong>TUTORIAIS<\/strong>:<\/p>\n<p><a href=\"https:\/\/www.ufsm.br\/pro-reitorias\/prpgp\/servicos\/dispensa-aproveitamento-de-disciplinas-de-pos-graduacao\">Tutorial para abertura do processo de aproveitamento no PEN-SIE<\/a><\/p>\n","protected":false},"excerpt":{"rendered":"<p>ORIENTA\u00c7\u00d5ES GERAIS: Os discentes de p\u00f3s-gradua\u00e7\u00e3o podem solicitar o aproveitamento ou a dispensa de disciplinas j\u00e1 cursadas na UFSM, como aluno regular ou especial, e em outras Institui\u00e7\u00f5es de Ensino Superior, de acordo com o Regimento Geral da P\u00f3s-Gradua\u00e7\u00e3o da UFSM e as normativas internas de cada curso. Os crit\u00e9rios e limites para dispensa\/aproveitamento de [&hellip;]<\/p>\n","protected":false},"author":1890,"featured_media":0,"parent":2766,"menu_order":0,"comment_status":"closed","ping_status":"closed","template":"","meta":{"footnotes":""},"categories":[],"tags":[],"class_list":["post-4941","page","type-page","status-publish","hentry"],"acf":[],"_links":{"self":[{"href":"https:\/\/www.ufsm.br\/unidades-universitarias\/ccne\/wp-json\/wp\/v2\/pages\/4941","targetHints":{"allow":["GET"]}}],"collection":[{"href":"https:\/\/www.ufsm.br\/unidades-universitarias\/ccne\/wp-json\/wp\/v2\/pages"}],"about":[{"href":"https:\/\/www.ufsm.br\/unidades-universitarias\/ccne\/wp-json\/wp\/v2\/types\/page"}],"author":[{"embeddable":true,"href":"https:\/\/www.ufsm.br\/unidades-universitarias\/ccne\/wp-json\/wp\/v2\/users\/1890"}],"replies":[{"embeddable":true,"href":"https:\/\/www.ufsm.br\/unidades-universitarias\/ccne\/wp-json\/wp\/v2\/comments?post=4941"}],"version-history":[{"count":0,"href":"https:\/\/www.ufsm.br\/unidades-universitarias\/ccne\/wp-json\/wp\/v2\/pages\/4941\/revisions"}],"up":[{"embeddable":true,"href":"https:\/\/www.ufsm.br\/unidades-universitarias\/ccne\/wp-json\/wp\/v2\/pages\/2766"}],"wp:attachment":[{"href":"https:\/\/www.ufsm.br\/unidades-universitarias\/ccne\/wp-json\/wp\/v2\/media?parent=4941"}],"wp:term":[{"taxonomy":"category","embeddable":true,"href":"https:\/\/www.ufsm.br\/unidades-universitarias\/ccne\/wp-json\/wp\/v2\/categories?post=4941"},{"taxonomy":"post_tag","embeddable":true,"href":"https:\/\/www.ufsm.br\/unidades-universitarias\/ccne\/wp-json\/wp\/v2\/tags?post=4941"}],"curies":[{"name":"wp","href":"https:\/\/api.w.org\/{rel}","templated":true}]}}