{"id":5571,"date":"2025-02-11T09:01:47","date_gmt":"2025-02-11T12:01:47","guid":{"rendered":"https:\/\/www.ufsm.br\/unidades-universitarias\/ccne\/?page_id=5571"},"modified":"2025-09-25T13:11:58","modified_gmt":"2025-09-25T16:11:58","slug":"docencia-orientada","status":"publish","type":"page","link":"https:\/\/www.ufsm.br\/unidades-universitarias\/ccne\/secretaria-integrada-dos-cursos-de-pos-graduacao-do-ccne\/orientacao-para-a-utilizacao-dos-recursos-do-proap\/docencia-orientada","title":{"rendered":"Doc\u00eancia Orientada"},"content":{"rendered":"<p>O est\u00e1gio de doc\u00eancia \u00e9 uma atividade curricular para discentes de p\u00f3s-gradua\u00e7\u00e3o que se apresenta como disciplina denominada \u201cDoc\u00eancia Orientada\u201d, sendo definida como a participa\u00e7\u00e3o de discente de p\u00f3s-gradua\u00e7\u00e3o em atividades de ensino em n\u00edvel de gradua\u00e7\u00e3o na UFSM, servindo para a complementa\u00e7\u00e3o da forma\u00e7\u00e3o pedag\u00f3gica dos(as) p\u00f3s-graduandos(as).<\/p>\n<p>A atividade pode ser obrigat\u00f3ria dependendo do curso e do recebimento de bolsa para sua realiza\u00e7\u00e3o.<\/p>\n<p><strong style=\"font-size: 1rem\">Ressaltamos que \u00e9 necess\u00e1rio abrir o processo PEN de plano de doc\u00eancia orientada.\u00a0 <\/strong>Informa\u00e7\u00f5es sobre a abertura do processo est\u00e1 na <a style=\"font-size: 1rem\" href=\"https:\/\/www.ufsm.br\/pro-reitorias\/prpgp\/servicos\/processo-de-docencia-orientada-estagio-de-docencia\">p\u00e1gina da PRPGP<\/a>.<\/p>\n<p>A matr\u00edcula em\u00a0doc\u00eancia orientada\u00a0est\u00e1\u00a0<u>condicionada a aprova\u00e7\u00e3o do plano nas diferentes\u00a0inst\u00e2ncias<\/u>\u00a0(Colegiado do Curso de P\u00f3s-Gradua\u00e7\u00e3o e Colegiado do Curso de Gradua\u00e7\u00e3o). Ressaltando que\u00a0<u>o processo com o plano de doc\u00eancia deve ser encaminhado para o PPG antes do in\u00edcio do semestre no qual a matr\u00edcula na disciplina de doc\u00eancia ser\u00e1 realizada.<\/u><\/p>\n<p>Cada curso apresenta suas pr\u00f3pria exig\u00eancias e observa\u00e7\u00f5es, favor consultar a p\u00e1gina do seu programa para mais informa\u00e7\u00f5es.<\/p>\n<p><!-- \/wp:post-content --><!-- wp:tadv\/classic-paragraph \/--><!-- wp:tadv\/classic-paragraph \/--><!-- wp:tadv\/classic-paragraph \/--><!-- wp:tadv\/classic-paragraph \/--><!-- wp:tadv\/classic-paragraph \/--><!-- wp:tadv\/classic-paragraph \/--><\/p>\n<h2>Orienta\u00e7\u00f5es sobre o processo de doc\u00eancia<\/h2>\n<ol>\n<li style=\"list-style-type: none\">\n<ol>\n<li><strong>Manifestar Interesse na Doc\u00eancia<\/strong><\/li>\n<\/ol>\n<\/li>\n<\/ol>\n<ul>\n<li><strong>Quando:<\/strong> <em>Final do semestre anterior ao que deseja realizar a doc\u00eancia.<\/em><\/li>\n<li><strong>O que fazer:<\/strong> Informar \u00e0 secretaria Integrada da P\u00f3s Gradua\u00e7\u00e3o que deseja realizar doc\u00eancia orientada no pr\u00f3ximo semestre.<\/li>\n<li><strong>Observa\u00e7\u00e3o:<\/strong> Fique atento(a) ao e-mail institucional \u2014 normalmente, ser\u00e1 enviado um aviso sobre as solicita\u00e7\u00f5es de doc\u00eancia orientada.<\/li>\n<\/ul>\n<ul>\n<li style=\"list-style-type: none\">\n<ul>\n<li><strong>2. Matr\u00edcula e Abertura do Processo<\/strong><\/li>\n<\/ul>\n<\/li>\n<\/ul>\n<ul>\n<li><strong>Quando:<\/strong> <em>Fim do semestre vigente (\u00faltimas semanas de aula)<\/em> at\u00e9 no m\u00e1ximo o I<em>n\u00edcio do semestre (primeiras semanas de aula).<\/em><\/li>\n<li><strong>O que fazer:<\/strong>\n<ul>\n<li>Matricular-se na disciplina de Doc\u00eancia Orientada.<\/li>\n<li>Abrir o processo PEN com os documentos exigidos, incluindo o <strong>plano de doc\u00eancia <\/strong>(Conferir modelo na p\u00e1gina do seu PPG, caso n\u00e3o tenha h\u00e1 um modelo base no final da p\u00e1gina). Passo a passo para abertura do processo est\u00e1 na <a style=\"font-size: 1rem\" href=\"https:\/\/www.ufsm.br\/pro-reitorias\/prpgp\/servicos\/processo-de-docencia-orientada-estagio-de-docencia\">p\u00e1gina da PRPGP.<\/a><\/li>\n<\/ul>\n<\/li>\n<li><strong>Objetivo:<\/strong> Submeter \u00e0 avalia\u00e7\u00e3o do colegiado da <strong>P\u00f3s-Gradua\u00e7\u00e3o<\/strong>.<\/li>\n<\/ul>\n<ul>\n<li style=\"list-style-type: none\">\n<ul>\n<li><strong style=\"font-size: revert;color: initial\">\u00a0<\/strong><strong style=\"font-size: revert;color: initial\">3. Avalia\u00e7\u00e3o pela Gradua\u00e7\u00e3o<\/strong><\/li>\n<\/ul>\n<\/li>\n<\/ul>\n<ul>\n<li><strong>Quando:<\/strong> <em>Ap\u00f3s homologa\u00e7\u00e3o pela p\u00f3s-gradua\u00e7\u00e3o (normalmente dentro do 1\u00ba m\u00eas do semestre).<\/em><\/li>\n<li><strong>O que acontece:<\/strong> O processo ser\u00e1 encaminhado para o colegiado da <strong>Gradua\u00e7\u00e3o<\/strong> correspondente \u00e0 disciplina em que voc\u00ea atuar\u00e1 como docente.<\/li>\n<\/ul>\n<ul>\n<li style=\"list-style-type: none\">\n<ul>\n<li><strong>4.Retorno do Processo<\/strong><\/li>\n<\/ul>\n<\/li>\n<\/ul>\n<ul>\n<li><strong>Quando:<\/strong> <em>Ap\u00f3s aprova\u00e7\u00e3o dos dois colegiados.<\/em><\/li>\n<li><strong>O que acontece:<\/strong> O processo ser\u00e1 devolvido ao discente e ficar\u00e1 <strong>na caixa postal<\/strong> at\u00e9 a finaliza\u00e7\u00e3o da doc\u00eancia.<\/li>\n<\/ul>\n<ul>\n<li style=\"list-style-type: none\">\n<ul>\n<li><strong>5. Encerramento da Doc\u00eancia<\/strong><\/li>\n<\/ul>\n<\/li>\n<\/ul>\n<ul>\n<li><strong>Quando:<\/strong> <em>Final do semestre.<\/em><\/li>\n<li><strong>O que fazer:<\/strong> Ao encerrar a doc\u00eancia orientada, tramitar o processo de volta com o relat\u00f3rio de doc\u00eancia <strong>(confirmar com o curso sobre a necessidade do relat\u00f3rio<\/strong>) para o curso, para finaliza\u00e7\u00e3o e registro.<\/li>\n<\/ul>\n<p>Formul\u00e1rios:<\/p>\n<p><a href=\"https:\/\/www.ufsm.br\/app\/uploads\/sites\/369\/2025\/09\/Solicitao-Docencia-2.docx\">Modelo Base para solicita\u00e7\u00e3o de Doc\u00eancia Orientada<\/a><\/p>\n\n<!-- wp:tadv\/classic-paragraph \/-->","protected":false},"excerpt":{"rendered":"<p>O est\u00e1gio de doc\u00eancia \u00e9 uma atividade curricular para discentes de p\u00f3s-gradua\u00e7\u00e3o que se apresenta como disciplina denominada \u201cDoc\u00eancia Orientada\u201d, sendo definida como a participa\u00e7\u00e3o de discente de p\u00f3s-gradua\u00e7\u00e3o em atividades de ensino em n\u00edvel de gradua\u00e7\u00e3o na UFSM, servindo para a complementa\u00e7\u00e3o da forma\u00e7\u00e3o pedag\u00f3gica dos(as) p\u00f3s-graduandos(as). A atividade pode ser obrigat\u00f3ria dependendo do [&hellip;]<\/p>\n","protected":false},"author":8089,"featured_media":0,"parent":3797,"menu_order":0,"comment_status":"closed","ping_status":"closed","template":"","meta":{"footnotes":""},"categories":[],"tags":[],"class_list":["post-5571","page","type-page","status-publish","hentry"],"acf":[],"_links":{"self":[{"href":"https:\/\/www.ufsm.br\/unidades-universitarias\/ccne\/wp-json\/wp\/v2\/pages\/5571","targetHints":{"allow":["GET"]}}],"collection":[{"href":"https:\/\/www.ufsm.br\/unidades-universitarias\/ccne\/wp-json\/wp\/v2\/pages"}],"about":[{"href":"https:\/\/www.ufsm.br\/unidades-universitarias\/ccne\/wp-json\/wp\/v2\/types\/page"}],"author":[{"embeddable":true,"href":"https:\/\/www.ufsm.br\/unidades-universitarias\/ccne\/wp-json\/wp\/v2\/users\/8089"}],"replies":[{"embeddable":true,"href":"https:\/\/www.ufsm.br\/unidades-universitarias\/ccne\/wp-json\/wp\/v2\/comments?post=5571"}],"version-history":[{"count":0,"href":"https:\/\/www.ufsm.br\/unidades-universitarias\/ccne\/wp-json\/wp\/v2\/pages\/5571\/revisions"}],"up":[{"embeddable":true,"href":"https:\/\/www.ufsm.br\/unidades-universitarias\/ccne\/wp-json\/wp\/v2\/pages\/3797"}],"wp:attachment":[{"href":"https:\/\/www.ufsm.br\/unidades-universitarias\/ccne\/wp-json\/wp\/v2\/media?parent=5571"}],"wp:term":[{"taxonomy":"category","embeddable":true,"href":"https:\/\/www.ufsm.br\/unidades-universitarias\/ccne\/wp-json\/wp\/v2\/categories?post=5571"},{"taxonomy":"post_tag","embeddable":true,"href":"https:\/\/www.ufsm.br\/unidades-universitarias\/ccne\/wp-json\/wp\/v2\/tags?post=5571"}],"curies":[{"name":"wp","href":"https:\/\/api.w.org\/{rel}","templated":true}]}}