{"id":558,"date":"2018-06-26T10:41:48","date_gmt":"2018-06-26T13:41:48","guid":{"rendered":"https:\/\/www.ufsm.br\/unidades-universitarias\/ccne\/?page_id=558"},"modified":"2026-03-12T15:32:57","modified_gmt":"2026-03-12T18:32:57","slug":"pos-graduacao","status":"publish","type":"page","link":"https:\/\/www.ufsm.br\/unidades-universitarias\/ccne\/pos-graduacao","title":{"rendered":"P\u00f3s-Gradua\u00e7\u00e3o"},"content":{"rendered":"\t\t<div data-elementor-type=\"wp-post\" data-elementor-id=\"558\" class=\"elementor elementor-558\">\n\t\t\t\t\t\t<section class=\"elementor-section elementor-top-section elementor-element elementor-element-67f4bd1 elementor-section-boxed elementor-section-height-default elementor-section-height-default\" data-id=\"67f4bd1\" data-element_type=\"section\">\n\t\t\t\t\t\t<div class=\"elementor-container elementor-column-gap-default\">\n\t\t\t\t\t<div class=\"elementor-column elementor-col-100 elementor-top-column elementor-element elementor-element-0eb48bf\" data-id=\"0eb48bf\" data-element_type=\"column\">\n\t\t\t<div class=\"elementor-widget-wrap elementor-element-populated\">\n\t\t\t\t\t\t<div class=\"elementor-element elementor-element-5f29c03 elementor-widget elementor-widget-wp-widget-ufsm_cursos_widget\" data-id=\"5f29c03\" data-element_type=\"widget\" data-widget_type=\"wp-widget-ufsm_cursos_widget.default\">\n\t\t\t\t<div class=\"elementor-widget-container\">\n\t\t\t\t\t<!-- Areas de Conhecimento -->\n\t\t<div class=\"areas_de_conhecimento\">\n\t\t\t\t\t\t<!-- Listagem de Cursos -->\n\t\t\t<ul class=\"row\" id=\"lista_cursos\">\n\t\t\t\t\t\t\t\t\t<li class=\"col-lg-6 area_334\">\n\t\t\t\t\t\t<a class='d-block text-wrap' href=\/cursos\/pos-graduacao\/santa-maria\/profgeo\/ title='Mestrado Profissional em Ensino de Geografia, Oferecido em Rede Nacional'>Mestrado Profissional em Ensino de Geografia, Oferecido em Rede Nacional<\/a>\t\t\t\t\t<\/li>\n\t\t\t\t\t\t\t\t\t<li class=\"col-lg-6 area_2\">\n\t\t\t\t\t\t<a class='d-block text-wrap' href=\/cursos\/pos-graduacao\/santa-maria\/profmat\/ title='Mestrado Profissional em Matem\u00e1tica, Oferecido em Associa\u00e7\u00e3o Com A Sociedade Brasileira de Matem\u00e1tica'>Mestrado Profissional em Matem\u00e1tica, Oferecido em Associa\u00e7\u00e3o Com A Sociedade Brasileira de Matem\u00e1tica<\/a>\t\t\t\t\t<\/li>\n\t\t\t\t\t\t\t\t\t<li class=\"col-lg-6 area_235\">\n\t\t\t\t\t\t<a class='d-block text-wrap' href=\/cursos\/pos-graduacao\/santa-maria\/ppgagrobio\/ title='P\u00f3s-Gradua\u00e7\u00e3o em Agrobiologia'>P\u00f3s-Gradua\u00e7\u00e3o em Agrobiologia<\/a>\t\t\t\t\t<\/li>\n\t\t\t\t\t\t\t\t\t<li class=\"col-lg-6 area_52\">\n\t\t\t\t\t\t<a class='d-block text-wrap' href=\/cursos\/pos-graduacao\/santa-maria\/ppgba\/ title='P\u00f3s-Gradua\u00e7\u00e3o em Biodiversidade Animal'>P\u00f3s-Gradua\u00e7\u00e3o em Biodiversidade Animal<\/a>\t\t\t\t\t<\/li>\n\t\t\t\t\t\t\t\t\t<li class=\"col-lg-6 area_52\">\n\t\t\t\t\t\t<a class='d-block text-wrap' href=\/cursos\/pos-graduacao\/santa-maria\/ppgbtox\/ title='P\u00f3s-Gradua\u00e7\u00e3o em Ci\u00eancias Biol\u00f3gicas - Bioqu\u00edmica Toxicol\u00f3gica'>P\u00f3s-Gradua\u00e7\u00e3o em Ci\u00eancias Biol\u00f3gicas - Bioqu\u00edmica Toxicol\u00f3gica<\/a>\t\t\t\t\t<\/li>\n\t\t\t\t\t\t\t\t\t<li class=\"col-lg-6 area_334\">\n\t\t\t\t\t\t<a class='d-block text-wrap' href=\/cursos\/pos-graduacao\/santa-maria\/ppgemef\/ title='P\u00f3s-Gradua\u00e7\u00e3o em Educa\u00e7\u00e3o Matem\u00e1tica e Ensino de F\u00edsica'>P\u00f3s-Gradua\u00e7\u00e3o em Educa\u00e7\u00e3o Matem\u00e1tica e Ensino de F\u00edsica<\/a>\t\t\t\t\t<\/li>\n\t\t\t\t\t\t\t\t\t<li class=\"col-lg-6 area_430\">\n\t\t\t\t\t\t<a class='d-block text-wrap' href=\/cursos\/pos-graduacao\/santa-maria\/pgeec\/ title='P\u00f3s-Gradua\u00e7\u00e3o em Educa\u00e7\u00e3o em Ci\u00eancias: Qu\u00edmica da Vida e Sa\u00fade'>P\u00f3s-Gradua\u00e7\u00e3o em Educa\u00e7\u00e3o em Ci\u00eancias: Qu\u00edmica da Vida e Sa\u00fade<\/a>\t\t\t\t\t<\/li>\n\t\t\t\t\t\t\t\t\t<li class=\"col-lg-6 area_2\">\n\t\t\t\t\t\t<a class='d-block text-wrap' href=\/cursos\/pos-graduacao\/santa-maria\/pgfisica\/ title='P\u00f3s-Gradua\u00e7\u00e3o em F\u00edsica'>P\u00f3s-Gradua\u00e7\u00e3o em F\u00edsica<\/a>\t\t\t\t\t<\/li>\n\t\t\t\t\t\t\t\t\t<li class=\"col-lg-6 area_334\">\n\t\t\t\t\t\t<a class='d-block text-wrap' href=\/cursos\/pos-graduacao\/santa-maria\/ppggeo\/ title='P\u00f3s-Gradua\u00e7\u00e3o em Geografia'>P\u00f3s-Gradua\u00e7\u00e3o em Geografia<\/a>\t\t\t\t\t<\/li>\n\t\t\t\t\t\t\t\t\t<li class=\"col-lg-6 area_2\">\n\t\t\t\t\t\t<a class='d-block text-wrap' href=\/cursos\/pos-graduacao\/santa-maria\/ppgmat\/ title='P\u00f3s-Gradua\u00e7\u00e3o em Matem\u00e1tica'>P\u00f3s-Gradua\u00e7\u00e3o em Matem\u00e1tica<\/a>\t\t\t\t\t<\/li>\n\t\t\t\t\t\t\t\t\t<li class=\"col-lg-6 area_2\">\n\t\t\t\t\t\t<a class='d-block text-wrap' href=\/cursos\/pos-graduacao\/santa-maria\/ppgmet\/ title='P\u00f3s-Gradua\u00e7\u00e3o em Meteorologia'>P\u00f3s-Gradua\u00e7\u00e3o em Meteorologia<\/a>\t\t\t\t\t<\/li>\n\t\t\t\t\t\t\t\t\t<li class=\"col-lg-6 area_2\">\n\t\t\t\t\t\t<a class='d-block text-wrap' href=\/cursos\/pos-graduacao\/santa-maria\/ppgq\/ title='P\u00f3s-Gradua\u00e7\u00e3o em Qu\u00edmica'>P\u00f3s-Gradua\u00e7\u00e3o em Qu\u00edmica<\/a>\t\t\t\t\t<\/li>\n\t\t\t\t\t\t\t<\/ul>\n\t\t\t<!-- !Listagem de Cursos -->\n\t\t<\/div>\n\t\t\t\t<\/div>\n\t\t\t\t<\/div>\n\t\t\t\t\t<\/div>\n\t\t<\/div>\n\t\t\t\t\t<\/div>\n\t\t<\/section>\n\t\t\t\t<\/div>\n\t\t","protected":false},"excerpt":{"rendered":"","protected":false},"author":35,"featured_media":0,"parent":0,"menu_order":0,"comment_status":"closed","ping_status":"closed","template":"","meta":{"footnotes":""},"categories":[],"tags":[],"class_list":["post-558","page","type-page","status-publish","hentry"],"acf":[],"_links":{"self":[{"href":"https:\/\/www.ufsm.br\/unidades-universitarias\/ccne\/wp-json\/wp\/v2\/pages\/558","targetHints":{"allow":["GET"]}}],"collection":[{"href":"https:\/\/www.ufsm.br\/unidades-universitarias\/ccne\/wp-json\/wp\/v2\/pages"}],"about":[{"href":"https:\/\/www.ufsm.br\/unidades-universitarias\/ccne\/wp-json\/wp\/v2\/types\/page"}],"author":[{"embeddable":true,"href":"https:\/\/www.ufsm.br\/unidades-universitarias\/ccne\/wp-json\/wp\/v2\/users\/35"}],"replies":[{"embeddable":true,"href":"https:\/\/www.ufsm.br\/unidades-universitarias\/ccne\/wp-json\/wp\/v2\/comments?post=558"}],"version-history":[{"count":0,"href":"https:\/\/www.ufsm.br\/unidades-universitarias\/ccne\/wp-json\/wp\/v2\/pages\/558\/revisions"}],"wp:attachment":[{"href":"https:\/\/www.ufsm.br\/unidades-universitarias\/ccne\/wp-json\/wp\/v2\/media?parent=558"}],"wp:term":[{"taxonomy":"category","embeddable":true,"href":"https:\/\/www.ufsm.br\/unidades-universitarias\/ccne\/wp-json\/wp\/v2\/categories?post=558"},{"taxonomy":"post_tag","embeddable":true,"href":"https:\/\/www.ufsm.br\/unidades-universitarias\/ccne\/wp-json\/wp\/v2\/tags?post=558"}],"curies":[{"name":"wp","href":"https:\/\/api.w.org\/{rel}","templated":true}]}}