{"id":10454,"date":"2024-09-10T09:49:34","date_gmt":"2024-09-10T12:49:34","guid":{"rendered":"https:\/\/www.ufsm.br\/unidades-universitarias\/ccr\/?page_id=10454"},"modified":"2025-01-02T08:13:50","modified_gmt":"2025-01-02T11:13:50","slug":"solicita-diarias-e-afastamentos-via-sistema-de-concessoes-de-diarias-e-passagens-do-governo-federal-scdp","status":"publish","type":"page","link":"https:\/\/www.ufsm.br\/unidades-universitarias\/ccr\/nucleo-de-gestao-orcamentaria-do-ccr\/solicita-diarias-e-afastamentos-via-sistema-de-concessoes-de-diarias-e-passagens-do-governo-federal-scdp","title":{"rendered":"Solicita Di\u00e1rias e Afastamentos via Sistema de Concess\u00f5es de Di\u00e1rias e Passagens do Governo Federal (SCDP)"},"content":{"rendered":"\n<p><a href=\"https:\/\/forms.gle\/F1R4RtCsch1bmWZz6\">Servidores da UFSM &#8211; Formul\u00e1rio<\/a><\/p>\n<p><a href=\"https:\/\/docs.google.com\/document\/d\/1N7OyqhEnc3ggqRmQNcJm5RnYJJP1-Z1e\/edit?usp=sharing&amp;ouid=111287011218581363983&amp;rtpof=true&amp;sd=true\">Convidados e Outros Colaboradores &#8211; Formul\u00e1rio<\/a> (Baixar, preencher e encaminhar para financeiro.ccr@ufsm.br)<\/p>\n<p><a href=\"https:\/\/docs.google.com\/document\/d\/1GAqe4E1DUPYuDwnjNSim5K-6v7P3cZQu\/edit?usp=sharing&amp;ouid=117497974939305832441&amp;rtpof=true&amp;sd=true\">Orienta\u00e7\u00f5es para Servidores do CCR, Convidados e Outros Colaboradores<\/a><\/p>\n<p><a href=\"https:\/\/docs.google.com\/document\/d\/1SG21MMY2arpAS3fyH9QQueMjdNKBbdFI\/edit?usp=sharing&amp;ouid=117497974939305832441&amp;rtpof=true&amp;sd=true\">Modelo de relat\u00f3rio de viagem (presta\u00e7\u00e3o de contas)<\/a><\/p>\n<p>\u00a0<\/p>\n\n\n","protected":false},"excerpt":{"rendered":"<p>Servidores da UFSM &#8211; Formul\u00e1rio Convidados e Outros Colaboradores &#8211; Formul\u00e1rio (Baixar, preencher e encaminhar para financeiro.ccr@ufsm.br) Orienta\u00e7\u00f5es para Servidores do CCR, Convidados e Outros Colaboradores Modelo de relat\u00f3rio de viagem (presta\u00e7\u00e3o de contas) \u00a0<\/p>\n","protected":false},"author":4391,"featured_media":0,"parent":10737,"menu_order":0,"comment_status":"closed","ping_status":"closed","template":"","meta":{"footnotes":""},"categories":[923],"tags":[],"class_list":["post-10454","page","type-page","status-publish","hentry","category-nor"],"acf":[],"_links":{"self":[{"href":"https:\/\/www.ufsm.br\/unidades-universitarias\/ccr\/wp-json\/wp\/v2\/pages\/10454","targetHints":{"allow":["GET"]}}],"collection":[{"href":"https:\/\/www.ufsm.br\/unidades-universitarias\/ccr\/wp-json\/wp\/v2\/pages"}],"about":[{"href":"https:\/\/www.ufsm.br\/unidades-universitarias\/ccr\/wp-json\/wp\/v2\/types\/page"}],"author":[{"embeddable":true,"href":"https:\/\/www.ufsm.br\/unidades-universitarias\/ccr\/wp-json\/wp\/v2\/users\/4391"}],"replies":[{"embeddable":true,"href":"https:\/\/www.ufsm.br\/unidades-universitarias\/ccr\/wp-json\/wp\/v2\/comments?post=10454"}],"version-history":[{"count":0,"href":"https:\/\/www.ufsm.br\/unidades-universitarias\/ccr\/wp-json\/wp\/v2\/pages\/10454\/revisions"}],"up":[{"embeddable":true,"href":"https:\/\/www.ufsm.br\/unidades-universitarias\/ccr\/wp-json\/wp\/v2\/pages\/10737"}],"wp:attachment":[{"href":"https:\/\/www.ufsm.br\/unidades-universitarias\/ccr\/wp-json\/wp\/v2\/media?parent=10454"}],"wp:term":[{"taxonomy":"category","embeddable":true,"href":"https:\/\/www.ufsm.br\/unidades-universitarias\/ccr\/wp-json\/wp\/v2\/categories?post=10454"},{"taxonomy":"post_tag","embeddable":true,"href":"https:\/\/www.ufsm.br\/unidades-universitarias\/ccr\/wp-json\/wp\/v2\/tags?post=10454"}],"curies":[{"name":"wp","href":"https:\/\/api.w.org\/{rel}","templated":true}]}}