{"id":10739,"date":"2024-10-21T15:51:05","date_gmt":"2024-10-21T18:51:05","guid":{"rendered":"https:\/\/www.ufsm.br\/unidades-universitarias\/ccr\/?page_id=10739"},"modified":"2024-10-21T16:07:34","modified_gmt":"2024-10-21T19:07:34","slug":"equipe-e-contatos","status":"publish","type":"page","link":"https:\/\/www.ufsm.br\/unidades-universitarias\/ccr\/nucleo-de-gestao-orcamentaria-do-ccr\/equipe-e-contatos","title":{"rendered":"Equipe e contatos"},"content":{"rendered":"\n<p><strong>E-mail:<\/strong> financeiro.ccr@ufsm.br<br \/><strong>Ramal:<\/strong> 6136<\/p>\n<p>Em caso de urg\u00eancia contatar via Whatsapp:<\/p>\n<table style=\"border-collapse: collapse;width: 100%;height: 92px\">\n<tbody>\n<tr style=\"height: 23px\">\n<td style=\"width: 23.8095%;height: 23px;text-align: center\"><strong>Nome<\/strong><\/td>\n<td style=\"width: 62.6726%;height: 23px;text-align: center\"><strong>Servi\u00e7os atendidos<\/strong><\/td>\n<td style=\"width: 13.5178%;height: 23px;text-align: center\"><strong>Whatsapp<\/strong><\/td>\n<\/tr>\n<tr style=\"height: 23px\">\n<td style=\"width: 23.8095%;height: 23px\">Daniel M\u00e2nica (chefe de n\u00facleo)<\/td>\n<td style=\"width: 62.6726%;height: 23px\">Gest\u00e3o or\u00e7ament\u00e1ria e financeira da Unidade<\/td>\n<td style=\"width: 13.5178%;height: 23px;text-align: center\">(55) 99656-3250<\/td>\n<\/tr>\n<tr style=\"height: 23px\">\n<td style=\"width: 23.8095%;height: 23px\">Diego Garrido Pinheiro<\/td>\n<td style=\"width: 62.6726%;height: 23px\">Di\u00e1rias e afastamentos (SCDP)<\/td>\n<td style=\"width: 13.5178%;height: 23px;text-align: center\">(55) 99692-4212<\/td>\n<\/tr>\n<tr style=\"height: 23px\">\n<td style=\"width: 23.8095%;height: 23px\">Vinicius Gomes Perdig\u00e3o<\/td>\n<td style=\"width: 62.6726%;height: 23px\">Empenhos, gest\u00e3o de licita\u00e7\u00f5es (tipo registro de pre\u00e7o), planejamento or\u00e7ament\u00e1rio (DFD e ETP)<\/td>\n<td style=\"width: 13.5178%;height: 23px;text-align: center\">(55) 99941-1004<\/td>\n<\/tr>\n<\/tbody>\n<\/table>\n<p>\u00a0<\/p>\n\n\n\n\n\n\n\n\n\n\n\n\n\n\n\n\n","protected":false},"excerpt":{"rendered":"<p>E-mail: financeiro.ccr@ufsm.brRamal: 6136 Em caso de urg\u00eancia contatar via Whatsapp: Nome Servi\u00e7os atendidos Whatsapp Daniel M\u00e2nica (chefe de n\u00facleo) Gest\u00e3o or\u00e7ament\u00e1ria e financeira da Unidade (55) 99656-3250 Diego Garrido Pinheiro Di\u00e1rias e afastamentos (SCDP) (55) 99692-4212 Vinicius Gomes Perdig\u00e3o Empenhos, gest\u00e3o de licita\u00e7\u00f5es (tipo registro de pre\u00e7o), planejamento or\u00e7ament\u00e1rio (DFD e ETP) (55) 99941-1004 \u00a0<\/p>\n","protected":false},"author":4391,"featured_media":0,"parent":10737,"menu_order":1,"comment_status":"closed","ping_status":"closed","template":"","meta":{"footnotes":""},"categories":[],"tags":[],"class_list":["post-10739","page","type-page","status-publish","hentry"],"acf":[],"_links":{"self":[{"href":"https:\/\/www.ufsm.br\/unidades-universitarias\/ccr\/wp-json\/wp\/v2\/pages\/10739","targetHints":{"allow":["GET"]}}],"collection":[{"href":"https:\/\/www.ufsm.br\/unidades-universitarias\/ccr\/wp-json\/wp\/v2\/pages"}],"about":[{"href":"https:\/\/www.ufsm.br\/unidades-universitarias\/ccr\/wp-json\/wp\/v2\/types\/page"}],"author":[{"embeddable":true,"href":"https:\/\/www.ufsm.br\/unidades-universitarias\/ccr\/wp-json\/wp\/v2\/users\/4391"}],"replies":[{"embeddable":true,"href":"https:\/\/www.ufsm.br\/unidades-universitarias\/ccr\/wp-json\/wp\/v2\/comments?post=10739"}],"version-history":[{"count":0,"href":"https:\/\/www.ufsm.br\/unidades-universitarias\/ccr\/wp-json\/wp\/v2\/pages\/10739\/revisions"}],"up":[{"embeddable":true,"href":"https:\/\/www.ufsm.br\/unidades-universitarias\/ccr\/wp-json\/wp\/v2\/pages\/10737"}],"wp:attachment":[{"href":"https:\/\/www.ufsm.br\/unidades-universitarias\/ccr\/wp-json\/wp\/v2\/media?parent=10739"}],"wp:term":[{"taxonomy":"category","embeddable":true,"href":"https:\/\/www.ufsm.br\/unidades-universitarias\/ccr\/wp-json\/wp\/v2\/categories?post=10739"},{"taxonomy":"post_tag","embeddable":true,"href":"https:\/\/www.ufsm.br\/unidades-universitarias\/ccr\/wp-json\/wp\/v2\/tags?post=10739"}],"curies":[{"name":"wp","href":"https:\/\/api.w.org\/{rel}","templated":true}]}}