{"id":1080,"date":"2018-10-10T17:21:36","date_gmt":"2018-10-10T20:21:36","guid":{"rendered":"https:\/\/www.ufsm.br\/unidades-universitarias\/ccr\/?page_id=1080"},"modified":"2020-12-21T15:25:21","modified_gmt":"2020-12-21T18:25:21","slug":"nema-nucleo-de-ensaio-de-maquinas-agricolas","status":"publish","type":"page","link":"https:\/\/www.ufsm.br\/unidades-universitarias\/ccr\/nema-nucleo-de-ensaio-de-maquinas-agricolas","title":{"rendered":"N\u00facleo de Ensaio de M\u00e1quinas Agr\u00edcolas (NEMA)"},"content":{"rendered":"<p>O N\u00facleo de Ensaios de M\u00e1quinas de M\u00e1quinas Agr\u00edcolas \u00e9 um dos \u00fanicos complexos de Laborat\u00f3rios de ensaios de M\u00e1quinas Agr\u00edcolas, ainda existentes no Brasil. Em 1981 a UFSM iniciou a estrutura\u00e7\u00e3o de um Laborat\u00f3rio de Ensaios, aproveitando a tend\u00eancia que havia na \u00e9poca de que o pa\u00eds adotasse integralmente a metodologia de ensaios oficiais praticadas por diversos pa\u00edses fabricantes de maquinas agr\u00edcolas. Inicialmente, com um grupo formado por seis engenheiros e dois t\u00e9cnicos, o Nema passou a atender as demandas de diversos fabricantes, principalmente em avalia\u00e7\u00e3o de m\u00e1quinas de distribui\u00e7\u00e3o \u00e0 lan\u00e7o de fertilizantes e sementes, de semeadura, principalmente no sistema de plantio direto e avalia\u00e7\u00e3o de demanda de pot\u00eancia na barra de tra\u00e7\u00e3o e na Tomada de pot\u00eancia (TDP) de tratores agr\u00edcolas. Durante muitos anos o NEMA esteve ativamente inserido dentro da Rede Metrol\u00f3gica do estado do Rio Grande do Sul e do Programa Ga\u00facho de Qualidade e Produtividade.<\/p>\n<p>Atualmente o N\u00facleo de Ensaios de M\u00e1quinas Agr\u00edcolas, em termos estruturais, est\u00e1 dividido em diferentes laborat\u00f3rios, que ao longo dos anos foram se capacitando, t\u00e9cnica e estruturalmente. O Laborat\u00f3rio de Agrotecnologia que atua nas \u00e1reas de dinamometria, ergonomia e avalia\u00e7\u00e3o de m\u00e1quinas \u00e0 campo est\u00e1 devidamente estruturado para aderir ao sistema oficial de ensaios de m\u00e1quinas adotado internacionalmente. O Laborat\u00f3rio Mecaniza \u00e9 habilitado para a avalia\u00e7\u00e3o de m\u00e1quinas florestais e estudos sobre ergonomia e seguran\u00e7a na \u00e1rea florestal.<\/p>\n<p style=\"text-align: center\"><strong><br \/>\nTelefone de contato:<\/strong><\/p>\n<p style=\"text-align: center\">(55) 3220-8175<\/p>\n<p style=\"text-align: center\"><strong>E-mail:<\/strong><br \/>\n<span id=\"cloak76739\"><a href=\"mailto:nema@ccr.ufsm.br\">nema@ccr.ufsm.br<\/a><\/span><\/p>\n","protected":false},"excerpt":{"rendered":"<p>O N\u00facleo de Ensaios de M\u00e1quinas de M\u00e1quinas Agr\u00edcolas \u00e9 um dos \u00fanicos complexos de Laborat\u00f3rios de ensaios de M\u00e1quinas Agr\u00edcolas, ainda existentes no Brasil. Em 1981 a UFSM iniciou a estrutura\u00e7\u00e3o de um Laborat\u00f3rio de Ensaios, aproveitando a tend\u00eancia que havia na \u00e9poca de que o pa\u00eds adotasse integralmente a metodologia de ensaios oficiais [&hellip;]<\/p>\n","protected":false},"author":194,"featured_media":0,"parent":0,"menu_order":0,"comment_status":"closed","ping_status":"closed","template":"","meta":{"footnotes":""},"categories":[],"tags":[],"class_list":["post-1080","page","type-page","status-publish","hentry"],"acf":[],"_links":{"self":[{"href":"https:\/\/www.ufsm.br\/unidades-universitarias\/ccr\/wp-json\/wp\/v2\/pages\/1080","targetHints":{"allow":["GET"]}}],"collection":[{"href":"https:\/\/www.ufsm.br\/unidades-universitarias\/ccr\/wp-json\/wp\/v2\/pages"}],"about":[{"href":"https:\/\/www.ufsm.br\/unidades-universitarias\/ccr\/wp-json\/wp\/v2\/types\/page"}],"author":[{"embeddable":true,"href":"https:\/\/www.ufsm.br\/unidades-universitarias\/ccr\/wp-json\/wp\/v2\/users\/194"}],"replies":[{"embeddable":true,"href":"https:\/\/www.ufsm.br\/unidades-universitarias\/ccr\/wp-json\/wp\/v2\/comments?post=1080"}],"version-history":[{"count":0,"href":"https:\/\/www.ufsm.br\/unidades-universitarias\/ccr\/wp-json\/wp\/v2\/pages\/1080\/revisions"}],"wp:attachment":[{"href":"https:\/\/www.ufsm.br\/unidades-universitarias\/ccr\/wp-json\/wp\/v2\/media?parent=1080"}],"wp:term":[{"taxonomy":"category","embeddable":true,"href":"https:\/\/www.ufsm.br\/unidades-universitarias\/ccr\/wp-json\/wp\/v2\/categories?post=1080"},{"taxonomy":"post_tag","embeddable":true,"href":"https:\/\/www.ufsm.br\/unidades-universitarias\/ccr\/wp-json\/wp\/v2\/tags?post=1080"}],"curies":[{"name":"wp","href":"https:\/\/api.w.org\/{rel}","templated":true}]}}