{"id":10963,"date":"2024-11-29T11:30:48","date_gmt":"2024-11-29T14:30:48","guid":{"rendered":"https:\/\/www.ufsm.br\/unidades-universitarias\/ccr\/?page_id=10963"},"modified":"2025-03-25T14:11:15","modified_gmt":"2025-03-25T17:11:15","slug":"solicitacao-de-compras-licitacao-tipo-registro-de-precos","status":"publish","type":"page","link":"https:\/\/www.ufsm.br\/unidades-universitarias\/ccr\/nucleo-de-gestao-orcamentaria-do-ccr\/solicitacao-de-compras-licitacao-tipo-registro-de-precos","title":{"rendered":"Solicita\u00e7\u00e3o de Compras &#8211; Licita\u00e7\u00e3o tipo Registro de Pre\u00e7os"},"content":{"rendered":"\t\t<div data-elementor-type=\"wp-page\" data-elementor-id=\"10963\" class=\"elementor elementor-10963\">\n\t\t\t\t\t\t<section class=\"elementor-section elementor-top-section elementor-element elementor-element-26928d9f elementor-section-boxed elementor-section-height-default elementor-section-height-default\" data-id=\"26928d9f\" data-element_type=\"section\">\n\t\t\t\t\t\t<div class=\"elementor-container elementor-column-gap-default\">\n\t\t\t\t\t<div class=\"elementor-column elementor-col-100 elementor-top-column elementor-element elementor-element-7acb9651\" data-id=\"7acb9651\" data-element_type=\"column\">\n\t\t\t<div class=\"elementor-widget-wrap elementor-element-populated\">\n\t\t\t\t\t\t<div class=\"elementor-element elementor-element-6b24ec1 elementor-widget elementor-widget-text-editor\" data-id=\"6b24ec1\" data-element_type=\"widget\" data-widget_type=\"text-editor.default\">\n\t\t\t\t<div class=\"elementor-widget-container\">\n\t\t\t\t\t\t\t<!-- wp:tadv\/classic-paragraph -->\n<p><!-- wp:tadv\/classic-paragraph --><\/p>\n<p><a href=\"https:\/\/docs.google.com\/document\/d\/1Mfa5RjNk9oHNBvS6wlEYTmzbSjpZcp8LbzZto7RL1pc\/edit?usp=sharing\"><strong>Tutorial geral sobre solicita\u00e7\u00f5es de compras.<\/strong><\/a><\/p>\n<p><strong>Estudo T\u00e9cnico Preliminar (ETP):<\/strong><br \/><a href=\"https:\/\/www.ufsm.br\/app\/uploads\/sites\/352\/2023\/02\/Estudos_tecnicos_preliminares_020223.pdf\">Tutorial elabora\u00e7\u00e3o de ETP<\/a><br \/><a href=\"https:\/\/docs.google.com\/document\/d\/1eqmZB_SN7wxOX4YgaN-vv2xDGiWROY4ltrbUKoyqEwE\/edit?usp=sharing\">Modelo ETP 1<\/a><br \/><a href=\"https:\/\/docs.google.com\/document\/d\/1i4IMJl16jzJokIwAUQzm7SgxGW4Pf9Rh\/edit?usp=sharing&amp;ouid=117497974939305832441&amp;rtpof=true&amp;sd=true\">Modelo ETP 2<\/a><\/p>\n<p><!-- \/wp:tadv\/classic-paragraph --><!-- wp:tadv\/classic-paragraph \/--><\/p>\n<!-- \/wp:tadv\/classic-paragraph -->\t\t\t\t\t\t<\/div>\n\t\t\t\t<\/div>\n\t\t\t\t\t<\/div>\n\t\t<\/div>\n\t\t\t\t\t<\/div>\n\t\t<\/section>\n\t\t\t\t<\/div>\n\t\t","protected":false},"excerpt":{"rendered":"","protected":false},"author":4391,"featured_media":0,"parent":10737,"menu_order":0,"comment_status":"closed","ping_status":"closed","template":"","meta":{"footnotes":""},"categories":[],"tags":[],"class_list":["post-10963","page","type-page","status-publish","hentry"],"acf":[],"_links":{"self":[{"href":"https:\/\/www.ufsm.br\/unidades-universitarias\/ccr\/wp-json\/wp\/v2\/pages\/10963","targetHints":{"allow":["GET"]}}],"collection":[{"href":"https:\/\/www.ufsm.br\/unidades-universitarias\/ccr\/wp-json\/wp\/v2\/pages"}],"about":[{"href":"https:\/\/www.ufsm.br\/unidades-universitarias\/ccr\/wp-json\/wp\/v2\/types\/page"}],"author":[{"embeddable":true,"href":"https:\/\/www.ufsm.br\/unidades-universitarias\/ccr\/wp-json\/wp\/v2\/users\/4391"}],"replies":[{"embeddable":true,"href":"https:\/\/www.ufsm.br\/unidades-universitarias\/ccr\/wp-json\/wp\/v2\/comments?post=10963"}],"version-history":[{"count":0,"href":"https:\/\/www.ufsm.br\/unidades-universitarias\/ccr\/wp-json\/wp\/v2\/pages\/10963\/revisions"}],"up":[{"embeddable":true,"href":"https:\/\/www.ufsm.br\/unidades-universitarias\/ccr\/wp-json\/wp\/v2\/pages\/10737"}],"wp:attachment":[{"href":"https:\/\/www.ufsm.br\/unidades-universitarias\/ccr\/wp-json\/wp\/v2\/media?parent=10963"}],"wp:term":[{"taxonomy":"category","embeddable":true,"href":"https:\/\/www.ufsm.br\/unidades-universitarias\/ccr\/wp-json\/wp\/v2\/categories?post=10963"},{"taxonomy":"post_tag","embeddable":true,"href":"https:\/\/www.ufsm.br\/unidades-universitarias\/ccr\/wp-json\/wp\/v2\/tags?post=10963"}],"curies":[{"name":"wp","href":"https:\/\/api.w.org\/{rel}","templated":true}]}}