{"id":11698,"date":"2025-06-13T16:35:36","date_gmt":"2025-06-13T19:35:36","guid":{"rendered":"https:\/\/www.ufsm.br\/unidades-universitarias\/ccr\/?page_id=11698"},"modified":"2025-06-13T16:42:19","modified_gmt":"2025-06-13T19:42:19","slug":"dupla-diplomacao-ccr","status":"publish","type":"page","link":"https:\/\/www.ufsm.br\/unidades-universitarias\/ccr\/comissao-de-internacionalizacao-do-ccr\/dupla-diplomacao-ccr","title":{"rendered":"DUPLA DIPLOMA\u00c7\u00c3O &#8211; CCR"},"content":{"rendered":"\t\t<div data-elementor-type=\"wp-page\" data-elementor-id=\"11698\" class=\"elementor elementor-11698\">\n\t\t\t\t\t\t<section class=\"elementor-section elementor-top-section elementor-element elementor-element-124847c elementor-section-boxed elementor-section-height-default elementor-section-height-default\" data-id=\"124847c\" data-element_type=\"section\">\n\t\t\t\t\t\t<div class=\"elementor-container elementor-column-gap-default\">\n\t\t\t\t\t<div class=\"elementor-column elementor-col-100 elementor-top-column elementor-element elementor-element-92ddb28\" data-id=\"92ddb28\" data-element_type=\"column\">\n\t\t\t<div class=\"elementor-widget-wrap elementor-element-populated\">\n\t\t\t\t\t\t<div class=\"elementor-element elementor-element-7ed32ed elementor-widget elementor-widget-text-editor\" data-id=\"7ed32ed\" data-element_type=\"widget\" data-widget_type=\"text-editor.default\">\n\t\t\t\t<div class=\"elementor-widget-container\">\n\t\t\t\t\t\t\t<p>Os Programas de Dupla diploma\u00e7\u00e3o do CCR com institui\u00e7\u00f5es estrangeiras visam permitir aos alunos de gradua\u00e7\u00e3o a obten\u00e7\u00e3o de diploma na UFSM e em outra institui\u00e7\u00e3o estrangeira cong\u00eanere.&nbsp;<\/p>\n<p>O diploma conferido aos acad\u00eamicos participantes do Programa de Dupla Diploma\u00e7\u00e3o, s\u00f3 poder\u00e1 ser concedido \u00e0queles que tiverem cursado, com aproveitamento, o m\u00ednimo, 75% da carga hor\u00e1ria\/cr\u00e9ditos do curso de gradua\u00e7\u00e3o da UFSM.<\/p>\n<p>Para estrangeiros participantes de Programas de Dupla Diploma\u00e7\u00e3o, provenientes de institui\u00e7\u00f5es estrangeiras conveniadas, o percentual de aproveitamento m\u00ednimo de cr\u00e9ditos \u00e9 de 25% (vinte e cinco por cento) da carga hor\u00e1ria\/cr\u00e9ditos do respectivo curso de gradua\u00e7\u00e3o da UFSM.<\/p>\n<p>Os participantes do programa conservar\u00e3o o v\u00ednculo com a Institui\u00e7\u00e3o de origem, sendo o tempo de perman\u00eancia na Institui\u00e7\u00e3o cong\u00eanere deve respeitar o programado para o desenvolvimento das suas atividades.&nbsp;<\/p>\n<p>Nos Hist\u00f3ricos Escolares conferidos pela UFSM aos diplomados participantes de Programa de Dupla Diploma\u00e7\u00e3o, constar\u00e3o a nominata, os cr\u00e9ditos e os conceitos das disciplinas cursadas na UFSM, bem como a men\u00e7\u00e3o de que as demais exig\u00eancias do curr\u00edculo do curso foram atendidas quando do desenvolvimento do respectivo Programa de Dupla Diploma\u00e7\u00e3o.<\/p>\t\t\t\t\t\t<\/div>\n\t\t\t\t<\/div>\n\t\t\t\t\t<\/div>\n\t\t<\/div>\n\t\t\t\t\t<\/div>\n\t\t<\/section>\n\t\t\t\t<section class=\"elementor-section elementor-top-section elementor-element elementor-element-b304cc5 elementor-section-boxed elementor-section-height-default elementor-section-height-default\" data-id=\"b304cc5\" data-element_type=\"section\">\n\t\t\t\t\t\t<div class=\"elementor-container elementor-column-gap-default\">\n\t\t\t\t\t<div class=\"elementor-column elementor-col-100 elementor-top-column elementor-element elementor-element-819a4ca\" data-id=\"819a4ca\" data-element_type=\"column\">\n\t\t\t<div class=\"elementor-widget-wrap elementor-element-populated\">\n\t\t\t\t\t\t<div class=\"elementor-element elementor-element-1fa1ba5 elementor-widget elementor-widget-text-editor\" data-id=\"1fa1ba5\" data-element_type=\"widget\" data-widget_type=\"text-editor.default\">\n\t\t\t\t<div class=\"elementor-widget-container\">\n\t\t\t\t\t\t\t<h5 class=\"elementor-heading-title elementor-size-default\"><b>Institui\u00e7\u00f5es Cong\u00eaneres com Conv\u00eanio de Dupla Diploma\u00e7\u00e3o com o Centro de Ci\u00eancias Rurais<\/b><\/h5>\t\t\t\t\t\t<\/div>\n\t\t\t\t<\/div>\n\t\t\t\t\t<\/div>\n\t\t<\/div>\n\t\t\t\t\t<\/div>\n\t\t<\/section>\n\t\t\t\t<section class=\"elementor-section elementor-top-section elementor-element elementor-element-504d0b8 elementor-section-boxed elementor-section-height-default elementor-section-height-default\" data-id=\"504d0b8\" data-element_type=\"section\">\n\t\t\t\t\t\t<div class=\"elementor-container elementor-column-gap-default\">\n\t\t\t\t\t<div class=\"elementor-column elementor-col-100 elementor-top-column elementor-element elementor-element-b392499\" data-id=\"b392499\" data-element_type=\"column\">\n\t\t\t<div class=\"elementor-widget-wrap elementor-element-populated\">\n\t\t\t\t\t\t<div class=\"elementor-element elementor-element-2bdb771 elementor-widget elementor-widget-image\" data-id=\"2bdb771\" data-element_type=\"widget\" data-widget_type=\"image.default\">\n\t\t\t\t<div class=\"elementor-widget-container\">\n\t\t\t\t\t\t\t\t\t\t\t\t\t\t<a href=\"https:\/\/esa.ipb.pt\/\">\n\t\t\t\t\t\t\t<img decoding=\"async\" width=\"436\" height=\"60\" src=\"https:\/\/www.ufsm.br\/app\/uploads\/sites\/370\/2025\/06\/ESA.png\" class=\"attachment-large size-large wp-image-11699\" alt=\"\" srcset=\"https:\/\/www.ufsm.br\/app\/uploads\/sites\/370\/2025\/06\/ESA.png 436w, https:\/\/www.ufsm.br\/app\/uploads\/sites\/370\/2025\/06\/ESA-300x41.png 300w\" sizes=\"(max-width: 436px) 100vw, 436px\" \/>\t\t\t\t\t\t\t\t<\/a>\n\t\t\t\t\t\t\t\t\t\t\t\t\t<\/div>\n\t\t\t\t<\/div>\n\t\t\t\t\t<\/div>\n\t\t<\/div>\n\t\t\t\t\t<\/div>\n\t\t<\/section>\n\t\t\t\t<section class=\"elementor-section elementor-top-section elementor-element elementor-element-c93f335 elementor-section-boxed elementor-section-height-default elementor-section-height-default\" data-id=\"c93f335\" data-element_type=\"section\">\n\t\t\t\t\t\t<div class=\"elementor-container elementor-column-gap-default\">\n\t\t\t\t\t<div class=\"elementor-column elementor-col-100 elementor-top-column elementor-element elementor-element-37f8dcb\" data-id=\"37f8dcb\" data-element_type=\"column\">\n\t\t\t<div class=\"elementor-widget-wrap elementor-element-populated\">\n\t\t\t\t\t\t<div class=\"elementor-element elementor-element-895a703 elementor-widget elementor-widget-text-editor\" data-id=\"895a703\" data-element_type=\"widget\" data-widget_type=\"text-editor.default\">\n\t\t\t\t<div class=\"elementor-widget-container\">\n\t\t\t\t\t\t\t<h5 class=\"elementor-heading-title elementor-size-default\"><b>Processos Seletivos<\/b><\/h5>\t\t\t\t\t\t<\/div>\n\t\t\t\t<\/div>\n\t\t\t\t\t<\/div>\n\t\t<\/div>\n\t\t\t\t\t<\/div>\n\t\t<\/section>\n\t\t\t\t<section class=\"elementor-section elementor-top-section elementor-element elementor-element-f5845d2 elementor-section-boxed elementor-section-height-default elementor-section-height-default\" data-id=\"f5845d2\" data-element_type=\"section\">\n\t\t\t\t\t\t<div class=\"elementor-container elementor-column-gap-default\">\n\t\t\t\t\t<div class=\"elementor-column elementor-col-100 elementor-top-column elementor-element elementor-element-377d6de\" data-id=\"377d6de\" data-element_type=\"column\">\n\t\t\t<div class=\"elementor-widget-wrap elementor-element-populated\">\n\t\t\t\t\t\t<div class=\"elementor-element elementor-element-a0dde97 elementor-widget elementor-widget-text-editor\" data-id=\"a0dde97\" data-element_type=\"widget\" data-widget_type=\"text-editor.default\">\n\t\t\t\t<div class=\"elementor-widget-container\">\n\t\t\t\t\t\t\t<p><a href=\"https:\/\/www.ufsm.br\/orgaos-de-apoio\/sai\/editais\/001-2025-3\"><span style=\"color: #1c1c1c;font-size: 1.5rem\"><b>EDITAL SAI_CCR_01_2025_ Dupla Diploma\u00e7\u00e3o Zootecnia IPB<\/b><\/span><\/a><\/p>\t\t\t\t\t\t<\/div>\n\t\t\t\t<\/div>\n\t\t\t\t\t<\/div>\n\t\t<\/div>\n\t\t\t\t\t<\/div>\n\t\t<\/section>\n\t\t\t\t<section class=\"elementor-section elementor-top-section elementor-element elementor-element-cdf8afb elementor-section-boxed elementor-section-height-default elementor-section-height-default\" data-id=\"cdf8afb\" data-element_type=\"section\">\n\t\t\t\t\t\t<div class=\"elementor-container elementor-column-gap-default\">\n\t\t\t\t\t<div class=\"elementor-column elementor-col-100 elementor-top-column elementor-element elementor-element-c51ea34\" data-id=\"c51ea34\" data-element_type=\"column\">\n\t\t\t<div class=\"elementor-widget-wrap elementor-element-populated\">\n\t\t\t\t\t\t<div class=\"elementor-element elementor-element-70abf83 elementor-widget elementor-widget-text-editor\" data-id=\"70abf83\" data-element_type=\"widget\" data-widget_type=\"text-editor.default\">\n\t\t\t\t<div class=\"elementor-widget-container\">\n\t\t\t\t\t\t\t<h5 class=\"elementor-heading-title elementor-size-default\"><b>Para abertura de Processos de Acordo de Coopera\u00e7\u00e3o Internacional com vistas \u00e0 Dupla Diploma\u00e7\u00e3o:<\/b><\/h5>\t\t\t\t\t\t<\/div>\n\t\t\t\t<\/div>\n\t\t\t\t\t<\/div>\n\t\t<\/div>\n\t\t\t\t\t<\/div>\n\t\t<\/section>\n\t\t\t\t<section class=\"elementor-section elementor-top-section elementor-element elementor-element-f582439 elementor-section-boxed elementor-section-height-default elementor-section-height-default\" data-id=\"f582439\" data-element_type=\"section\">\n\t\t\t\t\t\t<div class=\"elementor-container elementor-column-gap-default\">\n\t\t\t\t\t<div class=\"elementor-column elementor-col-100 elementor-top-column elementor-element elementor-element-a143db1\" data-id=\"a143db1\" data-element_type=\"column\">\n\t\t\t<div class=\"elementor-widget-wrap elementor-element-populated\">\n\t\t\t\t\t\t<div class=\"elementor-element elementor-element-10c3565 elementor-widget elementor-widget-text-editor\" data-id=\"10c3565\" data-element_type=\"widget\" data-widget_type=\"text-editor.default\">\n\t\t\t\t<div class=\"elementor-widget-container\">\n\t\t\t\t\t\t\t<ul>\n<li>\u00a0 \u00a0 \u00a0 \u00a0 \u00a0Deve ter origem na Unidade Interessada. \u00c9 necess\u00e1ria a formaliza\u00e7\u00e3o de Acordo de Coopera\u00e7\u00e3o espec\u00edfico, pela UFSM e a Institui\u00e7\u00e3o Estrangeira;\u00a0<\/li>\n<li>\u00a0 \u00a0 \u00a0 \u00a0 \u00a0Documentos necess\u00e1rios:<\/li>\n<\/ul>\n<p>\u00a01.\u00a0\u00a0<a href=\"https:\/\/drive.google.com\/file\/d\/1-N5mBZ_QsrjLfABD8Xp7xqPVLywdjD4y\/view?usp=drive_link\">Plano de trabalho<\/a>\u00a0,\u00a0assinado pelo coordenador. \u00a0\u00a0<\/p>\n<p>\u00a02. Minuta de Acordo de Coopera\u00e7\u00e3o Internacional\u00a0 (para modelos em diferentes idiomas, vide p\u00e1gina\u00a0<a href=\"https:\/\/www.ufsm.br\/unidades-universitarias\/ct\/acordos-de-cooperacao-internacional\">Acordos de Coopera\u00e7\u00e3o Internacional<\/a>).\u00a0<\/p>\n<p>Obs: Poder\u00e1 ser utilizado o modelo de Acordo de Coopera\u00e7\u00e3o Internacional adotado pela Institui\u00e7\u00e3o parceira.\u00a0\u00a0<\/p>\t\t\t\t\t\t<\/div>\n\t\t\t\t<\/div>\n\t\t\t\t\t<\/div>\n\t\t<\/div>\n\t\t\t\t\t<\/div>\n\t\t<\/section>\n\t\t\t\t<\/div>\n\t\t","protected":false},"excerpt":{"rendered":"<p>Os Programas de Dupla diploma\u00e7\u00e3o do CCR com institui\u00e7\u00f5es estrangeiras visam permitir aos alunos de gradua\u00e7\u00e3o a obten\u00e7\u00e3o de diploma na UFSM e em outra institui\u00e7\u00e3o estrangeira cong\u00eanere.&nbsp; O diploma conferido aos acad\u00eamicos participantes do Programa de Dupla Diploma\u00e7\u00e3o, s\u00f3 poder\u00e1 ser concedido \u00e0queles que tiverem cursado, com aproveitamento, o m\u00ednimo, 75% da carga hor\u00e1ria\/cr\u00e9ditos [&hellip;]<\/p>\n","protected":false},"author":4391,"featured_media":0,"parent":11028,"menu_order":0,"comment_status":"closed","ping_status":"closed","template":"","meta":{"footnotes":""},"categories":[],"tags":[267],"class_list":["post-11698","page","type-page","status-publish","hentry","tag-internacionalizacao"],"acf":[],"_links":{"self":[{"href":"https:\/\/www.ufsm.br\/unidades-universitarias\/ccr\/wp-json\/wp\/v2\/pages\/11698","targetHints":{"allow":["GET"]}}],"collection":[{"href":"https:\/\/www.ufsm.br\/unidades-universitarias\/ccr\/wp-json\/wp\/v2\/pages"}],"about":[{"href":"https:\/\/www.ufsm.br\/unidades-universitarias\/ccr\/wp-json\/wp\/v2\/types\/page"}],"author":[{"embeddable":true,"href":"https:\/\/www.ufsm.br\/unidades-universitarias\/ccr\/wp-json\/wp\/v2\/users\/4391"}],"replies":[{"embeddable":true,"href":"https:\/\/www.ufsm.br\/unidades-universitarias\/ccr\/wp-json\/wp\/v2\/comments?post=11698"}],"version-history":[{"count":0,"href":"https:\/\/www.ufsm.br\/unidades-universitarias\/ccr\/wp-json\/wp\/v2\/pages\/11698\/revisions"}],"up":[{"embeddable":true,"href":"https:\/\/www.ufsm.br\/unidades-universitarias\/ccr\/wp-json\/wp\/v2\/pages\/11028"}],"wp:attachment":[{"href":"https:\/\/www.ufsm.br\/unidades-universitarias\/ccr\/wp-json\/wp\/v2\/media?parent=11698"}],"wp:term":[{"taxonomy":"category","embeddable":true,"href":"https:\/\/www.ufsm.br\/unidades-universitarias\/ccr\/wp-json\/wp\/v2\/categories?post=11698"},{"taxonomy":"post_tag","embeddable":true,"href":"https:\/\/www.ufsm.br\/unidades-universitarias\/ccr\/wp-json\/wp\/v2\/tags?post=11698"}],"curies":[{"name":"wp","href":"https:\/\/api.w.org\/{rel}","templated":true}]}}