{"id":3245,"date":"2020-10-14T15:15:21","date_gmt":"2020-10-14T18:15:21","guid":{"rendered":"https:\/\/www.ufsm.br\/unidades-universitarias\/ccr\/?page_id=3245"},"modified":"2020-10-19T20:18:43","modified_gmt":"2020-10-19T23:18:43","slug":"projetos","status":"publish","type":"page","link":"https:\/\/www.ufsm.br\/unidades-universitarias\/ccr\/pagina-inicial\/rede-de-educacao-ambiental-da-bacia-hidrografica-dos-rios-vacacai-e-vacacai-mirim\/projetos","title":{"rendered":"Projetos"},"content":{"rendered":"\t\t<div data-elementor-type=\"wp-page\" data-elementor-id=\"3245\" class=\"elementor elementor-3245\">\n\t\t\t\t\t\t<section class=\"elementor-section elementor-top-section elementor-element elementor-element-76dbaaa elementor-section-boxed elementor-section-height-default elementor-section-height-default\" data-id=\"76dbaaa\" data-element_type=\"section\">\n\t\t\t\t\t\t<div class=\"elementor-container elementor-column-gap-default\">\n\t\t\t\t\t<div class=\"elementor-column elementor-col-100 elementor-top-column elementor-element elementor-element-63d99b4\" data-id=\"63d99b4\" data-element_type=\"column\">\n\t\t\t<div class=\"elementor-widget-wrap elementor-element-populated\">\n\t\t\t\t\t\t<div class=\"elementor-element elementor-element-bd6c1d5 elementor-widget elementor-widget-text-editor\" data-id=\"bd6c1d5\" data-element_type=\"widget\" data-widget_type=\"text-editor.default\">\n\t\t\t\t<div class=\"elementor-widget-container\">\n\t\t\t\t\t\t\t<p><a href=\"https:\/\/www.ufsm.br\/app\/uploads\/sites\/370\/2020\/10\/PPP-03-04-Relatorio-circunst.-2a-parc.-jan.06-a-....-a06.m08.d29.pdf\">Relat\u00f3rio de atividades do projeto executadas em 2005<\/a><\/p><div class=\"dm_description\">Processo de sensibiliza\u00e7\u00e3o, produ\u00e7\u00e3o de mudas de plantas nativas destinadas \u00e0 recupera\u00e7\u00e3o de encostas e mata ciliar na micro bacia hidogr\u00e1fica do Arroio Grande e Arroio do Meio, em Santa Maria.<\/div><div>\u00a0<\/div><div><div><a class=\"dm_name\" href=\"https:\/\/www.ufsm.br\/app\/uploads\/sites\/370\/2020\/10\/Projeto-FAPERGS-Pro-Coredes-IV-REA-Vacacai-a07.m11.d26-Versao-a09.m08.d04-2.pdf\">Projeto Rede de Educa\u00e7\u00e3o Ambiental<\/a><\/div><div class=\"dm_description\">Rede de Educa\u00e7\u00e3o Ambiental da bacia hidrogr\u00e1fica dos rios Vacaca\u00ed e Vacaca\u00ed-Mirim<\/div><\/div><div>\u00a0<\/div><div><a class=\"dm_name\" href=\"https:\/\/www.ufsm.br\/app\/uploads\/sites\/370\/2020\/10\/PPP-2004-2005-Demandas-do-Comite.pdf\">PPP 2004-2005 &#8211; Demandas do Comit\u00ea.pdf<\/a><\/div><div>\u00a0<\/div><div><div><a class=\"dm_name\" href=\"https:\/\/www.ufsm.br\/app\/uploads\/sites\/370\/2020\/10\/PPP-03-04-Degr.Amb_.Arroio-Grande-PT-2aFase-a08.m11.d24-Termo-Aditivo-IN-CAGE-01.06.pdf\">Micro bacia hidrogr\u00e1fica do Arroio Grande e Arroio do Meio<\/a><\/div><div class=\"dm_description\">Processo de sensibiliza\u00e7\u00e3o, produ\u00e7\u00e3o de mudas de plantas nativas destinadas \u00e0 recupera\u00e7\u00e3o de encostas e mata ciliar na micro bacia hidogr\u00e1fica do Arroio Grande e Arroio do Meio, em Santa Maria.<\/div><\/div><div>\u00a0<\/div><div><a class=\"dm_name\" href=\"https:\/\/www.ufsm.br\/app\/uploads\/sites\/370\/2020\/10\/Logotipos-ufsm-ccr-der.jpg\">Logotipos UFSM\/CCR\/DER<\/a><\/div><div>\u00a0<\/div><div><div><a class=\"dm_name\" href=\"https:\/\/www.ufsm.br\/app\/uploads\/sites\/370\/2020\/10\/REA-Vacacai-historico-ate-a09.m03.d27-1.pdf\">Hist\u00f3rico de cria\u00e7\u00e3o da REA Vacaca\u00ed<\/a><\/div><div class=\"dm_description\">Rede de Educa\u00e7\u00e3o Ambiental da bacia hidrogr\u00e1fica dos rios Vacaca\u00ed e Vacaca\u00ed-Mirim<\/div><\/div><div>\u00a0<\/div><div><a class=\"dm_name\" href=\"https:\/\/www.ufsm.br\/app\/uploads\/sites\/370\/2020\/10\/Figura-Vamos-Salvar.jpg\">Figura Vamos Salvar<\/a><\/div><div>\u00a0<\/div><div><a class=\"dm_name\" href=\"https:\/\/www.ufsm.br\/app\/uploads\/sites\/370\/2020\/10\/Figura-Perguntas.jpg\">Figura Perguntas.jpg<\/a><\/div><div>\u00a0<\/div><div><a class=\"dm_name\" href=\"https:\/\/www.ufsm.br\/app\/uploads\/sites\/370\/2020\/10\/Figura-O-Rio-que-nos-queremos.jpg\">Figura O rio que nos queremos.jpg<\/a><\/div><div>\u00a0<\/div><div><a class=\"dm_name\" href=\"https:\/\/www.ufsm.br\/app\/uploads\/sites\/370\/2020\/10\/Figura-Municipios-BH.jpg\">Figura Municipios BH.jpg<\/a><\/div><div>\u00a0<\/div><div><a class=\"dm_name\" href=\"https:\/\/www.ufsm.br\/app\/uploads\/sites\/370\/2020\/10\/Figura-Lei-10.350-94-Bacias-Hidrograficas-RS.jpg\">Figura Lei 10.350-94 Bacias Hidrogr\u00e1ficas RS.jpg<\/a><\/div><div>\u00a0<\/div><div><a class=\"dm_name\" href=\"https:\/\/www.ufsm.br\/app\/uploads\/sites\/370\/2020\/10\/Figura-Lei-19.433-97-Bacias-Hidrograficas-Brasil.jpg\">Figura Lei 9.433-97 Bacias Hidrogr\u00e1ficas Brasil.jpg<\/a><\/div><div>\u00a0<\/div><div><a class=\"dm_name\" href=\"https:\/\/www.ufsm.br\/app\/uploads\/sites\/370\/2020\/10\/Figura-Instrumentos-do-SERH.jpg\">Figura Instrumentos do SERH.jpg<\/a><\/div><div>\u00a0<\/div><div><a class=\"dm_name\" href=\"https:\/\/www.ufsm.br\/app\/uploads\/sites\/370\/2020\/10\/Figura-Ciclo-Hidrologico.jpg\">Figura Ciclo Hidrol\u00f3gico.jpg<\/a><\/div><div>\u00a0<\/div><div><a class=\"dm_name\" href=\"https:\/\/www.ufsm.br\/app\/uploads\/sites\/370\/2020\/10\/Banner-Reavacacai-ideia-4-Renan-1.jpg\">Banner Reavacacai id\u00e9ia 4 Renan.jpg<\/a><\/div><div>\u00a0<\/div><div><a class=\"dm_name\" href=\"https:\/\/www.ufsm.br\/app\/uploads\/sites\/370\/2020\/10\/Anexo-56-PPP-2006-2007-Assembleia-Publica-Municipal-Santa-Maria-Programa-Agua.pdf\">Anexo 56 &#8211; PPP 2006-2007 -Assembl\u00e9ia P\u00fablica Municipal Santa Maria &#8211; Programa \u00c1gua.pdf<\/a><\/div><div>\u00a0<\/div><div><a class=\"dm_name\" href=\"https:\/\/www.ufsm.br\/unidades-universitarias\/ccr\/projetos\/\">Anexo 12 &#8211; Relat\u00f3rio Proj. Habitante Rio &#8211; Reuni\u00f5es de Cria\u00e7\u00e3o dos NEA.pdf<\/a><\/div><div>\u00a0<\/div><div><a href=\"https:\/\/www.ufsm.br\/app\/uploads\/sites\/370\/2020\/10\/Anexo-56-PPP-2006-2007-Assembleia-Publica-Municipal-Santa-Maria-Programa-Agua-1.pdf\">A proposta<\/a><\/div><div>\u00a0<\/div><div>\u00a0<\/div><div>\u00a0<\/div>\t\t\t\t\t\t<\/div>\n\t\t\t\t<\/div>\n\t\t\t\t\t<\/div>\n\t\t<\/div>\n\t\t\t\t\t<\/div>\n\t\t<\/section>\n\t\t\t\t<\/div>\n\t\t","protected":false},"excerpt":{"rendered":"<p>Relat\u00f3rio de atividades do projeto executadas em 2005 Processo de sensibiliza\u00e7\u00e3o, produ\u00e7\u00e3o de mudas de plantas nativas destinadas \u00e0 recupera\u00e7\u00e3o de encostas e mata ciliar na micro bacia hidogr\u00e1fica do Arroio Grande e Arroio do Meio, em Santa Maria.&nbsp;Projeto Rede de Educa\u00e7\u00e3o AmbientalRede de Educa\u00e7\u00e3o Ambiental da bacia hidrogr\u00e1fica dos rios Vacaca\u00ed e Vacaca\u00ed-Mirim&nbsp;PPP 2004-2005 [&hellip;]<\/p>\n","protected":false},"author":867,"featured_media":0,"parent":3238,"menu_order":0,"comment_status":"closed","ping_status":"closed","template":"","meta":{"footnotes":""},"categories":[53],"tags":[],"class_list":["post-3245","page","type-page","status-publish","hentry","category-rea-vacacai"],"acf":[],"_links":{"self":[{"href":"https:\/\/www.ufsm.br\/unidades-universitarias\/ccr\/wp-json\/wp\/v2\/pages\/3245","targetHints":{"allow":["GET"]}}],"collection":[{"href":"https:\/\/www.ufsm.br\/unidades-universitarias\/ccr\/wp-json\/wp\/v2\/pages"}],"about":[{"href":"https:\/\/www.ufsm.br\/unidades-universitarias\/ccr\/wp-json\/wp\/v2\/types\/page"}],"author":[{"embeddable":true,"href":"https:\/\/www.ufsm.br\/unidades-universitarias\/ccr\/wp-json\/wp\/v2\/users\/867"}],"replies":[{"embeddable":true,"href":"https:\/\/www.ufsm.br\/unidades-universitarias\/ccr\/wp-json\/wp\/v2\/comments?post=3245"}],"version-history":[{"count":0,"href":"https:\/\/www.ufsm.br\/unidades-universitarias\/ccr\/wp-json\/wp\/v2\/pages\/3245\/revisions"}],"up":[{"embeddable":true,"href":"https:\/\/www.ufsm.br\/unidades-universitarias\/ccr\/wp-json\/wp\/v2\/pages\/3238"}],"wp:attachment":[{"href":"https:\/\/www.ufsm.br\/unidades-universitarias\/ccr\/wp-json\/wp\/v2\/media?parent=3245"}],"wp:term":[{"taxonomy":"category","embeddable":true,"href":"https:\/\/www.ufsm.br\/unidades-universitarias\/ccr\/wp-json\/wp\/v2\/categories?post=3245"},{"taxonomy":"post_tag","embeddable":true,"href":"https:\/\/www.ufsm.br\/unidades-universitarias\/ccr\/wp-json\/wp\/v2\/tags?post=3245"}],"curies":[{"name":"wp","href":"https:\/\/api.w.org\/{rel}","templated":true}]}}