{"id":3286,"date":"2020-10-14T16:33:04","date_gmt":"2020-10-14T19:33:04","guid":{"rendered":"https:\/\/www.ufsm.br\/unidades-universitarias\/ccr\/?page_id=3286"},"modified":"2020-10-14T19:41:55","modified_gmt":"2020-10-14T22:41:55","slug":"articulacoes-e-atividades-gerais","status":"publish","type":"page","link":"https:\/\/www.ufsm.br\/unidades-universitarias\/ccr\/pagina-inicial\/rede-de-educacao-ambiental-da-bacia-hidrografica-dos-rios-vacacai-e-vacacai-mirim\/articulacoes-e-atividades-gerais","title":{"rendered":"Articula\u00e7\u00f5es e Atividades Gerais"},"content":{"rendered":"\t\t<div data-elementor-type=\"wp-page\" data-elementor-id=\"3286\" class=\"elementor elementor-3286\">\n\t\t\t\t\t\t<section class=\"elementor-section elementor-top-section elementor-element elementor-element-da44a18 elementor-section-boxed elementor-section-height-default elementor-section-height-default\" data-id=\"da44a18\" data-element_type=\"section\">\n\t\t\t\t\t\t<div class=\"elementor-container elementor-column-gap-default\">\n\t\t\t\t\t<div class=\"elementor-column elementor-col-100 elementor-top-column elementor-element elementor-element-ea5b308\" data-id=\"ea5b308\" data-element_type=\"column\">\n\t\t\t<div class=\"elementor-widget-wrap elementor-element-populated\">\n\t\t\t\t\t\t<div class=\"elementor-element elementor-element-2072a22 elementor-widget elementor-widget-text-editor\" data-id=\"2072a22\" data-element_type=\"widget\" data-widget_type=\"text-editor.default\">\n\t\t\t\t<div class=\"elementor-widget-container\">\n\t\t\t\t\t\t\t<h5>2010<\/h5>\t\t\t\t\t\t<\/div>\n\t\t\t\t<\/div>\n\t\t\t\t\t<\/div>\n\t\t<\/div>\n\t\t\t\t\t<\/div>\n\t\t<\/section>\n\t\t\t\t<section class=\"elementor-section elementor-top-section elementor-element elementor-element-fe4ee06 elementor-section-boxed elementor-section-height-default elementor-section-height-default\" data-id=\"fe4ee06\" data-element_type=\"section\">\n\t\t\t\t\t\t<div class=\"elementor-container elementor-column-gap-default\">\n\t\t\t\t\t<div class=\"elementor-column elementor-col-100 elementor-top-column elementor-element elementor-element-3f8357c\" data-id=\"3f8357c\" data-element_type=\"column\">\n\t\t\t<div class=\"elementor-widget-wrap elementor-element-populated\">\n\t\t\t\t\t\t<div class=\"elementor-element elementor-element-f6fc806 elementor-widget elementor-widget-wp-widget-ufsm_noticias_widget\" data-id=\"f6fc806\" data-element_type=\"widget\" data-widget_type=\"wp-widget-ufsm_noticias_widget.default\">\n\t\t\t\t<div class=\"elementor-widget-container\">\n\t\t\t<div class='widget-noticias-inside'>\n                        <div class=\"row\">\n                                    <div class=\"col-12 col-lg-12 pb-4\">\n                                        \n                                        \n                    \n                    <a class=\"noticias-widget-title d-block \"  title=\"28\/05\/10: Palestra do Secret\u00e1rio de Estado do Meio Ambiente e assinatura de conv\u00eanio para doa\u00e7\u00e3o de 60 mil mudas de plantas nativas, em S\u00e3o Jo\u00e3o do Pol\u00easine, no Recanto do Maestro\" href=\"https:\/\/www.ufsm.br\/unidades-universitarias\/ccr\/2010\/10\/14\/28-05-10-palestra-do-secretario-de-estado-do-meio-ambiente-e-assinatura-de-convenio-para-doacao-de-60-mil-mudas-de-plantas-nativas-em-sao-joao-do-polesine-no-recanto-do-maestro\">\n                                                28\/05\/10: Palestra do Secret\u00e1rio de Estado do Meio Ambiente e assinatura de conv\u00eanio para doa\u00e7\u00e3o de 60 mil mudas de plantas nativas, em S\u00e3o Jo\u00e3o do Pol\u00easine, no Recanto do Maestro                    <\/a>\n                    \n                    \n                                        \n                                        \n                                        <\/div>\n                            <\/div>\n                    <div class=\"row\">\n                                    <div class=\"col-12 col-lg-12 pb-4\">\n                                        \n                                        \n                    \n                    <a class=\"noticias-widget-title d-block \"  title=\"09\/07\/10: Visita a FAPERGS e SEMA, e participa\u00e7\u00e3o da reuni\u00e3o presencial do Programa Petrobras Ambiental, em Porto Alegre\" href=\"https:\/\/www.ufsm.br\/unidades-universitarias\/ccr\/2010\/10\/14\/09-07-10-visita-a-fapergs-e-sema-e-participacao-da-reuniao-presencial-do-programa-petrobras-ambiental-em-porto-alegre\">\n                                                09\/07\/10: Visita a FAPERGS e SEMA, e participa\u00e7\u00e3o da reuni\u00e3o presencial do Programa Petrobras Ambiental, em Porto Alegre                    <\/a>\n                    \n                    \n                                        \n                                        \n                                        <\/div>\n                            <\/div>\n                    <div class=\"row\">\n                                    <div class=\"col-12 col-lg-12 pb-4\">\n                                        \n                                        \n                    \n                    <a class=\"noticias-widget-title d-block \"  title=\"15\/07\/10: Exposi\u00e7\u00e3o Itinerante do material produzido pelo subprojeto Educa\u00e7\u00e3o Ambiental PROBIO, no \u00e2mbito do Projeto Conserva\u00e7\u00e3o e Utiliza\u00e7\u00e3o Sustent\u00e1vel da Biodiversidade Biol\u00f3gica Brasileira (PROBIO), no Hall da Reitoria da UFSM\" href=\"https:\/\/www.ufsm.br\/unidades-universitarias\/ccr\/2010\/10\/14\/15-07-10-exposicao-itinerante-do-material-produzido-pelo-subprojeto-educacao-ambiental-probio-no-ambito-do-projeto-conservacao-e-utilizacao-sustentavel-da-biodiversidade-biologica-brasileira-probio\">\n                                                15\/07\/10: Exposi\u00e7\u00e3o Itinerante do material produzido pelo subprojeto Educa\u00e7\u00e3o Ambiental PROBIO, no \u00e2mbito do Projeto Conserva\u00e7\u00e3o e Utiliza\u00e7\u00e3o Sustent\u00e1vel da Biodiversidade Biol\u00f3gica Brasileira (PROBIO), no Hall da Reitoria da UFSM                    <\/a>\n                    \n                    \n                                        \n                                        \n                                        <\/div>\n                            <\/div>\n                    <div class=\"row\">\n                                    <div class=\"col-12 col-lg-12 pb-4\">\n                                        \n                                        \n                    \n                    <a class=\"noticias-widget-title d-block \"  title=\"11e 12\/08\/10: Participa\u00e7\u00e3o no IV Semin\u00e1rio Estadual e VII Semin\u00e1rio Regional de Educa\u00e7\u00e3o Ambiental (mobilizando multiplicadores em bacias hidrogr\u00e1ficas), em Santa Cruz do Sul, na UNISC\" href=\"https:\/\/www.ufsm.br\/unidades-universitarias\/ccr\/2010\/10\/14\/11e-12-08-10-participacao-no-iv-seminario-estadual-e-vii-seminario-regional-de-educacao-ambiental-mobilizando-multiplicadores-em-bacias-hidrograficas-em-santa-cruz-do-sul-na-unisc\">\n                                                11e 12\/08\/10: Participa\u00e7\u00e3o no IV Semin\u00e1rio Estadual e VII Semin\u00e1rio Regional de Educa\u00e7\u00e3o Ambiental (mobilizando multiplicadores em bacias hidrogr\u00e1ficas), em Santa Cruz do Sul, na UNISC                    <\/a>\n                    \n                    \n                                        \n                                        \n                                        <\/div>\n                            <\/div>\n            <\/div>\n<div class=\"leia-mais p-1\">\n                <a href=\"https:\/\/www.ufsm.br\/unidades-universitarias\/ccr\/category\/rea-vacacai\/articulacoes-gerais-2010\/\">\n            LEIA MAIS            <span class=\"icon-box\">\n                <span class=\"bg-ufsm-widget-icon\">\n                    <i class=\"fas fa-chevron-right\" aria-hidden=\"true\"><\/i>\n                <\/span>\n            <\/span>\n        <\/a>\n    <\/div>\n\t\t<\/div>\n\t\t\t\t<\/div>\n\t\t\t\t\t<\/div>\n\t\t<\/div>\n\t\t\t\t\t<\/div>\n\t\t<\/section>\n\t\t\t\t<section class=\"elementor-section elementor-top-section elementor-element elementor-element-34d552c elementor-section-boxed elementor-section-height-default elementor-section-height-default\" data-id=\"34d552c\" data-element_type=\"section\">\n\t\t\t\t\t\t<div class=\"elementor-container elementor-column-gap-default\">\n\t\t\t\t\t<div class=\"elementor-column elementor-col-100 elementor-top-column elementor-element elementor-element-d04b2e7\" data-id=\"d04b2e7\" data-element_type=\"column\">\n\t\t\t<div class=\"elementor-widget-wrap elementor-element-populated\">\n\t\t\t\t\t\t<div class=\"elementor-element elementor-element-794b313 elementor-widget elementor-widget-text-editor\" data-id=\"794b313\" data-element_type=\"widget\" data-widget_type=\"text-editor.default\">\n\t\t\t\t<div class=\"elementor-widget-container\">\n\t\t\t\t\t\t\t<h5>2009<\/h5>\t\t\t\t\t\t<\/div>\n\t\t\t\t<\/div>\n\t\t\t\t\t<\/div>\n\t\t<\/div>\n\t\t\t\t\t<\/div>\n\t\t<\/section>\n\t\t\t\t<section class=\"elementor-section elementor-top-section elementor-element elementor-element-c561ded elementor-section-boxed elementor-section-height-default elementor-section-height-default\" data-id=\"c561ded\" data-element_type=\"section\">\n\t\t\t\t\t\t<div class=\"elementor-container elementor-column-gap-default\">\n\t\t\t\t\t<div class=\"elementor-column elementor-col-100 elementor-top-column elementor-element elementor-element-2478d13\" data-id=\"2478d13\" data-element_type=\"column\">\n\t\t\t<div class=\"elementor-widget-wrap elementor-element-populated\">\n\t\t\t\t\t\t<div class=\"elementor-element elementor-element-01558bc elementor-widget elementor-widget-wp-widget-ufsm_noticias_widget\" data-id=\"01558bc\" data-element_type=\"widget\" data-widget_type=\"wp-widget-ufsm_noticias_widget.default\">\n\t\t\t\t<div class=\"elementor-widget-container\">\n\t\t\t<div class='widget-noticias-inside'>\n                        <div class=\"row\">\n                                    <div class=\"col-12 col-lg-12 pb-4\">\n                                        \n                                        \n                    \n                    <a class=\"noticias-widget-title d-block \"  title=\"E-mail recebido da 8\u00aa CRE solicitando um Plano de Trabalho para o Processo Permanente de Forma\u00e7\u00e3o nas escolas estaduais\" href=\"https:\/\/www.ufsm.br\/unidades-universitarias\/ccr\/2009\/10\/29\/e-mail-recebido-da-8a-cre-solicitando-um-plano-de-trabalho-para-o-processo-permanente-de-formacao-nas-escolas-estaduais\">\n                                                E-mail recebido da 8\u00aa CRE solicitando um Plano de Trabalho para o Processo Permanente de Forma\u00e7\u00e3o nas escolas estaduais                    <\/a>\n                    \n                    \n                                        \n                                        \n                                        <\/div>\n                            <\/div>\n                    <div class=\"row\">\n                                    <div class=\"col-12 col-lg-12 pb-4\">\n                                        \n                                        \n                    \n                    <a class=\"noticias-widget-title d-block \"  title=\"Reuni\u00e3o de trabalho &#8211; bolsistas, na UFSM \/ INPE &#8211; Sala 1017\" href=\"https:\/\/www.ufsm.br\/unidades-universitarias\/ccr\/2009\/09\/17\/reuniao-de-trabalho-bolsistas-na-ufsm-inpe-sala-1017\">\n                                                Reuni\u00e3o de trabalho &#8211; bolsistas, na UFSM \/ INPE &#8211; Sala 1017                    <\/a>\n                    \n                    \n                                        \n                                        \n                                        <\/div>\n                            <\/div>\n                    <div class=\"row\">\n                                    <div class=\"col-12 col-lg-12 pb-4\">\n                                        \n                                        \n                    \n                    <a class=\"noticias-widget-title d-block \"  title=\"Reuni\u00e3o na 8\u00aa CRE para tratar do Processo Permanente de Forma\u00e7\u00e3o nas escolas estaduais\" href=\"https:\/\/www.ufsm.br\/unidades-universitarias\/ccr\/2009\/09\/15\/reuniao-na-8a-cre-para-tratar-do-processo-permanente-de-formacao-nas-escolas-estaduais\">\n                                                Reuni\u00e3o na 8\u00aa CRE para tratar do Processo Permanente de Forma\u00e7\u00e3o nas escolas estaduais                    <\/a>\n                    \n                    \n                                        \n                                        \n                                        <\/div>\n                            <\/div>\n                    <div class=\"row\">\n                                    <div class=\"col-12 col-lg-12 pb-4\">\n                                        \n                                        \n                    \n                    <a class=\"noticias-widget-title d-block \"  title=\"Visita ao Dr. Jo\u00e3o Marcos Adede Y Castro, Promotor de Justi\u00e7a da 2\u00aa Promotoria Especializada de Defesa Comunit\u00e1ria\" href=\"https:\/\/www.ufsm.br\/unidades-universitarias\/ccr\/2009\/08\/19\/visita-ao-dr-joao-marcos-adede-y-castro-promotor-de-justica-da-2a-promotoria-especializada-de-defesa-comunitaria\">\n                                                Visita ao Dr. Jo\u00e3o Marcos Adede Y Castro, Promotor de Justi\u00e7a da 2\u00aa Promotoria Especializada de Defesa Comunit\u00e1ria                    <\/a>\n                    \n                    \n                                        \n                                        \n                                        <\/div>\n                            <\/div>\n                    <div class=\"row\">\n                                    <div class=\"col-12 col-lg-12 pb-4\">\n                                        \n                                        \n                    \n                    <a class=\"noticias-widget-title d-block \"  title=\"Reuni\u00e3o de trabalho &#8211; bolsistas, na UFSM \/ INPE &#8211; Sala 1017\" href=\"https:\/\/www.ufsm.br\/unidades-universitarias\/ccr\/2009\/07\/16\/reuniao-de-trabalho-bolsistas-na-ufsm-inpe-sala-1017-2\">\n                                                Reuni\u00e3o de trabalho &#8211; bolsistas, na UFSM \/ INPE &#8211; Sala 1017                    <\/a>\n                    \n                    \n                                        \n                                        \n                                        <\/div>\n                            <\/div>\n            <\/div>\n<div class=\"leia-mais p-1\">\n                <a href=\"https:\/\/www.ufsm.br\/unidades-universitarias\/ccr\/category\/rea-vacacai\/articulacoes-gerais-2009\/\">\n            LEIA MAIS            <span class=\"icon-box\">\n                <span class=\"bg-ufsm-widget-icon\">\n                    <i class=\"fas fa-chevron-right\" aria-hidden=\"true\"><\/i>\n                <\/span>\n            <\/span>\n        <\/a>\n    <\/div>\n\t\t<\/div>\n\t\t\t\t<\/div>\n\t\t\t\t\t<\/div>\n\t\t<\/div>\n\t\t\t\t\t<\/div>\n\t\t<\/section>\n\t\t\t\t<section class=\"elementor-section elementor-top-section elementor-element elementor-element-0825a8a elementor-section-boxed elementor-section-height-default elementor-section-height-default\" data-id=\"0825a8a\" data-element_type=\"section\">\n\t\t\t\t\t\t<div class=\"elementor-container elementor-column-gap-default\">\n\t\t\t\t\t<div class=\"elementor-column elementor-col-100 elementor-top-column elementor-element elementor-element-3297178\" data-id=\"3297178\" data-element_type=\"column\">\n\t\t\t<div class=\"elementor-widget-wrap elementor-element-populated\">\n\t\t\t\t\t\t<div class=\"elementor-element elementor-element-4a31c6e elementor-widget elementor-widget-text-editor\" data-id=\"4a31c6e\" data-element_type=\"widget\" data-widget_type=\"text-editor.default\">\n\t\t\t\t<div class=\"elementor-widget-container\">\n\t\t\t\t\t\t\t<h5>2008<\/h5>\t\t\t\t\t\t<\/div>\n\t\t\t\t<\/div>\n\t\t\t\t\t<\/div>\n\t\t<\/div>\n\t\t\t\t\t<\/div>\n\t\t<\/section>\n\t\t\t\t<section class=\"elementor-section elementor-top-section elementor-element elementor-element-7c00e20 elementor-section-boxed elementor-section-height-default elementor-section-height-default\" data-id=\"7c00e20\" data-element_type=\"section\">\n\t\t\t\t\t\t<div class=\"elementor-container elementor-column-gap-default\">\n\t\t\t\t\t<div class=\"elementor-column elementor-col-100 elementor-top-column elementor-element elementor-element-c25e73e\" data-id=\"c25e73e\" data-element_type=\"column\">\n\t\t\t<div class=\"elementor-widget-wrap elementor-element-populated\">\n\t\t\t\t\t\t<div class=\"elementor-element elementor-element-a13abc3 elementor-widget elementor-widget-wp-widget-ufsm_noticias_widget\" data-id=\"a13abc3\" data-element_type=\"widget\" data-widget_type=\"wp-widget-ufsm_noticias_widget.default\">\n\t\t\t\t<div class=\"elementor-widget-container\">\n\t\t\t<div class='widget-noticias-inside'>\n                        <div class=\"row\">\n                                    <div class=\"col-12 col-lg-12 pb-4\">\n                                        \n                                        \n                    \n                    <a class=\"noticias-widget-title d-block \"  title=\"Reuni\u00e3o no Col\u00e9gio Polit\u00e9cnico da UFSM, na sala do Prof. Osmar e Diniz\" href=\"https:\/\/www.ufsm.br\/unidades-universitarias\/ccr\/2008\/10\/03\/reuniao-no-colegio-politecnico-da-ufsm-na-sala-do-prof-osmar-e-diniz\">\n                                                Reuni\u00e3o no Col\u00e9gio Polit\u00e9cnico da UFSM, na sala do Prof. Osmar e Diniz                    <\/a>\n                    \n                    \n                                        \n                                        \n                                        <\/div>\n                            <\/div>\n                    <div class=\"row\">\n                                    <div class=\"col-12 col-lg-12 pb-4\">\n                                        \n                                        \n                    \n                    <a class=\"noticias-widget-title d-block \"  title=\"Audi\u00eancia com a Pr\u00f3-Reitoria de Extens\u00e3o da UFSM, sala 945\" href=\"https:\/\/www.ufsm.br\/unidades-universitarias\/ccr\/2008\/04\/07\/audiencia-com-a-pro-reitoria-de-extensao-da-ufsm-sala-945\">\n                                                Audi\u00eancia com a Pr\u00f3-Reitoria de Extens\u00e3o da UFSM, sala 945                    <\/a>\n                    \n                    \n                                        \n                                        \n                                        <\/div>\n                            <\/div>\n                    <div class=\"row\">\n                                    <div class=\"col-12 col-lg-12 pb-4\">\n                                        \n                                        \n                    \n                    <a class=\"noticias-widget-title d-block \"  title=\"Reuni\u00e3o da Equipe T\u00e9cnica, na UFSM, Sala 3129b\" href=\"https:\/\/www.ufsm.br\/unidades-universitarias\/ccr\/2008\/03\/26\/reuniao-da-equipe-tecnica-na-ufsm-sala-3129b\">\n                                                Reuni\u00e3o da Equipe T\u00e9cnica, na UFSM, Sala 3129b                    <\/a>\n                    \n                    \n                                        \n                                        \n                                        <\/div>\n                            <\/div>\n                    <div class=\"row\">\n                                    <div class=\"col-12 col-lg-12 pb-4\">\n                                        \n                                        \n                    \n                    <a class=\"noticias-widget-title d-block \"  title=\"Reuni\u00e3o da Equipe T\u00e9cnica, na UFSM, no Audit\u00f3rio do CCR\" href=\"https:\/\/www.ufsm.br\/unidades-universitarias\/ccr\/2008\/03\/19\/reuniao-da-equipe-tecnica-na-ufsm-no-auditorio-do-ccr\">\n                                                Reuni\u00e3o da Equipe T\u00e9cnica, na UFSM, no Audit\u00f3rio do CCR                    <\/a>\n                    \n                    \n                                        \n                                        \n                                        <\/div>\n                            <\/div>\n                    <div class=\"row\">\n                                    <div class=\"col-12 col-lg-12 pb-4\">\n                                        \n                                        \n                    \n                    <a class=\"noticias-widget-title d-block \"  title=\"Recebimento do Termo de Outorga e a Aceita\u00e7\u00e3o de Auxilio assinado\" href=\"https:\/\/www.ufsm.br\/unidades-universitarias\/ccr\/2008\/03\/06\/recebimento-do-termo-de-outorga-e-a-aceitacao-de-auxilio-assinado\">\n                                                Recebimento do Termo de Outorga e a Aceita\u00e7\u00e3o de Auxilio assinado                    <\/a>\n                    \n                    \n                                        \n                                        \n                                        <\/div>\n                            <\/div>\n            <\/div>\n<div class=\"leia-mais p-1\">\n                <a href=\"https:\/\/www.ufsm.br\/unidades-universitarias\/ccr\/category\/rea-vacacai\/articulacoes-gerais-2008\/\">\n            LEIA MAIS            <span class=\"icon-box\">\n                <span class=\"bg-ufsm-widget-icon\">\n                    <i class=\"fas fa-chevron-right\" aria-hidden=\"true\"><\/i>\n                <\/span>\n            <\/span>\n        <\/a>\n    <\/div>\n\t\t<\/div>\n\t\t\t\t<\/div>\n\t\t\t\t\t<\/div>\n\t\t<\/div>\n\t\t\t\t\t<\/div>\n\t\t<\/section>\n\t\t\t\t<section class=\"elementor-section elementor-top-section elementor-element elementor-element-7bb13e0 elementor-section-boxed elementor-section-height-default elementor-section-height-default\" data-id=\"7bb13e0\" data-element_type=\"section\">\n\t\t\t\t\t\t<div class=\"elementor-container elementor-column-gap-default\">\n\t\t\t\t\t<div class=\"elementor-column elementor-col-100 elementor-top-column elementor-element elementor-element-73431f6\" data-id=\"73431f6\" data-element_type=\"column\">\n\t\t\t<div class=\"elementor-widget-wrap elementor-element-populated\">\n\t\t\t\t\t\t<div class=\"elementor-element elementor-element-00f0641 elementor-widget elementor-widget-text-editor\" data-id=\"00f0641\" data-element_type=\"widget\" data-widget_type=\"text-editor.default\">\n\t\t\t\t<div class=\"elementor-widget-container\">\n\t\t\t\t\t\t\t<h5>2007<\/h5>\t\t\t\t\t\t<\/div>\n\t\t\t\t<\/div>\n\t\t\t\t\t<\/div>\n\t\t<\/div>\n\t\t\t\t\t<\/div>\n\t\t<\/section>\n\t\t\t\t<section class=\"elementor-section elementor-top-section elementor-element elementor-element-d315a14 elementor-section-boxed elementor-section-height-default elementor-section-height-default\" data-id=\"d315a14\" data-element_type=\"section\">\n\t\t\t\t\t\t<div class=\"elementor-container elementor-column-gap-default\">\n\t\t\t\t\t<div class=\"elementor-column elementor-col-100 elementor-top-column elementor-element elementor-element-1bc4df9\" data-id=\"1bc4df9\" data-element_type=\"column\">\n\t\t\t<div class=\"elementor-widget-wrap elementor-element-populated\">\n\t\t\t\t\t\t<div class=\"elementor-element elementor-element-f6e87e7 elementor-widget elementor-widget-wp-widget-ufsm_noticias_widget\" data-id=\"f6e87e7\" data-element_type=\"widget\" data-widget_type=\"wp-widget-ufsm_noticias_widget.default\">\n\t\t\t\t<div class=\"elementor-widget-container\">\n\t\t\t<div class='widget-noticias-inside'>\n                        <div class=\"row\">\n                                    <div class=\"col-12 col-lg-12 pb-4\">\n                                        \n                                        \n                    \n                    <a class=\"noticias-widget-title d-block \"  title=\"Recebimento e-mail do COREDE Central\" href=\"https:\/\/www.ufsm.br\/unidades-universitarias\/ccr\/2007\/11\/23\/recebimento-e-mail-do-corede-central\">\n                                                Recebimento e-mail do COREDE Central                    <\/a>\n                    \n                    \n                                        \n                                        \n                                        <\/div>\n                            <\/div>\n            <\/div>\n\t\t<\/div>\n\t\t\t\t<\/div>\n\t\t\t\t\t<\/div>\n\t\t<\/div>\n\t\t\t\t\t<\/div>\n\t\t<\/section>\n\t\t\t\t<\/div>\n\t\t","protected":false},"excerpt":{"rendered":"<p>2010 2009 2008 2007<\/p>\n","protected":false},"author":867,"featured_media":0,"parent":3238,"menu_order":0,"comment_status":"closed","ping_status":"closed","template":"","meta":{"footnotes":""},"categories":[53],"tags":[],"class_list":["post-3286","page","type-page","status-publish","hentry","category-rea-vacacai"],"acf":[],"_links":{"self":[{"href":"https:\/\/www.ufsm.br\/unidades-universitarias\/ccr\/wp-json\/wp\/v2\/pages\/3286","targetHints":{"allow":["GET"]}}],"collection":[{"href":"https:\/\/www.ufsm.br\/unidades-universitarias\/ccr\/wp-json\/wp\/v2\/pages"}],"about":[{"href":"https:\/\/www.ufsm.br\/unidades-universitarias\/ccr\/wp-json\/wp\/v2\/types\/page"}],"author":[{"embeddable":true,"href":"https:\/\/www.ufsm.br\/unidades-universitarias\/ccr\/wp-json\/wp\/v2\/users\/867"}],"replies":[{"embeddable":true,"href":"https:\/\/www.ufsm.br\/unidades-universitarias\/ccr\/wp-json\/wp\/v2\/comments?post=3286"}],"version-history":[{"count":0,"href":"https:\/\/www.ufsm.br\/unidades-universitarias\/ccr\/wp-json\/wp\/v2\/pages\/3286\/revisions"}],"up":[{"embeddable":true,"href":"https:\/\/www.ufsm.br\/unidades-universitarias\/ccr\/wp-json\/wp\/v2\/pages\/3238"}],"wp:attachment":[{"href":"https:\/\/www.ufsm.br\/unidades-universitarias\/ccr\/wp-json\/wp\/v2\/media?parent=3286"}],"wp:term":[{"taxonomy":"category","embeddable":true,"href":"https:\/\/www.ufsm.br\/unidades-universitarias\/ccr\/wp-json\/wp\/v2\/categories?post=3286"},{"taxonomy":"post_tag","embeddable":true,"href":"https:\/\/www.ufsm.br\/unidades-universitarias\/ccr\/wp-json\/wp\/v2\/tags?post=3286"}],"curies":[{"name":"wp","href":"https:\/\/api.w.org\/{rel}","templated":true}]}}