{"id":4557,"date":"2020-10-19T20:59:18","date_gmt":"2020-10-19T23:59:18","guid":{"rendered":"https:\/\/www.ufsm.br\/unidades-universitarias\/ccr\/?page_id=4557"},"modified":"2020-10-19T21:04:50","modified_gmt":"2020-10-20T00:04:50","slug":"nea-santa-maria-sub-nea-edna-may-cardoso","status":"publish","type":"page","link":"https:\/\/www.ufsm.br\/unidades-universitarias\/ccr\/pagina-inicial\/rede-de-educacao-ambiental-da-bacia-hidrografica-dos-rios-vacacai-e-vacacai-mirim\/nea-santa-maria-sub-nea-edna-may-cardoso","title":{"rendered":"NEA Santa Maria \/ Sub-NEA Edna May Cardoso"},"content":{"rendered":"\t\t<div data-elementor-type=\"wp-page\" data-elementor-id=\"4557\" class=\"elementor elementor-4557\">\n\t\t\t\t\t\t<section class=\"elementor-section elementor-top-section elementor-element elementor-element-14f89f64 elementor-section-boxed elementor-section-height-default elementor-section-height-default\" data-id=\"14f89f64\" data-element_type=\"section\">\n\t\t\t\t\t\t<div class=\"elementor-container elementor-column-gap-default\">\n\t\t\t\t\t<div class=\"elementor-column elementor-col-100 elementor-top-column elementor-element elementor-element-4cfd3e36\" data-id=\"4cfd3e36\" data-element_type=\"column\">\n\t\t\t<div class=\"elementor-widget-wrap elementor-element-populated\">\n\t\t\t\t\t\t<div class=\"elementor-element elementor-element-703786f0 elementor-widget elementor-widget-text-editor\" data-id=\"703786f0\" data-element_type=\"widget\" data-widget_type=\"text-editor.default\">\n\t\t\t\t<div class=\"elementor-widget-container\">\n\t\t\t\t\t\t\t<!-- wp:tadv\/classic-paragraph -->\n<p><strong>Calend\u00e1rio do NEA Edna May Cardoso<\/strong><\/p>\n<!-- \/wp:tadv\/classic-paragraph -->\t\t\t\t\t\t<\/div>\n\t\t\t\t<\/div>\n\t\t\t\t\t<\/div>\n\t\t<\/div>\n\t\t\t\t\t<\/div>\n\t\t<\/section>\n\t\t\t\t<section class=\"elementor-section elementor-top-section elementor-element elementor-element-48a4fa7 elementor-section-boxed elementor-section-height-default elementor-section-height-default\" data-id=\"48a4fa7\" data-element_type=\"section\">\n\t\t\t\t\t\t<div class=\"elementor-container elementor-column-gap-default\">\n\t\t\t\t\t<div class=\"elementor-column elementor-col-100 elementor-top-column elementor-element elementor-element-2c8be9f\" data-id=\"2c8be9f\" data-element_type=\"column\">\n\t\t\t<div class=\"elementor-widget-wrap elementor-element-populated\">\n\t\t\t\t\t\t<div class=\"elementor-element elementor-element-d0875b6 elementor-widget elementor-widget-wp-widget-ufsm_noticias_widget\" data-id=\"d0875b6\" data-element_type=\"widget\" data-widget_type=\"wp-widget-ufsm_noticias_widget.default\">\n\t\t\t\t<div class=\"elementor-widget-container\">\n\t\t\t<h5 class='titulo-conteudos'>Hist\u00f3rico de reuni\u00f5es e eventos<\/h5><div class='widget-noticias-inside'>\n                        <div class=\"row\">\n                                    <div class=\"col-12 col-lg-12 pb-4\">\n                                        \n                                        \n                    \n                    <a class=\"noticias-widget-title d-block \"  title=\"E-mail do Prof. Osmar Souza dos Santos contendo a proposta de constru\u00e7\u00e3o de estufa para o col\u00e9gio\" href=\"https:\/\/www.ufsm.br\/unidades-universitarias\/ccr\/2009\/09\/14\/e-mail-do-prof-osmar-souza-dos-santos-contendo-a-proposta-de-construcao-de-estufa-para-o-colegio\">\n                                                E-mail do Prof. Osmar Souza dos Santos contendo a proposta de constru\u00e7\u00e3o de estufa para o col\u00e9gio                    <\/a>\n                    \n                    \n                                        \n                                        \n                                        <\/div>\n                            <\/div>\n                    <div class=\"row\">\n                                    <div class=\"col-12 col-lg-12 pb-4\">\n                                        \n                                        \n                    \n                    <a class=\"noticias-widget-title d-block \"  title=\"Reuni\u00e3o no Col\u00e9gio Estadual Profa. Edna May Cardoso\" href=\"https:\/\/www.ufsm.br\/unidades-universitarias\/ccr\/2009\/09\/03\/reuniao-no-colegio-estadual-profa-edna-may-cardoso\">\n                                                Reuni\u00e3o no Col\u00e9gio Estadual Profa. Edna May Cardoso                    <\/a>\n                    \n                    \n                                        \n                                        \n                                        <\/div>\n                            <\/div>\n                    <div class=\"row\">\n                                    <div class=\"col-12 col-lg-12 pb-4\">\n                                        \n                                        \n                    \n                    <a class=\"noticias-widget-title d-block \"  title=\"Visita de trabalho no Col\u00e9gio Estadual Profa. Edna May Cardoso\" href=\"https:\/\/www.ufsm.br\/unidades-universitarias\/ccr\/2009\/07\/23\/visita-de-trabalho-no-colegio-estadual-profa-edna-may-cardoso\">\n                                                Visita de trabalho no Col\u00e9gio Estadual Profa. Edna May Cardoso                    <\/a>\n                    \n                    \n                                        \n                                        \n                                        <\/div>\n                            <\/div>\n                    <div class=\"row\">\n                                    <div class=\"col-12 col-lg-12 pb-4\">\n                                        \n                                        \n                    \n                    <a class=\"noticias-widget-title d-block \"  title=\"Reuni\u00e3o no Col\u00e9gio Polit\u00e9cnico da UFSM\" href=\"https:\/\/www.ufsm.br\/unidades-universitarias\/ccr\/2009\/07\/14\/reuniao-no-colegio-politecnico-da-ufsm-2\">\n                                                Reuni\u00e3o no Col\u00e9gio Polit\u00e9cnico da UFSM                    <\/a>\n                    \n                    \n                                        \n                                        \n                                        <\/div>\n                            <\/div>\n                    <div class=\"row\">\n                                    <div class=\"col-12 col-lg-12 pb-4\">\n                                        \n                                        \n                    \n                    <a class=\"noticias-widget-title d-block \"  title=\"Reuni\u00e3o na EMEF Major Tancredo de Moraes, no distrito de Palma de Santa Maria\" href=\"https:\/\/www.ufsm.br\/unidades-universitarias\/ccr\/2009\/04\/01\/reuniao-na-emef-major-tancredo-de-moraes-no-distrito-de-palma-de-santa-maria\">\n                                                Reuni\u00e3o na EMEF Major Tancredo de Moraes, no distrito de Palma de Santa Maria                    <\/a>\n                    \n                    \n                                        \n                                        \n                                        <\/div>\n                            <\/div>\n            <\/div>\n\t\t<\/div>\n\t\t\t\t<\/div>\n\t\t\t\t\t<\/div>\n\t\t<\/div>\n\t\t\t\t\t<\/div>\n\t\t<\/section>\n\t\t\t\t<section class=\"elementor-section elementor-top-section elementor-element elementor-element-3d27f66 elementor-section-boxed elementor-section-height-default elementor-section-height-default\" data-id=\"3d27f66\" data-element_type=\"section\">\n\t\t\t\t\t\t<div class=\"elementor-container elementor-column-gap-default\">\n\t\t\t\t\t<div class=\"elementor-column elementor-col-100 elementor-top-column elementor-element elementor-element-71daf1f\" data-id=\"71daf1f\" data-element_type=\"column\">\n\t\t\t<div class=\"elementor-widget-wrap elementor-element-populated\">\n\t\t\t\t\t\t<div class=\"elementor-element elementor-element-952b49b elementor-widget elementor-widget-text-editor\" data-id=\"952b49b\" data-element_type=\"widget\" data-widget_type=\"text-editor.default\">\n\t\t\t\t<div class=\"elementor-widget-container\">\n\t\t\t\t\t\t\t<p><strong>Links referentes \u00e0 Camobi<\/strong><\/p>\n<ul>\n<li><a href=\"http:\/\/pt.wikipedia.org\/wiki\/Anexo:Lista_de_subdivis%C3%B5es_de_Santa_Maria_(Rio_Grande_do_Sul)\" target=\"_blank\" rel=\"noopener\">Divis\u00e3o territorial de Santa Maria na Wikip\u00e9dia<\/a>\n<ul>\n<li><a href=\"http:\/\/pt.wikipedia.org\/wiki\/Sede_(distrito_de_Santa_Maria)\" target=\"_blank\" rel=\"noopener\">Distrito da\u00a0Sede na Wikip\u00e9dia<\/a>\n<ul>\n<li><a href=\"http:\/\/pt.wikipedia.org\/wiki\/Camobi\" target=\"_blank\" rel=\"noopener\">Bairro\u00a0Camobi na Wikip\u00e9dia<\/a><\/li>\n<\/ul>\n<\/li>\n<\/ul>\n<\/li>\n<\/ul>\t\t\t\t\t\t<\/div>\n\t\t\t\t<\/div>\n\t\t\t\t\t<\/div>\n\t\t<\/div>\n\t\t\t\t\t<\/div>\n\t\t<\/section>\n\t\t\t\t<\/div>\n\t\t","protected":false},"excerpt":{"rendered":"<p>Calend\u00e1rio do NEA Edna May Cardoso Links referentes \u00e0 Camobi Divis\u00e3o territorial de Santa Maria na Wikip\u00e9dia Distrito da\u00a0Sede na Wikip\u00e9dia Bairro\u00a0Camobi na Wikip\u00e9dia<\/p>\n","protected":false},"author":867,"featured_media":0,"parent":3238,"menu_order":0,"comment_status":"closed","ping_status":"closed","template":"","meta":{"footnotes":""},"categories":[],"tags":[],"class_list":["post-4557","page","type-page","status-publish","hentry"],"acf":[],"_links":{"self":[{"href":"https:\/\/www.ufsm.br\/unidades-universitarias\/ccr\/wp-json\/wp\/v2\/pages\/4557","targetHints":{"allow":["GET"]}}],"collection":[{"href":"https:\/\/www.ufsm.br\/unidades-universitarias\/ccr\/wp-json\/wp\/v2\/pages"}],"about":[{"href":"https:\/\/www.ufsm.br\/unidades-universitarias\/ccr\/wp-json\/wp\/v2\/types\/page"}],"author":[{"embeddable":true,"href":"https:\/\/www.ufsm.br\/unidades-universitarias\/ccr\/wp-json\/wp\/v2\/users\/867"}],"replies":[{"embeddable":true,"href":"https:\/\/www.ufsm.br\/unidades-universitarias\/ccr\/wp-json\/wp\/v2\/comments?post=4557"}],"version-history":[{"count":0,"href":"https:\/\/www.ufsm.br\/unidades-universitarias\/ccr\/wp-json\/wp\/v2\/pages\/4557\/revisions"}],"up":[{"embeddable":true,"href":"https:\/\/www.ufsm.br\/unidades-universitarias\/ccr\/wp-json\/wp\/v2\/pages\/3238"}],"wp:attachment":[{"href":"https:\/\/www.ufsm.br\/unidades-universitarias\/ccr\/wp-json\/wp\/v2\/media?parent=4557"}],"wp:term":[{"taxonomy":"category","embeddable":true,"href":"https:\/\/www.ufsm.br\/unidades-universitarias\/ccr\/wp-json\/wp\/v2\/categories?post=4557"},{"taxonomy":"post_tag","embeddable":true,"href":"https:\/\/www.ufsm.br\/unidades-universitarias\/ccr\/wp-json\/wp\/v2\/tags?post=4557"}],"curies":[{"name":"wp","href":"https:\/\/api.w.org\/{rel}","templated":true}]}}