{"id":4572,"date":"2020-10-19T21:06:28","date_gmt":"2020-10-20T00:06:28","guid":{"rendered":"https:\/\/www.ufsm.br\/unidades-universitarias\/ccr\/?page_id=4572"},"modified":"2020-10-19T21:39:19","modified_gmt":"2020-10-20T00:39:19","slug":"nea-santa-maria-sub-nea-palma","status":"publish","type":"page","link":"https:\/\/www.ufsm.br\/unidades-universitarias\/ccr\/pagina-inicial\/rede-de-educacao-ambiental-da-bacia-hidrografica-dos-rios-vacacai-e-vacacai-mirim\/nea-santa-maria-sub-nea-palma","title":{"rendered":"NEA Santa Maria \/ Sub-NEA Palma"},"content":{"rendered":"\t\t<div data-elementor-type=\"wp-page\" data-elementor-id=\"4572\" class=\"elementor elementor-4572\">\n\t\t\t\t\t\t<section class=\"elementor-section elementor-top-section elementor-element elementor-element-f0ba087 elementor-section-boxed elementor-section-height-default elementor-section-height-default\" data-id=\"f0ba087\" data-element_type=\"section\">\n\t\t\t\t\t\t<div class=\"elementor-container elementor-column-gap-default\">\n\t\t\t\t\t<div class=\"elementor-column elementor-col-100 elementor-top-column elementor-element elementor-element-f8f5eae\" data-id=\"f8f5eae\" data-element_type=\"column\">\n\t\t\t<div class=\"elementor-widget-wrap elementor-element-populated\">\n\t\t\t\t\t\t<div class=\"elementor-element elementor-element-522266b elementor-widget elementor-widget-wp-widget-ufsm_noticias_widget\" data-id=\"522266b\" data-element_type=\"widget\" data-widget_type=\"wp-widget-ufsm_noticias_widget.default\">\n\t\t\t\t<div class=\"elementor-widget-container\">\n\t\t\t<h5 class='titulo-conteudos'>Hist\u00f3rico de reuni\u00f5es e eventos<\/h5><div class='widget-noticias-inside'>\n                        <div class=\"row\">\n                                    <div class=\"col-12 col-lg-12 pb-4\">\n                                        \n                                        \n                    \n                    <a class=\"noticias-widget-title d-block \"  title=\"Encaminhamentos de convites e divulga\u00e7\u00e3o do Painel: Quest\u00f5es Ambientais da Palma, a ser realizado no dia 25\/09\/09\" href=\"https:\/\/www.ufsm.br\/unidades-universitarias\/ccr\/2009\/09\/15\/encaminhamentos-de-convites-e-divulgacao-do-painel-questoes-ambientais-da-palma-a-ser-realizado-no-dia-25-09-09\">\n                                                Encaminhamentos de convites e divulga\u00e7\u00e3o do Painel: Quest\u00f5es Ambientais da Palma, a ser realizado no dia 25\/09\/09                    <\/a>\n                    \n                    \n                                        \n                                        \n                                        <\/div>\n                            <\/div>\n                    <div class=\"row\">\n                                    <div class=\"col-12 col-lg-12 pb-4\">\n                                        \n                                        \n                    \n                    <a class=\"noticias-widget-title d-block \"  title=\"Reuni\u00e3o no distrito de Palma, de Santa Maria, na EMEF Major Tancredo Penna de Moraes\" href=\"https:\/\/www.ufsm.br\/unidades-universitarias\/ccr\/2009\/09\/14\/reuniao-no-distrito-de-palma-de-santa-maria-na-emef-major-tancredo-penna-de-moraes\">\n                                                Reuni\u00e3o no distrito de Palma, de Santa Maria, na EMEF Major Tancredo Penna de Moraes                    <\/a>\n                    \n                    \n                                        \n                                        \n                                        <\/div>\n                            <\/div>\n                    <div class=\"row\">\n                                    <div class=\"col-12 col-lg-12 pb-4\">\n                                        \n                                        \n                    \n                    <a class=\"noticias-widget-title d-block \"  title=\"Reuni\u00e3o no distrito de Palma, de Santa Maria, na EMEF Major Tancredo Penna de Moraes\" href=\"https:\/\/www.ufsm.br\/unidades-universitarias\/ccr\/2009\/09\/02\/reuniao-no-distrito-de-palma-de-santa-maria-na-emef-major-tancredo-penna-de-moraes-2\">\n                                                Reuni\u00e3o no distrito de Palma, de Santa Maria, na EMEF Major Tancredo Penna de Moraes                    <\/a>\n                    \n                    \n                                        \n                                        \n                                        <\/div>\n                            <\/div>\n            <\/div>\n<div class=\"leia-mais p-1\">\n                <a href=\"https:\/\/www.ufsm.br\/unidades-universitarias\/ccr\/category\/rea-vacacai\/historico-de-reunioes-e-eventos-sub-nea-palma\/\">\n            LEIA MAIS            <span class=\"icon-box\">\n                <span class=\"bg-ufsm-widget-icon\">\n                    <i class=\"fas fa-chevron-right\" aria-hidden=\"true\"><\/i>\n                <\/span>\n            <\/span>\n        <\/a>\n    <\/div>\n\t\t<\/div>\n\t\t\t\t<\/div>\n\t\t\t\t\t<\/div>\n\t\t<\/div>\n\t\t\t\t\t<\/div>\n\t\t<\/section>\n\t\t\t\t<section class=\"elementor-section elementor-top-section elementor-element elementor-element-9973c91 elementor-section-boxed elementor-section-height-default elementor-section-height-default\" data-id=\"9973c91\" data-element_type=\"section\">\n\t\t\t\t\t\t<div class=\"elementor-container elementor-column-gap-default\">\n\t\t\t\t\t<div class=\"elementor-column elementor-col-100 elementor-top-column elementor-element elementor-element-b88ff5b\" data-id=\"b88ff5b\" data-element_type=\"column\">\n\t\t\t<div class=\"elementor-widget-wrap elementor-element-populated\">\n\t\t\t\t\t\t<div class=\"elementor-element elementor-element-43cd6ac elementor-widget elementor-widget-text-editor\" data-id=\"43cd6ac\" data-element_type=\"widget\" data-widget_type=\"text-editor.default\">\n\t\t\t\t<div class=\"elementor-widget-container\">\n\t\t\t\t\t\t\t<p><strong>Mapas tem\u00e1ticos<\/strong><\/p><ul style=\"font-weight: 400\"><li><b><a href=\"https:\/\/www.ufsm.br\/app\/uploads\/sites\/370\/2020\/10\/Mapa-distrital-de-Palma-1.pdf\">Mapa distrital de Palma<\/a><\/b><\/li><li><b><a href=\"https:\/\/www.ufsm.br\/app\/uploads\/sites\/370\/2020\/10\/Mapa-Perimetro-da-Sede-distrital-de-Palma-1.pdf\">Mapa Per\u00edmetro da Sede distrital de Palma<\/a><\/b><\/li><\/ul>\t\t\t\t\t\t<\/div>\n\t\t\t\t<\/div>\n\t\t\t\t\t<\/div>\n\t\t<\/div>\n\t\t\t\t\t<\/div>\n\t\t<\/section>\n\t\t\t\t<section class=\"elementor-section elementor-top-section elementor-element elementor-element-7cbd7ed elementor-section-boxed elementor-section-height-default elementor-section-height-default\" data-id=\"7cbd7ed\" data-element_type=\"section\">\n\t\t\t\t\t\t<div class=\"elementor-container elementor-column-gap-default\">\n\t\t\t\t\t<div class=\"elementor-column elementor-col-100 elementor-top-column elementor-element elementor-element-f58762e\" data-id=\"f58762e\" data-element_type=\"column\">\n\t\t\t<div class=\"elementor-widget-wrap elementor-element-populated\">\n\t\t\t\t\t\t<div class=\"elementor-element elementor-element-a4d5b25 elementor-widget elementor-widget-text-editor\" data-id=\"a4d5b25\" data-element_type=\"widget\" data-widget_type=\"text-editor.default\">\n\t\t\t\t<div class=\"elementor-widget-container\">\n\t\t\t\t\t\t\t<table class=\"contentpaneopen\"><tbody><tr><td colspan=\"2\" valign=\"top\"><p><strong>Links relacionados\u00a0ao Palma<\/strong><\/p><ul><li><a title=\"Site oficial de Palma SM\" href=\"http:\/\/www.palma8sm.com\/\" target=\"_blank\" rel=\"noopener\">Site oficial de Palma SM &#8211; www.palma8sm.com\u00a0<\/a><\/li><li><a href=\"http:\/\/pt.wikipedia.org\/wiki\/Anexo:Lista_de_subdivis%C3%B5es_de_Santa_Maria_(Rio_Grande_do_Sul)\" target=\"_blank\" rel=\"noopener\">Divis\u00e3o territorial de Santa Maria na Wikip\u00e9dia<\/a><ul><li><a href=\"http:\/\/pt.wikipedia.org\/wiki\/Palma_(distrito_de_Santa_Maria)\" target=\"_blank\" rel=\"noopener\">Distrito da Palma na Wikip\u00e9dia<\/a><ul><li><a href=\"http:\/\/pt.wikipedia.org\/wiki\/Palma_(Santa_Maria)\" target=\"_blank\" rel=\"noopener\">Bairro Palma na Wikip\u00e9dia<\/a><ul><li><a href=\"http:\/\/pt.wikipedia.org\/wiki\/Comunidade_Arnesto_Carneiro_Penna\" target=\"_blank\" rel=\"noopener\">Unidade Residencial Comunidade Arnesto Carneiro Penna na Wikip\u00e9dia<\/a><\/li><\/ul><\/li><\/ul><\/li><\/ul><\/li><li><a href=\"http:\/\/pt.wikipedia.org\/wiki\/Escola_Major_Tancredo_Penna_de_Moraes\" target=\"_blank\" rel=\"noopener\">EMEF Major Tancredo Penna de Moraes na Wikip\u00e9dia<\/a><\/li><\/ul><\/td><\/tr><\/tbody><\/table>\t\t\t\t\t\t<\/div>\n\t\t\t\t<\/div>\n\t\t\t\t\t<\/div>\n\t\t<\/div>\n\t\t\t\t\t<\/div>\n\t\t<\/section>\n\t\t\t\t<\/div>\n\t\t","protected":false},"excerpt":{"rendered":"<p>Mapas tem\u00e1ticos Mapa distrital de Palma Mapa Per\u00edmetro da Sede distrital de Palma Links relacionados\u00a0ao Palma Site oficial de Palma SM &#8211; www.palma8sm.com\u00a0 Divis\u00e3o territorial de Santa Maria na Wikip\u00e9dia Distrito da Palma na Wikip\u00e9dia Bairro Palma na Wikip\u00e9dia Unidade Residencial Comunidade Arnesto Carneiro Penna na Wikip\u00e9dia EMEF Major Tancredo Penna de Moraes na Wikip\u00e9dia<\/p>\n","protected":false},"author":867,"featured_media":0,"parent":3238,"menu_order":0,"comment_status":"closed","ping_status":"closed","template":"","meta":{"footnotes":""},"categories":[],"tags":[],"class_list":["post-4572","page","type-page","status-publish","hentry"],"acf":[],"_links":{"self":[{"href":"https:\/\/www.ufsm.br\/unidades-universitarias\/ccr\/wp-json\/wp\/v2\/pages\/4572","targetHints":{"allow":["GET"]}}],"collection":[{"href":"https:\/\/www.ufsm.br\/unidades-universitarias\/ccr\/wp-json\/wp\/v2\/pages"}],"about":[{"href":"https:\/\/www.ufsm.br\/unidades-universitarias\/ccr\/wp-json\/wp\/v2\/types\/page"}],"author":[{"embeddable":true,"href":"https:\/\/www.ufsm.br\/unidades-universitarias\/ccr\/wp-json\/wp\/v2\/users\/867"}],"replies":[{"embeddable":true,"href":"https:\/\/www.ufsm.br\/unidades-universitarias\/ccr\/wp-json\/wp\/v2\/comments?post=4572"}],"version-history":[{"count":0,"href":"https:\/\/www.ufsm.br\/unidades-universitarias\/ccr\/wp-json\/wp\/v2\/pages\/4572\/revisions"}],"up":[{"embeddable":true,"href":"https:\/\/www.ufsm.br\/unidades-universitarias\/ccr\/wp-json\/wp\/v2\/pages\/3238"}],"wp:attachment":[{"href":"https:\/\/www.ufsm.br\/unidades-universitarias\/ccr\/wp-json\/wp\/v2\/media?parent=4572"}],"wp:term":[{"taxonomy":"category","embeddable":true,"href":"https:\/\/www.ufsm.br\/unidades-universitarias\/ccr\/wp-json\/wp\/v2\/categories?post=4572"},{"taxonomy":"post_tag","embeddable":true,"href":"https:\/\/www.ufsm.br\/unidades-universitarias\/ccr\/wp-json\/wp\/v2\/tags?post=4572"}],"curies":[{"name":"wp","href":"https:\/\/api.w.org\/{rel}","templated":true}]}}