{"id":7269,"date":"2023-01-31T09:38:53","date_gmt":"2023-01-31T12:38:53","guid":{"rendered":"https:\/\/www.ufsm.br\/unidades-universitarias\/ccr\/?page_id=7269"},"modified":"2023-01-31T09:42:16","modified_gmt":"2023-01-31T12:42:16","slug":"secretarias-integradas-do-ccr","status":"publish","type":"page","link":"https:\/\/www.ufsm.br\/unidades-universitarias\/ccr\/secretarias-integradas-do-ccr","title":{"rendered":"Secretarias Integradas do CCR"},"content":{"rendered":"\n<p><a href=\"https:\/\/www.ufsm.br\/unidades-universitarias\/ccr\/secretaria-integrada-dos-cursos-de-graduacao-i-afa\"><strong>Secretaria Integrada dos Cursos de Gradua\u00e7\u00e3o I \u2013 AFA<\/strong><\/a><\/p>\n<p><a href=\"https:\/\/www.ufsm.br\/unidades-universitarias\/ccr\/secretaria-integrada-dos-cursos-de-graduacao-ii-vaz\"><strong>Secretaria Integrada dos Cursos de Gradua\u00e7\u00e3o II \u2013 VAZ<\/strong><\/a><\/p>\n<p><a href=\"https:\/\/www.ufsm.br\/unidades-universitarias\/ccr\/secretaria-integrada-de-departamentos-sid-ccr\"><strong>Secretaria Integrada de Departamentos<\/strong><\/a><\/p>\n<p><a href=\"https:\/\/www.ufsm.br\/unidades-universitarias\/ccr\/secretaria-integrada-dos-cursos-de-pos-graduacao-sipg-ccr\"><strong>Secretaria Integrada dos Cursos de P\u00f3s-Gradua\u00e7\u00e3o<\/strong><\/a><\/p>\n","protected":false},"excerpt":{"rendered":"<p>Secretaria Integrada dos Cursos de Gradua\u00e7\u00e3o I \u2013 AFA Secretaria Integrada dos Cursos de Gradua\u00e7\u00e3o II \u2013 VAZ Secretaria Integrada de Departamentos Secretaria Integrada dos Cursos de P\u00f3s-Gradua\u00e7\u00e3o<\/p>\n","protected":false},"author":260,"featured_media":0,"parent":0,"menu_order":0,"comment_status":"closed","ping_status":"closed","template":"","meta":{"footnotes":""},"categories":[],"tags":[],"class_list":["post-7269","page","type-page","status-publish","hentry"],"acf":[],"_links":{"self":[{"href":"https:\/\/www.ufsm.br\/unidades-universitarias\/ccr\/wp-json\/wp\/v2\/pages\/7269","targetHints":{"allow":["GET"]}}],"collection":[{"href":"https:\/\/www.ufsm.br\/unidades-universitarias\/ccr\/wp-json\/wp\/v2\/pages"}],"about":[{"href":"https:\/\/www.ufsm.br\/unidades-universitarias\/ccr\/wp-json\/wp\/v2\/types\/page"}],"author":[{"embeddable":true,"href":"https:\/\/www.ufsm.br\/unidades-universitarias\/ccr\/wp-json\/wp\/v2\/users\/260"}],"replies":[{"embeddable":true,"href":"https:\/\/www.ufsm.br\/unidades-universitarias\/ccr\/wp-json\/wp\/v2\/comments?post=7269"}],"version-history":[{"count":0,"href":"https:\/\/www.ufsm.br\/unidades-universitarias\/ccr\/wp-json\/wp\/v2\/pages\/7269\/revisions"}],"wp:attachment":[{"href":"https:\/\/www.ufsm.br\/unidades-universitarias\/ccr\/wp-json\/wp\/v2\/media?parent=7269"}],"wp:term":[{"taxonomy":"category","embeddable":true,"href":"https:\/\/www.ufsm.br\/unidades-universitarias\/ccr\/wp-json\/wp\/v2\/categories?post=7269"},{"taxonomy":"post_tag","embeddable":true,"href":"https:\/\/www.ufsm.br\/unidades-universitarias\/ccr\/wp-json\/wp\/v2\/tags?post=7269"}],"curies":[{"name":"wp","href":"https:\/\/api.w.org\/{rel}","templated":true}]}}