{"id":8100,"date":"2023-04-26T14:48:15","date_gmt":"2023-04-26T17:48:15","guid":{"rendered":"https:\/\/www.ufsm.br\/unidades-universitarias\/ccr\/?page_id=8100"},"modified":"2025-04-04T09:19:47","modified_gmt":"2025-04-04T12:19:47","slug":"secretaria-integrada-de-departamentos-sid-ccr-equipe-e-contatos","status":"publish","type":"page","link":"https:\/\/www.ufsm.br\/unidades-universitarias\/ccr\/secretaria-integrada-de-departamentos-sid-ccr-equipe-e-contatos","title":{"rendered":"Equipe e contatos da SID\/CCR"},"content":{"rendered":"\t\t<div data-elementor-type=\"wp-page\" data-elementor-id=\"8100\" class=\"elementor elementor-8100\">\n\t\t\t\t\t\t<section class=\"elementor-section elementor-top-section elementor-element elementor-element-1748c824 elementor-section-boxed elementor-section-height-default elementor-section-height-default\" data-id=\"1748c824\" data-element_type=\"section\">\n\t\t\t\t\t\t<div class=\"elementor-container elementor-column-gap-default\">\n\t\t\t\t\t<div class=\"elementor-column elementor-col-100 elementor-top-column elementor-element elementor-element-400f70e1\" data-id=\"400f70e1\" data-element_type=\"column\">\n\t\t\t<div class=\"elementor-widget-wrap elementor-element-populated\">\n\t\t\t\t\t\t<div class=\"elementor-element elementor-element-3624763b elementor-widget elementor-widget-text-editor\" data-id=\"3624763b\" data-element_type=\"widget\" data-widget_type=\"text-editor.default\">\n\t\t\t\t<div class=\"elementor-widget-container\">\n\t\t\t\t\t\t\t<p>A SID\/CCR atende em tr\u00eas salas diferentes, contando com os seguintes servidores T\u00e9cnico-Administrativos em Educa\u00e7\u00e3o:<\/p>\n<table style=\"border-collapse: collapse;width: 100%;height: 120px\">\n<tbody>\n<tr style=\"height: 24px\">\n<td style=\"width: 27.1771%;height: 24px\"><b><u>Chefia<\/u><\/b><\/td>\n<td style=\"width: 39.4895%;height: 24px\"><u style=\"font-size: 16px;font-weight: bolder;text-align: var(--bs-body-text-align)\">Setor Administrativo<\/u><\/td>\n<td style=\"width: 33.3333%;height: 24px\"><span style=\"color: #000000;font-size: 16px;font-weight: bolder;text-align: var(--bs-body-text-align)\"><u>Setor Acad\u00eamico<\/u><\/span><\/td>\n<\/tr>\n<tr style=\"height: 48px\">\n<td style=\"width: 27.1771%;height: 48px\"><strong>Angelita Bordin Sangoi<\/strong> &#8211; Secret\u00e1ria<\/td>\n<td style=\"width: 39.4895%;height: 48px\">\n<p><strong>Paulo Afonso de Mello Corr\u00eaa<\/strong> &#8211; Secret\u00e1rio Substituto<\/p>\n<p><strong style=\"font-size: 16px;text-align: var(--bs-body-text-align)\">Ricardo Borges Trindade<\/strong><span style=\"font-size: 16px;font-weight: var( --e-global-typography-text-font-weight );text-align: var(--bs-body-text-align)\"> &#8211; Auxiliar em Administra\u00e7\u00e3o<\/span><\/p>\n<p><span style=\"font-size: 1rem;text-align: var(--bs-body-text-align)\"><b>Lucin\u00e9ia Giacomelli Koraleski<\/b><\/span><span style=\"font-size: 1rem;font-weight: var( --e-global-typography-text-font-weight );text-align: var(--bs-body-text-align)\"> &#8211;&nbsp;<\/span><\/p><p><span style=\"font-size: 1rem;font-weight: var( --e-global-typography-text-font-weight );text-align: var(--bs-body-text-align)\">Assistente em Administra\u00e7\u00e3o<\/span><\/p>\n<\/td>\n<td style=\"width: 33.3333%;height: 48px\">\n<p><strong>Alex dos Santos Pimentel<\/strong> &#8211;<\/p>\n<p>Assistente em Administra\u00e7\u00e3o<\/p>\n<p><strong>Maria Jos\u00e9 Ramos Kuschik<\/strong> &#8211;<\/p>\n<p>Secret\u00e1ria Executiva<\/p>\n<\/td>\n<\/tr>\n<tr style=\"height: 48px\">\n<td style=\"width: 27.1771%;height: 48px\">\n<p>Local: Sala 3130-B, Pr\u00e9dio 42<\/p>\n<p>Ramal: 8916<\/p>\n<\/td>\n<td style=\"width: 39.4895%;height: 48px\">\n<p>Local: Sala 3133, Pr\u00e9dio 42<\/p>\n<p>Ramal: 8727<\/p>\n<\/td>\n<td style=\"width: 33.3333%;height: 48px\">\n<p>Local: Sala 3112, Pr\u00e9dio 42<\/p>\n<p>Ramal: 8257<\/p>\n<\/td>\n<\/tr>\n<\/tbody>\n<\/table>\n<p><!-- \/wp:tadv\/classic-paragraph --><\/p>\n<p><!-- wp:tadv\/classic-paragraph \/--><\/p>\t\t\t\t\t\t<\/div>\n\t\t\t\t<\/div>\n\t\t\t\t\t<\/div>\n\t\t<\/div>\n\t\t\t\t\t<\/div>\n\t\t<\/section>\n\t\t\t\t<section class=\"elementor-section elementor-top-section elementor-element elementor-element-2111718 elementor-section-boxed elementor-section-height-default elementor-section-height-default\" data-id=\"2111718\" data-element_type=\"section\">\n\t\t\t\t\t\t<div class=\"elementor-container elementor-column-gap-default\">\n\t\t\t\t\t<div class=\"elementor-column elementor-col-100 elementor-top-column elementor-element elementor-element-12c4a66\" data-id=\"12c4a66\" data-element_type=\"column\">\n\t\t\t<div class=\"elementor-widget-wrap elementor-element-populated\">\n\t\t\t\t\t\t\t<\/div>\n\t\t<\/div>\n\t\t\t\t\t<\/div>\n\t\t<\/section>\n\t\t\t\t<\/div>\n\t\t","protected":false},"excerpt":{"rendered":"<p>A SID\/CCR atende em tr\u00eas salas diferentes, contando com os seguintes servidores T\u00e9cnico-Administrativos em Educa\u00e7\u00e3o: Chefia Setor Administrativo Setor Acad\u00eamico Angelita Bordin Sangoi &#8211; Secret\u00e1ria Paulo Afonso de Mello Corr\u00eaa &#8211; Secret\u00e1rio Substituto Ricardo Borges Trindade &#8211; Auxiliar em Administra\u00e7\u00e3o Lucin\u00e9ia Giacomelli Koraleski &#8211;&nbsp; Assistente em Administra\u00e7\u00e3o Alex dos Santos Pimentel &#8211; Assistente em Administra\u00e7\u00e3o [&hellip;]<\/p>\n","protected":false},"author":6818,"featured_media":0,"parent":0,"menu_order":0,"comment_status":"closed","ping_status":"closed","template":"","meta":{"footnotes":""},"categories":[222],"tags":[],"class_list":["post-8100","page","type-page","status-publish","hentry","category-sid"],"acf":[],"_links":{"self":[{"href":"https:\/\/www.ufsm.br\/unidades-universitarias\/ccr\/wp-json\/wp\/v2\/pages\/8100","targetHints":{"allow":["GET"]}}],"collection":[{"href":"https:\/\/www.ufsm.br\/unidades-universitarias\/ccr\/wp-json\/wp\/v2\/pages"}],"about":[{"href":"https:\/\/www.ufsm.br\/unidades-universitarias\/ccr\/wp-json\/wp\/v2\/types\/page"}],"author":[{"embeddable":true,"href":"https:\/\/www.ufsm.br\/unidades-universitarias\/ccr\/wp-json\/wp\/v2\/users\/6818"}],"replies":[{"embeddable":true,"href":"https:\/\/www.ufsm.br\/unidades-universitarias\/ccr\/wp-json\/wp\/v2\/comments?post=8100"}],"version-history":[{"count":0,"href":"https:\/\/www.ufsm.br\/unidades-universitarias\/ccr\/wp-json\/wp\/v2\/pages\/8100\/revisions"}],"wp:attachment":[{"href":"https:\/\/www.ufsm.br\/unidades-universitarias\/ccr\/wp-json\/wp\/v2\/media?parent=8100"}],"wp:term":[{"taxonomy":"category","embeddable":true,"href":"https:\/\/www.ufsm.br\/unidades-universitarias\/ccr\/wp-json\/wp\/v2\/categories?post=8100"},{"taxonomy":"post_tag","embeddable":true,"href":"https:\/\/www.ufsm.br\/unidades-universitarias\/ccr\/wp-json\/wp\/v2\/tags?post=8100"}],"curies":[{"name":"wp","href":"https:\/\/api.w.org\/{rel}","templated":true}]}}