{"id":851,"date":"2018-06-25T14:31:27","date_gmt":"2018-06-25T17:31:27","guid":{"rendered":"https:\/\/www.ufsm.br\/unidades-universitarias\/ccr\/?page_id=851"},"modified":"2025-04-17T18:03:38","modified_gmt":"2025-04-17T21:03:38","slug":"regimento-interno-do-centro","status":"publish","type":"page","link":"https:\/\/www.ufsm.br\/unidades-universitarias\/ccr\/regimento-interno-do-centro","title":{"rendered":"Regimento Interno do Centro de Ci\u00eancias Rurais"},"content":{"rendered":"<p>A seguir segue para download ou simples confer\u00eancia os arquivos referentes ao Regimento Interno do Centro de Ci\u00eancias Rurais.<\/p>\n<p><a href=\"https:\/\/www.ufsm.br\/app\/uploads\/sites\/370\/2025\/04\/RES_UFSM_2025_203.-CCR-Regimento-Interno.pdf\"><strong>RESOLU\u00c7\u00c3O UFSM N\u00b0 203, DE 11 DE ABRIL DE 2025<\/strong><\/a><\/p>\n<p><a href=\"https:\/\/www.ufsm.br\/app\/uploads\/sites\/370\/2025\/04\/RES_UFSM_2025_203-ANEXO-I-Regimento-do-CCR.pdf\"><strong>ANEXO I<\/strong><\/a><\/p>\n","protected":false},"excerpt":{"rendered":"<p>A seguir segue para download ou simples confer\u00eancia os arquivos referentes ao Regimento Interno do Centro de Ci\u00eancias Rurais. RESOLU\u00c7\u00c3O UFSM N\u00b0 203, DE 11 DE ABRIL DE 2025 ANEXO I<\/p>\n","protected":false},"author":46,"featured_media":0,"parent":0,"menu_order":0,"comment_status":"closed","ping_status":"closed","template":"","meta":{"footnotes":""},"categories":[],"tags":[],"class_list":["post-851","page","type-page","status-publish","hentry"],"acf":[],"_links":{"self":[{"href":"https:\/\/www.ufsm.br\/unidades-universitarias\/ccr\/wp-json\/wp\/v2\/pages\/851","targetHints":{"allow":["GET"]}}],"collection":[{"href":"https:\/\/www.ufsm.br\/unidades-universitarias\/ccr\/wp-json\/wp\/v2\/pages"}],"about":[{"href":"https:\/\/www.ufsm.br\/unidades-universitarias\/ccr\/wp-json\/wp\/v2\/types\/page"}],"author":[{"embeddable":true,"href":"https:\/\/www.ufsm.br\/unidades-universitarias\/ccr\/wp-json\/wp\/v2\/users\/46"}],"replies":[{"embeddable":true,"href":"https:\/\/www.ufsm.br\/unidades-universitarias\/ccr\/wp-json\/wp\/v2\/comments?post=851"}],"version-history":[{"count":0,"href":"https:\/\/www.ufsm.br\/unidades-universitarias\/ccr\/wp-json\/wp\/v2\/pages\/851\/revisions"}],"wp:attachment":[{"href":"https:\/\/www.ufsm.br\/unidades-universitarias\/ccr\/wp-json\/wp\/v2\/media?parent=851"}],"wp:term":[{"taxonomy":"category","embeddable":true,"href":"https:\/\/www.ufsm.br\/unidades-universitarias\/ccr\/wp-json\/wp\/v2\/categories?post=851"},{"taxonomy":"post_tag","embeddable":true,"href":"https:\/\/www.ufsm.br\/unidades-universitarias\/ccr\/wp-json\/wp\/v2\/tags?post=851"}],"curies":[{"name":"wp","href":"https:\/\/api.w.org\/{rel}","templated":true}]}}