{"id":9004,"date":"2023-10-02T10:07:22","date_gmt":"2023-10-02T13:07:22","guid":{"rendered":"https:\/\/www.ufsm.br\/unidades-universitarias\/ccr\/?page_id=9004"},"modified":"2025-10-07T11:24:41","modified_gmt":"2025-10-07T14:24:41","slug":"colegiado-do-departamento-de-fitotecnia","status":"publish","type":"page","link":"https:\/\/www.ufsm.br\/unidades-universitarias\/ccr\/colegiado-do-departamento-de-fitotecnia","title":{"rendered":"Colegiado do Departamento de Fitotecnia"},"content":{"rendered":"\t\t<div data-elementor-type=\"wp-page\" data-elementor-id=\"9004\" class=\"elementor elementor-9004\">\n\t\t\t\t\t\t<section class=\"elementor-section elementor-top-section elementor-element elementor-element-bf51e7b elementor-section-boxed elementor-section-height-default elementor-section-height-default\" data-id=\"bf51e7b\" data-element_type=\"section\">\n\t\t\t\t\t\t<div class=\"elementor-container elementor-column-gap-default\">\n\t\t\t\t\t<div class=\"elementor-column elementor-col-100 elementor-top-column elementor-element elementor-element-3f51cfb\" data-id=\"3f51cfb\" data-element_type=\"column\">\n\t\t\t<div class=\"elementor-widget-wrap elementor-element-populated\">\n\t\t\t\t\t\t<div class=\"elementor-element elementor-element-9ff2317 elementor-widget elementor-widget-text-editor\" data-id=\"9ff2317\" data-element_type=\"widget\" data-widget_type=\"text-editor.default\">\n\t\t\t\t<div class=\"elementor-widget-container\">\n\t\t\t\t\t\t\t<table dir=\"ltr\" style=\"font-size: 10pt;font-family: Arial;width: 36.3295%;height: 1215px\" border=\"1\" cellspacing=\"0\" cellpadding=\"0\"><colgroup> <col width=\"256\" \/> <col width=\"131\" \/><\/colgroup><tbody><tr style=\"height: 21px\"><td style=\"border-top-width: 1px;border-right-width: 1px;border-left-width: 1px;border-top-color: #cccccc;border-right-color: #cccccc;border-left-color: #cccccc;overflow: hidden;padding: 2px 3px;vertical-align: bottom;text-align: center;width: 99.0783%;height: 19px\" colspan=\"2\" data-sheets-value=\"{&quot;1&quot;:2,&quot;2&quot;:&quot;Composi\u00e7\u00e3o do Colegiado&quot;}\"><b>Composi\u00e7\u00e3o do Colegiado<\/b><\/td><\/tr><tr style=\"height: 21px\"><td style=\"border-top-width: 1px;border-left-width: 1px;border-top-color: #cccccc;border-left-color: #cccccc;overflow: hidden;padding: 2px 3px;vertical-align: bottom;text-align: center;width: 35.023%;height: 39px\" data-sheets-value=\"{&quot;1&quot;:2,&quot;2&quot;:&quot;Membros Titulares&quot;}\"><b>Membros Titulares<\/b><\/td><td style=\"border-top-width: 1px;border-right-width: 1px;border-left-width: 1px;border-top-color: #cccccc;border-right-color: #cccccc;border-left-color: #cccccc;overflow: hidden;padding: 2px 3px;vertical-align: bottom;text-align: center;width: 64.0553%;height: 39px\" data-sheets-value=\"{&quot;1&quot;:2,&quot;2&quot;:&quot;Gest\u00e3o&quot;}\"><b>Gest\u00e3o\/Cargo<\/b><\/td><\/tr><tr style=\"height: 99px\"><td style=\"border-top-width: 1px;border-left-width: 1px;border-top-color: #cccccc;border-left-color: #cccccc;overflow: hidden;padding: 2px 3px;vertical-align: bottom;width: 35.023%;height: 99px\">Fernanda Alice Antonello Londero Backes<\/td><td style=\"border-top-width: 1px;border-right-width: 1px;border-left-width: 1px;border-top-color: #cccccc;border-right-color: #cccccc;border-left-color: #cccccc;overflow: hidden;padding: 2px 3px;vertical-align: bottom;width: 64.0553%;height: 99px\">Presidente &#8211; Chefe\/Docente DFTT<\/td><\/tr><tr style=\"height: 21px\"><td style=\"border-top-width: 1px;border-left-width: 1px;border-top-color: #cccccc;border-left-color: #cccccc;overflow: hidden;padding: 2px 3px;vertical-align: bottom;width: 35.023%;height: 39px\" data-sheets-value=\"{&quot;1&quot;:2,&quot;2&quot;:&quot;Isabel Lago&quot;}\">Isabel Lago<\/td><td style=\"border-top-width: 1px;border-right-width: 1px;border-left-width: 1px;border-top-color: #cccccc;border-right-color: #cccccc;border-left-color: #cccccc;overflow: hidden;padding: 2px 3px;vertical-align: bottom;width: 64.0553%;height: 39px\">\u00a0Substituta\/Docente<\/td><\/tr><tr style=\"height: 21px\"><td style=\"border-top-width: 1px;border-left-width: 1px;border-top-color: #cccccc;border-left-color: #cccccc;overflow: hidden;padding: 2px 3px;vertical-align: bottom;width: 35.023%;height: 59px\" data-sheets-value=\"{&quot;1&quot;:2,&quot;2&quot;:&quot;Alberto Cargnelutti Filho&quot;}\">Alberto Cargnelutti Filho<\/td><td style=\"border-top-width: 1px;border-right-width: 1px;border-left-width: 1px;border-top-color: #cccccc;border-right-color: #cccccc;border-left-color: #cccccc;overflow: hidden;padding: 2px 3px;vertical-align: bottom;width: 64.0553%;height: 59px\">PG em Agronomia &#8211; Produ\u00e7\u00e3o Vegetal &#8211; Coordenador\/Docente<\/td><\/tr><tr style=\"height: 59px\"><td style=\"border-top-width: 1px;border-left-width: 1px;border-top-color: #cccccc;border-left-color: #cccccc;overflow: hidden;padding: 2px 3px;vertical-align: bottom;width: 35.023%;height: 59px\">Alencar Junior Zanon<\/td><td style=\"border-top-width: 1px;border-right-width: 1px;border-left-width: 1px;border-top-color: #cccccc;border-right-color: #cccccc;border-left-color: #cccccc;overflow: hidden;padding: 2px 3px;vertical-align: bottom;width: 64.0553%;height: 59px\">Docente<\/td><\/tr><tr style=\"height: 21px\"><td style=\"border-top-width: 1px;border-left-width: 1px;border-top-color: #cccccc;border-left-color: #cccccc;overflow: hidden;padding: 2px 3px;vertical-align: bottom;width: 35.023%;height: 39px\" data-sheets-value=\"{&quot;1&quot;:2,&quot;2&quot;:&quot;Ang\u00e9lica Durigon&quot;}\">Ang\u00e9lica Durigon<\/td><td style=\"border-top-width: 1px;border-right-width: 1px;border-left-width: 1px;border-top-color: #cccccc;border-right-color: #cccccc;border-left-color: #cccccc;overflow: hidden;padding: 2px 3px;vertical-align: bottom;width: 64.0553%;height: 39px\">\u00a0Docente<\/td><\/tr><tr style=\"height: 21px\"><td style=\"border-top-width: 1px;border-left-width: 1px;border-top-color: #cccccc;border-left-color: #cccccc;overflow: hidden;padding: 2px 3px;vertical-align: bottom;width: 35.023%;height: 59px\" data-sheets-value=\"{&quot;1&quot;:2,&quot;2&quot;:&quot;Astor Henrique Nied&quot;}\">Astor Henrique Nied<\/td><td style=\"border-top-width: 1px;border-right-width: 1px;border-left-width: 1px;border-top-color: #cccccc;border-right-color: #cccccc;border-left-color: #cccccc;overflow: hidden;padding: 2px 3px;vertical-align: bottom;width: 64.0553%;height: 59px\" data-sheets-value=\"{&quot;1&quot;:2,&quot;2&quot;:&quot;DFTT - Chefe&quot;}\">Docente<\/td><\/tr><tr style=\"height: 21px\"><td style=\"border-top-width: 1px;border-left-width: 1px;border-top-color: #cccccc;border-left-color: #cccccc;overflow: hidden;padding: 2px 3px;vertical-align: bottom;width: 35.023%;height: 59px\" data-sheets-value=\"{&quot;1&quot;:2,&quot;2&quot;:&quot;Diego Nicolau Follmann&quot;}\">Diego Nicolau Follmann<\/td><td style=\"border-top-width: 1px;border-right-width: 1px;border-left-width: 1px;border-top-color: #cccccc;border-right-color: #cccccc;border-left-color: #cccccc;overflow: hidden;padding: 2px 3px;vertical-align: bottom;width: 64.0553%;height: 59px\">\u00a0PG em Agronomia &#8211; Coord. Subst.\/Docente\u00a0<\/td><\/tr><tr style=\"height: 21px\"><td style=\"border-top-width: 1px;border-left-width: 1px;border-top-color: #cccccc;border-left-color: #cccccc;overflow: hidden;padding: 2px 3px;vertical-align: bottom;width: 35.023%;height: 59px\" data-sheets-value=\"{&quot;1&quot;:2,&quot;2&quot;:&quot;Dilson Antonio Bisognin&quot;}\">Dilson Antonio Bisognin<\/td><td style=\"border-top-width: 1px;border-right-width: 1px;border-left-width: 1px;border-top-color: #cccccc;border-right-color: #cccccc;border-left-color: #cccccc;overflow: hidden;padding: 2px 3px;vertical-align: bottom;width: 64.0553%;height: 59px\">\u00a0PG em Engenharia Florestal &#8211; Coord. Subst.\/Docente\u00a0<\/td><\/tr><tr style=\"height: 21px\"><td style=\"border-top-width: 1px;border-left-width: 1px;border-top-color: #cccccc;border-left-color: #cccccc;overflow: hidden;padding: 2px 3px;vertical-align: bottom;width: 35.023%;height: 59px\" data-sheets-value=\"{&quot;1&quot;:2,&quot;2&quot;:&quot;Fabio Rodrigo Thewes&quot;}\">Fabio Rodrigo Thewes<\/td><td style=\"border-top-width: 1px;border-right-width: 1px;border-left-width: 1px;border-top-color: #cccccc;border-right-color: #cccccc;border-left-color: #cccccc;overflow: hidden;padding: 2px 3px;vertical-align: bottom;width: 64.0553%;height: 59px\">\u00a0Docente<\/td><\/tr><tr style=\"height: 21px\"><td style=\"border-top-width: 1px;border-left-width: 1px;border-top-color: #cccccc;border-left-color: #cccccc;overflow: hidden;padding: 2px 3px;vertical-align: bottom;width: 35.023%;height: 59px\" data-sheets-value=\"{&quot;1&quot;:2,&quot;2&quot;:&quot;Lilian Osmari Uhlmann&quot;}\">Lilian Osmari Uhlmann<\/td><td style=\"border-top-width: 1px;border-right-width: 1px;border-left-width: 1px;border-top-color: #cccccc;border-right-color: #cccccc;border-left-color: #cccccc;overflow: hidden;padding: 2px 3px;vertical-align: bottom;width: 64.0553%;height: 59px\">\u00a0Docente<\/td><\/tr><tr style=\"height: 21px\"><td style=\"border-top-width: 1px;border-left-width: 1px;border-top-color: #cccccc;border-left-color: #cccccc;overflow: hidden;padding: 2px 3px;vertical-align: bottom;width: 35.023%;height: 39px\" data-sheets-value=\"{&quot;1&quot;:2,&quot;2&quot;:&quot;Maur\u00edcio Granzotto Mello&quot;}\">Murilo Vieira Loro<\/td><td style=\"border-top-width: 1px;border-right-width: 1px;border-left-width: 1px;border-top-color: #cccccc;border-right-color: #cccccc;border-left-color: #cccccc;overflow: hidden;padding: 2px 3px;vertical-align: bottom;width: 64.0553%;height: 39px\">Docente<\/td><\/tr><tr style=\"height: 21px\"><td style=\"border-top-width: 1px;border-left-width: 1px;border-top-color: #cccccc;border-left-color: #cccccc;overflow: hidden;padding: 2px 3px;vertical-align: bottom;width: 35.023%;height: 59px\" data-sheets-value=\"{&quot;1&quot;:2,&quot;2&quot;:&quot;Mauro Lucian de Souza&quot;}\">Nereu Augusto Streck<\/td><td style=\"border-top-width: 1px;border-right-width: 1px;border-left-width: 1px;border-top-color: #cccccc;border-right-color: #cccccc;border-left-color: #cccccc;overflow: hidden;padding: 2px 3px;vertical-align: bottom;width: 64.0553%;height: 59px\">Docente<\/td><\/tr><tr style=\"height: 21px\"><td style=\"border-top-width: 1px;border-left-width: 1px;border-top-color: #cccccc;border-left-color: #cccccc;overflow: hidden;padding: 2px 3px;vertical-align: bottom;width: 35.023%;height: 59px\" data-sheets-value=\"{&quot;1&quot;:2,&quot;2&quot;:&quot;Nerin\u00e9ia Dalfollo Ribeiro&quot;}\">Nerin\u00e9ia Dalfollo Ribeiro<\/td><td style=\"border-top-width: 1px;border-right-width: 1px;border-left-width: 1px;border-top-color: #cccccc;border-right-color: #cccccc;border-left-color: #cccccc;overflow: hidden;padding: 2px 3px;vertical-align: bottom;width: 64.0553%;height: 59px\">\u00a0Docente<\/td><\/tr><tr style=\"height: 21px\"><td style=\"border-top-width: 1px;border-left-width: 1px;border-top-color: #cccccc;border-left-color: #cccccc;overflow: hidden;padding: 2px 3px;vertical-align: bottom;width: 35.023%;height: 59px\" data-sheets-value=\"{&quot;1&quot;:2,&quot;2&quot;:&quot;Rog\u00e9rio Luiz Backes&quot;}\">Rog\u00e9rio Luiz Backes<\/td><td style=\"border-top-width: 1px;border-right-width: 1px;border-left-width: 1px;border-top-color: #cccccc;border-right-color: #cccccc;border-left-color: #cccccc;overflow: hidden;padding: 2px 3px;vertical-align: bottom;width: 64.0553%;height: 59px\">\u00a0Docente<\/td><\/tr><tr style=\"height: 21px\"><td style=\"border-top-width: 1px;border-left-width: 1px;border-top-color: #cccccc;border-left-color: #cccccc;overflow: hidden;padding: 2px 3px;vertical-align: bottom;width: 35.023%;height: 59px\" data-sheets-value=\"{&quot;1&quot;:2,&quot;2&quot;:&quot;Sandro Luiz Petter Medeiros&quot;}\">Sandro Luiz Petter Medeiros<\/td><td style=\"border-top-width: 1px;border-right-width: 1px;border-left-width: 1px;border-top-color: #cccccc;border-right-color: #cccccc;border-left-color: #cccccc;overflow: hidden;padding: 2px 3px;vertical-align: bottom;width: 64.0553%;height: 59px\">\u00a0Docente<\/td><\/tr><tr style=\"height: 21px\"><td style=\"border-top-width: 1px;border-left-width: 1px;border-top-color: #cccccc;border-left-color: #cccccc;overflow: hidden;padding: 2px 3px;vertical-align: bottom;width: 35.023%;height: 59px\" data-sheets-value=\"{&quot;1&quot;:2,&quot;2&quot;:&quot;Thomas Newton Martin&quot;}\">Thomas Newton Martin<\/td><td style=\"border-top-width: 1px;border-right-width: 1px;border-left-width: 1px;border-top-color: #cccccc;border-right-color: #cccccc;border-left-color: #cccccc;overflow: hidden;padding: 2px 3px;vertical-align: bottom;width: 64.0553%;height: 59px\">\u00a0Docente<\/td><\/tr><tr style=\"height: 21px\"><td style=\"border-top-width: 1px;border-right-width: 1px;border-left-width: 1px;border-top-color: #cccccc;border-right-color: #cccccc;border-left-color: #cccccc;color: #000000;font-family: Arial;font-size: 13.3333px;overflow: hidden;padding: 2px 3px;vertical-align: bottom;width: 35.023%;height: 59px\" data-sheets-value=\"{&quot;1&quot;:2,&quot;2&quot;:&quot;Ubirajara Russi Nunes&quot;}\">Ubirajara Russi Nunes<\/td><td style=\"width: 64.0553%;height: 59px\">Docente<\/td><\/tr><tr style=\"height: 21px\"><td style=\"border-top-width: 1px;border-left-width: 1px;border-top-color: #cccccc;border-left-color: #cccccc;overflow: hidden;padding: 2px 3px;vertical-align: bottom;width: 35.023%;height: 39px\" data-sheets-value=\"{&quot;1&quot;:2,&quot;2&quot;:&quot;Vanderlei Both&quot;}\">Vanderlei Both<\/td><td style=\"border-top-width: 1px;border-right-width: 1px;border-left-width: 1px;border-top-color: #cccccc;border-right-color: #cccccc;border-left-color: #cccccc;overflow: hidden;padding: 2px 3px;vertical-align: bottom;width: 64.0553%;height: 39px\" data-sheets-value=\"{&quot;1&quot;:2,&quot;2&quot;:&quot;DFTT&quot;}\">Docente<\/td><\/tr><tr style=\"height: 19px\"><td style=\"border-top-width: 1px;border-right-width: 1px;border-left-width: 1px;border-top-color: #cccccc;border-right-color: #cccccc;border-left-color: #cccccc;color: #000000;font-family: Arial;font-size: 13.3333px;overflow: hidden;padding: 2px 3px;vertical-align: bottom;width: 99.0783%;height: 19px\" colspan=\"2\"><strong>TAES<\/strong><\/td><\/tr><tr style=\"height: 19px\"><td style=\"border-top-width: 1px;border-right-width: 1px;border-left-width: 1px;border-top-color: #cccccc;border-right-color: #cccccc;border-left-color: #cccccc;color: #000000;font-family: Arial;font-size: 13.3333px;overflow: hidden;padding: 2px 3px;vertical-align: bottom;width: 99.0783%;height: 19px\" colspan=\"2\">Fl\u00e2nia M\u00f4nego Argenta &#8211; titular<\/td><\/tr><tr style=\"height: 19px\"><td style=\"border-top-width: 1px;border-right-width: 1px;border-left-width: 1px;border-top-color: #cccccc;border-right-color: #cccccc;border-left-color: #cccccc;color: #000000;font-family: Arial;font-size: 13.3333px;overflow: hidden;padding: 2px 3px;vertical-align: bottom;width: 99.0783%;height: 19px\" colspan=\"2\">Nilson Matheus Mattioni &#8211; suplente<\/td><\/tr><tr style=\"height: 19px\"><td style=\"border-top-width: 1px;border-right-width: 1px;border-left-width: 1px;border-top-color: #cccccc;border-right-color: #cccccc;border-left-color: #cccccc;color: #000000;font-family: Arial;font-size: 13.3333px;overflow: hidden;padding: 2px 3px;vertical-align: bottom;width: 99.0783%;height: 19px\" colspan=\"2\"><strong>DISCENTES<\/strong><\/td><\/tr><tr><td style=\"border-top-width: 1px;border-right-width: 1px;border-left-width: 1px;border-top-color: #cccccc;border-right-color: #cccccc;border-left-color: #cccccc;color: #000000;font-family: Arial;font-size: 13.3333px;overflow: hidden;padding: 2px 3px;vertical-align: bottom;width: 99.0783%\" colspan=\"2\">J\u00falia Roberta Felippe Bini &#8211; titular<\/td><\/tr><tr><td style=\"border-top-width: 1px;border-right-width: 1px;border-left-width: 1px;border-top-color: #cccccc;border-right-color: #cccccc;border-left-color: #cccccc;color: #000000;font-family: Arial;font-size: 13.3333px;overflow: hidden;padding: 2px 3px;vertical-align: bottom;width: 99.0783%\" colspan=\"2\">Lucas Piovesan Lago &#8211; suplente<\/td><\/tr><\/tbody><\/table>\t\t\t\t\t\t<\/div>\n\t\t\t\t<\/div>\n\t\t\t\t\t<\/div>\n\t\t<\/div>\n\t\t\t\t\t<\/div>\n\t\t<\/section>\n\t\t\t\t<\/div>\n\t\t","protected":false},"excerpt":{"rendered":"<p>Composi\u00e7\u00e3o do Colegiado Membros Titulares Gest\u00e3o\/Cargo Fernanda Alice Antonello Londero Backes Presidente &#8211; Chefe\/Docente DFTT Isabel Lago \u00a0Substituta\/Docente Alberto Cargnelutti Filho PG em Agronomia &#8211; Produ\u00e7\u00e3o Vegetal &#8211; Coordenador\/Docente Alencar Junior Zanon Docente Ang\u00e9lica Durigon \u00a0Docente Astor Henrique Nied Docente Diego Nicolau Follmann \u00a0PG em Agronomia &#8211; Coord. Subst.\/Docente\u00a0 Dilson Antonio Bisognin \u00a0PG em Engenharia [&hellip;]<\/p>\n","protected":false},"author":4391,"featured_media":0,"parent":0,"menu_order":0,"comment_status":"closed","ping_status":"closed","template":"","meta":{"footnotes":""},"categories":[],"tags":[612],"class_list":["post-9004","page","type-page","status-publish","hentry","tag-departamentos"],"acf":[],"_links":{"self":[{"href":"https:\/\/www.ufsm.br\/unidades-universitarias\/ccr\/wp-json\/wp\/v2\/pages\/9004","targetHints":{"allow":["GET"]}}],"collection":[{"href":"https:\/\/www.ufsm.br\/unidades-universitarias\/ccr\/wp-json\/wp\/v2\/pages"}],"about":[{"href":"https:\/\/www.ufsm.br\/unidades-universitarias\/ccr\/wp-json\/wp\/v2\/types\/page"}],"author":[{"embeddable":true,"href":"https:\/\/www.ufsm.br\/unidades-universitarias\/ccr\/wp-json\/wp\/v2\/users\/4391"}],"replies":[{"embeddable":true,"href":"https:\/\/www.ufsm.br\/unidades-universitarias\/ccr\/wp-json\/wp\/v2\/comments?post=9004"}],"version-history":[{"count":0,"href":"https:\/\/www.ufsm.br\/unidades-universitarias\/ccr\/wp-json\/wp\/v2\/pages\/9004\/revisions"}],"wp:attachment":[{"href":"https:\/\/www.ufsm.br\/unidades-universitarias\/ccr\/wp-json\/wp\/v2\/media?parent=9004"}],"wp:term":[{"taxonomy":"category","embeddable":true,"href":"https:\/\/www.ufsm.br\/unidades-universitarias\/ccr\/wp-json\/wp\/v2\/categories?post=9004"},{"taxonomy":"post_tag","embeddable":true,"href":"https:\/\/www.ufsm.br\/unidades-universitarias\/ccr\/wp-json\/wp\/v2\/tags?post=9004"}],"curies":[{"name":"wp","href":"https:\/\/api.w.org\/{rel}","templated":true}]}}