{"id":9013,"date":"2023-10-02T14:05:46","date_gmt":"2023-10-02T17:05:46","guid":{"rendered":"https:\/\/www.ufsm.br\/unidades-universitarias\/ccr\/?page_id=9013"},"modified":"2025-04-28T16:07:29","modified_gmt":"2025-04-28T19:07:29","slug":"colegiado-do-departamento-de-educacao-agricola-e-extensao-rural","status":"publish","type":"page","link":"https:\/\/www.ufsm.br\/unidades-universitarias\/ccr\/colegiado-do-departamento-de-educacao-agricola-e-extensao-rural","title":{"rendered":"Colegiado do Departamento de Educa\u00e7\u00e3o Agr\u00edcola e Extens\u00e3o Rural"},"content":{"rendered":"\n<table dir=\"ltr\" style=\"width: 100%;height: 529px\" border=\"1\" cellspacing=\"0\" cellpadding=\"0\"><colgroup><col width=\"250\" \/><col width=\"100\" \/><\/colgroup>\n<tbody>\n<tr style=\"height: 23px\">\n<td style=\"text-align: center;height: 23px;width: 99.8463%\" colspan=\"2\" data-sheets-value=\"{&quot;1&quot;:2,&quot;2&quot;:&quot;Composi\u00e7\u00e3o do Colegiado&quot;}\"><strong>Composi\u00e7\u00e3o do Colegiado<\/strong><\/td>\n<\/tr>\n<tr style=\"height: 23px\">\n<td style=\"text-align: center;height: 23px;width: 62.5673%\" data-sheets-value=\"{&quot;1&quot;:2,&quot;2&quot;:&quot;Membros Titulares&quot;}\"><strong>Membros Titulares<\/strong><\/td>\n<td style=\"text-align: center;height: 23px;width: 37.279%\" data-sheets-value=\"{&quot;1&quot;:2,&quot;2&quot;:&quot;Gest\u00e3o&quot;}\"><strong>Gest\u00e3o\/Cargo<\/strong><\/td>\n<\/tr>\n<tr style=\"height: 23px\">\n<td style=\"height: 23px;width: 62.5673%\" data-sheets-value=\"{&quot;1&quot;:2,&quot;2&quot;:&quot;Tonia Magali Moraes Brum&quot;}\">Andrea Cristina Dorr<\/td>\n<td style=\"height: 23px;width: 37.279%\" data-sheets-value=\"{&quot;1&quot;:2,&quot;2&quot;:&quot;Presidente (a)&quot;}\">DEAER &#8211; Chefe\/Docente<\/td>\n<\/tr>\n<tr style=\"height: 23px\">\n<td style=\"height: 23px;width: 62.5673%\" data-sheets-value=\"{&quot;1&quot;:2,&quot;2&quot;:&quot;Daiane Loreto De Vargas&quot;}\">Daiane Loreto De Vargas<\/td>\n<td style=\"height: 23px;width: 37.279%\" data-sheets-value=\"{&quot;1&quot;:2,&quot;2&quot;:&quot;Participante&quot;}\">Docente &#8211; Subchefe\/docente<\/td>\n<\/tr>\n<tr style=\"height: 23px\">\n<td style=\"width: 62.5673%;height: 23px\">Alessandro Porporatti Arbage<\/td>\n<td style=\"width: 37.279%;height: 23px\">Docente<\/td>\n<\/tr>\n<tr style=\"height: 23px\">\n<td style=\"height: 23px;width: 62.5673%\" data-sheets-value=\"{&quot;1&quot;:2,&quot;2&quot;:&quot;Alisson Vicente Zarnott&quot;}\">Alisson Vicente Zarnott<\/td>\n<td style=\"height: 23px;width: 37.279%\" data-sheets-value=\"{&quot;1&quot;:2,&quot;2&quot;:&quot;Participante&quot;}\">Docente<\/td>\n<\/tr>\n<tr style=\"height: 23px\">\n<td style=\"height: 23px;width: 62.5673%\" data-sheets-value=\"{&quot;1&quot;:2,&quot;2&quot;:&quot;Clayton Hillig&quot;}\">Clayton Hillig<\/td>\n<td style=\"height: 23px;width: 37.279%\" data-sheets-value=\"{&quot;1&quot;:2,&quot;2&quot;:&quot;Participante&quot;}\">Docente<\/td>\n<\/tr>\n<tr style=\"height: 23px\">\n<td style=\"height: 23px;width: 62.5673%\" data-sheets-value=\"{&quot;1&quot;:2,&quot;2&quot;:&quot;Fabiano Nunes Vaz&quot;}\">Fabiano Nunes Vaz<\/td>\n<td style=\"height: 23px;width: 37.279%\" data-sheets-value=\"{&quot;1&quot;:2,&quot;2&quot;:&quot;Participante&quot;}\">Docente<\/td>\n<\/tr>\n<tr style=\"height: 23px\">\n<td style=\"width: 62.5673%;height: 23px\">Gabriele Araujo Copetti<\/td>\n<td style=\"width: 37.279%;height: 23px\"><span style=\"font-weight: 400\">Discente<\/span><\/td>\n<\/tr>\n<tr style=\"height: 23px\">\n<td style=\"width: 62.5673%;height: 23px\">Gisele Martins Guimar\u00e3es<\/td>\n<td style=\"width: 37.279%;height: 23px\"><span style=\"font-weight: 400\">Docente<\/span><\/td>\n<\/tr>\n<tr style=\"height: 23px\">\n<td style=\"width: 62.5673%;height: 23px\">Jo\u00e3o Garibaldi Almeida Viana<\/td>\n<td style=\"width: 37.279%;height: 23px\">Docente<\/td>\n<\/tr>\n<tr style=\"height: 23px\">\n<td style=\"height: 23px;width: 62.5673%\" data-sheets-value=\"{&quot;1&quot;:2,&quot;2&quot;:&quot;Joel Orlando Bevilaqua Marin&quot;}\">Joel Orlando Bevilaqua Marin<\/td>\n<td style=\"height: 23px;width: 37.279%\" data-sheets-value=\"{&quot;1&quot;:2,&quot;2&quot;:&quot;Participante&quot;}\">Docente<\/td>\n<\/tr>\n<tr style=\"height: 23px\">\n<td style=\"height: 23px;width: 62.5673%\" data-sheets-value=\"{&quot;1&quot;:2,&quot;2&quot;:&quot;Jose Geraldo Wizniewsky&quot;}\">Jose Geraldo Wizniewsky<\/td>\n<td style=\"height: 23px;width: 37.279%\" data-sheets-value=\"{&quot;1&quot;:2,&quot;2&quot;:&quot;Participante&quot;}\">Docente<\/td>\n<\/tr>\n<tr style=\"height: 23px\">\n<td style=\"height: 23px;width: 62.5673%\" data-sheets-value=\"{&quot;1&quot;:2,&quot;2&quot;:&quot;Jose Marcos Froehlich&quot;}\">Jose Marcos Froehlich<\/td>\n<td style=\"height: 23px;width: 37.279%\" data-sheets-value=\"{&quot;1&quot;:2,&quot;2&quot;:&quot;Participante&quot;}\">Docente<\/td>\n<\/tr>\n<tr style=\"height: 23px\">\n<td style=\"height: 23px;width: 62.5673%\" data-sheets-value=\"{&quot;1&quot;:2,&quot;2&quot;:&quot;Liziany Muller Medeiros&quot;}\">Liziany M\u00fcller<\/td>\n<td style=\"height: 23px;width: 37.279%\" data-sheets-value=\"{&quot;1&quot;:2,&quot;2&quot;:&quot;Participante&quot;}\"><span style=\"font-weight: 400\">Tecnologia Educacional &#8211; Coord.\/<\/span>Docente<\/td>\n<\/tr>\n<tr style=\"height: 23px\">\n<td style=\"height: 23px;width: 62.5673%\" data-sheets-value=\"{&quot;1&quot;:2,&quot;2&quot;:&quot;Marco Antonio Verardi Fialho&quot;}\">Marco Antonio Verardi Fialho<\/td>\n<td style=\"height: 23px;width: 37.279%\" data-sheets-value=\"{&quot;1&quot;:2,&quot;2&quot;:&quot;Participante&quot;}\"><span style=\"font-weight: 400\">PG em Extens\u00e3o Rural &#8211; Coord.\/<\/span>Docente<\/td>\n<\/tr>\n<tr style=\"height: 23px\">\n<td style=\"height: 23px;width: 62.5673%\" data-sheets-value=\"{&quot;1&quot;:2,&quot;2&quot;:&quot;Marcos Botton Piccin&quot;}\">Marcos Botton Piccin<\/td>\n<td style=\"height: 23px;width: 37.279%\" data-sheets-value=\"{&quot;1&quot;:2,&quot;2&quot;:&quot;Participante&quot;}\"><span style=\"font-weight: 400\">PG em Extens\u00e3o Rural &#8211; Coord. Subst.\/<\/span>Docente<\/td>\n<\/tr>\n<tr style=\"height: 23px\">\n<td style=\"height: 23px;width: 62.5673%\" data-sheets-value=\"{&quot;1&quot;:2,&quot;2&quot;:&quot;Pedro Selvino Neumann&quot;}\">Pedro Selvino Neumann<\/td>\n<td style=\"height: 23px;width: 37.279%\" data-sheets-value=\"{&quot;1&quot;:2,&quot;2&quot;:&quot;Participante&quot;}\">Docente<\/td>\n<\/tr>\n<tr style=\"height: 23px\">\n<td style=\"width: 62.5673%;height: 23px\">Renato Santos de Souza<\/td>\n<td style=\"width: 37.279%;height: 23px\">Docente<\/td>\n<\/tr>\n<tr style=\"height: 23px\">\n<td style=\"width: 62.5673%;height: 23px\">Tonia Magali Moraes Brum<\/td>\n<td style=\"width: 37.279%;height: 23px\">Docente<\/td>\n<\/tr>\n<tr style=\"height: 23px\">\n<td style=\"height: 23px;width: 62.5673%\" data-sheets-value=\"{&quot;1&quot;:2,&quot;2&quot;:&quot;Vanderlei Franck Thies&quot;}\">Vanderlei Franck Thies<\/td>\n<td style=\"height: 23px;width: 37.279%\" data-sheets-value=\"{&quot;1&quot;:2,&quot;2&quot;:&quot;Participante&quot;}\">Docente<\/td>\n<\/tr>\n<tr style=\"height: 23px\">\n<td style=\"width: 62.5673%;height: 23px\"><strong>Membros Suplentes<\/strong><\/td>\n<td style=\"width: 37.279%;height: 23px\">\u00a0<\/td>\n<\/tr>\n<tr style=\"height: 23px\">\n<td style=\"width: 62.5673%;height: 23px\">Gabriele Severo dos Santos<\/td>\n<td style=\"width: 37.279%;height: 23px\">Discente<\/td>\n<\/tr>\n<\/tbody>\n<\/table>\n\n\n","protected":false},"excerpt":{"rendered":"<p>Composi\u00e7\u00e3o do Colegiado Membros Titulares Gest\u00e3o\/Cargo Andrea Cristina Dorr DEAER &#8211; Chefe\/Docente Daiane Loreto De Vargas Docente &#8211; Subchefe\/docente Alessandro Porporatti Arbage Docente Alisson Vicente Zarnott Docente Clayton Hillig Docente Fabiano Nunes Vaz Docente Gabriele Araujo Copetti Discente Gisele Martins Guimar\u00e3es Docente Jo\u00e3o Garibaldi Almeida Viana Docente Joel Orlando Bevilaqua Marin Docente Jose Geraldo Wizniewsky [&hellip;]<\/p>\n","protected":false},"author":4391,"featured_media":0,"parent":0,"menu_order":0,"comment_status":"closed","ping_status":"closed","template":"","meta":{"footnotes":""},"categories":[],"tags":[],"class_list":["post-9013","page","type-page","status-publish","hentry"],"acf":[],"_links":{"self":[{"href":"https:\/\/www.ufsm.br\/unidades-universitarias\/ccr\/wp-json\/wp\/v2\/pages\/9013","targetHints":{"allow":["GET"]}}],"collection":[{"href":"https:\/\/www.ufsm.br\/unidades-universitarias\/ccr\/wp-json\/wp\/v2\/pages"}],"about":[{"href":"https:\/\/www.ufsm.br\/unidades-universitarias\/ccr\/wp-json\/wp\/v2\/types\/page"}],"author":[{"embeddable":true,"href":"https:\/\/www.ufsm.br\/unidades-universitarias\/ccr\/wp-json\/wp\/v2\/users\/4391"}],"replies":[{"embeddable":true,"href":"https:\/\/www.ufsm.br\/unidades-universitarias\/ccr\/wp-json\/wp\/v2\/comments?post=9013"}],"version-history":[{"count":0,"href":"https:\/\/www.ufsm.br\/unidades-universitarias\/ccr\/wp-json\/wp\/v2\/pages\/9013\/revisions"}],"wp:attachment":[{"href":"https:\/\/www.ufsm.br\/unidades-universitarias\/ccr\/wp-json\/wp\/v2\/media?parent=9013"}],"wp:term":[{"taxonomy":"category","embeddable":true,"href":"https:\/\/www.ufsm.br\/unidades-universitarias\/ccr\/wp-json\/wp\/v2\/categories?post=9013"},{"taxonomy":"post_tag","embeddable":true,"href":"https:\/\/www.ufsm.br\/unidades-universitarias\/ccr\/wp-json\/wp\/v2\/tags?post=9013"}],"curies":[{"name":"wp","href":"https:\/\/api.w.org\/{rel}","templated":true}]}}