{"id":9015,"date":"2023-10-02T14:07:51","date_gmt":"2023-10-02T17:07:51","guid":{"rendered":"https:\/\/www.ufsm.br\/unidades-universitarias\/ccr\/?page_id=9015"},"modified":"2025-04-30T14:33:42","modified_gmt":"2025-04-30T17:33:42","slug":"colegiado-do-departamento-de-solos","status":"publish","type":"page","link":"https:\/\/www.ufsm.br\/unidades-universitarias\/ccr\/colegiado-do-departamento-de-solos","title":{"rendered":"Colegiado do Departamento de Solos"},"content":{"rendered":"\t\t<div data-elementor-type=\"wp-page\" data-elementor-id=\"9015\" class=\"elementor elementor-9015\">\n\t\t\t\t\t\t<section class=\"elementor-section elementor-top-section elementor-element elementor-element-1e410295 elementor-section-boxed elementor-section-height-default elementor-section-height-default\" data-id=\"1e410295\" data-element_type=\"section\">\n\t\t\t\t\t\t<div class=\"elementor-container elementor-column-gap-default\">\n\t\t\t\t\t<div class=\"elementor-column elementor-col-100 elementor-top-column elementor-element elementor-element-4f54ce6a\" data-id=\"4f54ce6a\" data-element_type=\"column\">\n\t\t\t<div class=\"elementor-widget-wrap elementor-element-populated\">\n\t\t\t\t\t\t<div class=\"elementor-element elementor-element-57f559cc elementor-widget elementor-widget-text-editor\" data-id=\"57f559cc\" data-element_type=\"widget\" data-widget_type=\"text-editor.default\">\n\t\t\t\t<div class=\"elementor-widget-container\">\n\t\t\t\t\t\t\t<!-- wp:tadv\/classic-paragraph -->\n<table dir=\"ltr\" style=\"width: 100%;height: 463px\" border=\"1\" cellspacing=\"0\" cellpadding=\"0\"><colgroup> <col width=\"374\" \/> <col width=\"156\" \/><\/colgroup>\n<tbody>\n<tr style=\"height: 23px\">\n<td style=\"text-align: center;height: 23px;width: 99.6683%\" colspan=\"2\" data-sheets-value=\"{&quot;1&quot;:2,&quot;2&quot;:&quot;Composi\u00e7\u00e3o do Colegiado&quot;}\"><strong>Composi\u00e7\u00e3o do Colegiado<\/strong><\/td>\n<\/tr>\n<tr style=\"height: 23px\">\n<td style=\"text-align: center;height: 23px;width: 69.6517%\" data-sheets-value=\"{&quot;1&quot;:2,&quot;2&quot;:&quot;Membros Titulares&quot;}\"><strong>Membros Titulares<\/strong><\/td>\n<td style=\"text-align: center;height: 23px;width: 30.0166%\" data-sheets-value=\"{&quot;1&quot;:2,&quot;2&quot;:&quot;Gest\u00e3o&quot;}\"><strong>Gest\u00e3o\/Cargo<\/strong><\/td>\n<\/tr>\n<tr style=\"height: 23px\">\n<td style=\"height: 23px;width: 69.6517%\" data-sheets-value=\"{&quot;1&quot;:2,&quot;2&quot;:&quot;Fabr\u00edcio de Ara\u00fajo Pedron&quot;}\"><span style=\"color: #000000\">Fabr\u00edcio de Ara\u00fajo Pedron<\/span><\/td>\n<td style=\"height: 23px;width: 30.0166%\"><span style=\"font-weight: 400;color: #000000\">Chefe &#8211; Curso de Agronomia &#8211; Docente<\/span><\/td>\n<\/tr>\n<tr style=\"height: 23px\">\n<td style=\"height: 23px;width: 69.6517%\" data-sheets-value=\"{&quot;1&quot;:2,&quot;2&quot;:&quot;F\u00e1bio Joel Kochem Mallmann&quot;}\"><span style=\"color: #000000\">F\u00e1bio Joel Kochem Mallmann<\/span><\/td>\n<td style=\"height: 23px;width: 30.0166%\"><span style=\"color: #000000\">Docente<\/span><\/td>\n<\/tr>\n<tr style=\"height: 23px\">\n<td style=\"height: 23px;width: 69.6517%\" data-sheets-value=\"{&quot;1&quot;:2,&quot;2&quot;:&quot;Gustavo Brunetto&quot;}\"><span style=\"color: #000000\">Gustavo Brunetto<\/span><\/td>\n<td style=\"height: 23px;width: 30.0166%\"><span style=\"font-weight: 400;color: #000000\">PG em Ci\u00eancia do Solo &#8211; Coord. Substituto\/Docente<\/span><\/td>\n<\/tr>\n<tr style=\"height: 23px\">\n<td style=\"height: 23px;width: 69.6517%\" data-sheets-value=\"{&quot;1&quot;:2,&quot;2&quot;:&quot;Paulo Ivonir Gubiani&quot;}\"><span style=\"color: #000000\">Paulo Ivonir Gubiani<\/span><\/td>\n<td style=\"height: 23px;width: 30.0166%\"><span style=\"font-weight: 400;color: #000000\">PG em Ci\u00eancia do Solo &#8211; Coordenador\/Docente<\/span><\/td>\n<\/tr>\n<tr>\n<td style=\"width: 69.6517%\"><span style=\"color: #000000\">Ricardo Sim\u00e3o Diniz Dalmolin<\/span><\/td>\n<td style=\"width: 30.0166%\"><span style=\"color: #000000\">Docente<\/span><\/td>\n<\/tr>\n<tr style=\"height: 23px\">\n<td style=\"height: 23px;width: 69.6517%\" data-sheets-value=\"{&quot;1&quot;:2,&quot;2&quot;:&quot;Sandro Jos\u00e9 Giacomini&quot;}\"><span style=\"color: #000000\">Sandro Jos\u00e9 Giacomini<\/span><\/td>\n<td style=\"height: 23px;width: 30.0166%\" data-sheets-value=\"{&quot;1&quot;:2,&quot;2&quot;:&quot;DMVP - Chefe&quot;}\"><span style=\"color: #000000\">Docente<\/span><\/td>\n<\/tr>\n<tr style=\"height: 23px\">\n<td style=\"height: 23px;width: 69.6517%\" data-sheets-value=\"{&quot;1&quot;:2,&quot;2&quot;:&quot;Zaida In\u00eas Antoniolli&quot;}\"><span style=\"color: #000000\">Zaida In\u00eas Antoniolli<\/span><\/td>\n<td style=\"height: 23px;width: 30.0166%\" data-sheets-value=\"{&quot;1&quot;:2,&quot;2&quot;:&quot;DMVP&quot;}\"><span style=\"color: #000000\">Docente<\/span><\/td>\n<\/tr>\n<tr style=\"height: 23px\">\n<td style=\"height: 23px;width: 69.6517%\" data-sheets-value=\"{&quot;1&quot;:2,&quot;2&quot;:&quot;Elci Gubiani&quot;}\"><span style=\"color: #000000\">Elci Gubiani<\/span><\/td>\n<td style=\"height: 23px;width: 30.0166%\"><span style=\"color: #000000\">TAE<\/span><\/td>\n<\/tr>\n<tr style=\"height: 23px\">\n<td style=\"height: 23px;width: 69.6517%\" data-sheets-value=\"{&quot;1&quot;:2,&quot;2&quot;:&quot;Samuel Schemmer&quot;}\"><span style=\"color: #000000\">Samuel Bolivar de Mello Schemmer<\/span><\/td>\n<td style=\"height: 23px;width: 30.0166%\" data-sheets-value=\"{&quot;1&quot;:2,&quot;2&quot;:&quot;Acad\u00eamica&quot;}\"><span style=\"color: #000000\">Acad\u00eamico<\/span><\/td>\n<\/tr>\n<tr style=\"height: 23px\">\n<td style=\"height: 23px;text-align: left;width: 69.6517%\" data-sheets-value=\"{&quot;1&quot;:2,&quot;2&quot;:&quot;Membros Suplentes&quot;}\"><span style=\"color: #000000\"><strong>Membros Suplentes<\/strong><\/span><\/td>\n<td style=\"text-align: center;height: 23px;width: 30.0166%\">\u00a0<\/td>\n<\/tr>\n<tr style=\"height: 23px\">\n<td style=\"height: 23px;width: 69.6517%\" data-sheets-value=\"{&quot;1&quot;:2,&quot;2&quot;:&quot;Celso Aita&quot;}\"><span style=\"color: #000000\">Danilo Rheinheimer dos Santos<\/span><\/td>\n<td style=\"height: 23px;width: 30.0166%\"><span style=\"color: #000000\">Docente<\/span><\/td>\n<\/tr>\n<tr style=\"height: 24px\">\n<td style=\"height: 24px;width: 69.6517%\"><span style=\"color: #000000\"> Jean Paolo Gomes Minella<\/span><\/td>\n<td style=\"height: 24px;width: 30.0166%\"><span style=\"color: #000000\">Docente<\/span><\/td>\n<\/tr>\n<tr style=\"height: 24px\">\n<td style=\"height: 24px;width: 69.6517%\"><span style=\"color: #000000\">Leandro Souza da Silva<\/span><\/td>\n<td style=\"height: 24px;width: 30.0166%\"><span style=\"color: #000000\">Docente<\/span><\/td>\n<\/tr>\n<tr style=\"height: 23px\">\n<td style=\"height: 23px;width: 69.6517%\" data-sheets-value=\"{&quot;1&quot;:2,&quot;2&quot;:&quot;Rodrigo Josemar Seminoti Jacques&quot;}\"><span style=\"color: #000000\">Rodrigo Josemar Seminoti Jacques<\/span><\/td>\n<td style=\"height: 23px;width: 30.0166%\"><span style=\"color: #000000\">Docente<\/span><\/td>\n<\/tr>\n<tr style=\"height: 24px\">\n<td style=\"height: 24px;width: 69.6517%\"><span style=\"color: #000000\">Rodrigo Pivoto Mulazzan<\/span><\/td>\n<td style=\"height: 24px;width: 30.0166%\"><span style=\"color: #000000\">Docente<\/span><\/td>\n<\/tr>\n<tr style=\"height: 23px\">\n<td style=\"height: 23px;width: 69.6517%\" data-sheets-value=\"{&quot;1&quot;:2,&quot;2&quot;:&quot;Telmo Jorge Carneiro Amado&quot;}\"><span style=\"color: #000000\">Telmo Jorge Carneiro Amado<\/span><\/td>\n<td style=\"height: 23px;width: 30.0166%\"><span style=\"font-weight: 400;color: #000000\">PG CMPAP &#8211; Coordenador\/Docente<\/span><\/td>\n<\/tr>\n<tr style=\"height: 23px\">\n<td style=\"height: 23px;width: 69.6517%\" data-sheets-value=\"{&quot;1&quot;:2,&quot;2&quot;:&quot;Douglas Leandro Scheid&quot;}\"><span style=\"color: #000000\">Douglas Leandro Scheid<\/span><\/td>\n<td style=\"height: 23px;width: 30.0166%\"><span style=\"color: #000000\">TAE<\/span><\/td>\n<\/tr>\n<tr>\n<td style=\"width: 69.6517%\"><span style=\"color: #000000\">Elenara Regina Rossato<\/span><\/td>\n<td style=\"width: 30.0166%\"><span style=\"color: #000000\">Acad\u00eamica<\/span><\/td>\n<\/tr>\n<\/tbody>\n<\/table>\n<!-- \/wp:tadv\/classic-paragraph -->\t\t\t\t\t\t<\/div>\n\t\t\t\t<\/div>\n\t\t\t\t\t<\/div>\n\t\t<\/div>\n\t\t\t\t\t<\/div>\n\t\t<\/section>\n\t\t\t\t<\/div>\n\t\t","protected":false},"excerpt":{"rendered":"<p>Composi\u00e7\u00e3o do Colegiado Membros Titulares Gest\u00e3o\/Cargo Fabr\u00edcio de Ara\u00fajo Pedron Chefe &#8211; Curso de Agronomia &#8211; Docente F\u00e1bio Joel Kochem Mallmann Docente Gustavo Brunetto PG em Ci\u00eancia do Solo &#8211; Coord. Substituto\/Docente Paulo Ivonir Gubiani PG em Ci\u00eancia do Solo &#8211; Coordenador\/Docente Ricardo Sim\u00e3o Diniz Dalmolin Docente Sandro Jos\u00e9 Giacomini Docente Zaida In\u00eas Antoniolli Docente [&hellip;]<\/p>\n","protected":false},"author":4391,"featured_media":0,"parent":0,"menu_order":0,"comment_status":"closed","ping_status":"closed","template":"","meta":{"footnotes":""},"categories":[],"tags":[],"class_list":["post-9015","page","type-page","status-publish","hentry"],"acf":[],"_links":{"self":[{"href":"https:\/\/www.ufsm.br\/unidades-universitarias\/ccr\/wp-json\/wp\/v2\/pages\/9015","targetHints":{"allow":["GET"]}}],"collection":[{"href":"https:\/\/www.ufsm.br\/unidades-universitarias\/ccr\/wp-json\/wp\/v2\/pages"}],"about":[{"href":"https:\/\/www.ufsm.br\/unidades-universitarias\/ccr\/wp-json\/wp\/v2\/types\/page"}],"author":[{"embeddable":true,"href":"https:\/\/www.ufsm.br\/unidades-universitarias\/ccr\/wp-json\/wp\/v2\/users\/4391"}],"replies":[{"embeddable":true,"href":"https:\/\/www.ufsm.br\/unidades-universitarias\/ccr\/wp-json\/wp\/v2\/comments?post=9015"}],"version-history":[{"count":0,"href":"https:\/\/www.ufsm.br\/unidades-universitarias\/ccr\/wp-json\/wp\/v2\/pages\/9015\/revisions"}],"wp:attachment":[{"href":"https:\/\/www.ufsm.br\/unidades-universitarias\/ccr\/wp-json\/wp\/v2\/media?parent=9015"}],"wp:term":[{"taxonomy":"category","embeddable":true,"href":"https:\/\/www.ufsm.br\/unidades-universitarias\/ccr\/wp-json\/wp\/v2\/categories?post=9015"},{"taxonomy":"post_tag","embeddable":true,"href":"https:\/\/www.ufsm.br\/unidades-universitarias\/ccr\/wp-json\/wp\/v2\/tags?post=9015"}],"curies":[{"name":"wp","href":"https:\/\/api.w.org\/{rel}","templated":true}]}}