{"id":9030,"date":"2023-10-02T14:31:29","date_gmt":"2023-10-02T17:31:29","guid":{"rendered":"https:\/\/www.ufsm.br\/unidades-universitarias\/ccr\/?page_id=9030"},"modified":"2024-12-17T15:36:56","modified_gmt":"2024-12-17T18:36:56","slug":"colegiado-do-departamento-de-clinica-de-grandes-animais","status":"publish","type":"page","link":"https:\/\/www.ufsm.br\/unidades-universitarias\/ccr\/colegiado-do-departamento-de-clinica-de-grandes-animais","title":{"rendered":"Colegiado do Departamento de Cl\u00ednica de Grandes Animais"},"content":{"rendered":"\n<table style=\"width: 100%;height: 1156px\">\n<tbody>\n<tr style=\"height: 68px\">\n<td style=\"text-align: center;height: 68px\" colspan=\"2\">\n<p><strong>Composi\u00e7\u00e3o do Colegiado<\/strong><\/p>\n<\/td>\n<\/tr>\n<tr style=\"height: 68px\">\n<td style=\"text-align: center;height: 68px\">\n<p><strong>Membros Titulares<\/strong><\/p>\n<\/td>\n<td style=\"text-align: center;height: 68px\">\n<p><strong>Gest\u00e3o\/Cargo<\/strong><\/p>\n<\/td>\n<\/tr>\n<tr style=\"height: 68px\">\n<td style=\"height: 68px\">\n<p><span style=\"font-weight: 400\">Gilson Ant\u00f4nio Pessoa<\/span><\/p>\n<\/td>\n<td style=\"height: 68px\">\n<p><span style=\"font-weight: 400\">DCGA &#8211; Chefe\/Docente<\/span><\/p>\n<\/td>\n<\/tr>\n<tr style=\"height: 68px\">\n<td style=\"height: 68px\">\n<p><span style=\"font-weight: 400\">Ricardo Pozzobon<\/span><\/p>\n<\/td>\n<td style=\"height: 68px\">\n<p><span style=\"font-weight: 400\">DCGA &#8211; Subchefe\/Docente<\/span><\/p>\n<\/td>\n<\/tr>\n<tr style=\"height: 68px\">\n<td style=\"height: 68px\"><span style=\"font-weight: 400\">Carlos Augusto Rigon Rossi<\/span><\/td>\n<td style=\"height: 68px\"><span style=\"font-weight: 400\">Docente<\/span><\/td>\n<\/tr>\n<tr style=\"height: 68px\">\n<td style=\"height: 68px\">\n<p><span style=\"font-weight: 400\">Carlos Eduardo Porciuncula Leonardi<\/span><\/p>\n<\/td>\n<td style=\"height: 68px\">\n<p><span style=\"font-weight: 400\">Docente<\/span><\/p>\n<\/td>\n<\/tr>\n<tr style=\"height: 68px\">\n<td style=\"height: 68px\">\n<p><span style=\"font-weight: 400\">Fl\u00e1vio Desessards De La C\u00f4rte<\/span><\/p>\n<\/td>\n<td style=\"height: 68px\">\n<p><span style=\"font-weight: 400\">HVU &#8211; Diretor\/Docente<\/span><\/p>\n<\/td>\n<\/tr>\n<tr style=\"height: 68px\">\n<td style=\"height: 68px\">\n<p>Igor Cezar Kniphoff da Cruz<\/p>\n<\/td>\n<td style=\"height: 68px\">\n<p><span style=\"font-weight: 400\">Docente<\/span><\/p>\n<\/td>\n<\/tr>\n<tr style=\"height: 68px\">\n<td style=\"height: 68px\">\n<p><span style=\"font-weight: 400\">Julio Cesar Mendes Soares<\/span><\/p>\n<\/td>\n<td style=\"height: 68px\">\n<p><span style=\"font-weight: 400\">Docente<\/span><\/p>\n<\/td>\n<\/tr>\n<tr style=\"height: 68px\">\n<td style=\"height: 68px\">\n<p><span style=\"font-weight: 400\">Lu\u00eds Felipe Dutra Corr\u00eaa<\/span><\/p>\n<\/td>\n<td style=\"height: 68px\">\n<p><span style=\"font-weight: 400\">Docente<\/span><\/p>\n<\/td>\n<\/tr>\n<tr style=\"height: 68px\">\n<td style=\"height: 68px\">\n<p><span style=\"font-weight: 400\">Marcelo Soares<\/span><\/p>\n<\/td>\n<td style=\"height: 68px\">\n<p><span style=\"font-weight: 400\">Docente<\/span><\/p>\n<\/td>\n<\/tr>\n<tr style=\"height: 68px\">\n<td style=\"height: 68px\">\n<p><span style=\"font-weight: 400\">Marta Lizandra Do Rego Leal<\/span><\/p>\n<\/td>\n<td style=\"height: 68px\">\n<p><span style=\"font-weight: 400\">Docente<\/span><\/p>\n<\/td>\n<\/tr>\n<tr style=\"height: 68px\">\n<td style=\"height: 68px\">\n<p><span style=\"font-weight: 400\">Otavio Luiz Fidelis Junior<\/span><\/p>\n<\/td>\n<td style=\"height: 68px\">\n<p><span style=\"font-weight: 400\">Docente<\/span><\/p>\n<\/td>\n<\/tr>\n<tr style=\"height: 68px\">\n<td style=\"height: 68px\">\n<p><span style=\"font-weight: 400\">Roberta Carneiro Da Fontoura Pereira<\/span><\/p>\n<\/td>\n<td style=\"height: 68px\">\n<p><span style=\"font-weight: 400\">Docente<\/span><\/p>\n<\/td>\n<\/tr>\n<tr style=\"height: 68px\">\n<td style=\"height: 68px\">\n<p><span style=\"font-weight: 400\">Sergio Da Silva Fialho<\/span><\/p>\n<\/td>\n<td style=\"height: 68px\">\n<p><span style=\"font-weight: 400\">Docente<\/span><\/p>\n<\/td>\n<\/tr>\n<\/tbody>\n<\/table>\n\n\n","protected":false},"excerpt":{"rendered":"<p>Composi\u00e7\u00e3o do Colegiado Membros Titulares Gest\u00e3o\/Cargo Gilson Ant\u00f4nio Pessoa DCGA &#8211; Chefe\/Docente Ricardo Pozzobon DCGA &#8211; Subchefe\/Docente Carlos Augusto Rigon Rossi Docente Carlos Eduardo Porciuncula Leonardi Docente Fl\u00e1vio Desessards De La C\u00f4rte HVU &#8211; Diretor\/Docente Igor Cezar Kniphoff da Cruz Docente Julio Cesar Mendes Soares Docente Lu\u00eds Felipe Dutra Corr\u00eaa Docente Marcelo Soares Docente Marta [&hellip;]<\/p>\n","protected":false},"author":4391,"featured_media":0,"parent":0,"menu_order":0,"comment_status":"closed","ping_status":"closed","template":"","meta":{"footnotes":""},"categories":[],"tags":[],"class_list":["post-9030","page","type-page","status-publish","hentry"],"acf":[],"_links":{"self":[{"href":"https:\/\/www.ufsm.br\/unidades-universitarias\/ccr\/wp-json\/wp\/v2\/pages\/9030","targetHints":{"allow":["GET"]}}],"collection":[{"href":"https:\/\/www.ufsm.br\/unidades-universitarias\/ccr\/wp-json\/wp\/v2\/pages"}],"about":[{"href":"https:\/\/www.ufsm.br\/unidades-universitarias\/ccr\/wp-json\/wp\/v2\/types\/page"}],"author":[{"embeddable":true,"href":"https:\/\/www.ufsm.br\/unidades-universitarias\/ccr\/wp-json\/wp\/v2\/users\/4391"}],"replies":[{"embeddable":true,"href":"https:\/\/www.ufsm.br\/unidades-universitarias\/ccr\/wp-json\/wp\/v2\/comments?post=9030"}],"version-history":[{"count":0,"href":"https:\/\/www.ufsm.br\/unidades-universitarias\/ccr\/wp-json\/wp\/v2\/pages\/9030\/revisions"}],"wp:attachment":[{"href":"https:\/\/www.ufsm.br\/unidades-universitarias\/ccr\/wp-json\/wp\/v2\/media?parent=9030"}],"wp:term":[{"taxonomy":"category","embeddable":true,"href":"https:\/\/www.ufsm.br\/unidades-universitarias\/ccr\/wp-json\/wp\/v2\/categories?post=9030"},{"taxonomy":"post_tag","embeddable":true,"href":"https:\/\/www.ufsm.br\/unidades-universitarias\/ccr\/wp-json\/wp\/v2\/tags?post=9030"}],"curies":[{"name":"wp","href":"https:\/\/api.w.org\/{rel}","templated":true}]}}