{"id":935,"date":"2018-09-04T10:55:46","date_gmt":"2018-09-04T13:55:46","guid":{"rendered":"https:\/\/www.ufsm.br\/unidades-universitarias\/ccr\/?page_id=935"},"modified":"2024-10-31T15:09:29","modified_gmt":"2024-10-31T18:09:29","slug":"equipe","status":"publish","type":"page","link":"https:\/\/www.ufsm.br\/unidades-universitarias\/ccr\/equipe","title":{"rendered":"Equipe"},"content":{"rendered":"<figure class=\"wp-block-table\">\n<table>\n<tbody>\n<tr>\n<td>Dire\u00e7\u00e3o do Centro<\/td>\n<td><a href=\"mailto:dirccr@ufsm.br\">dirccr@ufsm.br<\/a><\/td>\n<td>(55) 3220-8253 ou 8998<\/td>\n<td>Sala 3107 \u2013 Pr\u00e9dio 42<\/td>\n<\/tr>\n<tr>\n<td>Diretor do CCR &#8211; Professor Alessandro Dal&#8217; Col L\u00facio<\/td>\n<td><a href=\"mailto:dirccr@ufsm.br\">dirccr@ufsm.br<\/a><\/td>\n<td>(55) 3220-8253 ou 8998<\/td>\n<td>Sala 3107 \u2013 Pr\u00e9dio 42<\/td>\n<\/tr>\n<tr>\n<td>Vice-Diretor do CCR &#8211; Professora Fernanda Silveira Flores Vogel<\/td>\n<td><a href=\"mailto:dirccr@ufsm.br\"><br \/>\ndirccr@ufsm.br<\/a><\/td>\n<td>(55) 3220-8253 ou 8998<\/td>\n<td>Sala 3107 \u2013 Pr\u00e9dio 42<\/td>\n<\/tr>\n<tr>\n<td>Secretaria de Apoio Administrativo<br \/>\nSecret\u00e1rio do CCR &#8211; Servidor Leandro Cervo<\/td>\n<td><a href=\"mailto:dirccr@gmail.com\" target=\"_blank\" rel=\"noopener\">dirccr@ufsm.br<\/a><\/td>\n<td>(55) 3220-8471 ou 8351<\/td>\n<td>Sala 3107 \u2013 Pr\u00e9dio 42<\/td>\n<\/tr>\n<tr>\n<td>Subdivis\u00e3o de Comunica\u00e7\u00e3o<br \/>\nServidora respons\u00e1vel &#8211; Alice Veleda Wendt<\/td>\n<td><a href=\"mailto:noticiasccr@ufsm.br\">noticiasccr@ufsm.br<\/a><br \/>\n<a href=\"http:\/\/www.instagram.com\/ccrufsm\/\" data-type=\"URL\" data-id=\"www.instagram.com\/ccrufsm\/\">Instagram do CCR<\/a><br \/>\n<a href=\"http:\/\/www.facebook.com\/ccrufsm\" data-type=\"URL\" data-id=\"www.facebook.com\/ccrufsm\">Facebook do CCR<\/a><\/td>\n<td><\/td>\n<td>Subsolo &#8211; Centro de Informa\u00e7\u00f5es em Ci\u00eancias Agr\u00e1rias\u00a0 (CICA) \u2013 Pr\u00e9dio 43 B<\/td>\n<\/tr>\n<tr>\n<td>Biblioteca Setorial <span style=\"color: initial;font-family: inherit;font-size: inherit;font-weight: inherit\">Diretor da BSCCR &#8211; Fernando Leipnitz<\/span><\/td>\n<td><a style=\"font-size: revert;font-family: inherit;font-weight: inherit\" href=\"mailto:schlosse@ccr.ufsm.br\" target=\"_blank\" rel=\"noopener\">bssccr@ufsm.br<\/a><br \/>\n<a href=\"https:\/\/www.ufsm.br\/orgaos-suplementares\/biblioteca\/bsccr\/\">Site da Biblioteca<\/a><\/td>\n<td>(55) 3220-8894<\/td>\n<td>Centro de Informa\u00e7\u00f5es em Ci\u00eancias Agr\u00e1rias\u00a0 (CICA) \u2013 Pr\u00e9dio 43 B<\/td>\n<\/tr>\n<tr>\n<td>N\u00facleo de Execu\u00e7\u00e3o e Controle Or\u00e7ament\u00e1rio \u2013 NECO<br \/>\nServidor respons\u00e1vel &#8211; Adm. Daniel Manica<\/td>\n<td><a href=\"mailto:financeiro.ccr@gmail.com\" target=\"_blank\" rel=\"noopener\">financeiro.ccr@gmail.com<\/a><\/td>\n<td>(55) 3220-6136<\/td>\n<td>Sala 3107 \u2013 Pr\u00e9dio 42<\/td>\n<\/tr>\n<tr>\n<td>Setor de Apoio Pedag\u00f3gico<br \/>\nDiretora &#8211; Servidora Venice Teresinha Grings<\/td>\n<td><a href=\"mailto:apoio.pedagogico.ccr@ufsm.br\">apoio.pedagogico.ccr@ufsm.br <\/a><\/td>\n<td>(55) 3220-8403<\/td>\n<td>Sala 3129 A \u2013 Pr\u00e9dio 42<\/td>\n<\/tr>\n<tr>\n<td>Unidade de Tecnologia de Informa\u00e7\u00e3o<br \/>\nServidora respons\u00e1vel Caroline de Boer Dias<\/td>\n<td><a href=\"mailto:ti.ccr@ufsm.br\">ti.ccr@ufsm.br<\/a><\/td>\n<td>(55) 3220-8155<\/td>\n<td>Sala 3112A \u2013 Pr\u00e9dio 42<\/td>\n<\/tr>\n<tr>\n<td>Gabinete de Projetos<br \/>\nServidor respons\u00e1vel &#8211; Alaor Bessauer<\/td>\n<td><a href=\"mailto:gapccr@ufsm.br\" target=\"_blank\" rel=\"noopener\">gapccr@ufsm.br<\/a><\/td>\n<td>(55) 3220-8169<\/td>\n<td>Sala 3129 B \u2013 Pr\u00e9dio 42<\/td>\n<\/tr>\n<tr>\n<td>Hospital Veterin\u00e1rio Universit\u00e1rio<br \/>\nDiretor &#8211; Flavio Desessards De La Corte<br \/>\nDiretora Substituta &#8211; Liandra Cristina Vogel Portella<\/td>\n<td><a href=\"mailto:hvu.ufsm@gmail.com\" target=\"_blank\" rel=\"noopener\">hvu.ufsm@gmail.com<\/a><a style=\"font-size: revert;font-family: inherit;font-weight: inherit\" href=\"https:\/\/www.ufsm.br\/orgaos-suplementares\/hvu\/\">Site do Hospital<\/a><\/td>\n<td>(55) 3220-8167 ou 8817<\/td>\n<td>Pr\u00e9dio 97<\/td>\n<\/tr>\n<tr>\n<td>N\u00facleo de Infraestrutura<br \/>\nServidor respons\u00e1vel &#8211; Maico Rodrigo Silva dos Santos<\/td>\n<td><a href=\"mailto:infra.ccr@ufsm.br\" target=\"_blank\" rel=\"noopener\">infra.ccr@ufsm.br<\/a><\/td>\n<td>(55) 3220-8471<\/td>\n<td>Sala 3107 \u2013 Pr\u00e9dio 42<\/td>\n<\/tr>\n<tr>\n<td>N\u00facleo de Patrim\u00f4nio<br \/>\nServidor respons\u00e1vel Marcos Roberto da Silva<\/td>\n<td><a href=\"mailto:patrimonio.ccr@ufsm.br\" target=\"_blank\" rel=\"noopener\">patrimonio.ccr@ufsm.br<\/a><\/td>\n<td>(55) 3220-8471<\/td>\n<td>Sala 3107 \u2013 Pr\u00e9dio 42<\/td>\n<\/tr>\n<\/tbody>\n<\/table>\n<\/figure>\n","protected":false},"excerpt":{"rendered":"<p>Dire\u00e7\u00e3o do Centro dirccr@ufsm.br (55) 3220-8253 ou 8998 Sala 3107 \u2013 Pr\u00e9dio 42 Diretor do CCR &#8211; Professor Alessandro Dal&#8217; Col L\u00facio dirccr@ufsm.br (55) 3220-8253 ou 8998 Sala 3107 \u2013 Pr\u00e9dio 42 Vice-Diretor do CCR &#8211; Professora Fernanda Silveira Flores Vogel dirccr@ufsm.br (55) 3220-8253 ou 8998 Sala 3107 \u2013 Pr\u00e9dio 42 Secretaria de Apoio Administrativo [&hellip;]<\/p>\n","protected":false},"author":194,"featured_media":0,"parent":0,"menu_order":0,"comment_status":"closed","ping_status":"closed","template":"","meta":{"footnotes":""},"categories":[],"tags":[],"class_list":["post-935","page","type-page","status-publish","hentry"],"acf":[],"_links":{"self":[{"href":"https:\/\/www.ufsm.br\/unidades-universitarias\/ccr\/wp-json\/wp\/v2\/pages\/935","targetHints":{"allow":["GET"]}}],"collection":[{"href":"https:\/\/www.ufsm.br\/unidades-universitarias\/ccr\/wp-json\/wp\/v2\/pages"}],"about":[{"href":"https:\/\/www.ufsm.br\/unidades-universitarias\/ccr\/wp-json\/wp\/v2\/types\/page"}],"author":[{"embeddable":true,"href":"https:\/\/www.ufsm.br\/unidades-universitarias\/ccr\/wp-json\/wp\/v2\/users\/194"}],"replies":[{"embeddable":true,"href":"https:\/\/www.ufsm.br\/unidades-universitarias\/ccr\/wp-json\/wp\/v2\/comments?post=935"}],"version-history":[{"count":0,"href":"https:\/\/www.ufsm.br\/unidades-universitarias\/ccr\/wp-json\/wp\/v2\/pages\/935\/revisions"}],"wp:attachment":[{"href":"https:\/\/www.ufsm.br\/unidades-universitarias\/ccr\/wp-json\/wp\/v2\/media?parent=935"}],"wp:term":[{"taxonomy":"category","embeddable":true,"href":"https:\/\/www.ufsm.br\/unidades-universitarias\/ccr\/wp-json\/wp\/v2\/categories?post=935"},{"taxonomy":"post_tag","embeddable":true,"href":"https:\/\/www.ufsm.br\/unidades-universitarias\/ccr\/wp-json\/wp\/v2\/tags?post=935"}],"curies":[{"name":"wp","href":"https:\/\/api.w.org\/{rel}","templated":true}]}}