{"id":2773,"date":"2019-08-27T20:17:34","date_gmt":"2019-08-27T23:17:34","guid":{"rendered":"https:\/\/www.ufsm.br\/unidades-universitarias\/ccs\/?page_id=2773"},"modified":"2019-08-27T20:32:26","modified_gmt":"2019-08-27T23:32:26","slug":"modelos-dep-de-morfologia","status":"publish","type":"page","link":"https:\/\/www.ufsm.br\/unidades-universitarias\/ccs\/modelos-dep-de-morfologia","title":{"rendered":"Modelos Depto. de Morfologia"},"content":{"rendered":"\n<p>Clique diretamente sobre o texto para acessar o modelo de documento:<\/p>\n<ul>\n<li><a href=\"https:\/\/docs.google.com\/document\/d\/12PzTEd0aUuDlsesyZMUsVWhw3y7rZp6BHUO-DOZtBXY\/edit?usp=sharing\" target=\"_blank\" rel=\"noopener noreferrer\">Modelo de Memorando.<\/a><\/li>\n<\/ul>\n<p>\u00a0<\/p>\n<ul>\n<li><a href=\"https:\/\/docs.google.com\/document\/d\/1yqS06WVrYKbBjYqIIVBb617ly1ErVR5REVWGpnR960w\/edit?usp=sharing\" target=\"_blank\" rel=\"noopener noreferrer\">Lista de presen\u00e7a para avalia\u00e7\u00e3o te\u00f3rica<\/a>.<\/li>\n<li><a href=\"https:\/\/docs.google.com\/document\/d\/1I-ZqR1zfA2L1xsxgV6NCma_-Q39ql0SFp5WDZs2IN4c\/edit?usp=sharing\" target=\"_blank\" rel=\"noopener noreferrer\">Lista de presen\u00e7a para avalia\u00e7\u00e3o pr\u00e1tica.<\/a><\/li>\n<li><a href=\"https:\/\/docs.google.com\/document\/d\/1Nrkro7lX6C_8IehH4NStS5PnE_BaGFl1xIv_AmZL080\/edit?usp=sharing\" target=\"_blank\" rel=\"noopener noreferrer\">Lista de presen\u00e7a para avalia\u00e7\u00e3o final.<\/a><\/li>\n<li><a href=\"https:\/\/docs.google.com\/document\/d\/1tW1dtoLyjlJD5CtpOeVNcb1mPt2zAH19tYwB_L5lbHI\/edit?usp=sharing\" target=\"_blank\" rel=\"noopener noreferrer\">Prova pr\u00e1tica (5 quest\u00f5es)<\/a>.<\/li>\n<li><a href=\"https:\/\/docs.google.com\/document\/d\/1Uj78L3p0eEamXNi0-a-fSehc_muK9Eu1XUqksNGKfDs\/edit?usp=sharing\" target=\"_blank\" rel=\"noopener noreferrer\">Prova pr\u00e1tica (10 quest\u00f5es).<\/a><\/li>\n<li><a href=\"https:\/\/docs.google.com\/document\/d\/1juaGh5Eq7MOPqcmpjE-P3n6iLPtK8gO8q2i7XvHhopY\/edit?usp=sharing\" target=\"_blank\" rel=\"noopener noreferrer\">Prova pr\u00e1tica (20 quest\u00f5es).<\/a><\/li>\n<\/ul>\n<p>\u00a0<\/p>\n","protected":false},"excerpt":{"rendered":"<p>Clique diretamente sobre o texto para acessar o modelo de documento: Modelo de Memorando. \u00a0 Lista de presen\u00e7a para avalia\u00e7\u00e3o te\u00f3rica. Lista de presen\u00e7a para avalia\u00e7\u00e3o pr\u00e1tica. Lista de presen\u00e7a para avalia\u00e7\u00e3o final. Prova pr\u00e1tica (5 quest\u00f5es). Prova pr\u00e1tica (10 quest\u00f5es). Prova pr\u00e1tica (20 quest\u00f5es). \u00a0<\/p>\n","protected":false},"author":118,"featured_media":0,"parent":0,"menu_order":0,"comment_status":"closed","ping_status":"closed","template":"","meta":{"footnotes":""},"categories":[],"tags":[],"class_list":["post-2773","page","type-page","status-publish","hentry"],"acf":[],"_links":{"self":[{"href":"https:\/\/www.ufsm.br\/unidades-universitarias\/ccs\/wp-json\/wp\/v2\/pages\/2773","targetHints":{"allow":["GET"]}}],"collection":[{"href":"https:\/\/www.ufsm.br\/unidades-universitarias\/ccs\/wp-json\/wp\/v2\/pages"}],"about":[{"href":"https:\/\/www.ufsm.br\/unidades-universitarias\/ccs\/wp-json\/wp\/v2\/types\/page"}],"author":[{"embeddable":true,"href":"https:\/\/www.ufsm.br\/unidades-universitarias\/ccs\/wp-json\/wp\/v2\/users\/118"}],"replies":[{"embeddable":true,"href":"https:\/\/www.ufsm.br\/unidades-universitarias\/ccs\/wp-json\/wp\/v2\/comments?post=2773"}],"version-history":[{"count":0,"href":"https:\/\/www.ufsm.br\/unidades-universitarias\/ccs\/wp-json\/wp\/v2\/pages\/2773\/revisions"}],"wp:attachment":[{"href":"https:\/\/www.ufsm.br\/unidades-universitarias\/ccs\/wp-json\/wp\/v2\/media?parent=2773"}],"wp:term":[{"taxonomy":"category","embeddable":true,"href":"https:\/\/www.ufsm.br\/unidades-universitarias\/ccs\/wp-json\/wp\/v2\/categories?post=2773"},{"taxonomy":"post_tag","embeddable":true,"href":"https:\/\/www.ufsm.br\/unidades-universitarias\/ccs\/wp-json\/wp\/v2\/tags?post=2773"}],"curies":[{"name":"wp","href":"https:\/\/api.w.org\/{rel}","templated":true}]}}