{"id":2877,"date":"2019-09-12T15:21:11","date_gmt":"2019-09-12T18:21:11","guid":{"rendered":"https:\/\/www.ufsm.br\/unidades-universitarias\/ccs\/?page_id=2877"},"modified":"2019-09-12T15:21:12","modified_gmt":"2019-09-12T18:21:12","slug":"social","status":"publish","type":"page","link":"https:\/\/www.ufsm.br\/unidades-universitarias\/ccs\/social","title":{"rendered":"Social"},"content":{"rendered":"\n<p>Santa Maria, localizada no centro do Rio Grande do Sul, tem uma popula\u00e7\u00e3o de 270.073 mil habitantes fixos e, aproximadamente, 30 mil habitantes flutuantes. Santa Maria \u00e9 o centro de uma regi\u00e3o de mais de um milh\u00e3o de habitantes que possui uma economia diversificada.<\/p>\n<p>O Munic\u00edpio destaca-se, economicamente, pela presta\u00e7\u00e3o de servi\u00e7os e pelo com\u00e9rcio.<\/p>\n<figure id=\"attachment_2878\" aria-describedby=\"caption-attachment-2878\" style=\"width: 575px\" class=\"wp-caption alignnone\"><img fetchpriority=\"high\" decoding=\"async\" class=\"wp-image-2878\" src=\"https:\/\/www.ufsm.br\/unidades-universitarias\/ccs\/wp-content\/uploads\/sites\/371\/2019\/09\/santa_maria_rs_rodoviaria_de_goiania_passagem_oline-300x130.jpg\" alt=\"\" width=\"575\" height=\"249\" srcset=\"https:\/\/www.ufsm.br\/app\/uploads\/sites\/371\/2019\/09\/santa_maria_rs_rodoviaria_de_goiania_passagem_oline-300x130.jpg 300w, https:\/\/www.ufsm.br\/app\/uploads\/sites\/371\/2019\/09\/santa_maria_rs_rodoviaria_de_goiania_passagem_oline-768x333.jpg 768w, https:\/\/www.ufsm.br\/app\/uploads\/sites\/371\/2019\/09\/santa_maria_rs_rodoviaria_de_goiania_passagem_oline-1024x444.jpg 1024w, https:\/\/www.ufsm.br\/app\/uploads\/sites\/371\/2019\/09\/santa_maria_rs_rodoviaria_de_goiania_passagem_oline.jpg 1378w\" sizes=\"(max-width: 575px) 100vw, 575px\" \/><figcaption id=\"caption-attachment-2878\" class=\"wp-caption-text\">Fonte: Google Imagens<\/figcaption><\/figure>\n<p>Conhecida como \u201cCidade Universit\u00e1ria\u201d, \u00e9 um polo educacional, com mais de 07 institui\u00e7\u00f5es de ensino superior, onde destaca-se a Universidade Federal de Santa Maria que oferece mais de 60 cursos de gradua\u00e7\u00e3o. \u00c9 tamb\u00e9m um importante centro militar, sendo que possui o segundo maior contingente do pa\u00eds.<\/p>\n<p>Destaca-se, ainda, como centro m\u00e9dico-hospitalar que atende toda a regi\u00e3o central do Estado, com excelente infraestrutura em laborat\u00f3rios, cl\u00ednicas e hospitais.<\/p>\n<p><strong>DIST\u00c2NCIAS RODOVI\u00c1RIAS<\/strong><\/p>\n<p>\u00a0<\/p>\n<p>DIST\u00c2NCIAS RODOVI\u00c1RIAS: SANTA MARIA &#8211; CAPITAIS E MERCOSUL<br \/>Porto Alegre .(via S\u00e3o Sep\u00e9 &#8211; BR 392 ) 329Km<br \/>Porto Alegre (via Santa Cruz do Sul &#8211; BR287) 292Km<br \/>Florian\u00f3polis 776Km<br \/>Curitiba 1.015Km<br \/>S\u00e3o Paulo 1.407Km<br \/>Assun\u00e7\u00e3o (Paraguai) 1.480Km<br \/>Buenos Aires (Argentina) 1.250Km<br \/>Montevid\u00e9o (Uruguai) 850Km<\/p>\n<p>DIST\u00c2NCIAS RODOVI\u00c1RIAS; SANTA MARIA E CIDADES DO RS<br \/>Alegrete 237 Km<br \/>Bag\u00e9 226Km<br \/>Canela 466Km<br \/>Caxias do Sul Canela 432Km<br \/>Cruz Alta 127Km<br \/>Erechim 369Km<br \/>Gramado 455Km<br \/>Ira\u00ed 354Km<br \/>Itaqui 373Km<br \/>Jaguar\u00e3o 420Km<br \/>Os\u00f3rio 415Km<br \/>Passo Fundo 294Km<br \/>Pelotas 286Km<br \/>Quara\u00ed 445Km<br \/>Rio Grande 345Km<br \/>Ros\u00e1rio do Sul 232Km<br \/>Santana do Livramento 338Km<br \/>Santa Cruz do Sul 153Km<br \/>Santa Rosa 272Km<br \/>S\u00e3o Borja 292Km<br \/>Torres 515Km<br \/>Uruguaiana 404Km<br \/>Vacaria 466Km<\/p>\n<p><br \/><strong>HOSPEDAGEM<\/strong><\/p>\n<p><em>Para saber mais sobre possibilidades de Hospedagem solid\u00e1ria, entre em contato conosco na nossa p\u00e1gina social do Facebook:\u00a0<a href=\"https:\/\/pt-br.facebook.com\/seminarioenfermagemufsm\/\">https:\/\/pt-br.facebook.com\/seminarioenfermagemufsm\/<\/a><\/em><\/p>\n<p>Hotel Continental<br \/>Rua Benjamin Constant, 1209<br \/>(55) 3028.7070<br \/><span id=\"cloak0fcca575ac152a7e6e6fe1b10402f17d\"><a href=\"mailto:reservas@continentalsantamaria.com.br\">reservas@continentalsantamaria.com.br<\/a><\/span><br \/>www.continentalsantamaria.com.br<\/p>\n<p>Parque Hotel Morotin<br \/>RST 287, Km 6.2<br \/>(55) 3220.1600<br \/><span id=\"cloak8b647526ba272c47575c9ed1e6635dae\"><a href=\"mailto:park@morotin.com\">park@morotin.com<\/a><\/span>,br<\/p>\n<p>Hotel Itaimb\u00e9 Palace<br \/>Rua Ven\u00e2ncio Aires, 2741<br \/>(55) 3220.1144<br \/><span id=\"cloakaf844bd31ce3869c7014831d3b9a37ef\"><a href=\"mailto:itaimbe@terra.com.br\">itaimbe@terra.com.br<\/a><\/span><br \/>www.hotelitaimbe.com.br<\/p>\n<p>Hotel Morotin<br \/>Rua \u00c2ngelo Uglione, 1629<br \/>(55) 3222.4453 \/ 3220.5200<br \/><span id=\"cloak1505b7220ebb1e881ba6568a6b1cd591\"><a href=\"mailto:morotin@morotin.com.br\">morotin@morotin.com.br<\/a><\/span><\/p>\n<p>Hotel Dom Rafael<br \/>Av. Rio Branco, 192<br \/>(55) 2101.1919<br \/><span id=\"cloakbe1209a886cedcd7f9b01a772bfee7be\"><a href=\"mailto:reservas@hoteldomrafael.com.br\">reservas@hoteldomrafael.com.br<\/a><\/span><br \/>www.hoteldomrafael.com.br<\/p>\n<p>Dom Rafael Executivo Hotel<br \/>Av. Rio Branco, 228<br \/>(55) 2101.1212<br \/><span id=\"cloak885821e150e01f201c5db3610135ad59\"><a href=\"mailto:reservas@hoteldomrafael.com.br\">reservas@hoteldomrafael.com.br<\/a><\/span><br \/>www.hoteldomrafael.com.br<\/p>\n<p>Hotel Dom Rafael Centro Marista- Cerrito<br \/>BR 158, Bairro S\u00e3o Jos\u00e9<br \/>(55) 2101.1919<br \/><span id=\"cloak72369486065779754e5d3301f3ae8d5c\"><a href=\"mailto:reservas@hoteldomrafael.com.br\">reservas@hoteldomrafael.com.br<\/a><\/span><br \/>www.hoteldomrafael.com.br<\/p>\n<p>Hotel Cura<br \/>Endere\u00e7o: Rua Joana D&#8217;Arc, 96 (pr\u00f3ximo a Rodovi\u00e1ria)<br \/>(55) 3222.8112<br \/><span id=\"cloakb6d518188269dcbcb52700da18342875\"><a href=\"mailto:h.cura@terra.com.br\">h.cura@terra.com.br<\/a><\/span><\/p>\n<p>Apart Hotel Para\u00edso<br \/>Rua Acampamento, 365<br \/>(55) 3222.4865 \/ 3221.3911<\/p>\n<p>Hotel Umberto<br \/>Rua Pinheiro Machado, 2310<br \/>(55) 3223.1210 \/ 3221.1270<br \/><span id=\"cloak5cbb816283b533d5d3ea872e36b69b0c\"><a href=\"mailto:contato@hotelumberto.com.br\">contato@hotelumberto.com.br<\/a><\/span><\/p>\n<div>\u00a0<\/div>\n<p><strong>TRANSPORTE<\/strong><\/p>\n<p>\u00a0<\/p>\n<p>Ponto de Taxi Central<\/p>\n<p>Av. Rio Branco<\/p>\n<p>Telefone: (55)3223-1835<\/p>\n<p>\u00a0<\/p>\n<p>Linha de \u00d4nibus<\/p>\n<p><a href=\"http:\/\/www.atu.com.br\/linhas.php\">http:\/\/www.atu.com.br\/linhas.php<\/a><\/p>\n<div>\u00a0<\/div>\n<p><br \/>Esta\u00e7\u00e3o Rodovi\u00e1ria de Santa Maria<br \/>Rua Pedro Pereira, n\u00b0 1450 &#8211; Bairro Bairro N. S\u00aa de Lourdes<br \/>(55) 3222.4747<br \/>http:\/\/www.rodoviariasantamaria.com.br<\/p>\n<p>Azul Linhas A\u00e9reas<br \/>Dois v\u00f4os di\u00e1rios de ida e volta para Porto Alegre e demais conex\u00f5es.<br \/><a href=\"http:\/\/www.voeazul.com.br\/\">http:\/\/www.voeazul.com.br<\/a><\/p>\n<p>\u00a0<\/p>\n<p><strong>RESTAURANTES<\/strong><\/p>\n<p><br \/>A cidade de Santa Maria conta com mais de 70 restaurantes, com mais variados card\u00e1pios.<br \/>Seguem algumas op\u00e7\u00f5es:<\/p>\n<p><br \/>Restaurante Sobrado<br \/>Rua Jo\u00e3o At\u00edlio Zampiere, 60 \u2013 Camobi<br \/>(55) 3226 6421<\/p>\n<p>Due Fratelli<br \/>Av Prefeito Evandro Behr 6755 \u2013 Camobi<br \/>(55) 3217 6615<\/p>\n<p>Restaurante Guidolin<br \/>Av Prefeito Evandro Behr 5941 \u2013 Camobi<br \/>(55) 3219 1943<\/p>\n<p>Restaurante Etnias<br \/>RS 287 \u2013 Faixa Nova de Camobi, 8160 \u2013 Camobi<br \/>(55) 3226 2642<\/p>\n<p>Restaurante Rivers<br \/>RS 287 \u2013 Faixa Nova de Camobi, 5995 \u2013 Camobi<br \/>(55) 3222 4321<\/p>\n<p>Churrascaria Camobi<br \/>Faixa Velha de Camobi \u2013 RS 590 &#8211; 6415<br \/>(55) 3226 1311<\/p>\n<p>Maffi Restaurante e Eventos<br \/>Endere\u00e7o: Av. Presidente Vargas, 1030<br \/>Telefone: (55) 3222.2799<\/p>\n<p>Restaurante Babette<br \/>Endere\u00e7o: Av. Pesidente Vargas, 2081<br \/>Telefone: (55) 3222.1716<br \/>www.babettebydenise.com.br<\/p>\n<p>Churrascaria Bovinu\u2019S<br \/>Endere\u00e7o: Rua Ven\u00e2ncio Aires, 1596<br \/>Telefone: (55) 3225.1790<br \/>www.bovinus.com.br<\/p>\n<p>Restaurante e Churrascaria Vera Cruz<br \/>Endere\u00e7o: Av. Medianeira, 1600<br \/>Telefone: (55) 3222.0606<br \/>www.veracruzonline.com.br<\/p>\n<p>Pizzaria Bella Trento<br \/>Endere\u00e7o: Av. Jo\u00e3o Luiz Pozzobom, 1599, km 03<br \/>Fone: (55) 3223.9229<br \/>www.bellatrento.com.br<\/p>\n<p>Restaurante Augusto<br \/>Endere\u00e7o: Rua Mal. Floriano Peixoto, 1354<br \/>Telefone: (55) 3222.0212<br \/>www.restauranteaugusto.com.br\/<\/p>\n<p>Subway<br \/>Endere\u00e7o: Av. Fernando Ferrari, 1390<br \/>Telefone: (55) 3028.5600<br \/>www.subway.com<\/p>\n<p>Mcdonald&#8217;s<br \/>Endere\u00e7o: Av. Fernando Ferrari, 1443<br \/>Telefone: (55) 3222.2259<br \/>www.mcdonalds.com.br\/<\/p>\n<p>Croasonho Caf\u00e9<br \/>Endere\u00e7o: Rua Ven\u00e2ncio Aires, 1613<br \/>Telefone: (55)3026.8384<br \/>www.croasonho.com.br\/<\/p>\n<p>\u00a0<\/p>\n<p><strong>Shopping Centers<\/strong><\/p>\n<p>\u00a0<\/p>\n<p>Royal Plaza Shopping<br \/>Endere\u00e7o: Av. Nossa Senhora das Dores, 305<br \/>Telefone: (55) 3225.3030<br \/>www.royalplaza.com.br\/<\/p>\n<p>Santa Maria Shopping<br \/>Endere\u00e7o: Rua Dr. Bozano, 1263 (no cal\u00e7ad\u00e3o)<br \/>Telefone: (55) 3225. 2003<br \/>www.santamariashopping.com.br<\/p>\n<p>Monet Plaza Shopping<br \/>Endere\u00e7o: Av. Fernando Ferrari, 1483<br \/>Telefone: (55) 3220.3200<br \/>www.monetplazashopping.com.br\/<\/p>\n<p>Eleg\u00e2ncia Center Shopping<br \/>Rua Dr. Bozano, 1167<\/p>\n<p>\u00a0<\/p>\n<p><strong>LUGARES PARA VISITAR<\/strong><\/p>\n<p><br \/>1. Universidade Federal Santa Maria: primeira Universidade do interior do Brasil. Atua nas \u00e1reas de ensino, pesquisa e extens\u00e3o. Possui cerca de 30 mil estudantes em gradua\u00e7\u00e3o e p\u00f3s-gradua\u00e7\u00e3o. No planet\u00e1rio, onde se reproduz fielmente o c\u00e9u, encontra-se o primeiro Museu interativo de Astronomia do Brasil. Esta localizada na Av. Roraima, B. Camobi. Fone: (055)3220 8000 .<\/p>\n<p><img decoding=\"async\" class=\"alignnone  wp-image-2879\" src=\"https:\/\/www.ufsm.br\/unidades-universitarias\/ccs\/wp-content\/uploads\/sites\/371\/2019\/09\/17872475-300x199.jpg\" alt=\"\" width=\"389\" height=\"258\" srcset=\"https:\/\/www.ufsm.br\/app\/uploads\/sites\/371\/2019\/09\/17872475-300x199.jpg 300w, https:\/\/www.ufsm.br\/app\/uploads\/sites\/371\/2019\/09\/17872475.jpg 620w\" sizes=\"(max-width: 389px) 100vw, 389px\" \/><\/p>\n<p>2. Theatro Treze de Maio: inaugurado em 1890, possui estilo arquitet\u00f4nico Neocl\u00e1ssico. Ap\u00f3s passar por restaura\u00e7\u00e3o, remodela\u00e7\u00e3o e amplia\u00e7\u00e3o foi solenemente reaberto. Atualmente \u00e9 mantido pela Associa\u00e7\u00e3o dos Amigos do Theatro Treze de Maio, onde s\u00e3o realizados in\u00fameros espet\u00e1culos teatrais, de dan\u00e7a, de m\u00fasica, recitais, entre outros. Esta localizado na Pra\u00e7a Saldanha Marinho, centro. Fone: (055)3222 9009.<\/p>\n<p>3. Cal\u00e7ad\u00e3o: \u00e9 uma \u00f3tima op\u00e7\u00e3o para lazer, compras e encontros. Possui lojas, bares, restaurantes, shopping e v\u00e1rias op\u00e7\u00f5es gastron\u00f4micas e culturais. Esta localizado no centro da cidade, na primeira quadra da rua Dr. Bozano.<\/p>\n<p><img decoding=\"async\" class=\"alignnone  wp-image-2880\" src=\"https:\/\/www.ufsm.br\/unidades-universitarias\/ccs\/wp-content\/uploads\/sites\/371\/2019\/09\/download.jpg\" alt=\"\" width=\"400\" height=\"265\" \/><\/p>\n<p>4. Vila Belga: constru\u00edda no in\u00edcio do s\u00e9culo passado para servir de moradia aos funcion\u00e1rios da empresa belga que explorava a estrada de ferro, foi um dos primeiros conjuntos habitacionais do estado. A arquitetura ecl\u00e9tica das 84 casas, com a presen\u00e7a de elementos Art Nouveau decorando as fachadas, trouxe para Santa Maria reflexos da &#8220;Belle \u00c9poque&#8221; francesa. Faz parte do conjunto denominado Mancha Ferrovi\u00e1ria juntamente com o Col\u00e9gio Manoel Ribas e a Esta\u00e7\u00e3o Ferrovi\u00e1ria, tombada pelo IPHAE como Patrim\u00f4nio Hist\u00f3rico e Art\u00edstico do Rio Grande do Sul.<\/p>\n<p><img loading=\"lazy\" decoding=\"async\" class=\"alignnone  wp-image-2881\" src=\"https:\/\/www.ufsm.br\/unidades-universitarias\/ccs\/wp-content\/uploads\/sites\/371\/2019\/09\/stamaria02mi8-300x169.jpg\" alt=\"\" width=\"420\" height=\"237\" srcset=\"https:\/\/www.ufsm.br\/app\/uploads\/sites\/371\/2019\/09\/stamaria02mi8-300x169.jpg 300w, https:\/\/www.ufsm.br\/app\/uploads\/sites\/371\/2019\/09\/stamaria02mi8-768x432.jpg 768w, https:\/\/www.ufsm.br\/app\/uploads\/sites\/371\/2019\/09\/stamaria02mi8.jpg 800w\" sizes=\"(max-width: 420px) 100vw, 420px\" \/><\/p>\n<p>5. Memorial Mallet: constitu\u00eddo de Museu Hist\u00f3rico e Mausol\u00e9u possui um volumoso e significativo acervo caracterizando-se num importante p\u00f3lo de atra\u00e7\u00e3o cultural, tur\u00edstica e lazer. O Museu apresenta de forma elucidativa e cronol\u00f3gica, a hist\u00f3ria do Regimento Mallet e da Artilharia, retratando a hist\u00f3ria brasileira a partir da Revolu\u00e7\u00e3o Farroupilha.<\/p>\n<p>6. Museus:<br \/>Museu Educativo Gama D&#8217;E\u00e7a: inaugurado em 1968. Re\u00fane material de interesse did\u00e1tico, hist\u00f3rico, cient\u00edfico, paleontol\u00f3gico e arqueol\u00f3gico da cidade e regi\u00e3o. Em 1981, passou a incorporar as pe\u00e7as do Museu Victor Bersani, da Sociedade Uni\u00e3o dos Caixeiros Viajantes, totalizando mais de 6000 pe\u00e7as em seu acervo. Esta localizado na Rua do Acampamento, 81. Agende sua visita pelo fone: (055)3221 9693.<br \/>Museu Vicenti Pallotti: inaugurado em 1935. \u00c9 considerado um dos maiores e mais completos museus do RS, possui milhares de pe\u00e7as, classificadas em diversas sec\u00e7\u00f5es: Mineralogia, arqueologia, paleontologia, zoologia, iconografia, bot\u00e2nica, material b\u00e9lico, antig\u00fcidades, arqueologia, arte e cultura ind\u00edgena. Esta localizado na Av. Presidente Vargas, 115.<br \/>Monumento ao Ferrovi\u00e1rio: inaugurado em 1932, \u00e9 uma \u00f3tima op\u00e7\u00e3o para uma vista panor\u00e2mica da cidade de Santa Maria.<\/p>\n<p>7. Parque Itaimb\u00e9: \u00e9 o parque mais conhecido da cidade, sendo um local de integra\u00e7\u00e3o social e de lazer no munic\u00edpio. Ao longo do parque voc\u00ea encontra a casa do Mel, o Centro de Atividades M\u00faltiplas e a Concha Ac\u00fastica.<\/p>\n<p>8. Shoppings Centers: proporcionam aos visitantes e \u00e0 comunidade possibilidades de compras e lazer. A cidade conta com 4 estabelecimentos.<\/p>\n<p>9. Pr\u00e9dios Hist\u00f3ricos: por toda a cidade \u00e9 poss\u00edvel contemplar pr\u00e9dios com fachadas de arquitetura e estilos variados. Pr\u00f3ximo \u00e1 Pra\u00e7a Saldanha Marinho est\u00e3o localizados o Clube Caixeiral, a Caixa econ\u00f4mica Federal, a antiga escola de Artes e of\u00edcios dos Ferrovi\u00e1rios e a resid\u00eancia do reitor fundador da UFSM, Mariano da Rocha Filho- Ga\u00facho do S\u00e9culo. A Sociedade Uni\u00e3o dos caixeiros Viajantes ( SUCV), com uma bel\u00edssima fachada externa, tombada como Patrim\u00f4nio hist\u00f3rico do Munic\u00edpio. O pr\u00e9dio possui o primeiro elevador da cidade. Esta localizado na Rua Ven\u00e2ncio Aires.<\/p>\n<p>10. Templos Religiosos:<\/p>\n<p>Catedral Diocesana Nossa Senhora da Concei\u00e7\u00e3o: inaugurada em 1909. A fachada apresenta um estilo ecl\u00e9tico, com elementos arquitet\u00f4nicos de v\u00e1rios monumentos da hist\u00f3ria da arte, especialmente dos per\u00edodos Barroco e Neocl\u00e1ssico. Na parte interna, se enriquece com obras do pintor italiano Aldo Locatelli. Esta localizada na Av. Rio Branco, 821.<\/p>\n<p><img loading=\"lazy\" decoding=\"async\" class=\"alignnone  wp-image-2882\" src=\"https:\/\/www.ufsm.br\/unidades-universitarias\/ccs\/wp-content\/uploads\/sites\/371\/2019\/09\/upload-20160630115617santa_maria-300x169.jpg\" alt=\"\" width=\"396\" height=\"223\" srcset=\"https:\/\/www.ufsm.br\/app\/uploads\/sites\/371\/2019\/09\/upload-20160630115617santa_maria-300x169.jpg 300w, https:\/\/www.ufsm.br\/app\/uploads\/sites\/371\/2019\/09\/upload-20160630115617santa_maria-768x432.jpg 768w, https:\/\/www.ufsm.br\/app\/uploads\/sites\/371\/2019\/09\/upload-20160630115617santa_maria.jpg 1024w\" sizes=\"(max-width: 396px) 100vw, 396px\" \/><\/p>\n<p>Igreja Nossa Senhora das Dores: inaugurada em 1936. A fachada conta com uma bel\u00edssima escultura, Cristo de bra\u00e7os abertos. Possui elementos origin\u00e1rios da It\u00e1lia medieval e tamb\u00e9m aspectos da arte barroca. A pintura interna \u00e9 do pintor Lazzarini.<\/p>\n<p>Santu\u00e1rio da M\u00e3e Tr\u00eas Vezes Admir\u00e1vel de Schoenstatt: inaugurada em 1948, \u00e9 o 1\u00ba santu\u00e1rio no Brasil. Neste local iniciou a obra do Di\u00e1cono Jo\u00e3o Lu\u00eds Pozzobon (em processo de canoniza\u00e7\u00e3o pelo Vaticano): a ora\u00e7\u00e3o do ter\u00e7o, hoje difundida em mais de 40 pa\u00edses. No dia 18 de cada m\u00eas \u00e9 renovada a Alian\u00e7a do Amor com a M\u00e3e, atrav\u00e9s de celebra\u00e7\u00f5es e ora\u00e7\u00f5es em todos os santu\u00e1rios.<\/p>\n<p>Santu\u00e1rio Bas\u00edlica Menor Nossa Senhora Medianeira: padroeira do Rio Grande do Sul, inaugurado no ano de 1985. No segundo Domingo do m\u00eas de novembro, ocorre a Romaria Estadual da Nossa Senhora Medianeira, com a participa\u00e7\u00e3o de mais de 300 mil fi\u00e9is.<\/p>\n","protected":false},"excerpt":{"rendered":"<p>Santa Maria, localizada no centro do Rio Grande do Sul, tem uma popula\u00e7\u00e3o de 270.073 mil habitantes fixos e, aproximadamente, 30 mil habitantes flutuantes. Santa Maria \u00e9 o centro de uma regi\u00e3o de mais de um milh\u00e3o de habitantes que possui uma economia diversificada. O Munic\u00edpio destaca-se, economicamente, pela presta\u00e7\u00e3o de servi\u00e7os e pelo com\u00e9rcio. [&hellip;]<\/p>\n","protected":false},"author":772,"featured_media":0,"parent":0,"menu_order":0,"comment_status":"closed","ping_status":"closed","template":"","meta":{"footnotes":""},"categories":[],"tags":[],"class_list":["post-2877","page","type-page","status-publish","hentry"],"acf":[],"_links":{"self":[{"href":"https:\/\/www.ufsm.br\/unidades-universitarias\/ccs\/wp-json\/wp\/v2\/pages\/2877","targetHints":{"allow":["GET"]}}],"collection":[{"href":"https:\/\/www.ufsm.br\/unidades-universitarias\/ccs\/wp-json\/wp\/v2\/pages"}],"about":[{"href":"https:\/\/www.ufsm.br\/unidades-universitarias\/ccs\/wp-json\/wp\/v2\/types\/page"}],"author":[{"embeddable":true,"href":"https:\/\/www.ufsm.br\/unidades-universitarias\/ccs\/wp-json\/wp\/v2\/users\/772"}],"replies":[{"embeddable":true,"href":"https:\/\/www.ufsm.br\/unidades-universitarias\/ccs\/wp-json\/wp\/v2\/comments?post=2877"}],"version-history":[{"count":0,"href":"https:\/\/www.ufsm.br\/unidades-universitarias\/ccs\/wp-json\/wp\/v2\/pages\/2877\/revisions"}],"wp:attachment":[{"href":"https:\/\/www.ufsm.br\/unidades-universitarias\/ccs\/wp-json\/wp\/v2\/media?parent=2877"}],"wp:term":[{"taxonomy":"category","embeddable":true,"href":"https:\/\/www.ufsm.br\/unidades-universitarias\/ccs\/wp-json\/wp\/v2\/categories?post=2877"},{"taxonomy":"post_tag","embeddable":true,"href":"https:\/\/www.ufsm.br\/unidades-universitarias\/ccs\/wp-json\/wp\/v2\/tags?post=2877"}],"curies":[{"name":"wp","href":"https:\/\/api.w.org\/{rel}","templated":true}]}}