{"id":3040,"date":"2020-01-17T10:12:21","date_gmt":"2020-01-17T13:12:21","guid":{"rendered":"https:\/\/www.ufsm.br\/unidades-universitarias\/ccs\/?page_id=3040"},"modified":"2020-01-21T10:19:06","modified_gmt":"2020-01-21T13:19:06","slug":"lapavet-laboratorio-de-parasitologia-veterinaria","status":"publish","type":"page","link":"https:\/\/www.ufsm.br\/unidades-universitarias\/ccs\/lapavet-laboratorio-de-parasitologia-veterinaria","title":{"rendered":"LAPAVET &#8211; Laborat\u00f3rio de Parasitologia Veterin\u00e1ria\u00a0"},"content":{"rendered":"\t\t<div data-elementor-type=\"wp-page\" data-elementor-id=\"3040\" class=\"elementor elementor-3040\">\n\t\t\t\t\t\t<section class=\"elementor-section elementor-top-section elementor-element elementor-element-4eb9a3e8 elementor-section-boxed elementor-section-height-default elementor-section-height-default\" data-id=\"4eb9a3e8\" data-element_type=\"section\">\n\t\t\t\t\t\t<div class=\"elementor-container elementor-column-gap-default\">\n\t\t\t\t\t<div class=\"elementor-column elementor-col-100 elementor-top-column elementor-element elementor-element-25f11529\" data-id=\"25f11529\" data-element_type=\"column\">\n\t\t\t<div class=\"elementor-widget-wrap elementor-element-populated\">\n\t\t\t\t\t\t<div class=\"elementor-element elementor-element-2b52e128 elementor-widget elementor-widget-text-editor\" data-id=\"2b52e128\" data-element_type=\"widget\" data-widget_type=\"text-editor.default\">\n\t\t\t\t<div class=\"elementor-widget-container\">\n\t\t\t\t\t\t\t<p><!-- wp:tadv\/classic-paragraph --><\/p>\n<p>Site:\u00a0<a style=\"font-size: 16px\" href=\"http:\/\/coral.ufsm.br\/lapavet\/\">http:\/\/coral.ufsm.br\/lapavet\/<\/a><span style=\"font-size: 16px\">\u00a0<\/span><span style=\"font-weight: 400\"><br \/><\/span><\/p>\n<p><span style=\"font-weight: 400\">Contato: 55-3220-8958 \/ E-mail:\u00a0<\/span><a href=\"mailto:sgmonteiro@uol.com.br\"><span style=\"font-weight: 400\">sgmonteiro@uol.com.br<\/span><\/a><\/p>\n<p><span style=\"font-weight: 400\">Localiza\u00e7\u00e3o: Campus UFSM, Pr\u00e9dio 20, Sala 4200<\/span><\/p>\n<p>Atividades: An\u00e1lise parasitol\u00f3gica de fezes, urina, sangue, identifica\u00e7\u00e3o de endo e ectoparasitos de animais.<\/p>\n<p><a style=\"font-size: 1rem\" href=\"https:\/\/www.facebook.com\/Laborat%C3%B3rio-de-Parasitologia-Veterin%C3%A1ria-Lapavet-1319009148228464\/\"><img decoding=\"async\" src=\"https:\/\/www.ufsm.br\/unidades-universitarias\/ccs\/wp-content\/uploads\/sites\/371\/2020\/01\/11-110522_logo-facebook-png-transparente-png-download.png\" alt=\"\" width=\"35\" height=\"33\" \/><\/a><span style=\"font-weight: 400\"><br \/><\/span><\/p>\n<p><!-- \/wp:tadv\/classic-paragraph --><\/p>\n<p><!-- wp:image {\"id\":3042,\"sizeSlug\":\"large\",\"linkDestination\":\"custom\"} --><\/p>\n<figure><\/figure>\n<p><!-- \/wp:image --><\/p>\t\t\t\t\t\t<\/div>\n\t\t\t\t<\/div>\n\t\t\t\t\t<\/div>\n\t\t<\/div>\n\t\t\t\t\t<\/div>\n\t\t<\/section>\n\t\t\t\t<\/div>\n\t\t","protected":false},"excerpt":{"rendered":"<p>Site:\u00a0http:\/\/coral.ufsm.br\/lapavet\/\u00a0 Contato: 55-3220-8958 \/ E-mail:\u00a0sgmonteiro@uol.com.br Localiza\u00e7\u00e3o: Campus UFSM, Pr\u00e9dio 20, Sala 4200 Atividades: An\u00e1lise parasitol\u00f3gica de fezes, urina, sangue, identifica\u00e7\u00e3o de endo e ectoparasitos de animais.<\/p>\n","protected":false},"author":295,"featured_media":0,"parent":0,"menu_order":0,"comment_status":"closed","ping_status":"closed","template":"","meta":{"footnotes":""},"categories":[],"tags":[],"class_list":["post-3040","page","type-page","status-publish","hentry"],"acf":[],"_links":{"self":[{"href":"https:\/\/www.ufsm.br\/unidades-universitarias\/ccs\/wp-json\/wp\/v2\/pages\/3040","targetHints":{"allow":["GET"]}}],"collection":[{"href":"https:\/\/www.ufsm.br\/unidades-universitarias\/ccs\/wp-json\/wp\/v2\/pages"}],"about":[{"href":"https:\/\/www.ufsm.br\/unidades-universitarias\/ccs\/wp-json\/wp\/v2\/types\/page"}],"author":[{"embeddable":true,"href":"https:\/\/www.ufsm.br\/unidades-universitarias\/ccs\/wp-json\/wp\/v2\/users\/295"}],"replies":[{"embeddable":true,"href":"https:\/\/www.ufsm.br\/unidades-universitarias\/ccs\/wp-json\/wp\/v2\/comments?post=3040"}],"version-history":[{"count":0,"href":"https:\/\/www.ufsm.br\/unidades-universitarias\/ccs\/wp-json\/wp\/v2\/pages\/3040\/revisions"}],"wp:attachment":[{"href":"https:\/\/www.ufsm.br\/unidades-universitarias\/ccs\/wp-json\/wp\/v2\/media?parent=3040"}],"wp:term":[{"taxonomy":"category","embeddable":true,"href":"https:\/\/www.ufsm.br\/unidades-universitarias\/ccs\/wp-json\/wp\/v2\/categories?post=3040"},{"taxonomy":"post_tag","embeddable":true,"href":"https:\/\/www.ufsm.br\/unidades-universitarias\/ccs\/wp-json\/wp\/v2\/tags?post=3040"}],"curies":[{"name":"wp","href":"https:\/\/api.w.org\/{rel}","templated":true}]}}