{"id":3223,"date":"2020-10-30T14:40:02","date_gmt":"2020-10-30T17:40:02","guid":{"rendered":"https:\/\/www.ufsm.br\/unidades-universitarias\/ccs\/?page_id=3223"},"modified":"2020-11-19T17:16:04","modified_gmt":"2020-11-19T20:16:04","slug":"membros-e-supervisores","status":"publish","type":"page","link":"https:\/\/www.ufsm.br\/unidades-universitarias\/ccs\/coreme\/membros-e-supervisores","title":{"rendered":"Membros"},"content":{"rendered":"\t\t<div data-elementor-type=\"wp-page\" data-elementor-id=\"3223\" class=\"elementor elementor-3223\">\n\t\t\t\t\t\t<section class=\"elementor-section elementor-top-section elementor-element elementor-element-0a46642 elementor-section-boxed elementor-section-height-default elementor-section-height-default\" data-id=\"0a46642\" data-element_type=\"section\">\n\t\t\t\t\t\t<div class=\"elementor-container elementor-column-gap-default\">\n\t\t\t\t\t<div class=\"elementor-column elementor-col-100 elementor-top-column elementor-element elementor-element-ca23146\" data-id=\"ca23146\" data-element_type=\"column\">\n\t\t\t<div class=\"elementor-widget-wrap elementor-element-populated\">\n\t\t\t\t\t\t<div class=\"elementor-element elementor-element-f88f4e7 elementor-widget elementor-widget-text-editor\" data-id=\"f88f4e7\" data-element_type=\"widget\" data-widget_type=\"text-editor.default\">\n\t\t\t\t<div class=\"elementor-widget-container\">\n\t\t\t\t\t\t\t<p>Coordenador da Resid\u00eancia M\u00e9dica;<\/p><p>Vice-Coordenador da Resid\u00eancia M\u00e9dica;<br \/>Supervisores dos Programas de Resid\u00eancia M\u00e9dica;<\/p><p>Representantes dos M\u00e9dicos Residentes;<br \/>Representante da Ger\u00eancia de Aten\u00e7\u00e3o \u00e1 Sa\u00fade do Hospital Universit\u00e1rio de Santa Maria;<br \/>Gerente de Ensino e Pesquisa do Hospital Universit\u00e1rio de Santa Maria;<br \/>Coordenador do Curso de Medicina<\/p><p><strong>Coordenador<\/strong><\/p><p>T\u00e2nia Denise Resener<\/p><p><strong>Vice-Coordenador<\/strong><\/p><p>Maristela de Oliveira Beck<\/p><p><strong>Supervisores de Programas<\/strong><\/p><p>Alberto dos Santos Riesgo<\/p><p>Alexandre Vargas Schwarzbold<\/p><p>Angelo Batista Miralha da Cunha<\/p><p>Antonio Diniz da Rosa Pereira<\/p><p>Beatriz Silvana da Silveira Porto<\/p><p>Carlos Jesus Pereira Haygert<\/p><p>Cassia dos Santos Wippel<\/p><p>Cleber Lotti<\/p><p>Eduardo Buzatti Souto<\/p><p>Eduardo Francisco Mafassioli Correa<\/p><p>Elaine Verena Resener<\/p><p>Elisson Krug Oliveira<\/p><p>Ewerton Nunes de Morais<\/p><p>Fabio Lopes Pedro<\/p><p>Flavio Cabreira Jobim<\/p><p>Francisco Maximiliano Pancich Galarreta<\/p><p>Glauce Mariane Bittencourt Mendes<\/p><p>Gustavo Trindade Michel<\/p><p>Hairton Copetti<\/p><p>Heitor Pereira da Silva<\/p><p>IvoRobertoDornelesProlla<\/p><p>Jean Pierre Paraboni Ilha<\/p><p>Juliana Chiodelli Salvador<\/p><p>Laercio Cassol Argenta<\/p><p>Leila Souza Dantas<\/p><p>Let\u00edciaHadlichCorreadeBarros<\/p><p>Luciana Borges Segala<\/p><p>Luis Carlos Moreira Antunes<\/p><p>Marcelo Feltrin<\/p><p>Maria Clara da Silva Valad\u00e3o<\/p><p>Maria da Gra\u00e7a Caminha Vidal<\/p><p>Maur\u00edcio Fraga da Silva<\/p><p>P\u00e2mela Posser Poletto<\/p><p>Raissa Massaia Londero Chemello<\/p><p>Raquel Fumagalli de Salles<\/p><p>Ricardo Souza Heinzelmann<\/p><p>\u00a0Roseli Henn<\/p><p>Rudimar Issler Meurer<\/p><p>SandraLorenadeOliveiraMachado<\/p><p>Vanessa da Silva Rigo<\/p><p>Vitor CrestaniCalegaro<\/p><p>Vivakanand Satram<\/p><p>Coordenador do Curso de Medicina<\/p><p>Arnaldo Teixeira Rodrigues<\/p><p><strong>Ger\u00eancia de Ensino e Pesquisa|HUSM<\/strong><\/p><p>Beatriz Silvana da Silveira Porto<\/p><p><strong>Ger\u00eancia de Aten\u00e7\u00e3o \u00e0 Saude|HUSM<\/strong><\/p><p>Itamar dos Santos Riesgo<\/p><p><strong>Representantes dos M\u00e9dicos Residentes<\/strong><\/p><p>Especialidades e \u00e1reas de atua\u00e7\u00e3o ligadas a Cl\u00ednica M\u00e9dica:<br \/>&#8211;\u00a0<\/p><p>Especialidades e \u00e1reas de atua\u00e7\u00e3o ligadas a Cirurgia:<br \/>&#8211;<\/p><p>Especialidades e \u00e1reas de atua\u00e7\u00e3o ligadas a Obstetr\u00edcia e Ginecologia:<br \/>&#8211;<\/p><p>Pediatria e \u00e1reas de atua\u00e7\u00e3o ligadas:<br \/>&#8211;<\/p><p>Psiquiatria e \u00e1reas de atua\u00e7\u00e3o ligadas:<\/p>\t\t\t\t\t\t<\/div>\n\t\t\t\t<\/div>\n\t\t\t\t\t<\/div>\n\t\t<\/div>\n\t\t\t\t\t<\/div>\n\t\t<\/section>\n\t\t\t\t<\/div>\n\t\t","protected":false},"excerpt":{"rendered":"<p>Coordenador da Resid\u00eancia M\u00e9dica; Vice-Coordenador da Resid\u00eancia M\u00e9dica; Supervisores dos Programas de Resid\u00eancia M\u00e9dica; Representantes dos M\u00e9dicos Residentes; Representante da Ger\u00eancia de Aten\u00e7\u00e3o \u00e1 Sa\u00fade do Hospital Universit\u00e1rio de Santa Maria; Gerente de Ensino e Pesquisa do Hospital Universit\u00e1rio de Santa Maria; Coordenador do Curso de Medicina Coordenador T\u00e2nia Denise Resener Vice-Coordenador Maristela de Oliveira [&hellip;]<\/p>\n","protected":false},"author":3605,"featured_media":0,"parent":3222,"menu_order":0,"comment_status":"closed","ping_status":"closed","template":"","meta":{"footnotes":""},"categories":[173],"tags":[174],"class_list":["post-3223","page","type-page","status-publish","hentry","category-coreme","tag-coreme"],"acf":[],"_links":{"self":[{"href":"https:\/\/www.ufsm.br\/unidades-universitarias\/ccs\/wp-json\/wp\/v2\/pages\/3223","targetHints":{"allow":["GET"]}}],"collection":[{"href":"https:\/\/www.ufsm.br\/unidades-universitarias\/ccs\/wp-json\/wp\/v2\/pages"}],"about":[{"href":"https:\/\/www.ufsm.br\/unidades-universitarias\/ccs\/wp-json\/wp\/v2\/types\/page"}],"author":[{"embeddable":true,"href":"https:\/\/www.ufsm.br\/unidades-universitarias\/ccs\/wp-json\/wp\/v2\/users\/3605"}],"replies":[{"embeddable":true,"href":"https:\/\/www.ufsm.br\/unidades-universitarias\/ccs\/wp-json\/wp\/v2\/comments?post=3223"}],"version-history":[{"count":0,"href":"https:\/\/www.ufsm.br\/unidades-universitarias\/ccs\/wp-json\/wp\/v2\/pages\/3223\/revisions"}],"up":[{"embeddable":true,"href":"https:\/\/www.ufsm.br\/unidades-universitarias\/ccs\/wp-json\/wp\/v2\/pages\/3222"}],"wp:attachment":[{"href":"https:\/\/www.ufsm.br\/unidades-universitarias\/ccs\/wp-json\/wp\/v2\/media?parent=3223"}],"wp:term":[{"taxonomy":"category","embeddable":true,"href":"https:\/\/www.ufsm.br\/unidades-universitarias\/ccs\/wp-json\/wp\/v2\/categories?post=3223"},{"taxonomy":"post_tag","embeddable":true,"href":"https:\/\/www.ufsm.br\/unidades-universitarias\/ccs\/wp-json\/wp\/v2\/tags?post=3223"}],"curies":[{"name":"wp","href":"https:\/\/api.w.org\/{rel}","templated":true}]}}